{"id":18715,"date":"2021-06-29T17:51:07","date_gmt":"2021-06-29T15:51:07","guid":{"rendered":"https:\/\/www.ecoceutics.com\/productos-ecovital\/"},"modified":"2025-08-12T13:16:07","modified_gmt":"2025-08-12T11:16:07","slug":"marca-propia-farmacia","status":"publish","type":"page","link":"https:\/\/www.ecoceutics.com\/ca\/marca-propia-farmacia\/","title":{"rendered":"Les nostres marques exclusives"},"content":{"rendered":"","protected":false},"excerpt":{"rendered":"","protected":false},"author":4,"featured_media":0,"parent":0,"menu_order":0,"comment_status":"closed","ping_status":"closed","template":"templates\/landing.php","meta":{"_acf_changed":false,"inline_featured_image":false,"_mbp_gutenberg_autopost":false,"footnotes":""},"class_list":["post-18715","page","type-page","status-publish","hentry"],"acf":[],"yoast_head":"<!-- This site is optimized with the Yoast SEO plugin v27.6 - https:\/\/yoast.com\/product\/yoast-seo-wordpress\/ -->\n<title>Marca pr\u00f2pia de farm\u00e0cia | Productes exclusius Ecoceutics<\/title>\n<meta name=\"description\" content=\"Descobreix els productes exclusius d&#039;Ecoceutics: higiene, complements alimentaris, infusions, probi\u00f2tics i m\u00e9s. Nom\u00e9s en farm\u00e0cies Ecoceutics.\" \/>\n<meta name=\"robots\" content=\"index, follow, max-snippet:-1, max-image-preview:large, max-video-preview:-1\" \/>\n<link rel=\"canonical\" href=\"https:\/\/www.ecoceutics.com\/ca\/marca-propia-farmacia\/\" \/>\n<meta property=\"og:locale\" content=\"ca_ES\" \/>\n<meta property=\"og:type\" content=\"article\" \/>\n<meta property=\"og:title\" content=\"Marca pr\u00f2pia de farm\u00e0cia | Productes exclusius Ecoceutics\" \/>\n<meta property=\"og:description\" content=\"Descobreix els productes exclusius d&#039;Ecoceutics: higiene, complements alimentaris, infusions, probi\u00f2tics i m\u00e9s. Nom\u00e9s en farm\u00e0cies Ecoceutics.\" \/>\n<meta property=\"og:url\" content=\"https:\/\/www.ecoceutics.com\/ca\/marca-propia-farmacia\/\" \/>\n<meta property=\"og:site_name\" content=\"ecoceutics\" \/>\n<meta property=\"article:modified_time\" content=\"2025-08-12T11:16:07+00:00\" \/>\n<meta name=\"twitter:card\" content=\"summary_large_image\" \/>\n<script type=\"application\/ld+json\" class=\"yoast-schema-graph\">{\"@context\":\"https:\\\/\\\/schema.org\",\"@graph\":[{\"@type\":\"WebPage\",\"@id\":\"https:\\\/\\\/www.ecoceutics.com\\\/ca\\\/marca-propia-farmacia\\\/\",\"url\":\"https:\\\/\\\/www.ecoceutics.com\\\/ca\\\/marca-propia-farmacia\\\/\",\"name\":\"Marca pr\u00f2pia de farm\u00e0cia | Productes exclusius Ecoceutics\",\"isPartOf\":{\"@id\":\"https:\\\/\\\/www.ecoceutics.com\\\/ca\\\/#website\"},\"datePublished\":\"2021-06-29T15:51:07+00:00\",\"dateModified\":\"2025-08-12T11:16:07+00:00\",\"description\":\"Descobreix els productes exclusius d'Ecoceutics: higiene, complements alimentaris, infusions, probi\u00f2tics i m\u00e9s. Nom\u00e9s en farm\u00e0cies Ecoceutics.\",\"breadcrumb\":{\"@id\":\"https:\\\/\\\/www.ecoceutics.com\\\/ca\\\/marca-propia-farmacia\\\/#breadcrumb\"},\"inLanguage\":\"ca\",\"potentialAction\":[{\"@type\":\"ReadAction\",\"target\":[\"https:\\\/\\\/www.ecoceutics.com\\\/ca\\\/marca-propia-farmacia\\\/\"]}]},{\"@type\":\"BreadcrumbList\",\"@id\":\"https:\\\/\\\/www.ecoceutics.com\\\/ca\\\/marca-propia-farmacia\\\/#breadcrumb\",\"itemListElement\":[{\"@type\":\"ListItem\",\"position\":1,\"name\":\"Portada\",\"item\":\"https:\\\/\\\/www.ecoceutics.com\\\/ca\\\/\"},{\"@type\":\"ListItem\",\"position\":2,\"name\":\"Les nostres marques exclusives\"}]},{\"@type\":\"WebSite\",\"@id\":\"https:\\\/\\\/www.ecoceutics.com\\\/ca\\\/#website\",\"url\":\"https:\\\/\\\/www.ecoceutics.com\\\/ca\\\/\",\"name\":\"ecoceutics\",\"description\":\"Primera red de farmacias independientes bajo una marca\",\"publisher\":{\"@id\":\"https:\\\/\\\/www.ecoceutics.com\\\/ca\\\/#organization\"},\"potentialAction\":[{\"@type\":\"SearchAction\",\"target\":{\"@type\":\"EntryPoint\",\"urlTemplate\":\"https:\\\/\\\/www.ecoceutics.com\\\/ca\\\/?s={search_term_string}\"},\"query-input\":{\"@type\":\"PropertyValueSpecification\",\"valueRequired\":true,\"valueName\":\"search_term_string\"}}],\"inLanguage\":\"ca\"},{\"@type\":\"Organization\",\"@id\":\"https:\\\/\\\/www.ecoceutics.com\\\/ca\\\/#organization\",\"name\":\"Ecoceutics\",\"url\":\"https:\\\/\\\/www.ecoceutics.com\\\/ca\\\/\",\"logo\":{\"@type\":\"ImageObject\",\"inLanguage\":\"ca\",\"@id\":\"https:\\\/\\\/www.ecoceutics.com\\\/ca\\\/#\\\/schema\\\/logo\\\/image\\\/\",\"url\":\"https:\\\/\\\/www.ecoceutics.com\\\/wp-content\\\/uploads\\\/2022\\\/02\\\/Logo-Ecoceutics-SVG-01-1.svg\",\"contentUrl\":\"https:\\\/\\\/www.ecoceutics.com\\\/wp-content\\\/uploads\\\/2022\\\/02\\\/Logo-Ecoceutics-SVG-01-1.svg\",\"width\":232,\"height\":68,\"caption\":\"Ecoceutics\"},\"image\":{\"@id\":\"https:\\\/\\\/www.ecoceutics.com\\\/ca\\\/#\\\/schema\\\/logo\\\/image\\\/\"}}]}<\/script>\n<!-- \/ Yoast SEO plugin. -->","yoast_head_json":{"title":"Marca pr\u00f2pia de farm\u00e0cia | Productes exclusius Ecoceutics","description":"Descobreix els productes exclusius d'Ecoceutics: higiene, complements alimentaris, infusions, probi\u00f2tics i m\u00e9s. Nom\u00e9s en farm\u00e0cies Ecoceutics.","robots":{"index":"index","follow":"follow","max-snippet":"max-snippet:-1","max-image-preview":"max-image-preview:large","max-video-preview":"max-video-preview:-1"},"canonical":"https:\/\/www.ecoceutics.com\/ca\/marca-propia-farmacia\/","og_locale":"ca_ES","og_type":"article","og_title":"Marca pr\u00f2pia de farm\u00e0cia | Productes exclusius Ecoceutics","og_description":"Descobreix els productes exclusius d'Ecoceutics: higiene, complements alimentaris, infusions, probi\u00f2tics i m\u00e9s. Nom\u00e9s en farm\u00e0cies Ecoceutics.","og_url":"https:\/\/www.ecoceutics.com\/ca\/marca-propia-farmacia\/","og_site_name":"ecoceutics","article_modified_time":"2025-08-12T11:16:07+00:00","twitter_card":"summary_large_image","schema":{"@context":"https:\/\/schema.org","@graph":[{"@type":"WebPage","@id":"https:\/\/www.ecoceutics.com\/ca\/marca-propia-farmacia\/","url":"https:\/\/www.ecoceutics.com\/ca\/marca-propia-farmacia\/","name":"Marca pr\u00f2pia de farm\u00e0cia | Productes exclusius Ecoceutics","isPartOf":{"@id":"https:\/\/www.ecoceutics.com\/ca\/#website"},"datePublished":"2021-06-29T15:51:07+00:00","dateModified":"2025-08-12T11:16:07+00:00","description":"Descobreix els productes exclusius d'Ecoceutics: higiene, complements alimentaris, infusions, probi\u00f2tics i m\u00e9s. Nom\u00e9s en farm\u00e0cies Ecoceutics.","breadcrumb":{"@id":"https:\/\/www.ecoceutics.com\/ca\/marca-propia-farmacia\/#breadcrumb"},"inLanguage":"ca","potentialAction":[{"@type":"ReadAction","target":["https:\/\/www.ecoceutics.com\/ca\/marca-propia-farmacia\/"]}]},{"@type":"BreadcrumbList","@id":"https:\/\/www.ecoceutics.com\/ca\/marca-propia-farmacia\/#breadcrumb","itemListElement":[{"@type":"ListItem","position":1,"name":"Portada","item":"https:\/\/www.ecoceutics.com\/ca\/"},{"@type":"ListItem","position":2,"name":"Les nostres marques exclusives"}]},{"@type":"WebSite","@id":"https:\/\/www.ecoceutics.com\/ca\/#website","url":"https:\/\/www.ecoceutics.com\/ca\/","name":"ecoceutics","description":"Primera red de farmacias independientes bajo una marca","publisher":{"@id":"https:\/\/www.ecoceutics.com\/ca\/#organization"},"potentialAction":[{"@type":"SearchAction","target":{"@type":"EntryPoint","urlTemplate":"https:\/\/www.ecoceutics.com\/ca\/?s={search_term_string}"},"query-input":{"@type":"PropertyValueSpecification","valueRequired":true,"valueName":"search_term_string"}}],"inLanguage":"ca"},{"@type":"Organization","@id":"https:\/\/www.ecoceutics.com\/ca\/#organization","name":"Ecoceutics","url":"https:\/\/www.ecoceutics.com\/ca\/","logo":{"@type":"ImageObject","inLanguage":"ca","@id":"https:\/\/www.ecoceutics.com\/ca\/#\/schema\/logo\/image\/","url":"https:\/\/www.ecoceutics.com\/wp-content\/uploads\/2022\/02\/Logo-Ecoceutics-SVG-01-1.svg","contentUrl":"https:\/\/www.ecoceutics.com\/wp-content\/uploads\/2022\/02\/Logo-Ecoceutics-SVG-01-1.svg","width":232,"height":68,"caption":"Ecoceutics"},"image":{"@id":"https:\/\/www.ecoceutics.com\/ca\/#\/schema\/logo\/image\/"}}]}},"_links":{"self":[{"href":"https:\/\/www.ecoceutics.com\/ca\/wp-json\/wp\/v2\/pages\/18715","targetHints":{"allow":["GET"]}}],"collection":[{"href":"https:\/\/www.ecoceutics.com\/ca\/wp-json\/wp\/v2\/pages"}],"about":[{"href":"https:\/\/www.ecoceutics.com\/ca\/wp-json\/wp\/v2\/types\/page"}],"author":[{"embeddable":true,"href":"https:\/\/www.ecoceutics.com\/ca\/wp-json\/wp\/v2\/users\/4"}],"replies":[{"embeddable":true,"href":"https:\/\/www.ecoceutics.com\/ca\/wp-json\/wp\/v2\/comments?post=18715"}],"version-history":[{"count":3,"href":"https:\/\/www.ecoceutics.com\/ca\/wp-json\/wp\/v2\/pages\/18715\/revisions"}],"predecessor-version":[{"id":35431,"href":"https:\/\/www.ecoceutics.com\/ca\/wp-json\/wp\/v2\/pages\/18715\/revisions\/35431"}],"wp:attachment":[{"href":"https:\/\/www.ecoceutics.com\/ca\/wp-json\/wp\/v2\/media?parent=18715"}],"curies":[{"name":"wp","href":"https:\/\/api.w.org\/{rel}","templated":true}]}}