{"id":18875,"date":"2021-09-13T15:54:12","date_gmt":"2021-09-13T13:54:12","guid":{"rendered":"https:\/\/www.ecoceutics.com\/aviso-legal-ecoceutics\/"},"modified":"2022-05-30T12:29:49","modified_gmt":"2022-05-30T10:29:49","slug":"aviso-legal-ecoceutics","status":"publish","type":"page","link":"https:\/\/www.ecoceutics.com\/ca\/aviso-legal-ecoceutics\/","title":{"rendered":"Av\u00eds Legal"},"content":{"rendered":"\n<h2 class=\"wp-block-heading\">Qui som<\/h2>\n\n\n\n<p>ECOCEUTICS, S.L.<br>Avinguda Diagonal 472-476 esc. A 1r 2a<br>08006 Barcelona<br>N.I.F.: B-17733601<br>Tel\u00e9fono de contacto: 93 200 92 60<br>Correo electr\u00f3nico:&nbsp;<a href=\"mailto:info@ecoceutics.com\">info@ecoceutics.com<\/a><\/p>\n\n\n\n<h2 class=\"wp-block-heading\">\u00das correcte de la web<\/h2>\n\n\n\n<p>L&#8217;usuari es compromet a utilitzar aquesta web (www.ecoceutics.com) i els seus continguts de conformitat amb la Llei, el present Av\u00eds Legal, els bons costums i l&#8217;ordre p\u00fablic i a no utilitzar el web o els serveis que es prestin a trav\u00e9s d&#8217;ell amb finalitats o efectes il\u00b7l\u00edcits o contraris al present Av\u00eds Legal, lesius dels interessos o drets de tercers, o que puguin danyar o impedir una normal utilitzaci\u00f3 del web per part d&#8217;altres Usuaris.<\/p>\n\n\n\n<h2 class=\"wp-block-heading\">Propietat Intelectual i Industrial<\/h2>\n\n\n\n<p>Les fotografies, imatges i textos del web s\u00f3n propietat exclusiva d&#8217;Ecoceutics. L&#8217;usuari coneix i accepta que tots els drets de propietat industrial i intel\u00b7lectual sobre els continguts i altres elements o funcionalitats del web s\u00f3n propietat d&#8217;Ecoceutics o empreses col\u00b7laboradores. En cap cas l&#8217;acc\u00e9s a la p\u00e0gina implica una ren\u00fancia, transmissi\u00f3 o cessi\u00f3 total o parcial d&#8217;aquests drets, ni concedeix dret d&#8217;utilitzaci\u00f3, reproducci\u00f3 o comunicaci\u00f3 p\u00fablica dels continguts sense autoritzaci\u00f3 d&#8217;Ecoceutics.<\/p>\n\n\n\n<h2 class=\"wp-block-heading\">Responsabilitats<\/h2>\n\n\n\n<p>Ecoceutics no es responsabilitza del correcte funcionament dels enlla\u00e7os externs a altres webs existents a&nbsp;www.ecoceutics.com, de la licitud i veracitat del contingut publicat aix\u00ed com dels prejudicis que puguin ocasionar a l&#8217;Usuari.<\/p>\n","protected":false},"excerpt":{"rendered":"<p>Qui som ECOCEUTICS, S.L.Avinguda Diagonal 472-476 esc. A 1r 2a08006 BarcelonaN.I.F.: B-17733601Tel\u00e9fono de contacto: 93 200 92 60Correo electr\u00f3nico:&nbsp;info@ecoceutics.com \u00das correcte de la web L&#8217;usuari es compromet a utilitzar aquesta web (www.ecoceutics.com) i els seus continguts de conformitat amb la Llei, el present Av\u00eds Legal, els bons costums i l&#8217;ordre p\u00fablic i a no utilitzar [&hellip;]<\/p>\n","protected":false},"author":4,"featured_media":0,"parent":0,"menu_order":0,"comment_status":"closed","ping_status":"closed","template":"","meta":{"_acf_changed":false,"inline_featured_image":false,"_mbp_gutenberg_autopost":false,"footnotes":""},"class_list":["post-18875","page","type-page","status-publish","hentry"],"acf":[],"yoast_head":"<!-- This site is optimized with the Yoast SEO plugin v27.3 - https:\/\/yoast.com\/product\/yoast-seo-wordpress\/ -->\n<title>Av\u00eds Legal - ecoceutics<\/title>\n<meta name=\"robots\" content=\"noindex, follow\" \/>\n<meta property=\"og:locale\" content=\"ca_ES\" \/>\n<meta property=\"og:type\" content=\"article\" \/>\n<meta property=\"og:title\" content=\"Av\u00eds Legal - ecoceutics\" \/>\n<meta property=\"og:description\" content=\"Qui som ECOCEUTICS, S.L.Avinguda Diagonal 472-476 esc. A 1r 2a08006 BarcelonaN.I.F.: B-17733601Tel\u00e9fono de contacto: 93 200 92 60Correo electr\u00f3nico:&nbsp;info@ecoceutics.com \u00das correcte de la web L&#8217;usuari es compromet a utilitzar aquesta web (www.ecoceutics.com) i els seus continguts de conformitat amb la Llei, el present Av\u00eds Legal, els bons costums i l&#8217;ordre p\u00fablic i a no utilitzar [&hellip;]\" \/>\n<meta property=\"og:url\" content=\"https:\/\/www.ecoceutics.com\/ca\/aviso-legal-ecoceutics\/\" \/>\n<meta property=\"og:site_name\" content=\"ecoceutics\" \/>\n<meta property=\"article:modified_time\" content=\"2022-05-30T10:29:49+00:00\" \/>\n<meta name=\"twitter:card\" content=\"summary_large_image\" \/>\n<meta name=\"twitter:label1\" content=\"Temps estimat de lectura\" \/>\n\t<meta name=\"twitter:data1\" content=\"1 minut\" \/>\n<script type=\"application\/ld+json\" class=\"yoast-schema-graph\">{\"@context\":\"https:\\\/\\\/schema.org\",\"@graph\":[{\"@type\":\"WebPage\",\"@id\":\"https:\\\/\\\/www.ecoceutics.com\\\/ca\\\/aviso-legal-ecoceutics\\\/\",\"url\":\"https:\\\/\\\/www.ecoceutics.com\\\/ca\\\/aviso-legal-ecoceutics\\\/\",\"name\":\"Av\u00eds Legal - ecoceutics\",\"isPartOf\":{\"@id\":\"https:\\\/\\\/www.ecoceutics.com\\\/ca\\\/#website\"},\"datePublished\":\"2021-09-13T13:54:12+00:00\",\"dateModified\":\"2022-05-30T10:29:49+00:00\",\"breadcrumb\":{\"@id\":\"https:\\\/\\\/www.ecoceutics.com\\\/ca\\\/aviso-legal-ecoceutics\\\/#breadcrumb\"},\"inLanguage\":\"ca\",\"potentialAction\":[{\"@type\":\"ReadAction\",\"target\":[\"https:\\\/\\\/www.ecoceutics.com\\\/ca\\\/aviso-legal-ecoceutics\\\/\"]}]},{\"@type\":\"BreadcrumbList\",\"@id\":\"https:\\\/\\\/www.ecoceutics.com\\\/ca\\\/aviso-legal-ecoceutics\\\/#breadcrumb\",\"itemListElement\":[{\"@type\":\"ListItem\",\"position\":1,\"name\":\"Portada\",\"item\":\"https:\\\/\\\/www.ecoceutics.com\\\/ca\\\/\"},{\"@type\":\"ListItem\",\"position\":2,\"name\":\"Av\u00eds Legal\"}]},{\"@type\":\"WebSite\",\"@id\":\"https:\\\/\\\/www.ecoceutics.com\\\/ca\\\/#website\",\"url\":\"https:\\\/\\\/www.ecoceutics.com\\\/ca\\\/\",\"name\":\"ecoceutics\",\"description\":\"Primera red de farmacias independientes bajo una marca\",\"publisher\":{\"@id\":\"https:\\\/\\\/www.ecoceutics.com\\\/ca\\\/#organization\"},\"potentialAction\":[{\"@type\":\"SearchAction\",\"target\":{\"@type\":\"EntryPoint\",\"urlTemplate\":\"https:\\\/\\\/www.ecoceutics.com\\\/ca\\\/?s={search_term_string}\"},\"query-input\":{\"@type\":\"PropertyValueSpecification\",\"valueRequired\":true,\"valueName\":\"search_term_string\"}}],\"inLanguage\":\"ca\"},{\"@type\":\"Organization\",\"@id\":\"https:\\\/\\\/www.ecoceutics.com\\\/ca\\\/#organization\",\"name\":\"Ecoceutics\",\"url\":\"https:\\\/\\\/www.ecoceutics.com\\\/ca\\\/\",\"logo\":{\"@type\":\"ImageObject\",\"inLanguage\":\"ca\",\"@id\":\"https:\\\/\\\/www.ecoceutics.com\\\/ca\\\/#\\\/schema\\\/logo\\\/image\\\/\",\"url\":\"https:\\\/\\\/www.ecoceutics.com\\\/wp-content\\\/uploads\\\/2022\\\/02\\\/Logo-Ecoceutics-SVG-01-1.svg\",\"contentUrl\":\"https:\\\/\\\/www.ecoceutics.com\\\/wp-content\\\/uploads\\\/2022\\\/02\\\/Logo-Ecoceutics-SVG-01-1.svg\",\"width\":232,\"height\":68,\"caption\":\"Ecoceutics\"},\"image\":{\"@id\":\"https:\\\/\\\/www.ecoceutics.com\\\/ca\\\/#\\\/schema\\\/logo\\\/image\\\/\"}}]}<\/script>\n<!-- \/ Yoast SEO plugin. -->","yoast_head_json":{"title":"Av\u00eds Legal - ecoceutics","robots":{"index":"noindex","follow":"follow"},"og_locale":"ca_ES","og_type":"article","og_title":"Av\u00eds Legal - ecoceutics","og_description":"Qui som ECOCEUTICS, S.L.Avinguda Diagonal 472-476 esc. A 1r 2a08006 BarcelonaN.I.F.: B-17733601Tel\u00e9fono de contacto: 93 200 92 60Correo electr\u00f3nico:&nbsp;info@ecoceutics.com \u00das correcte de la web L&#8217;usuari es compromet a utilitzar aquesta web (www.ecoceutics.com) i els seus continguts de conformitat amb la Llei, el present Av\u00eds Legal, els bons costums i l&#8217;ordre p\u00fablic i a no utilitzar [&hellip;]","og_url":"https:\/\/www.ecoceutics.com\/ca\/aviso-legal-ecoceutics\/","og_site_name":"ecoceutics","article_modified_time":"2022-05-30T10:29:49+00:00","twitter_card":"summary_large_image","twitter_misc":{"Temps estimat de lectura":"1 minut"},"schema":{"@context":"https:\/\/schema.org","@graph":[{"@type":"WebPage","@id":"https:\/\/www.ecoceutics.com\/ca\/aviso-legal-ecoceutics\/","url":"https:\/\/www.ecoceutics.com\/ca\/aviso-legal-ecoceutics\/","name":"Av\u00eds Legal - ecoceutics","isPartOf":{"@id":"https:\/\/www.ecoceutics.com\/ca\/#website"},"datePublished":"2021-09-13T13:54:12+00:00","dateModified":"2022-05-30T10:29:49+00:00","breadcrumb":{"@id":"https:\/\/www.ecoceutics.com\/ca\/aviso-legal-ecoceutics\/#breadcrumb"},"inLanguage":"ca","potentialAction":[{"@type":"ReadAction","target":["https:\/\/www.ecoceutics.com\/ca\/aviso-legal-ecoceutics\/"]}]},{"@type":"BreadcrumbList","@id":"https:\/\/www.ecoceutics.com\/ca\/aviso-legal-ecoceutics\/#breadcrumb","itemListElement":[{"@type":"ListItem","position":1,"name":"Portada","item":"https:\/\/www.ecoceutics.com\/ca\/"},{"@type":"ListItem","position":2,"name":"Av\u00eds Legal"}]},{"@type":"WebSite","@id":"https:\/\/www.ecoceutics.com\/ca\/#website","url":"https:\/\/www.ecoceutics.com\/ca\/","name":"ecoceutics","description":"Primera red de farmacias independientes bajo una marca","publisher":{"@id":"https:\/\/www.ecoceutics.com\/ca\/#organization"},"potentialAction":[{"@type":"SearchAction","target":{"@type":"EntryPoint","urlTemplate":"https:\/\/www.ecoceutics.com\/ca\/?s={search_term_string}"},"query-input":{"@type":"PropertyValueSpecification","valueRequired":true,"valueName":"search_term_string"}}],"inLanguage":"ca"},{"@type":"Organization","@id":"https:\/\/www.ecoceutics.com\/ca\/#organization","name":"Ecoceutics","url":"https:\/\/www.ecoceutics.com\/ca\/","logo":{"@type":"ImageObject","inLanguage":"ca","@id":"https:\/\/www.ecoceutics.com\/ca\/#\/schema\/logo\/image\/","url":"https:\/\/www.ecoceutics.com\/wp-content\/uploads\/2022\/02\/Logo-Ecoceutics-SVG-01-1.svg","contentUrl":"https:\/\/www.ecoceutics.com\/wp-content\/uploads\/2022\/02\/Logo-Ecoceutics-SVG-01-1.svg","width":232,"height":68,"caption":"Ecoceutics"},"image":{"@id":"https:\/\/www.ecoceutics.com\/ca\/#\/schema\/logo\/image\/"}}]}},"_links":{"self":[{"href":"https:\/\/www.ecoceutics.com\/ca\/wp-json\/wp\/v2\/pages\/18875","targetHints":{"allow":["GET"]}}],"collection":[{"href":"https:\/\/www.ecoceutics.com\/ca\/wp-json\/wp\/v2\/pages"}],"about":[{"href":"https:\/\/www.ecoceutics.com\/ca\/wp-json\/wp\/v2\/types\/page"}],"author":[{"embeddable":true,"href":"https:\/\/www.ecoceutics.com\/ca\/wp-json\/wp\/v2\/users\/4"}],"replies":[{"embeddable":true,"href":"https:\/\/www.ecoceutics.com\/ca\/wp-json\/wp\/v2\/comments?post=18875"}],"version-history":[{"count":0,"href":"https:\/\/www.ecoceutics.com\/ca\/wp-json\/wp\/v2\/pages\/18875\/revisions"}],"wp:attachment":[{"href":"https:\/\/www.ecoceutics.com\/ca\/wp-json\/wp\/v2\/media?parent=18875"}],"curies":[{"name":"wp","href":"https:\/\/api.w.org\/{rel}","templated":true}]}}