{"id":19143,"date":"2021-06-29T17:51:36","date_gmt":"2021-06-29T15:51:36","guid":{"rendered":"https:\/\/www.ecoceutics.com\/farmacias-ecoceutics\/"},"modified":"2025-04-29T09:08:51","modified_gmt":"2025-04-29T07:08:51","slug":"farmacies-ecoceutics","status":"publish","type":"page","link":"https:\/\/www.ecoceutics.com\/ca\/farmacies-ecoceutics\/","title":{"rendered":"Farm\u00e0cies"},"content":{"rendered":"","protected":false},"excerpt":{"rendered":"","protected":false},"author":4,"featured_media":0,"parent":0,"menu_order":0,"comment_status":"closed","ping_status":"closed","template":"templates\/pharmacy_map.php","meta":{"_acf_changed":false,"inline_featured_image":false,"_mbp_gutenberg_autopost":false,"footnotes":""},"class_list":["post-19143","page","type-page","status-publish","hentry"],"acf":[],"yoast_head":"<!-- This site is optimized with the Yoast SEO plugin v27.3 - https:\/\/yoast.com\/product\/yoast-seo-wordpress\/ -->\n<title>Troba la teva farm\u00e0cia Ecoceutics m\u00e9s propera<\/title>\n<meta name=\"description\" content=\"Vols saber quina \u00e9s la teva farm\u00e0cia m\u00e9s propera? Troba la farm\u00e0cia ecoceutics m\u00e9s propera amb el nostre cercador. Som m\u00e9s de 150 farm\u00e0cies!\" \/>\n<meta name=\"robots\" content=\"index, follow, max-snippet:-1, max-image-preview:large, max-video-preview:-1\" \/>\n<link rel=\"canonical\" href=\"https:\/\/www.ecoceutics.com\/ca\/farmacies-ecoceutics\/\" \/>\n<meta property=\"og:locale\" content=\"ca_ES\" \/>\n<meta property=\"og:type\" content=\"article\" \/>\n<meta property=\"og:title\" content=\"Troba la teva farm\u00e0cia Ecoceutics m\u00e9s propera\" \/>\n<meta property=\"og:description\" content=\"Vols saber quina \u00e9s la teva farm\u00e0cia m\u00e9s propera? Troba la farm\u00e0cia ecoceutics m\u00e9s propera amb el nostre cercador. Som m\u00e9s de 150 farm\u00e0cies!\" \/>\n<meta property=\"og:url\" content=\"https:\/\/www.ecoceutics.com\/ca\/farmacies-ecoceutics\/\" \/>\n<meta property=\"og:site_name\" content=\"ecoceutics\" \/>\n<meta property=\"article:modified_time\" content=\"2025-04-29T07:08:51+00:00\" \/>\n<meta name=\"twitter:card\" content=\"summary_large_image\" \/>\n<script type=\"application\/ld+json\" class=\"yoast-schema-graph\">{\"@context\":\"https:\\\/\\\/schema.org\",\"@graph\":[{\"@type\":\"WebPage\",\"@id\":\"https:\\\/\\\/www.ecoceutics.com\\\/ca\\\/farmacies-ecoceutics\\\/\",\"url\":\"https:\\\/\\\/www.ecoceutics.com\\\/ca\\\/farmacies-ecoceutics\\\/\",\"name\":\"Troba la teva farm\u00e0cia Ecoceutics m\u00e9s propera\",\"isPartOf\":{\"@id\":\"https:\\\/\\\/www.ecoceutics.com\\\/ca\\\/#website\"},\"datePublished\":\"2021-06-29T15:51:36+00:00\",\"dateModified\":\"2025-04-29T07:08:51+00:00\",\"description\":\"Vols saber quina \u00e9s la teva farm\u00e0cia m\u00e9s propera? Troba la farm\u00e0cia ecoceutics m\u00e9s propera amb el nostre cercador. Som m\u00e9s de 150 farm\u00e0cies!\",\"breadcrumb\":{\"@id\":\"https:\\\/\\\/www.ecoceutics.com\\\/ca\\\/farmacies-ecoceutics\\\/#breadcrumb\"},\"inLanguage\":\"ca\",\"potentialAction\":[{\"@type\":\"ReadAction\",\"target\":[\"https:\\\/\\\/www.ecoceutics.com\\\/ca\\\/farmacies-ecoceutics\\\/\"]}]},{\"@type\":\"BreadcrumbList\",\"@id\":\"https:\\\/\\\/www.ecoceutics.com\\\/ca\\\/farmacies-ecoceutics\\\/#breadcrumb\",\"itemListElement\":[{\"@type\":\"ListItem\",\"position\":1,\"name\":\"Portada\",\"item\":\"https:\\\/\\\/www.ecoceutics.com\\\/ca\\\/\"},{\"@type\":\"ListItem\",\"position\":2,\"name\":\"Farm\u00e0cies\"}]},{\"@type\":\"WebSite\",\"@id\":\"https:\\\/\\\/www.ecoceutics.com\\\/ca\\\/#website\",\"url\":\"https:\\\/\\\/www.ecoceutics.com\\\/ca\\\/\",\"name\":\"ecoceutics\",\"description\":\"Primera red de farmacias independientes bajo una marca\",\"publisher\":{\"@id\":\"https:\\\/\\\/www.ecoceutics.com\\\/ca\\\/#organization\"},\"potentialAction\":[{\"@type\":\"SearchAction\",\"target\":{\"@type\":\"EntryPoint\",\"urlTemplate\":\"https:\\\/\\\/www.ecoceutics.com\\\/ca\\\/?s={search_term_string}\"},\"query-input\":{\"@type\":\"PropertyValueSpecification\",\"valueRequired\":true,\"valueName\":\"search_term_string\"}}],\"inLanguage\":\"ca\"},{\"@type\":\"Organization\",\"@id\":\"https:\\\/\\\/www.ecoceutics.com\\\/ca\\\/#organization\",\"name\":\"Ecoceutics\",\"url\":\"https:\\\/\\\/www.ecoceutics.com\\\/ca\\\/\",\"logo\":{\"@type\":\"ImageObject\",\"inLanguage\":\"ca\",\"@id\":\"https:\\\/\\\/www.ecoceutics.com\\\/ca\\\/#\\\/schema\\\/logo\\\/image\\\/\",\"url\":\"https:\\\/\\\/www.ecoceutics.com\\\/wp-content\\\/uploads\\\/2022\\\/02\\\/Logo-Ecoceutics-SVG-01-1.svg\",\"contentUrl\":\"https:\\\/\\\/www.ecoceutics.com\\\/wp-content\\\/uploads\\\/2022\\\/02\\\/Logo-Ecoceutics-SVG-01-1.svg\",\"width\":232,\"height\":68,\"caption\":\"Ecoceutics\"},\"image\":{\"@id\":\"https:\\\/\\\/www.ecoceutics.com\\\/ca\\\/#\\\/schema\\\/logo\\\/image\\\/\"}}]}<\/script>\n<!-- \/ Yoast SEO plugin. -->","yoast_head_json":{"title":"Troba la teva farm\u00e0cia Ecoceutics m\u00e9s propera","description":"Vols saber quina \u00e9s la teva farm\u00e0cia m\u00e9s propera? Troba la farm\u00e0cia ecoceutics m\u00e9s propera amb el nostre cercador. Som m\u00e9s de 150 farm\u00e0cies!","robots":{"index":"index","follow":"follow","max-snippet":"max-snippet:-1","max-image-preview":"max-image-preview:large","max-video-preview":"max-video-preview:-1"},"canonical":"https:\/\/www.ecoceutics.com\/ca\/farmacies-ecoceutics\/","og_locale":"ca_ES","og_type":"article","og_title":"Troba la teva farm\u00e0cia Ecoceutics m\u00e9s propera","og_description":"Vols saber quina \u00e9s la teva farm\u00e0cia m\u00e9s propera? Troba la farm\u00e0cia ecoceutics m\u00e9s propera amb el nostre cercador. Som m\u00e9s de 150 farm\u00e0cies!","og_url":"https:\/\/www.ecoceutics.com\/ca\/farmacies-ecoceutics\/","og_site_name":"ecoceutics","article_modified_time":"2025-04-29T07:08:51+00:00","twitter_card":"summary_large_image","schema":{"@context":"https:\/\/schema.org","@graph":[{"@type":"WebPage","@id":"https:\/\/www.ecoceutics.com\/ca\/farmacies-ecoceutics\/","url":"https:\/\/www.ecoceutics.com\/ca\/farmacies-ecoceutics\/","name":"Troba la teva farm\u00e0cia Ecoceutics m\u00e9s propera","isPartOf":{"@id":"https:\/\/www.ecoceutics.com\/ca\/#website"},"datePublished":"2021-06-29T15:51:36+00:00","dateModified":"2025-04-29T07:08:51+00:00","description":"Vols saber quina \u00e9s la teva farm\u00e0cia m\u00e9s propera? Troba la farm\u00e0cia ecoceutics m\u00e9s propera amb el nostre cercador. Som m\u00e9s de 150 farm\u00e0cies!","breadcrumb":{"@id":"https:\/\/www.ecoceutics.com\/ca\/farmacies-ecoceutics\/#breadcrumb"},"inLanguage":"ca","potentialAction":[{"@type":"ReadAction","target":["https:\/\/www.ecoceutics.com\/ca\/farmacies-ecoceutics\/"]}]},{"@type":"BreadcrumbList","@id":"https:\/\/www.ecoceutics.com\/ca\/farmacies-ecoceutics\/#breadcrumb","itemListElement":[{"@type":"ListItem","position":1,"name":"Portada","item":"https:\/\/www.ecoceutics.com\/ca\/"},{"@type":"ListItem","position":2,"name":"Farm\u00e0cies"}]},{"@type":"WebSite","@id":"https:\/\/www.ecoceutics.com\/ca\/#website","url":"https:\/\/www.ecoceutics.com\/ca\/","name":"ecoceutics","description":"Primera red de farmacias independientes bajo una marca","publisher":{"@id":"https:\/\/www.ecoceutics.com\/ca\/#organization"},"potentialAction":[{"@type":"SearchAction","target":{"@type":"EntryPoint","urlTemplate":"https:\/\/www.ecoceutics.com\/ca\/?s={search_term_string}"},"query-input":{"@type":"PropertyValueSpecification","valueRequired":true,"valueName":"search_term_string"}}],"inLanguage":"ca"},{"@type":"Organization","@id":"https:\/\/www.ecoceutics.com\/ca\/#organization","name":"Ecoceutics","url":"https:\/\/www.ecoceutics.com\/ca\/","logo":{"@type":"ImageObject","inLanguage":"ca","@id":"https:\/\/www.ecoceutics.com\/ca\/#\/schema\/logo\/image\/","url":"https:\/\/www.ecoceutics.com\/wp-content\/uploads\/2022\/02\/Logo-Ecoceutics-SVG-01-1.svg","contentUrl":"https:\/\/www.ecoceutics.com\/wp-content\/uploads\/2022\/02\/Logo-Ecoceutics-SVG-01-1.svg","width":232,"height":68,"caption":"Ecoceutics"},"image":{"@id":"https:\/\/www.ecoceutics.com\/ca\/#\/schema\/logo\/image\/"}}]}},"_links":{"self":[{"href":"https:\/\/www.ecoceutics.com\/ca\/wp-json\/wp\/v2\/pages\/19143","targetHints":{"allow":["GET"]}}],"collection":[{"href":"https:\/\/www.ecoceutics.com\/ca\/wp-json\/wp\/v2\/pages"}],"about":[{"href":"https:\/\/www.ecoceutics.com\/ca\/wp-json\/wp\/v2\/types\/page"}],"author":[{"embeddable":true,"href":"https:\/\/www.ecoceutics.com\/ca\/wp-json\/wp\/v2\/users\/4"}],"replies":[{"embeddable":true,"href":"https:\/\/www.ecoceutics.com\/ca\/wp-json\/wp\/v2\/comments?post=19143"}],"version-history":[{"count":1,"href":"https:\/\/www.ecoceutics.com\/ca\/wp-json\/wp\/v2\/pages\/19143\/revisions"}],"predecessor-version":[{"id":35296,"href":"https:\/\/www.ecoceutics.com\/ca\/wp-json\/wp\/v2\/pages\/19143\/revisions\/35296"}],"wp:attachment":[{"href":"https:\/\/www.ecoceutics.com\/ca\/wp-json\/wp\/v2\/media?parent=19143"}],"curies":[{"name":"wp","href":"https:\/\/api.w.org\/{rel}","templated":true}]}}