{"id":19240,"date":"2021-09-13T17:43:57","date_gmt":"2021-09-13T15:43:57","guid":{"rendered":"https:\/\/www.ecoceutics.com\/politica-de-cookies\/"},"modified":"2022-12-21T11:48:58","modified_gmt":"2022-12-21T10:48:58","slug":"politica-de-cookies","status":"publish","type":"page","link":"https:\/\/www.ecoceutics.com\/ca\/politica-de-cookies\/","title":{"rendered":"Pol\u00edtica de cookies"},"content":{"rendered":"\n<p>Aquest Lloc Web utilitza cookies pr\u00f2pies i de tercers amb la finalitat de millorar els serveis prestats a trav\u00e9s del mateix mitjan\u00e7ant l&#8217;an\u00e0lisi dels h\u00e0bits de navegaci\u00f3, publicitat per gestionar la publicitat en aquest Lloc Web i per oferir publicitat comportamental. Si continua navegant, considerem que n&#8217;accepta l&#8217;\u00fas. A l&#8217;efecte d&#8217;aquesta pol\u00edtica, continuar navegant significa fer clic a qualsevol bot\u00f3, casella de verificaci\u00f3 o enlla\u00e7 del lloc web; descarregar qualsevol contingut del mateix o fer scroll.<\/p>\n\n\n\n<h2 class=\"wp-block-heading\">Qu\u00e8 \u00e9s una galeta?<\/h2>\n\n\n\n<p><br>Una galeta \u00e9s un fitxer que es descarrega a l&#8217;ordinador de l&#8217;Usuari quan accedeix a determinats llocs web, com ara aquest. Les cookies permeten a aquests llocs web, entre altres coses, emmagatzemar i recuperar informaci\u00f3 sobre els h\u00e0bits de navegaci\u00f3 de l&#8217;Usuari o els del seu equip i, depenent de la informaci\u00f3 que continguin i de la manera com utilitzi el seu equip, es poden utilitzar per recon\u00e8ixer a l&#8217;usuari.<\/p>\n\n\n\n<h2 class=\"wp-block-heading\">Quins tipus de galetes utilitza aquest Lloc Web?<\/h2>\n\n\n\n<p><br>Cookies d&#8217;an\u00e0lisi: S\u00f3n aquelles que, b\u00e9 tractades per ECOCEUTICS o per tercers, permeten quantificar el nombre d&#8217;usuaris i aix\u00ed realitzar el mesurament i l&#8217;an\u00e0lisi estad\u00edstica de la utilitzaci\u00f3 que aquests fan del Lloc Web. Per aix\u00f2 s&#8217;analitza la seva navegaci\u00f3 al Lloc Web per tal de millorar l&#8217;oferta de continguts, productes o serveis que s&#8217;hi mostren. Galetes publicit\u00e0ries: S\u00f3n aquelles que permeten la gesti\u00f3, de la manera m\u00e9s efica\u00e7 possible, dels espais publicitaris que, si escau, l&#8217;editor hagi incl\u00f2s en una p\u00e0gina web, aplicaci\u00f3 o plataforma des de la qual presta el servei sol\u00b7licitat en base a criteris com el contingut editat o la freq\u00fc\u00e8ncia en qu\u00e8 es mostren els anuncis. Galetes de publicitat comportamental: S\u00f3n aquelles que permeten la gesti\u00f3, de la manera m\u00e9s efica\u00e7 possible, dels espais publicitaris que, si escau, l&#8217;editor hagi incl\u00f2s en una p\u00e0gina web, aplicaci\u00f3 o plataforma des de la qual presta el servei sol\u00b7licitat. Aquestes cookies emmagatzemen informaci\u00f3 del comportament dels usuaris obtinguda a trav\u00e9s de la observaci\u00f3 continuada dels seus h\u00e0bits de navegaci\u00f3, cosa que permet desenvolupar un perfil espec\u00edfic per mostrar publicitat en funci\u00f3 del mateix.<\/p>\n\n\n\n<p>En concret, aquest Lloc Web utilitza:<\/p>\n\n\n\n<ol class=\"wp-block-list\">\n<li>Google Analytics, eina d&#8217;anal\u00edtica que ofereix el tercer Google Inc., situat als Estats Units d&#8217;Am\u00e8rica. Google Analytics utilitza cookies pr\u00f2pies per notificar les interaccions dels usuaris al Lloc Web, emmagatzemant informaci\u00f3 d&#8217;identificaci\u00f3 no personal.<\/li>\n<\/ol>\n\n\n\n<h2 class=\"wp-block-heading\">Com puc bloquejar o eliminar les galetes que utilitza Aquest lloc web?<\/h2>\n\n\n\n<p><br>L&#8217;Usuari pot permetre, bloquejar o eliminar les cookies instal\u00b7lades al vostre equip mitjan\u00e7ant la configuraci\u00f3 de les opcions del navegador instal\u00b7lat al vostre ordinador. Si l&#8217;Usuari no vol que les vostres dades es recopilin amb Google Analytics, podeu instal\u00b7lar un complement d&#8217;inhabilitaci\u00f3 per a navegadors. M\u00e9s informaci\u00f3 <a href=\"https:\/\/support.google.com\/analytics\/answer\/181881?hl=es&amp;ref_topic=2919631\">https:\/\/support.google.com\/analytics\/answer\/181881?hl=es&amp;ref_topic=2919631<\/a>. El fet de bloquejar la instal\u00b7laci\u00f3 de les cookies d&#8217;an\u00e0lisi descrites en aquesta pol\u00edtica no impedeix la utilitzaci\u00f3 efectiva del Lloc Web per part de l&#8217;Usuari.<\/p>\n","protected":false},"excerpt":{"rendered":"<p>Aquest Lloc Web utilitza cookies pr\u00f2pies i de tercers amb la finalitat de millorar els serveis prestats a trav\u00e9s del mateix mitjan\u00e7ant l&#8217;an\u00e0lisi dels h\u00e0bits de navegaci\u00f3, publicitat per gestionar la publicitat en aquest Lloc Web i per oferir publicitat comportamental. Si continua navegant, considerem que n&#8217;accepta l&#8217;\u00fas. A l&#8217;efecte d&#8217;aquesta pol\u00edtica, continuar navegant significa [&hellip;]<\/p>\n","protected":false},"author":4,"featured_media":0,"parent":0,"menu_order":0,"comment_status":"closed","ping_status":"closed","template":"","meta":{"_acf_changed":false,"inline_featured_image":false,"_mbp_gutenberg_autopost":false,"footnotes":""},"class_list":["post-19240","page","type-page","status-publish","hentry"],"acf":[],"yoast_head":"<!-- This site is optimized with the Yoast SEO plugin v27.5 - https:\/\/yoast.com\/product\/yoast-seo-wordpress\/ -->\n<title>Pol\u00edtica de cookies - ecoceutics<\/title>\n<meta name=\"robots\" content=\"noindex, follow\" \/>\n<meta property=\"og:locale\" content=\"ca_ES\" \/>\n<meta property=\"og:type\" content=\"article\" \/>\n<meta property=\"og:title\" content=\"Pol\u00edtica de cookies - ecoceutics\" \/>\n<meta property=\"og:description\" content=\"Aquest Lloc Web utilitza cookies pr\u00f2pies i de tercers amb la finalitat de millorar els serveis prestats a trav\u00e9s del mateix mitjan\u00e7ant l&#8217;an\u00e0lisi dels h\u00e0bits de navegaci\u00f3, publicitat per gestionar la publicitat en aquest Lloc Web i per oferir publicitat comportamental. Si continua navegant, considerem que n&#8217;accepta l&#8217;\u00fas. A l&#8217;efecte d&#8217;aquesta pol\u00edtica, continuar navegant significa [&hellip;]\" \/>\n<meta property=\"og:url\" content=\"https:\/\/www.ecoceutics.com\/ca\/politica-de-cookies\/\" \/>\n<meta property=\"og:site_name\" content=\"ecoceutics\" \/>\n<meta property=\"article:modified_time\" content=\"2022-12-21T10:48:58+00:00\" \/>\n<meta name=\"twitter:card\" content=\"summary_large_image\" \/>\n<meta name=\"twitter:label1\" content=\"Temps estimat de lectura\" \/>\n\t<meta name=\"twitter:data1\" content=\"3 minuts\" \/>\n<script type=\"application\/ld+json\" class=\"yoast-schema-graph\">{\"@context\":\"https:\\\/\\\/schema.org\",\"@graph\":[{\"@type\":\"WebPage\",\"@id\":\"https:\\\/\\\/www.ecoceutics.com\\\/ca\\\/politica-de-cookies\\\/\",\"url\":\"https:\\\/\\\/www.ecoceutics.com\\\/ca\\\/politica-de-cookies\\\/\",\"name\":\"Pol\u00edtica de cookies - ecoceutics\",\"isPartOf\":{\"@id\":\"https:\\\/\\\/www.ecoceutics.com\\\/ca\\\/#website\"},\"datePublished\":\"2021-09-13T15:43:57+00:00\",\"dateModified\":\"2022-12-21T10:48:58+00:00\",\"breadcrumb\":{\"@id\":\"https:\\\/\\\/www.ecoceutics.com\\\/ca\\\/politica-de-cookies\\\/#breadcrumb\"},\"inLanguage\":\"ca\",\"potentialAction\":[{\"@type\":\"ReadAction\",\"target\":[\"https:\\\/\\\/www.ecoceutics.com\\\/ca\\\/politica-de-cookies\\\/\"]}]},{\"@type\":\"BreadcrumbList\",\"@id\":\"https:\\\/\\\/www.ecoceutics.com\\\/ca\\\/politica-de-cookies\\\/#breadcrumb\",\"itemListElement\":[{\"@type\":\"ListItem\",\"position\":1,\"name\":\"Portada\",\"item\":\"https:\\\/\\\/www.ecoceutics.com\\\/ca\\\/\"},{\"@type\":\"ListItem\",\"position\":2,\"name\":\"Pol\u00edtica de cookies\"}]},{\"@type\":\"WebSite\",\"@id\":\"https:\\\/\\\/www.ecoceutics.com\\\/ca\\\/#website\",\"url\":\"https:\\\/\\\/www.ecoceutics.com\\\/ca\\\/\",\"name\":\"ecoceutics\",\"description\":\"Primera red de farmacias independientes bajo una marca\",\"publisher\":{\"@id\":\"https:\\\/\\\/www.ecoceutics.com\\\/ca\\\/#organization\"},\"potentialAction\":[{\"@type\":\"SearchAction\",\"target\":{\"@type\":\"EntryPoint\",\"urlTemplate\":\"https:\\\/\\\/www.ecoceutics.com\\\/ca\\\/?s={search_term_string}\"},\"query-input\":{\"@type\":\"PropertyValueSpecification\",\"valueRequired\":true,\"valueName\":\"search_term_string\"}}],\"inLanguage\":\"ca\"},{\"@type\":\"Organization\",\"@id\":\"https:\\\/\\\/www.ecoceutics.com\\\/ca\\\/#organization\",\"name\":\"Ecoceutics\",\"url\":\"https:\\\/\\\/www.ecoceutics.com\\\/ca\\\/\",\"logo\":{\"@type\":\"ImageObject\",\"inLanguage\":\"ca\",\"@id\":\"https:\\\/\\\/www.ecoceutics.com\\\/ca\\\/#\\\/schema\\\/logo\\\/image\\\/\",\"url\":\"https:\\\/\\\/www.ecoceutics.com\\\/wp-content\\\/uploads\\\/2022\\\/02\\\/Logo-Ecoceutics-SVG-01-1.svg\",\"contentUrl\":\"https:\\\/\\\/www.ecoceutics.com\\\/wp-content\\\/uploads\\\/2022\\\/02\\\/Logo-Ecoceutics-SVG-01-1.svg\",\"width\":232,\"height\":68,\"caption\":\"Ecoceutics\"},\"image\":{\"@id\":\"https:\\\/\\\/www.ecoceutics.com\\\/ca\\\/#\\\/schema\\\/logo\\\/image\\\/\"}}]}<\/script>\n<!-- \/ Yoast SEO plugin. -->","yoast_head_json":{"title":"Pol\u00edtica de cookies - ecoceutics","robots":{"index":"noindex","follow":"follow"},"og_locale":"ca_ES","og_type":"article","og_title":"Pol\u00edtica de cookies - ecoceutics","og_description":"Aquest Lloc Web utilitza cookies pr\u00f2pies i de tercers amb la finalitat de millorar els serveis prestats a trav\u00e9s del mateix mitjan\u00e7ant l&#8217;an\u00e0lisi dels h\u00e0bits de navegaci\u00f3, publicitat per gestionar la publicitat en aquest Lloc Web i per oferir publicitat comportamental. Si continua navegant, considerem que n&#8217;accepta l&#8217;\u00fas. A l&#8217;efecte d&#8217;aquesta pol\u00edtica, continuar navegant significa [&hellip;]","og_url":"https:\/\/www.ecoceutics.com\/ca\/politica-de-cookies\/","og_site_name":"ecoceutics","article_modified_time":"2022-12-21T10:48:58+00:00","twitter_card":"summary_large_image","twitter_misc":{"Temps estimat de lectura":"3 minuts"},"schema":{"@context":"https:\/\/schema.org","@graph":[{"@type":"WebPage","@id":"https:\/\/www.ecoceutics.com\/ca\/politica-de-cookies\/","url":"https:\/\/www.ecoceutics.com\/ca\/politica-de-cookies\/","name":"Pol\u00edtica de cookies - ecoceutics","isPartOf":{"@id":"https:\/\/www.ecoceutics.com\/ca\/#website"},"datePublished":"2021-09-13T15:43:57+00:00","dateModified":"2022-12-21T10:48:58+00:00","breadcrumb":{"@id":"https:\/\/www.ecoceutics.com\/ca\/politica-de-cookies\/#breadcrumb"},"inLanguage":"ca","potentialAction":[{"@type":"ReadAction","target":["https:\/\/www.ecoceutics.com\/ca\/politica-de-cookies\/"]}]},{"@type":"BreadcrumbList","@id":"https:\/\/www.ecoceutics.com\/ca\/politica-de-cookies\/#breadcrumb","itemListElement":[{"@type":"ListItem","position":1,"name":"Portada","item":"https:\/\/www.ecoceutics.com\/ca\/"},{"@type":"ListItem","position":2,"name":"Pol\u00edtica de cookies"}]},{"@type":"WebSite","@id":"https:\/\/www.ecoceutics.com\/ca\/#website","url":"https:\/\/www.ecoceutics.com\/ca\/","name":"ecoceutics","description":"Primera red de farmacias independientes bajo una marca","publisher":{"@id":"https:\/\/www.ecoceutics.com\/ca\/#organization"},"potentialAction":[{"@type":"SearchAction","target":{"@type":"EntryPoint","urlTemplate":"https:\/\/www.ecoceutics.com\/ca\/?s={search_term_string}"},"query-input":{"@type":"PropertyValueSpecification","valueRequired":true,"valueName":"search_term_string"}}],"inLanguage":"ca"},{"@type":"Organization","@id":"https:\/\/www.ecoceutics.com\/ca\/#organization","name":"Ecoceutics","url":"https:\/\/www.ecoceutics.com\/ca\/","logo":{"@type":"ImageObject","inLanguage":"ca","@id":"https:\/\/www.ecoceutics.com\/ca\/#\/schema\/logo\/image\/","url":"https:\/\/www.ecoceutics.com\/wp-content\/uploads\/2022\/02\/Logo-Ecoceutics-SVG-01-1.svg","contentUrl":"https:\/\/www.ecoceutics.com\/wp-content\/uploads\/2022\/02\/Logo-Ecoceutics-SVG-01-1.svg","width":232,"height":68,"caption":"Ecoceutics"},"image":{"@id":"https:\/\/www.ecoceutics.com\/ca\/#\/schema\/logo\/image\/"}}]}},"_links":{"self":[{"href":"https:\/\/www.ecoceutics.com\/ca\/wp-json\/wp\/v2\/pages\/19240","targetHints":{"allow":["GET"]}}],"collection":[{"href":"https:\/\/www.ecoceutics.com\/ca\/wp-json\/wp\/v2\/pages"}],"about":[{"href":"https:\/\/www.ecoceutics.com\/ca\/wp-json\/wp\/v2\/types\/page"}],"author":[{"embeddable":true,"href":"https:\/\/www.ecoceutics.com\/ca\/wp-json\/wp\/v2\/users\/4"}],"replies":[{"embeddable":true,"href":"https:\/\/www.ecoceutics.com\/ca\/wp-json\/wp\/v2\/comments?post=19240"}],"version-history":[{"count":0,"href":"https:\/\/www.ecoceutics.com\/ca\/wp-json\/wp\/v2\/pages\/19240\/revisions"}],"wp:attachment":[{"href":"https:\/\/www.ecoceutics.com\/ca\/wp-json\/wp\/v2\/media?parent=19240"}],"curies":[{"name":"wp","href":"https:\/\/api.w.org\/{rel}","templated":true}]}}