{"id":27302,"date":"2022-07-11T16:10:17","date_gmt":"2022-07-11T14:10:17","guid":{"rendered":"https:\/\/www.ecoceutics.com\/?page_id=27302"},"modified":"2025-03-31T13:06:26","modified_gmt":"2025-03-31T11:06:26","slug":"red-farmacies-independents","status":"publish","type":"page","link":"https:\/\/www.ecoceutics.com\/ca\/farmaceutic\/red-farmacies-independents\/","title":{"rendered":"Ecoceutics"},"content":{"rendered":"","protected":false},"excerpt":{"rendered":"","protected":false},"author":4,"featured_media":0,"parent":35271,"menu_order":0,"comment_status":"closed","ping_status":"closed","template":"templates\/landing.php","meta":{"_acf_changed":false,"inline_featured_image":false,"_mbp_gutenberg_autopost":false,"footnotes":""},"class_list":["post-27302","page","type-page","status-publish","hentry"],"acf":[],"yoast_head":"<!-- This site is optimized with the Yoast SEO plugin v27.5 - https:\/\/yoast.com\/product\/yoast-seo-wordpress\/ -->\n<title>Ecoceutics, qui som? Descobreix la nostra hist\u00f2ria<\/title>\n<meta name=\"description\" content=\"Descobriu com va comen\u00e7ar el projecte ecoceutics i la seva evoluci\u00f3 al llarg dels anys. Coneix m\u00e9s sobre nosaltres.\" \/>\n<meta name=\"robots\" content=\"index, follow, max-snippet:-1, max-image-preview:large, max-video-preview:-1\" \/>\n<link rel=\"canonical\" href=\"https:\/\/www.ecoceutics.com\/ca\/farmaceutic\/red-farmacies-independents\/\" \/>\n<meta property=\"og:locale\" content=\"ca_ES\" \/>\n<meta property=\"og:type\" content=\"article\" \/>\n<meta property=\"og:title\" content=\"Ecoceutics, qui som? Descobreix la nostra hist\u00f2ria\" \/>\n<meta property=\"og:description\" content=\"Descobriu com va comen\u00e7ar el projecte ecoceutics i la seva evoluci\u00f3 al llarg dels anys. Coneix m\u00e9s sobre nosaltres.\" \/>\n<meta property=\"og:url\" content=\"https:\/\/www.ecoceutics.com\/ca\/farmaceutic\/red-farmacies-independents\/\" \/>\n<meta property=\"og:site_name\" content=\"ecoceutics\" \/>\n<meta property=\"article:modified_time\" content=\"2025-03-31T11:06:26+00:00\" \/>\n<meta name=\"twitter:card\" content=\"summary_large_image\" \/>\n<script type=\"application\/ld+json\" class=\"yoast-schema-graph\">{\"@context\":\"https:\\\/\\\/schema.org\",\"@graph\":[{\"@type\":\"WebPage\",\"@id\":\"https:\\\/\\\/www.ecoceutics.com\\\/ca\\\/farmaceutic\\\/red-farmacies-independents\\\/\",\"url\":\"https:\\\/\\\/www.ecoceutics.com\\\/ca\\\/farmaceutic\\\/red-farmacies-independents\\\/\",\"name\":\"Ecoceutics, qui som? Descobreix la nostra hist\u00f2ria\",\"isPartOf\":{\"@id\":\"https:\\\/\\\/www.ecoceutics.com\\\/ca\\\/#website\"},\"datePublished\":\"2022-07-11T14:10:17+00:00\",\"dateModified\":\"2025-03-31T11:06:26+00:00\",\"description\":\"Descobriu com va comen\u00e7ar el projecte ecoceutics i la seva evoluci\u00f3 al llarg dels anys. Coneix m\u00e9s sobre nosaltres.\",\"breadcrumb\":{\"@id\":\"https:\\\/\\\/www.ecoceutics.com\\\/ca\\\/farmaceutic\\\/red-farmacies-independents\\\/#breadcrumb\"},\"inLanguage\":\"ca\",\"potentialAction\":[{\"@type\":\"ReadAction\",\"target\":[\"https:\\\/\\\/www.ecoceutics.com\\\/ca\\\/farmaceutic\\\/red-farmacies-independents\\\/\"]}]},{\"@type\":\"BreadcrumbList\",\"@id\":\"https:\\\/\\\/www.ecoceutics.com\\\/ca\\\/farmaceutic\\\/red-farmacies-independents\\\/#breadcrumb\",\"itemListElement\":[{\"@type\":\"ListItem\",\"position\":1,\"name\":\"Portada\",\"item\":\"https:\\\/\\\/www.ecoceutics.com\\\/ca\\\/\"},{\"@type\":\"ListItem\",\"position\":2,\"name\":\"Farmaceutico\",\"item\":\"https:\\\/\\\/www.ecoceutics.com\\\/ca\\\/farmaceutic\\\/\"},{\"@type\":\"ListItem\",\"position\":3,\"name\":\"Ecoceutics\"}]},{\"@type\":\"WebSite\",\"@id\":\"https:\\\/\\\/www.ecoceutics.com\\\/ca\\\/#website\",\"url\":\"https:\\\/\\\/www.ecoceutics.com\\\/ca\\\/\",\"name\":\"ecoceutics\",\"description\":\"Primera red de farmacias independientes bajo una marca\",\"publisher\":{\"@id\":\"https:\\\/\\\/www.ecoceutics.com\\\/ca\\\/#organization\"},\"potentialAction\":[{\"@type\":\"SearchAction\",\"target\":{\"@type\":\"EntryPoint\",\"urlTemplate\":\"https:\\\/\\\/www.ecoceutics.com\\\/ca\\\/?s={search_term_string}\"},\"query-input\":{\"@type\":\"PropertyValueSpecification\",\"valueRequired\":true,\"valueName\":\"search_term_string\"}}],\"inLanguage\":\"ca\"},{\"@type\":\"Organization\",\"@id\":\"https:\\\/\\\/www.ecoceutics.com\\\/ca\\\/#organization\",\"name\":\"Ecoceutics\",\"url\":\"https:\\\/\\\/www.ecoceutics.com\\\/ca\\\/\",\"logo\":{\"@type\":\"ImageObject\",\"inLanguage\":\"ca\",\"@id\":\"https:\\\/\\\/www.ecoceutics.com\\\/ca\\\/#\\\/schema\\\/logo\\\/image\\\/\",\"url\":\"https:\\\/\\\/www.ecoceutics.com\\\/wp-content\\\/uploads\\\/2022\\\/02\\\/Logo-Ecoceutics-SVG-01-1.svg\",\"contentUrl\":\"https:\\\/\\\/www.ecoceutics.com\\\/wp-content\\\/uploads\\\/2022\\\/02\\\/Logo-Ecoceutics-SVG-01-1.svg\",\"width\":232,\"height\":68,\"caption\":\"Ecoceutics\"},\"image\":{\"@id\":\"https:\\\/\\\/www.ecoceutics.com\\\/ca\\\/#\\\/schema\\\/logo\\\/image\\\/\"}}]}<\/script>\n<!-- \/ Yoast SEO plugin. -->","yoast_head_json":{"title":"Ecoceutics, qui som? Descobreix la nostra hist\u00f2ria","description":"Descobriu com va comen\u00e7ar el projecte ecoceutics i la seva evoluci\u00f3 al llarg dels anys. Coneix m\u00e9s sobre nosaltres.","robots":{"index":"index","follow":"follow","max-snippet":"max-snippet:-1","max-image-preview":"max-image-preview:large","max-video-preview":"max-video-preview:-1"},"canonical":"https:\/\/www.ecoceutics.com\/ca\/farmaceutic\/red-farmacies-independents\/","og_locale":"ca_ES","og_type":"article","og_title":"Ecoceutics, qui som? Descobreix la nostra hist\u00f2ria","og_description":"Descobriu com va comen\u00e7ar el projecte ecoceutics i la seva evoluci\u00f3 al llarg dels anys. Coneix m\u00e9s sobre nosaltres.","og_url":"https:\/\/www.ecoceutics.com\/ca\/farmaceutic\/red-farmacies-independents\/","og_site_name":"ecoceutics","article_modified_time":"2025-03-31T11:06:26+00:00","twitter_card":"summary_large_image","schema":{"@context":"https:\/\/schema.org","@graph":[{"@type":"WebPage","@id":"https:\/\/www.ecoceutics.com\/ca\/farmaceutic\/red-farmacies-independents\/","url":"https:\/\/www.ecoceutics.com\/ca\/farmaceutic\/red-farmacies-independents\/","name":"Ecoceutics, qui som? Descobreix la nostra hist\u00f2ria","isPartOf":{"@id":"https:\/\/www.ecoceutics.com\/ca\/#website"},"datePublished":"2022-07-11T14:10:17+00:00","dateModified":"2025-03-31T11:06:26+00:00","description":"Descobriu com va comen\u00e7ar el projecte ecoceutics i la seva evoluci\u00f3 al llarg dels anys. Coneix m\u00e9s sobre nosaltres.","breadcrumb":{"@id":"https:\/\/www.ecoceutics.com\/ca\/farmaceutic\/red-farmacies-independents\/#breadcrumb"},"inLanguage":"ca","potentialAction":[{"@type":"ReadAction","target":["https:\/\/www.ecoceutics.com\/ca\/farmaceutic\/red-farmacies-independents\/"]}]},{"@type":"BreadcrumbList","@id":"https:\/\/www.ecoceutics.com\/ca\/farmaceutic\/red-farmacies-independents\/#breadcrumb","itemListElement":[{"@type":"ListItem","position":1,"name":"Portada","item":"https:\/\/www.ecoceutics.com\/ca\/"},{"@type":"ListItem","position":2,"name":"Farmaceutico","item":"https:\/\/www.ecoceutics.com\/ca\/farmaceutic\/"},{"@type":"ListItem","position":3,"name":"Ecoceutics"}]},{"@type":"WebSite","@id":"https:\/\/www.ecoceutics.com\/ca\/#website","url":"https:\/\/www.ecoceutics.com\/ca\/","name":"ecoceutics","description":"Primera red de farmacias independientes bajo una marca","publisher":{"@id":"https:\/\/www.ecoceutics.com\/ca\/#organization"},"potentialAction":[{"@type":"SearchAction","target":{"@type":"EntryPoint","urlTemplate":"https:\/\/www.ecoceutics.com\/ca\/?s={search_term_string}"},"query-input":{"@type":"PropertyValueSpecification","valueRequired":true,"valueName":"search_term_string"}}],"inLanguage":"ca"},{"@type":"Organization","@id":"https:\/\/www.ecoceutics.com\/ca\/#organization","name":"Ecoceutics","url":"https:\/\/www.ecoceutics.com\/ca\/","logo":{"@type":"ImageObject","inLanguage":"ca","@id":"https:\/\/www.ecoceutics.com\/ca\/#\/schema\/logo\/image\/","url":"https:\/\/www.ecoceutics.com\/wp-content\/uploads\/2022\/02\/Logo-Ecoceutics-SVG-01-1.svg","contentUrl":"https:\/\/www.ecoceutics.com\/wp-content\/uploads\/2022\/02\/Logo-Ecoceutics-SVG-01-1.svg","width":232,"height":68,"caption":"Ecoceutics"},"image":{"@id":"https:\/\/www.ecoceutics.com\/ca\/#\/schema\/logo\/image\/"}}]}},"_links":{"self":[{"href":"https:\/\/www.ecoceutics.com\/ca\/wp-json\/wp\/v2\/pages\/27302","targetHints":{"allow":["GET"]}}],"collection":[{"href":"https:\/\/www.ecoceutics.com\/ca\/wp-json\/wp\/v2\/pages"}],"about":[{"href":"https:\/\/www.ecoceutics.com\/ca\/wp-json\/wp\/v2\/types\/page"}],"author":[{"embeddable":true,"href":"https:\/\/www.ecoceutics.com\/ca\/wp-json\/wp\/v2\/users\/4"}],"replies":[{"embeddable":true,"href":"https:\/\/www.ecoceutics.com\/ca\/wp-json\/wp\/v2\/comments?post=27302"}],"version-history":[{"count":1,"href":"https:\/\/www.ecoceutics.com\/ca\/wp-json\/wp\/v2\/pages\/27302\/revisions"}],"predecessor-version":[{"id":35278,"href":"https:\/\/www.ecoceutics.com\/ca\/wp-json\/wp\/v2\/pages\/27302\/revisions\/35278"}],"up":[{"embeddable":true,"href":"https:\/\/www.ecoceutics.com\/ca\/wp-json\/wp\/v2\/pages\/35271"}],"wp:attachment":[{"href":"https:\/\/www.ecoceutics.com\/ca\/wp-json\/wp\/v2\/media?parent=27302"}],"curies":[{"name":"wp","href":"https:\/\/api.w.org\/{rel}","templated":true}]}}