{"id":18722,"date":"2021-09-13T11:11:01","date_gmt":"2021-09-13T09:11:01","guid":{"rendered":"https:\/\/www.ecoceutics.com\/producto\/desodorante-suave\/"},"modified":"2024-05-08T16:24:44","modified_gmt":"2024-05-08T14:24:44","slug":"desodorant-suau","status":"publish","type":"product","link":"https:\/\/www.ecoceutics.com\/ca\/desodorant-suau\/","title":{"rendered":"Sens Desodorant roll-on suau amb oli de ric\u00ed"},"content":{"rendered":"<p>Desodorant amb oli de ric\u00ed formulat especialment per a les pells m\u00e9s sensibles que no toleren altres desodorants.<\/p>\n<h3><\/h3>\n<h3><a name=\"_Toc66954002\"><\/a><strong>Formulaci\u00f3 i propietats<\/strong><\/h3>\n<p>Hidrata, suavitza i protegeix la pell m\u00e9s sensible, com \u00e9s la de l\u2019aixella. Gr\u00e0cies a l\u2019oli de ric\u00ed, i a l\u2019\u00e0cid ricinoleic que cont\u00e9, proporciona propietats antiinflamat\u00f2ries i antimicrobianes. Desodorant transpirable que filtra la mala olor. Sense sals d\u2019alumini, alcohol ni parabens.<\/p>\n<p>Amb un format roll-on apte per a viatjar en avi\u00f3 \u2013 50ml.<\/p>\n<p>&nbsp;<\/p>\n<h3><a name=\"_Toc66954003\"><\/a><strong>Duraci\u00f3<\/strong><\/h3>\n<p>24h de protecci\u00f3 contra la mala olor.<\/p>\n<p><strong>\u00a0<\/strong><\/p>\n<h3><a name=\"_Toc66954004\"><\/a><strong>Pensat per<\/strong><strong>:<\/strong><\/h3>\n<ul>\n<li>La preadolesc\u00e8ncia, l\u2019\u00e8poca on apareix la suor i les olors a causa dels canvis hormonals.<\/li>\n<li>Viatjar en avi\u00f3 \u2013 desodorant roll-on de 50ml.<\/li>\n<\/ul>\n<p>&nbsp;<\/p>\n<h3><a name=\"_Toc66954005\"><\/a><strong>Apte per<\/strong><strong>:<\/strong><\/h3>\n<ul>\n<li>Per a totes les pells, per\u00f2 en concret\u00a0les pells m\u00e9s sensibles.<\/li>\n<li>A partir dels 3 anys.<\/li>\n<li>Unisex, per a tota la fam\u00edlia.<\/li>\n<\/ul>\n<p><strong>\u00a0<\/strong><\/p>\n<h3><a name=\"_Toc66954006\"><\/a><strong>Mode d\u2019\u00fas<\/strong><\/h3>\n<p>Aplicar a la zona axil\u00b7lar sobre la pell neta i seca.<\/p>\n<p><strong>\u00a0<\/strong><\/p>\n<h3><a name=\"_Toc66954007\"><\/a><strong>Ingredients<\/strong><\/h3>\n<p>Aqua (water), Propylene Glycol, Hydroxyethylcellulose, Glycerin, Phenoxyethanol, Trideceth-9, PEG-40 Hydrogenated Castor Oil, Parfum (Fragrance), Ethylhexylglycerin, C12-13 Alkyl Lactate, Citric Acid, sodium Hydroxide.<\/p>\n","protected":false},"excerpt":{"rendered":"<p>Per a pell sensible<\/p>\n","protected":false},"featured_media":18181,"template":"","meta":{"_acf_changed":false,"inline_featured_image":false,"_mbp_gutenberg_autopost":false},"product_brand":[],"product_cat":[142],"product_tag":[139,143,167],"beneficio":[192,193,194],"class_list":{"0":"post-18722","1":"product","2":"type-product","3":"status-publish","4":"has-post-thumbnail","6":"product_cat-higiene-i-hidratacio","7":"product_tag-cura-corporal","8":"product_tag-hidratacio","9":"product_tag-higiene-ca","10":"beneficio-cura-corporal","11":"beneficio-hidratacio","12":"beneficio-higiene-2","14":"first","15":"instock","16":"shipping-taxable","17":"product-type-simple"},"acf":[],"yoast_head":"<!-- This site is optimized with the Yoast SEO plugin v27.5 - https:\/\/yoast.com\/product\/yoast-seo-wordpress\/ -->\n<title>Sens Desodorante amb oli de ric\u00ed | Farmacias Ecoceutics<\/title>\n<meta name=\"description\" content=\"Sens Desodorant roll-on amb oli de ric\u00ed. Pensat per a les pells m\u00e9s sensibles, aportant fins a 24h de protecci\u00f3.\" \/>\n<meta name=\"robots\" content=\"index, follow, max-snippet:-1, max-image-preview:large, max-video-preview:-1\" \/>\n<link rel=\"canonical\" href=\"https:\/\/www.ecoceutics.com\/ca\/desodorant-suau\/\" \/>\n<meta property=\"og:locale\" content=\"ca_ES\" \/>\n<meta property=\"og:type\" content=\"article\" \/>\n<meta property=\"og:title\" content=\"Sens Desodorante amb oli de ric\u00ed | Farmacias Ecoceutics\" \/>\n<meta property=\"og:description\" content=\"Sens Desodorant roll-on amb oli de ric\u00ed. Pensat per a les pells m\u00e9s sensibles, aportant fins a 24h de protecci\u00f3.\" \/>\n<meta property=\"og:url\" content=\"https:\/\/www.ecoceutics.com\/ca\/desodorant-suau\/\" \/>\n<meta property=\"og:site_name\" content=\"ecoceutics\" \/>\n<meta property=\"article:modified_time\" content=\"2024-05-08T14:24:44+00:00\" \/>\n<meta property=\"og:image\" content=\"https:\/\/www.ecoceutics.com\/wp-content\/uploads\/2021\/09\/672x672_deo-suau-3.jpg\" \/>\n\t<meta property=\"og:image:width\" content=\"672\" \/>\n\t<meta property=\"og:image:height\" content=\"672\" \/>\n\t<meta property=\"og:image:type\" content=\"image\/jpeg\" \/>\n<meta name=\"twitter:card\" content=\"summary_large_image\" \/>\n<meta name=\"twitter:label1\" content=\"Temps estimat de lectura\" \/>\n\t<meta name=\"twitter:data1\" content=\"1 minut\" \/>\n<script type=\"application\/ld+json\" class=\"yoast-schema-graph\">{\"@context\":\"https:\\\/\\\/schema.org\",\"@graph\":[{\"@type\":\"WebPage\",\"@id\":\"https:\\\/\\\/www.ecoceutics.com\\\/ca\\\/desodorant-suau\\\/\",\"url\":\"https:\\\/\\\/www.ecoceutics.com\\\/ca\\\/desodorant-suau\\\/\",\"name\":\"Sens Desodorante amb oli de ric\u00ed | Farmacias Ecoceutics\",\"isPartOf\":{\"@id\":\"https:\\\/\\\/www.ecoceutics.com\\\/ca\\\/#website\"},\"primaryImageOfPage\":{\"@id\":\"https:\\\/\\\/www.ecoceutics.com\\\/ca\\\/desodorant-suau\\\/#primaryimage\"},\"image\":{\"@id\":\"https:\\\/\\\/www.ecoceutics.com\\\/ca\\\/desodorant-suau\\\/#primaryimage\"},\"thumbnailUrl\":\"https:\\\/\\\/www.ecoceutics.com\\\/wp-content\\\/uploads\\\/2021\\\/09\\\/672x672_deo-suau-3.jpg\",\"datePublished\":\"2021-09-13T09:11:01+00:00\",\"dateModified\":\"2024-05-08T14:24:44+00:00\",\"description\":\"Sens Desodorant roll-on amb oli de ric\u00ed. Pensat per a les pells m\u00e9s sensibles, aportant fins a 24h de protecci\u00f3.\",\"breadcrumb\":{\"@id\":\"https:\\\/\\\/www.ecoceutics.com\\\/ca\\\/desodorant-suau\\\/#breadcrumb\"},\"inLanguage\":\"ca\",\"potentialAction\":[{\"@type\":\"ReadAction\",\"target\":[\"https:\\\/\\\/www.ecoceutics.com\\\/ca\\\/desodorant-suau\\\/\"]}]},{\"@type\":\"ImageObject\",\"inLanguage\":\"ca\",\"@id\":\"https:\\\/\\\/www.ecoceutics.com\\\/ca\\\/desodorant-suau\\\/#primaryimage\",\"url\":\"https:\\\/\\\/www.ecoceutics.com\\\/wp-content\\\/uploads\\\/2021\\\/09\\\/672x672_deo-suau-3.jpg\",\"contentUrl\":\"https:\\\/\\\/www.ecoceutics.com\\\/wp-content\\\/uploads\\\/2021\\\/09\\\/672x672_deo-suau-3.jpg\",\"width\":672,\"height\":672},{\"@type\":\"BreadcrumbList\",\"@id\":\"https:\\\/\\\/www.ecoceutics.com\\\/ca\\\/desodorant-suau\\\/#breadcrumb\",\"itemListElement\":[{\"@type\":\"ListItem\",\"position\":1,\"name\":\"Portada\",\"item\":\"https:\\\/\\\/www.ecoceutics.com\\\/ca\\\/\"},{\"@type\":\"ListItem\",\"position\":2,\"name\":\"Sens Desodorant roll-on suau amb oli de ric\u00ed\"}]},{\"@type\":\"WebSite\",\"@id\":\"https:\\\/\\\/www.ecoceutics.com\\\/ca\\\/#website\",\"url\":\"https:\\\/\\\/www.ecoceutics.com\\\/ca\\\/\",\"name\":\"ecoceutics\",\"description\":\"Primera red de farmacias independientes bajo una marca\",\"publisher\":{\"@id\":\"https:\\\/\\\/www.ecoceutics.com\\\/ca\\\/#organization\"},\"potentialAction\":[{\"@type\":\"SearchAction\",\"target\":{\"@type\":\"EntryPoint\",\"urlTemplate\":\"https:\\\/\\\/www.ecoceutics.com\\\/ca\\\/?s={search_term_string}\"},\"query-input\":{\"@type\":\"PropertyValueSpecification\",\"valueRequired\":true,\"valueName\":\"search_term_string\"}}],\"inLanguage\":\"ca\"},{\"@type\":\"Organization\",\"@id\":\"https:\\\/\\\/www.ecoceutics.com\\\/ca\\\/#organization\",\"name\":\"Ecoceutics\",\"url\":\"https:\\\/\\\/www.ecoceutics.com\\\/ca\\\/\",\"logo\":{\"@type\":\"ImageObject\",\"inLanguage\":\"ca\",\"@id\":\"https:\\\/\\\/www.ecoceutics.com\\\/ca\\\/#\\\/schema\\\/logo\\\/image\\\/\",\"url\":\"https:\\\/\\\/www.ecoceutics.com\\\/wp-content\\\/uploads\\\/2022\\\/02\\\/Logo-Ecoceutics-SVG-01-1.svg\",\"contentUrl\":\"https:\\\/\\\/www.ecoceutics.com\\\/wp-content\\\/uploads\\\/2022\\\/02\\\/Logo-Ecoceutics-SVG-01-1.svg\",\"width\":232,\"height\":68,\"caption\":\"Ecoceutics\"},\"image\":{\"@id\":\"https:\\\/\\\/www.ecoceutics.com\\\/ca\\\/#\\\/schema\\\/logo\\\/image\\\/\"}}]}<\/script>\n<!-- \/ Yoast SEO plugin. -->","yoast_head_json":{"title":"Sens Desodorante amb oli de ric\u00ed | Farmacias Ecoceutics","description":"Sens Desodorant roll-on amb oli de ric\u00ed. Pensat per a les pells m\u00e9s sensibles, aportant fins a 24h de protecci\u00f3.","robots":{"index":"index","follow":"follow","max-snippet":"max-snippet:-1","max-image-preview":"max-image-preview:large","max-video-preview":"max-video-preview:-1"},"canonical":"https:\/\/www.ecoceutics.com\/ca\/desodorant-suau\/","og_locale":"ca_ES","og_type":"article","og_title":"Sens Desodorante amb oli de ric\u00ed | Farmacias Ecoceutics","og_description":"Sens Desodorant roll-on amb oli de ric\u00ed. Pensat per a les pells m\u00e9s sensibles, aportant fins a 24h de protecci\u00f3.","og_url":"https:\/\/www.ecoceutics.com\/ca\/desodorant-suau\/","og_site_name":"ecoceutics","article_modified_time":"2024-05-08T14:24:44+00:00","og_image":[{"width":672,"height":672,"url":"https:\/\/www.ecoceutics.com\/wp-content\/uploads\/2021\/09\/672x672_deo-suau-3.jpg","type":"image\/jpeg"}],"twitter_card":"summary_large_image","twitter_misc":{"Temps estimat de lectura":"1 minut"},"schema":{"@context":"https:\/\/schema.org","@graph":[{"@type":"WebPage","@id":"https:\/\/www.ecoceutics.com\/ca\/desodorant-suau\/","url":"https:\/\/www.ecoceutics.com\/ca\/desodorant-suau\/","name":"Sens Desodorante amb oli de ric\u00ed | Farmacias Ecoceutics","isPartOf":{"@id":"https:\/\/www.ecoceutics.com\/ca\/#website"},"primaryImageOfPage":{"@id":"https:\/\/www.ecoceutics.com\/ca\/desodorant-suau\/#primaryimage"},"image":{"@id":"https:\/\/www.ecoceutics.com\/ca\/desodorant-suau\/#primaryimage"},"thumbnailUrl":"https:\/\/www.ecoceutics.com\/wp-content\/uploads\/2021\/09\/672x672_deo-suau-3.jpg","datePublished":"2021-09-13T09:11:01+00:00","dateModified":"2024-05-08T14:24:44+00:00","description":"Sens Desodorant roll-on amb oli de ric\u00ed. Pensat per a les pells m\u00e9s sensibles, aportant fins a 24h de protecci\u00f3.","breadcrumb":{"@id":"https:\/\/www.ecoceutics.com\/ca\/desodorant-suau\/#breadcrumb"},"inLanguage":"ca","potentialAction":[{"@type":"ReadAction","target":["https:\/\/www.ecoceutics.com\/ca\/desodorant-suau\/"]}]},{"@type":"ImageObject","inLanguage":"ca","@id":"https:\/\/www.ecoceutics.com\/ca\/desodorant-suau\/#primaryimage","url":"https:\/\/www.ecoceutics.com\/wp-content\/uploads\/2021\/09\/672x672_deo-suau-3.jpg","contentUrl":"https:\/\/www.ecoceutics.com\/wp-content\/uploads\/2021\/09\/672x672_deo-suau-3.jpg","width":672,"height":672},{"@type":"BreadcrumbList","@id":"https:\/\/www.ecoceutics.com\/ca\/desodorant-suau\/#breadcrumb","itemListElement":[{"@type":"ListItem","position":1,"name":"Portada","item":"https:\/\/www.ecoceutics.com\/ca\/"},{"@type":"ListItem","position":2,"name":"Sens Desodorant roll-on suau amb oli de ric\u00ed"}]},{"@type":"WebSite","@id":"https:\/\/www.ecoceutics.com\/ca\/#website","url":"https:\/\/www.ecoceutics.com\/ca\/","name":"ecoceutics","description":"Primera red de farmacias independientes bajo una marca","publisher":{"@id":"https:\/\/www.ecoceutics.com\/ca\/#organization"},"potentialAction":[{"@type":"SearchAction","target":{"@type":"EntryPoint","urlTemplate":"https:\/\/www.ecoceutics.com\/ca\/?s={search_term_string}"},"query-input":{"@type":"PropertyValueSpecification","valueRequired":true,"valueName":"search_term_string"}}],"inLanguage":"ca"},{"@type":"Organization","@id":"https:\/\/www.ecoceutics.com\/ca\/#organization","name":"Ecoceutics","url":"https:\/\/www.ecoceutics.com\/ca\/","logo":{"@type":"ImageObject","inLanguage":"ca","@id":"https:\/\/www.ecoceutics.com\/ca\/#\/schema\/logo\/image\/","url":"https:\/\/www.ecoceutics.com\/wp-content\/uploads\/2022\/02\/Logo-Ecoceutics-SVG-01-1.svg","contentUrl":"https:\/\/www.ecoceutics.com\/wp-content\/uploads\/2022\/02\/Logo-Ecoceutics-SVG-01-1.svg","width":232,"height":68,"caption":"Ecoceutics"},"image":{"@id":"https:\/\/www.ecoceutics.com\/ca\/#\/schema\/logo\/image\/"}}]}},"_links":{"self":[{"href":"https:\/\/www.ecoceutics.com\/ca\/wp-json\/wp\/v2\/product\/18722","targetHints":{"allow":["GET"]}}],"collection":[{"href":"https:\/\/www.ecoceutics.com\/ca\/wp-json\/wp\/v2\/product"}],"about":[{"href":"https:\/\/www.ecoceutics.com\/ca\/wp-json\/wp\/v2\/types\/product"}],"wp:featuredmedia":[{"embeddable":true,"href":"https:\/\/www.ecoceutics.com\/ca\/wp-json\/wp\/v2\/media\/18181"}],"wp:attachment":[{"href":"https:\/\/www.ecoceutics.com\/ca\/wp-json\/wp\/v2\/media?parent=18722"}],"wp:term":[{"taxonomy":"product_brand","embeddable":true,"href":"https:\/\/www.ecoceutics.com\/ca\/wp-json\/wp\/v2\/product_brand?post=18722"},{"taxonomy":"product_cat","embeddable":true,"href":"https:\/\/www.ecoceutics.com\/ca\/wp-json\/wp\/v2\/product_cat?post=18722"},{"taxonomy":"product_tag","embeddable":true,"href":"https:\/\/www.ecoceutics.com\/ca\/wp-json\/wp\/v2\/product_tag?post=18722"},{"taxonomy":"beneficio","embeddable":true,"href":"https:\/\/www.ecoceutics.com\/ca\/wp-json\/wp\/v2\/beneficio?post=18722"}],"curies":[{"name":"wp","href":"https:\/\/api.w.org\/{rel}","templated":true}]}}