{"id":18728,"date":"2021-09-13T11:30:32","date_gmt":"2021-09-13T09:30:32","guid":{"rendered":"https:\/\/www.ecoceutics.com\/producto\/desodorante-roll-on-intenso\/"},"modified":"2024-05-08T16:34:45","modified_gmt":"2024-05-08T14:34:45","slug":"desodorant-per-suor-forta","status":"publish","type":"product","link":"https:\/\/www.ecoceutics.com\/ca\/desodorant-per-suor-forta\/","title":{"rendered":"Sens Desodorant roll-on intens"},"content":{"rendered":"<p>Desodorant indicat per a persones que pateixen una sudoraci\u00f3 intensa, ja sigui per calor, activitat f\u00edsica, estr\u00e8s o hiperhidrosi. La seva f\u00f3rmula permet fins a 24h de protecci\u00f3 en un format apte per viatjar en avi\u00f3.<\/p>\n<p><strong>\u00a0<\/strong><\/p>\n<h3><a name=\"_Toc66954002\"><\/a><strong>Formulaci\u00f3 i propietats<\/strong><\/h3>\n<p>Desodorant amb oli de rosa de mosqueta, oli de roman\u00ed i oli de girasol.<\/p>\n<p>Gr\u00e0cies a les propietats antitranspirants de les dues sals d\u2019alumini (chlorohydrate i zirconium), ajuda a controlar la sudoraci\u00f3 intensa i a filtrar la mala olor.<\/p>\n<p>Amb un format roll-on apte per a viatjar en avi\u00f3 \u2013 75ml.<\/p>\n<p>&nbsp;<\/p>\n<h3><a name=\"_Toc66954003\"><\/a><strong>Duraci\u00f3<\/strong><\/h3>\n<p>24h de protecci\u00f3<\/p>\n<p><strong>\u00a0<\/strong><\/p>\n<h3><a name=\"_Toc66954004\"><\/a><strong>Pensat per<\/strong><\/h3>\n<ul>\n<li>Casos de sudoraci\u00f3 intensa.<\/li>\n<li>Viatjar amb avi\u00f3 \u2013 desodorant de 75ml.<\/li>\n<\/ul>\n<p>&nbsp;<\/p>\n<h3><a name=\"_Toc66954005\"><\/a><strong>Apte per<\/strong><\/h3>\n<ul>\n<li>Pells normals. En cas de pells sensibles, pots veure el nostre\u00a0desodorant roll-on per a pells sensibles.<\/li>\n<li>A partir dels 18 anys.<\/li>\n<li>Unisex, per a tota la fam\u00edlia.<\/li>\n<\/ul>\n<p><strong>\u00a0<\/strong><\/p>\n<h3><a name=\"_Toc66954006\"><\/a><strong>Mode d\u2019\u00fas<\/strong><\/h3>\n<p>Aplicar a la zona axil\u00b7lar sobre la pell neta i seca.<\/p>\n<p><strong>\u00a0<\/strong><\/p>\n<h3><a name=\"_Toc66954007\"><\/a><strong>Ingredients<\/strong><\/h3>\n<p>Aqua, Aluminum Chlorohydrate, Aluminium Zirconium Octachlorohydrex Gly, PPG-15 stearyl ether, Steareth-2, Steareth-21, Dimethicone, Imidazolidinyl urea, Parfum, Triclosan, Bht, Zea mays oil, Rosa Moschata seed oil, Rosmarinus Offcinalis leaf extract, Helianthus anuus seed oil.<\/p>\n","protected":false},"excerpt":{"rendered":"<p>Para casos de sudoraci\u00f3n intensa<\/p>\n","protected":false},"featured_media":18179,"template":"","meta":{"_acf_changed":false,"inline_featured_image":false,"_mbp_gutenberg_autopost":false},"product_brand":[],"product_cat":[142],"product_tag":[139,143,167,141],"beneficio":[192,193,194,195],"class_list":{"0":"post-18728","1":"product","2":"type-product","3":"status-publish","4":"has-post-thumbnail","6":"product_cat-higiene-i-hidratacio","7":"product_tag-cura-corporal","8":"product_tag-hidratacio","9":"product_tag-higiene-ca","10":"product_tag-prevencio","11":"beneficio-cura-corporal","12":"beneficio-hidratacio","13":"beneficio-higiene-2","14":"beneficio-prevencio","16":"first","17":"instock","18":"shipping-taxable","19":"product-type-simple"},"acf":[],"yoast_head":"<!-- This site is optimized with the Yoast SEO plugin v27.5 - https:\/\/yoast.com\/product\/yoast-seo-wordpress\/ -->\n<title>Sens Desodorant roll-on per suor forta | Farm\u00e0cies Ecoceutics<\/title>\n<meta name=\"description\" content=\"Sens Desodorant roll-on intens: per a pells normals propenses a la suor forta. Format roll-on, f\u00e0cil de fer servir i apte per viatjar en avi\u00f3.\" \/>\n<meta name=\"robots\" content=\"index, follow, max-snippet:-1, max-image-preview:large, max-video-preview:-1\" \/>\n<link rel=\"canonical\" href=\"https:\/\/www.ecoceutics.com\/ca\/desodorant-per-suor-forta\/\" \/>\n<meta property=\"og:locale\" content=\"ca_ES\" \/>\n<meta property=\"og:type\" content=\"article\" \/>\n<meta property=\"og:title\" content=\"Sens Desodorant roll-on per suor forta | Farm\u00e0cies Ecoceutics\" \/>\n<meta property=\"og:description\" content=\"Sens Desodorant roll-on intens: per a pells normals propenses a la suor forta. Format roll-on, f\u00e0cil de fer servir i apte per viatjar en avi\u00f3.\" \/>\n<meta property=\"og:url\" content=\"https:\/\/www.ecoceutics.com\/ca\/desodorant-per-suor-forta\/\" \/>\n<meta property=\"og:site_name\" content=\"ecoceutics\" \/>\n<meta property=\"article:modified_time\" content=\"2024-05-08T14:34:45+00:00\" \/>\n<meta property=\"og:image\" content=\"https:\/\/www.ecoceutics.com\/wp-content\/uploads\/2021\/09\/672x672_deo-intens-3.jpg\" \/>\n\t<meta property=\"og:image:width\" content=\"672\" \/>\n\t<meta property=\"og:image:height\" content=\"672\" \/>\n\t<meta property=\"og:image:type\" content=\"image\/jpeg\" \/>\n<meta name=\"twitter:card\" content=\"summary_large_image\" \/>\n<meta name=\"twitter:label1\" content=\"Temps estimat de lectura\" \/>\n\t<meta name=\"twitter:data1\" content=\"1 minut\" \/>\n<script type=\"application\/ld+json\" class=\"yoast-schema-graph\">{\"@context\":\"https:\\\/\\\/schema.org\",\"@graph\":[{\"@type\":\"WebPage\",\"@id\":\"https:\\\/\\\/www.ecoceutics.com\\\/ca\\\/desodorant-per-suor-forta\\\/\",\"url\":\"https:\\\/\\\/www.ecoceutics.com\\\/ca\\\/desodorant-per-suor-forta\\\/\",\"name\":\"Sens Desodorant roll-on per suor forta | Farm\u00e0cies Ecoceutics\",\"isPartOf\":{\"@id\":\"https:\\\/\\\/www.ecoceutics.com\\\/ca\\\/#website\"},\"primaryImageOfPage\":{\"@id\":\"https:\\\/\\\/www.ecoceutics.com\\\/ca\\\/desodorant-per-suor-forta\\\/#primaryimage\"},\"image\":{\"@id\":\"https:\\\/\\\/www.ecoceutics.com\\\/ca\\\/desodorant-per-suor-forta\\\/#primaryimage\"},\"thumbnailUrl\":\"https:\\\/\\\/www.ecoceutics.com\\\/wp-content\\\/uploads\\\/2021\\\/09\\\/672x672_deo-intens-3.jpg\",\"datePublished\":\"2021-09-13T09:30:32+00:00\",\"dateModified\":\"2024-05-08T14:34:45+00:00\",\"description\":\"Sens Desodorant roll-on intens: per a pells normals propenses a la suor forta. Format roll-on, f\u00e0cil de fer servir i apte per viatjar en avi\u00f3.\",\"breadcrumb\":{\"@id\":\"https:\\\/\\\/www.ecoceutics.com\\\/ca\\\/desodorant-per-suor-forta\\\/#breadcrumb\"},\"inLanguage\":\"ca\",\"potentialAction\":[{\"@type\":\"ReadAction\",\"target\":[\"https:\\\/\\\/www.ecoceutics.com\\\/ca\\\/desodorant-per-suor-forta\\\/\"]}]},{\"@type\":\"ImageObject\",\"inLanguage\":\"ca\",\"@id\":\"https:\\\/\\\/www.ecoceutics.com\\\/ca\\\/desodorant-per-suor-forta\\\/#primaryimage\",\"url\":\"https:\\\/\\\/www.ecoceutics.com\\\/wp-content\\\/uploads\\\/2021\\\/09\\\/672x672_deo-intens-3.jpg\",\"contentUrl\":\"https:\\\/\\\/www.ecoceutics.com\\\/wp-content\\\/uploads\\\/2021\\\/09\\\/672x672_deo-intens-3.jpg\",\"width\":672,\"height\":672},{\"@type\":\"BreadcrumbList\",\"@id\":\"https:\\\/\\\/www.ecoceutics.com\\\/ca\\\/desodorant-per-suor-forta\\\/#breadcrumb\",\"itemListElement\":[{\"@type\":\"ListItem\",\"position\":1,\"name\":\"Portada\",\"item\":\"https:\\\/\\\/www.ecoceutics.com\\\/ca\\\/\"},{\"@type\":\"ListItem\",\"position\":2,\"name\":\"Sens Desodorant roll-on intens\"}]},{\"@type\":\"WebSite\",\"@id\":\"https:\\\/\\\/www.ecoceutics.com\\\/ca\\\/#website\",\"url\":\"https:\\\/\\\/www.ecoceutics.com\\\/ca\\\/\",\"name\":\"ecoceutics\",\"description\":\"Primera red de farmacias independientes bajo una marca\",\"publisher\":{\"@id\":\"https:\\\/\\\/www.ecoceutics.com\\\/ca\\\/#organization\"},\"potentialAction\":[{\"@type\":\"SearchAction\",\"target\":{\"@type\":\"EntryPoint\",\"urlTemplate\":\"https:\\\/\\\/www.ecoceutics.com\\\/ca\\\/?s={search_term_string}\"},\"query-input\":{\"@type\":\"PropertyValueSpecification\",\"valueRequired\":true,\"valueName\":\"search_term_string\"}}],\"inLanguage\":\"ca\"},{\"@type\":\"Organization\",\"@id\":\"https:\\\/\\\/www.ecoceutics.com\\\/ca\\\/#organization\",\"name\":\"Ecoceutics\",\"url\":\"https:\\\/\\\/www.ecoceutics.com\\\/ca\\\/\",\"logo\":{\"@type\":\"ImageObject\",\"inLanguage\":\"ca\",\"@id\":\"https:\\\/\\\/www.ecoceutics.com\\\/ca\\\/#\\\/schema\\\/logo\\\/image\\\/\",\"url\":\"https:\\\/\\\/www.ecoceutics.com\\\/wp-content\\\/uploads\\\/2022\\\/02\\\/Logo-Ecoceutics-SVG-01-1.svg\",\"contentUrl\":\"https:\\\/\\\/www.ecoceutics.com\\\/wp-content\\\/uploads\\\/2022\\\/02\\\/Logo-Ecoceutics-SVG-01-1.svg\",\"width\":232,\"height\":68,\"caption\":\"Ecoceutics\"},\"image\":{\"@id\":\"https:\\\/\\\/www.ecoceutics.com\\\/ca\\\/#\\\/schema\\\/logo\\\/image\\\/\"}}]}<\/script>\n<!-- \/ Yoast SEO plugin. -->","yoast_head_json":{"title":"Sens Desodorant roll-on per suor forta | Farm\u00e0cies Ecoceutics","description":"Sens Desodorant roll-on intens: per a pells normals propenses a la suor forta. Format roll-on, f\u00e0cil de fer servir i apte per viatjar en avi\u00f3.","robots":{"index":"index","follow":"follow","max-snippet":"max-snippet:-1","max-image-preview":"max-image-preview:large","max-video-preview":"max-video-preview:-1"},"canonical":"https:\/\/www.ecoceutics.com\/ca\/desodorant-per-suor-forta\/","og_locale":"ca_ES","og_type":"article","og_title":"Sens Desodorant roll-on per suor forta | Farm\u00e0cies Ecoceutics","og_description":"Sens Desodorant roll-on intens: per a pells normals propenses a la suor forta. Format roll-on, f\u00e0cil de fer servir i apte per viatjar en avi\u00f3.","og_url":"https:\/\/www.ecoceutics.com\/ca\/desodorant-per-suor-forta\/","og_site_name":"ecoceutics","article_modified_time":"2024-05-08T14:34:45+00:00","og_image":[{"width":672,"height":672,"url":"https:\/\/www.ecoceutics.com\/wp-content\/uploads\/2021\/09\/672x672_deo-intens-3.jpg","type":"image\/jpeg"}],"twitter_card":"summary_large_image","twitter_misc":{"Temps estimat de lectura":"1 minut"},"schema":{"@context":"https:\/\/schema.org","@graph":[{"@type":"WebPage","@id":"https:\/\/www.ecoceutics.com\/ca\/desodorant-per-suor-forta\/","url":"https:\/\/www.ecoceutics.com\/ca\/desodorant-per-suor-forta\/","name":"Sens Desodorant roll-on per suor forta | Farm\u00e0cies Ecoceutics","isPartOf":{"@id":"https:\/\/www.ecoceutics.com\/ca\/#website"},"primaryImageOfPage":{"@id":"https:\/\/www.ecoceutics.com\/ca\/desodorant-per-suor-forta\/#primaryimage"},"image":{"@id":"https:\/\/www.ecoceutics.com\/ca\/desodorant-per-suor-forta\/#primaryimage"},"thumbnailUrl":"https:\/\/www.ecoceutics.com\/wp-content\/uploads\/2021\/09\/672x672_deo-intens-3.jpg","datePublished":"2021-09-13T09:30:32+00:00","dateModified":"2024-05-08T14:34:45+00:00","description":"Sens Desodorant roll-on intens: per a pells normals propenses a la suor forta. Format roll-on, f\u00e0cil de fer servir i apte per viatjar en avi\u00f3.","breadcrumb":{"@id":"https:\/\/www.ecoceutics.com\/ca\/desodorant-per-suor-forta\/#breadcrumb"},"inLanguage":"ca","potentialAction":[{"@type":"ReadAction","target":["https:\/\/www.ecoceutics.com\/ca\/desodorant-per-suor-forta\/"]}]},{"@type":"ImageObject","inLanguage":"ca","@id":"https:\/\/www.ecoceutics.com\/ca\/desodorant-per-suor-forta\/#primaryimage","url":"https:\/\/www.ecoceutics.com\/wp-content\/uploads\/2021\/09\/672x672_deo-intens-3.jpg","contentUrl":"https:\/\/www.ecoceutics.com\/wp-content\/uploads\/2021\/09\/672x672_deo-intens-3.jpg","width":672,"height":672},{"@type":"BreadcrumbList","@id":"https:\/\/www.ecoceutics.com\/ca\/desodorant-per-suor-forta\/#breadcrumb","itemListElement":[{"@type":"ListItem","position":1,"name":"Portada","item":"https:\/\/www.ecoceutics.com\/ca\/"},{"@type":"ListItem","position":2,"name":"Sens Desodorant roll-on intens"}]},{"@type":"WebSite","@id":"https:\/\/www.ecoceutics.com\/ca\/#website","url":"https:\/\/www.ecoceutics.com\/ca\/","name":"ecoceutics","description":"Primera red de farmacias independientes bajo una marca","publisher":{"@id":"https:\/\/www.ecoceutics.com\/ca\/#organization"},"potentialAction":[{"@type":"SearchAction","target":{"@type":"EntryPoint","urlTemplate":"https:\/\/www.ecoceutics.com\/ca\/?s={search_term_string}"},"query-input":{"@type":"PropertyValueSpecification","valueRequired":true,"valueName":"search_term_string"}}],"inLanguage":"ca"},{"@type":"Organization","@id":"https:\/\/www.ecoceutics.com\/ca\/#organization","name":"Ecoceutics","url":"https:\/\/www.ecoceutics.com\/ca\/","logo":{"@type":"ImageObject","inLanguage":"ca","@id":"https:\/\/www.ecoceutics.com\/ca\/#\/schema\/logo\/image\/","url":"https:\/\/www.ecoceutics.com\/wp-content\/uploads\/2022\/02\/Logo-Ecoceutics-SVG-01-1.svg","contentUrl":"https:\/\/www.ecoceutics.com\/wp-content\/uploads\/2022\/02\/Logo-Ecoceutics-SVG-01-1.svg","width":232,"height":68,"caption":"Ecoceutics"},"image":{"@id":"https:\/\/www.ecoceutics.com\/ca\/#\/schema\/logo\/image\/"}}]}},"_links":{"self":[{"href":"https:\/\/www.ecoceutics.com\/ca\/wp-json\/wp\/v2\/product\/18728","targetHints":{"allow":["GET"]}}],"collection":[{"href":"https:\/\/www.ecoceutics.com\/ca\/wp-json\/wp\/v2\/product"}],"about":[{"href":"https:\/\/www.ecoceutics.com\/ca\/wp-json\/wp\/v2\/types\/product"}],"wp:featuredmedia":[{"embeddable":true,"href":"https:\/\/www.ecoceutics.com\/ca\/wp-json\/wp\/v2\/media\/18179"}],"wp:attachment":[{"href":"https:\/\/www.ecoceutics.com\/ca\/wp-json\/wp\/v2\/media?parent=18728"}],"wp:term":[{"taxonomy":"product_brand","embeddable":true,"href":"https:\/\/www.ecoceutics.com\/ca\/wp-json\/wp\/v2\/product_brand?post=18728"},{"taxonomy":"product_cat","embeddable":true,"href":"https:\/\/www.ecoceutics.com\/ca\/wp-json\/wp\/v2\/product_cat?post=18728"},{"taxonomy":"product_tag","embeddable":true,"href":"https:\/\/www.ecoceutics.com\/ca\/wp-json\/wp\/v2\/product_tag?post=18728"},{"taxonomy":"beneficio","embeddable":true,"href":"https:\/\/www.ecoceutics.com\/ca\/wp-json\/wp\/v2\/beneficio?post=18728"}],"curies":[{"name":"wp","href":"https:\/\/api.w.org\/{rel}","templated":true}]}}