{"id":18730,"date":"2021-09-13T12:19:28","date_gmt":"2021-09-13T10:19:28","guid":{"rendered":"https:\/\/www.ecoceutics.com\/producto\/champu-anticaspa\/"},"modified":"2024-05-08T16:51:52","modified_gmt":"2024-05-08T14:51:52","slug":"xampu-anticaspa","status":"publish","type":"product","link":"https:\/\/www.ecoceutics.com\/ca\/xampu-anticaspa\/","title":{"rendered":"Sens Xamp\u00fa anticaspa"},"content":{"rendered":"<p>Xamp\u00fa suau amb propietats anticaspa, que prev\u00e9 i combat l\u2019aparici\u00f3 de caspa, realitzant una acci\u00f3 exfoliant, aportant frescor i deixant un cabell suau i brillant.<\/p>\n<p>&nbsp;<\/p>\n<h3><a name=\"_Toc67501643\"><\/a><strong>Formulaci\u00f3 i propietats<\/strong><\/h3>\n<p>El ju\u00e0 \u00e9s un arbre d\u2019origen brasiler conegut com un potent agent reductor de la caspa amb propietats calmants. Aquesta planta cont\u00e9 actius d\u2019origen natural que, a m\u00e9s de reduir l\u2019aparici\u00f3 de caspa, redueix la seva reaparici\u00f3 i disminueix la inflamaci\u00f3, irritaci\u00f3 i picor del cuir cabellut.<\/p>\n<p>A m\u00e9s, gr\u00e0cies a l\u2019acci\u00f3 raspat, actua com a exfoliant capil\u00b7lar incrementant la seva efic\u00e0cia com a anticaspa.<\/p>\n<p>El mentol del xamp\u00fa anticaspa t\u00e9 una acci\u00f3 refrescant, dermopurificant i tonificant, que far\u00e0 que el teu cabell creixi m\u00e9s fort i s\u00e0.<\/p>\n<p>Amb aroma de c\u00edtrics, que aporta sensaci\u00f3 de netedat i frescor als cabells.<\/p>\n<p>&nbsp;<\/p>\n<h3><a name=\"_Toc67501644\"><\/a><strong>Duraci\u00f3<\/strong><\/h3>\n<ul>\n<li>Fins a 72h lliure de caspa.<\/li>\n<li>Beneficis clarament visibles a partir del cinqu\u00e8 \u00fas.<\/li>\n<\/ul>\n<p><strong>\u00a0<\/strong><\/p>\n<h3><a name=\"_Toc67501645\"><\/a><strong>Pensat per:<\/strong><\/h3>\n<ul>\n<li>Caspa seca i grassa (seborreica).<\/li>\n<li>Alleujar el malestar del cuir cabellut produ\u00eft per caspa o irritacions.<\/li>\n<li>Reduir la caspa i la seva aparici\u00f3.<\/li>\n<li>Aconseguir un cabell suau, brillant i amb vitalitat.<\/li>\n<\/ul>\n<p>&nbsp;<\/p>\n<h3><a name=\"_Toc67501646\"><\/a><strong>Apte per:<\/strong><\/h3>\n<ul>\n<li>A partir de 3 anys.<\/li>\n<\/ul>\n<p><strong>\u00a0<\/strong><\/p>\n<h3><a name=\"_Toc67501647\"><\/a><strong>Mode d\u2019\u00fas<\/strong><\/h3>\n<ul>\n<li>Aplicar pel cabell durant el bany i esbandir amb aigua.<\/li>\n<li>Evitar el contacte amb els ulls. En cas de contacte amb els ulls esbandir immediatament amb abundant aigua.<\/li>\n<li>\u00das freq\u00fcent fins que la caspa remeti i despr\u00e9s alternat amb el xamp\u00fa freq\u00fc\u00e8ncia.<\/li>\n<\/ul>\n<p>&nbsp;<\/p>\n<h3><a name=\"_Toc67501648\"><\/a><strong>Ingredients<\/strong><\/h3>\n<p>Aqua (Water), Sodium Laureth Sulfate, Cocamidopropyl Betaine, Glycerin, Sodium \u00a0hloride,\u00a0 Decyl Glucoside, Phenoxyethanol, Cocamide DEA, C12-13 Alkyl Lactate, Propanediol, Cyclopentasiloxane, Hydroxypropyl Guar Hydroxypropyltrimonium Chloride, Parfum (Fragrance), Triethylene Glycol, Dimethicone, Polyquaternium-7, Limonene,\u00a0 Menthol, Zizyphus Joazeiro Bark Extract, Citric Acid, Dimethiconol, Citral, Sodium Benzoate<\/p>\n","protected":false},"excerpt":{"rendered":"<p>Per caspa seca o seborreica<\/p>\n","protected":false},"featured_media":18409,"template":"","meta":{"_acf_changed":false,"inline_featured_image":false,"_mbp_gutenberg_autopost":false},"product_brand":[],"product_cat":[142],"product_tag":[140,167,141,168],"beneficio":[196,194,195,197],"class_list":{"0":"post-18730","1":"product","2":"type-product","3":"status-publish","4":"has-post-thumbnail","6":"product_cat-higiene-i-hidratacio","7":"product_tag-cura-capillar","8":"product_tag-higiene-ca","9":"product_tag-prevencio","10":"product_tag-tractament","11":"beneficio-cura-capillar","12":"beneficio-higiene-2","13":"beneficio-prevencio","14":"beneficio-tractament","16":"first","17":"instock","18":"shipping-taxable","19":"product-type-simple"},"acf":[],"yoast_head":"<!-- This site is optimized with the Yoast SEO plugin v27.3 - https:\/\/yoast.com\/product\/yoast-seo-wordpress\/ -->\n<title>Sens Xamp\u00fa anticaspa amb ju\u00e0 i mentol | Farm\u00e0cies Ecoceutics<\/title>\n<meta name=\"description\" content=\"Sens Xamp\u00fa anticaspa amb ju\u00e0 i mentol. Amb aroma a c\u00edtrics, aquest xamp\u00fa anticaspa t&#039;ajudar\u00e0 a aconseguir un cabell suau i amb vitalitat.\" \/>\n<meta name=\"robots\" content=\"index, follow, max-snippet:-1, max-image-preview:large, max-video-preview:-1\" \/>\n<link rel=\"canonical\" href=\"https:\/\/www.ecoceutics.com\/ca\/xampu-anticaspa\/\" \/>\n<meta property=\"og:locale\" content=\"ca_ES\" \/>\n<meta property=\"og:type\" content=\"article\" \/>\n<meta property=\"og:title\" content=\"Sens Xamp\u00fa anticaspa amb ju\u00e0 i mentol | Farm\u00e0cies Ecoceutics\" \/>\n<meta property=\"og:description\" content=\"Sens Xamp\u00fa anticaspa amb ju\u00e0 i mentol. Amb aroma a c\u00edtrics, aquest xamp\u00fa anticaspa t&#039;ajudar\u00e0 a aconseguir un cabell suau i amb vitalitat.\" \/>\n<meta property=\"og:url\" content=\"https:\/\/www.ecoceutics.com\/ca\/xampu-anticaspa\/\" \/>\n<meta property=\"og:site_name\" content=\"ecoceutics\" \/>\n<meta property=\"article:modified_time\" content=\"2024-05-08T14:51:52+00:00\" \/>\n<meta property=\"og:image\" content=\"https:\/\/www.ecoceutics.com\/wp-content\/uploads\/2021\/09\/672x672_xampu-anticaspa.jpg\" \/>\n\t<meta property=\"og:image:width\" content=\"672\" \/>\n\t<meta property=\"og:image:height\" content=\"672\" \/>\n\t<meta property=\"og:image:type\" content=\"image\/jpeg\" \/>\n<meta name=\"twitter:card\" content=\"summary_large_image\" \/>\n<meta name=\"twitter:label1\" content=\"Temps estimat de lectura\" \/>\n\t<meta name=\"twitter:data1\" content=\"2 minuts\" \/>\n<script type=\"application\/ld+json\" class=\"yoast-schema-graph\">{\"@context\":\"https:\\\/\\\/schema.org\",\"@graph\":[{\"@type\":\"WebPage\",\"@id\":\"https:\\\/\\\/www.ecoceutics.com\\\/ca\\\/xampu-anticaspa\\\/\",\"url\":\"https:\\\/\\\/www.ecoceutics.com\\\/ca\\\/xampu-anticaspa\\\/\",\"name\":\"Sens Xamp\u00fa anticaspa amb ju\u00e0 i mentol | Farm\u00e0cies Ecoceutics\",\"isPartOf\":{\"@id\":\"https:\\\/\\\/www.ecoceutics.com\\\/ca\\\/#website\"},\"primaryImageOfPage\":{\"@id\":\"https:\\\/\\\/www.ecoceutics.com\\\/ca\\\/xampu-anticaspa\\\/#primaryimage\"},\"image\":{\"@id\":\"https:\\\/\\\/www.ecoceutics.com\\\/ca\\\/xampu-anticaspa\\\/#primaryimage\"},\"thumbnailUrl\":\"https:\\\/\\\/www.ecoceutics.com\\\/wp-content\\\/uploads\\\/2021\\\/09\\\/672x672_xampu-anticaspa.jpg\",\"datePublished\":\"2021-09-13T10:19:28+00:00\",\"dateModified\":\"2024-05-08T14:51:52+00:00\",\"description\":\"Sens Xamp\u00fa anticaspa amb ju\u00e0 i mentol. Amb aroma a c\u00edtrics, aquest xamp\u00fa anticaspa t'ajudar\u00e0 a aconseguir un cabell suau i amb vitalitat.\",\"breadcrumb\":{\"@id\":\"https:\\\/\\\/www.ecoceutics.com\\\/ca\\\/xampu-anticaspa\\\/#breadcrumb\"},\"inLanguage\":\"ca\",\"potentialAction\":[{\"@type\":\"ReadAction\",\"target\":[\"https:\\\/\\\/www.ecoceutics.com\\\/ca\\\/xampu-anticaspa\\\/\"]}]},{\"@type\":\"ImageObject\",\"inLanguage\":\"ca\",\"@id\":\"https:\\\/\\\/www.ecoceutics.com\\\/ca\\\/xampu-anticaspa\\\/#primaryimage\",\"url\":\"https:\\\/\\\/www.ecoceutics.com\\\/wp-content\\\/uploads\\\/2021\\\/09\\\/672x672_xampu-anticaspa.jpg\",\"contentUrl\":\"https:\\\/\\\/www.ecoceutics.com\\\/wp-content\\\/uploads\\\/2021\\\/09\\\/672x672_xampu-anticaspa.jpg\",\"width\":672,\"height\":672,\"caption\":\"Champ\u00fa anticaspa\"},{\"@type\":\"BreadcrumbList\",\"@id\":\"https:\\\/\\\/www.ecoceutics.com\\\/ca\\\/xampu-anticaspa\\\/#breadcrumb\",\"itemListElement\":[{\"@type\":\"ListItem\",\"position\":1,\"name\":\"Portada\",\"item\":\"https:\\\/\\\/www.ecoceutics.com\\\/ca\\\/\"},{\"@type\":\"ListItem\",\"position\":2,\"name\":\"Sens Xamp\u00fa anticaspa\"}]},{\"@type\":\"WebSite\",\"@id\":\"https:\\\/\\\/www.ecoceutics.com\\\/ca\\\/#website\",\"url\":\"https:\\\/\\\/www.ecoceutics.com\\\/ca\\\/\",\"name\":\"ecoceutics\",\"description\":\"Primera red de farmacias independientes bajo una marca\",\"publisher\":{\"@id\":\"https:\\\/\\\/www.ecoceutics.com\\\/ca\\\/#organization\"},\"potentialAction\":[{\"@type\":\"SearchAction\",\"target\":{\"@type\":\"EntryPoint\",\"urlTemplate\":\"https:\\\/\\\/www.ecoceutics.com\\\/ca\\\/?s={search_term_string}\"},\"query-input\":{\"@type\":\"PropertyValueSpecification\",\"valueRequired\":true,\"valueName\":\"search_term_string\"}}],\"inLanguage\":\"ca\"},{\"@type\":\"Organization\",\"@id\":\"https:\\\/\\\/www.ecoceutics.com\\\/ca\\\/#organization\",\"name\":\"Ecoceutics\",\"url\":\"https:\\\/\\\/www.ecoceutics.com\\\/ca\\\/\",\"logo\":{\"@type\":\"ImageObject\",\"inLanguage\":\"ca\",\"@id\":\"https:\\\/\\\/www.ecoceutics.com\\\/ca\\\/#\\\/schema\\\/logo\\\/image\\\/\",\"url\":\"https:\\\/\\\/www.ecoceutics.com\\\/wp-content\\\/uploads\\\/2022\\\/02\\\/Logo-Ecoceutics-SVG-01-1.svg\",\"contentUrl\":\"https:\\\/\\\/www.ecoceutics.com\\\/wp-content\\\/uploads\\\/2022\\\/02\\\/Logo-Ecoceutics-SVG-01-1.svg\",\"width\":232,\"height\":68,\"caption\":\"Ecoceutics\"},\"image\":{\"@id\":\"https:\\\/\\\/www.ecoceutics.com\\\/ca\\\/#\\\/schema\\\/logo\\\/image\\\/\"}}]}<\/script>\n<!-- \/ Yoast SEO plugin. -->","yoast_head_json":{"title":"Sens Xamp\u00fa anticaspa amb ju\u00e0 i mentol | Farm\u00e0cies Ecoceutics","description":"Sens Xamp\u00fa anticaspa amb ju\u00e0 i mentol. Amb aroma a c\u00edtrics, aquest xamp\u00fa anticaspa t'ajudar\u00e0 a aconseguir un cabell suau i amb vitalitat.","robots":{"index":"index","follow":"follow","max-snippet":"max-snippet:-1","max-image-preview":"max-image-preview:large","max-video-preview":"max-video-preview:-1"},"canonical":"https:\/\/www.ecoceutics.com\/ca\/xampu-anticaspa\/","og_locale":"ca_ES","og_type":"article","og_title":"Sens Xamp\u00fa anticaspa amb ju\u00e0 i mentol | Farm\u00e0cies Ecoceutics","og_description":"Sens Xamp\u00fa anticaspa amb ju\u00e0 i mentol. Amb aroma a c\u00edtrics, aquest xamp\u00fa anticaspa t'ajudar\u00e0 a aconseguir un cabell suau i amb vitalitat.","og_url":"https:\/\/www.ecoceutics.com\/ca\/xampu-anticaspa\/","og_site_name":"ecoceutics","article_modified_time":"2024-05-08T14:51:52+00:00","og_image":[{"width":672,"height":672,"url":"https:\/\/www.ecoceutics.com\/wp-content\/uploads\/2021\/09\/672x672_xampu-anticaspa.jpg","type":"image\/jpeg"}],"twitter_card":"summary_large_image","twitter_misc":{"Temps estimat de lectura":"2 minuts"},"schema":{"@context":"https:\/\/schema.org","@graph":[{"@type":"WebPage","@id":"https:\/\/www.ecoceutics.com\/ca\/xampu-anticaspa\/","url":"https:\/\/www.ecoceutics.com\/ca\/xampu-anticaspa\/","name":"Sens Xamp\u00fa anticaspa amb ju\u00e0 i mentol | Farm\u00e0cies Ecoceutics","isPartOf":{"@id":"https:\/\/www.ecoceutics.com\/ca\/#website"},"primaryImageOfPage":{"@id":"https:\/\/www.ecoceutics.com\/ca\/xampu-anticaspa\/#primaryimage"},"image":{"@id":"https:\/\/www.ecoceutics.com\/ca\/xampu-anticaspa\/#primaryimage"},"thumbnailUrl":"https:\/\/www.ecoceutics.com\/wp-content\/uploads\/2021\/09\/672x672_xampu-anticaspa.jpg","datePublished":"2021-09-13T10:19:28+00:00","dateModified":"2024-05-08T14:51:52+00:00","description":"Sens Xamp\u00fa anticaspa amb ju\u00e0 i mentol. Amb aroma a c\u00edtrics, aquest xamp\u00fa anticaspa t'ajudar\u00e0 a aconseguir un cabell suau i amb vitalitat.","breadcrumb":{"@id":"https:\/\/www.ecoceutics.com\/ca\/xampu-anticaspa\/#breadcrumb"},"inLanguage":"ca","potentialAction":[{"@type":"ReadAction","target":["https:\/\/www.ecoceutics.com\/ca\/xampu-anticaspa\/"]}]},{"@type":"ImageObject","inLanguage":"ca","@id":"https:\/\/www.ecoceutics.com\/ca\/xampu-anticaspa\/#primaryimage","url":"https:\/\/www.ecoceutics.com\/wp-content\/uploads\/2021\/09\/672x672_xampu-anticaspa.jpg","contentUrl":"https:\/\/www.ecoceutics.com\/wp-content\/uploads\/2021\/09\/672x672_xampu-anticaspa.jpg","width":672,"height":672,"caption":"Champ\u00fa anticaspa"},{"@type":"BreadcrumbList","@id":"https:\/\/www.ecoceutics.com\/ca\/xampu-anticaspa\/#breadcrumb","itemListElement":[{"@type":"ListItem","position":1,"name":"Portada","item":"https:\/\/www.ecoceutics.com\/ca\/"},{"@type":"ListItem","position":2,"name":"Sens Xamp\u00fa anticaspa"}]},{"@type":"WebSite","@id":"https:\/\/www.ecoceutics.com\/ca\/#website","url":"https:\/\/www.ecoceutics.com\/ca\/","name":"ecoceutics","description":"Primera red de farmacias independientes bajo una marca","publisher":{"@id":"https:\/\/www.ecoceutics.com\/ca\/#organization"},"potentialAction":[{"@type":"SearchAction","target":{"@type":"EntryPoint","urlTemplate":"https:\/\/www.ecoceutics.com\/ca\/?s={search_term_string}"},"query-input":{"@type":"PropertyValueSpecification","valueRequired":true,"valueName":"search_term_string"}}],"inLanguage":"ca"},{"@type":"Organization","@id":"https:\/\/www.ecoceutics.com\/ca\/#organization","name":"Ecoceutics","url":"https:\/\/www.ecoceutics.com\/ca\/","logo":{"@type":"ImageObject","inLanguage":"ca","@id":"https:\/\/www.ecoceutics.com\/ca\/#\/schema\/logo\/image\/","url":"https:\/\/www.ecoceutics.com\/wp-content\/uploads\/2022\/02\/Logo-Ecoceutics-SVG-01-1.svg","contentUrl":"https:\/\/www.ecoceutics.com\/wp-content\/uploads\/2022\/02\/Logo-Ecoceutics-SVG-01-1.svg","width":232,"height":68,"caption":"Ecoceutics"},"image":{"@id":"https:\/\/www.ecoceutics.com\/ca\/#\/schema\/logo\/image\/"}}]}},"_links":{"self":[{"href":"https:\/\/www.ecoceutics.com\/ca\/wp-json\/wp\/v2\/product\/18730","targetHints":{"allow":["GET"]}}],"collection":[{"href":"https:\/\/www.ecoceutics.com\/ca\/wp-json\/wp\/v2\/product"}],"about":[{"href":"https:\/\/www.ecoceutics.com\/ca\/wp-json\/wp\/v2\/types\/product"}],"wp:featuredmedia":[{"embeddable":true,"href":"https:\/\/www.ecoceutics.com\/ca\/wp-json\/wp\/v2\/media\/18409"}],"wp:attachment":[{"href":"https:\/\/www.ecoceutics.com\/ca\/wp-json\/wp\/v2\/media?parent=18730"}],"wp:term":[{"taxonomy":"product_brand","embeddable":true,"href":"https:\/\/www.ecoceutics.com\/ca\/wp-json\/wp\/v2\/product_brand?post=18730"},{"taxonomy":"product_cat","embeddable":true,"href":"https:\/\/www.ecoceutics.com\/ca\/wp-json\/wp\/v2\/product_cat?post=18730"},{"taxonomy":"product_tag","embeddable":true,"href":"https:\/\/www.ecoceutics.com\/ca\/wp-json\/wp\/v2\/product_tag?post=18730"},{"taxonomy":"beneficio","embeddable":true,"href":"https:\/\/www.ecoceutics.com\/ca\/wp-json\/wp\/v2\/beneficio?post=18730"}],"curies":[{"name":"wp","href":"https:\/\/api.w.org\/{rel}","templated":true}]}}