{"id":18733,"date":"2021-09-13T12:38:03","date_gmt":"2021-09-13T10:38:03","guid":{"rendered":"https:\/\/www.ecoceutics.com\/producto\/jabon-intimo\/"},"modified":"2024-05-08T16:40:03","modified_gmt":"2024-05-08T14:40:03","slug":"sabo-intim","status":"publish","type":"product","link":"https:\/\/www.ecoceutics.com\/ca\/sabo-intim\/","title":{"rendered":"Sens Sab\u00f3 \u00cdntim"},"content":{"rendered":"<p>Sab\u00f3 \u00edntim (pH 5) amb \u00e0loe vera, amb propietats hidratants i refrescants indicat per a etapa f\u00e8rtil. Complementari a tractaments ginecol\u00f2gics i en per\u00edode menstrual, embar\u00e0s, postpart, irritaci\u00f3, flux abundant, infeccions d\u2019orina o predisposici\u00f3 a patir-les.<\/p>\n<p><strong>\u00a0<\/strong><\/p>\n<h3><a name=\"_Toc67998377\"><\/a><strong>Formulaci\u00f3 i propietats<\/strong><\/h3>\n<p>El sab\u00f3 \u00edntim syndet est\u00e0 especialment formulat per a regenerar els teixits que estiguin irritats a la zona \u00edntima, aportant una agradable sensaci\u00f3 de suavitat a la higiene \u00edntima di\u00e0ria.<\/p>\n<p>Amb extracte d\u2019epilobi (<em>epilobium angustifloium<\/em>) que cont\u00e9 mol\u00e8cules bioactives amb activitat antioxidant, antibacterianes y sobre tot funci\u00f3 antirritant, que permet ajudar en casos d\u2019infeccions localitzades.<\/p>\n<p>Amb \u00e0loe vera que proporciona una acci\u00f3 calmant i reparadora de l\u2019epidermis. Accelera la recuperaci\u00f3 de la pell alterada i aporta suavitat i frescor a la zona \u00edntima.<\/p>\n<p>Amb \u00e0cid l\u00e0ctic que aporta hidrataci\u00f3 i regula el ph de la zona \u00edntima per a mantenir-la protegida.<\/p>\n<p>&nbsp;<\/p>\n<h3><a name=\"_Toc67998379\"><\/a><strong>Pensat per:<\/strong><\/h3>\n<ul>\n<li>Prevenir infeccions<\/li>\n<li>Respectar el ph neutre de la mucosa genital, mantenint la microflora genital.<\/li>\n<li>Situacions com el per\u00edode menstrual, embar\u00e0s, canvis hormonals, sensaci\u00f3 de picor, irritaci\u00f3, flux abundant i \/ o infeccions d\u2019orina.<\/li>\n<\/ul>\n<p><strong>\u00a0<\/strong><\/p>\n<h3><a name=\"_Toc67998380\"><\/a><strong>Apte per:<\/strong><\/h3>\n<ul>\n<li>\u00das diari.<\/li>\n<li>Apte per a la higiene \u00edntima femenina.<\/li>\n<li>Apte durant el per\u00edode menstrual i \/ o embar\u00e0s.<\/li>\n<li>Apte per a la higiene \u00edntima masculina en etapa f\u00e8rtil.<\/li>\n<\/ul>\n<p><strong>\u00a0<\/strong><\/p>\n<h3><a name=\"_Toc67998381\"><\/a><strong>Mode d\u2019\u00fas<\/strong><\/h3>\n<ul>\n<li>Aplicar per la zona \u00edntima i esbandir amb aigua.<\/li>\n<li>Evitar contacte amb els ulls. En cas de contacte amb els ulls, esbandir immediatament amb abundant aigua.<\/li>\n<li>\u00das extern.<\/li>\n<\/ul>\n<p><strong>\u00a0<\/strong><\/p>\n<h3><a name=\"_Toc67998382\"><\/a><strong>Ingredients<\/strong><\/h3>\n<p>Aqua, Cocamidopropyl Betaine, Sodium Laureth Sulfate, Aloe Barbadensis Leaf Juice, PEG-7 Glyceryl Cocoate, Sodium Cocoamphoacetate, Lactic Acid, Epilobium Angustifolium Flower\/Leaf\/Stem Extract, Sodium Chloride, Sodium Benzoate, PEG-120 Methyl Glucose Dioleate, Parfum, Potassium Sorbate, Disodium EDTA, Benzoic Acid, Phenoxyethanol, Sodium Metabisulfite.<\/p>\n","protected":false},"excerpt":{"rendered":"<p>Respecta el pH de la mucosa genital<\/p>\n","protected":false},"featured_media":18415,"template":"","meta":{"_acf_changed":false,"inline_featured_image":false,"_mbp_gutenberg_autopost":false},"product_brand":[],"product_cat":[142],"product_tag":[140,139,167,141],"beneficio":[192,194,195],"class_list":{"0":"post-18733","1":"product","2":"type-product","3":"status-publish","4":"has-post-thumbnail","6":"product_cat-higiene-i-hidratacio","7":"product_tag-cura-capillar","8":"product_tag-cura-corporal","9":"product_tag-higiene-ca","10":"product_tag-prevencio","11":"beneficio-cura-corporal","12":"beneficio-higiene-2","13":"beneficio-prevencio","15":"first","16":"instock","17":"shipping-taxable","18":"product-type-simple"},"acf":[],"yoast_head":"<!-- This site is optimized with the Yoast SEO plugin v27.3 - https:\/\/yoast.com\/product\/yoast-seo-wordpress\/ -->\n<title>Sab\u00f3 per la zona \u00edntima amb aloe vera | Farm\u00e0cies Ecoceutics<\/title>\n<meta name=\"description\" content=\"Sens Sab\u00f3 \u00edntim d&#039;\u00fas diari amb aloe vera per calmar la pell. Sab\u00f3 \u00edntim amb ingredients naturals que regeneren el teixit i aporten frescor.\" \/>\n<meta name=\"robots\" content=\"index, follow, max-snippet:-1, max-image-preview:large, max-video-preview:-1\" \/>\n<link rel=\"canonical\" href=\"https:\/\/www.ecoceutics.com\/ca\/sabo-intim\/\" \/>\n<meta property=\"og:locale\" content=\"ca_ES\" \/>\n<meta property=\"og:type\" content=\"article\" \/>\n<meta property=\"og:title\" content=\"Sab\u00f3 per la zona \u00edntima amb aloe vera | Farm\u00e0cies Ecoceutics\" \/>\n<meta property=\"og:description\" content=\"Sens Sab\u00f3 \u00edntim d&#039;\u00fas diari amb aloe vera per calmar la pell. Sab\u00f3 \u00edntim amb ingredients naturals que regeneren el teixit i aporten frescor.\" \/>\n<meta property=\"og:url\" content=\"https:\/\/www.ecoceutics.com\/ca\/sabo-intim\/\" \/>\n<meta property=\"og:site_name\" content=\"ecoceutics\" \/>\n<meta property=\"article:modified_time\" content=\"2024-05-08T14:40:03+00:00\" \/>\n<meta property=\"og:image\" content=\"https:\/\/www.ecoceutics.com\/wp-content\/uploads\/2021\/09\/672x672_sabo-intim.jpg\" \/>\n\t<meta property=\"og:image:width\" content=\"672\" \/>\n\t<meta property=\"og:image:height\" content=\"672\" \/>\n\t<meta property=\"og:image:type\" content=\"image\/jpeg\" \/>\n<meta name=\"twitter:card\" content=\"summary_large_image\" \/>\n<meta name=\"twitter:label1\" content=\"Temps estimat de lectura\" \/>\n\t<meta name=\"twitter:data1\" content=\"2 minuts\" \/>\n<script type=\"application\/ld+json\" class=\"yoast-schema-graph\">{\"@context\":\"https:\\\/\\\/schema.org\",\"@graph\":[{\"@type\":\"WebPage\",\"@id\":\"https:\\\/\\\/www.ecoceutics.com\\\/ca\\\/sabo-intim\\\/\",\"url\":\"https:\\\/\\\/www.ecoceutics.com\\\/ca\\\/sabo-intim\\\/\",\"name\":\"Sab\u00f3 per la zona \u00edntima amb aloe vera | Farm\u00e0cies Ecoceutics\",\"isPartOf\":{\"@id\":\"https:\\\/\\\/www.ecoceutics.com\\\/ca\\\/#website\"},\"primaryImageOfPage\":{\"@id\":\"https:\\\/\\\/www.ecoceutics.com\\\/ca\\\/sabo-intim\\\/#primaryimage\"},\"image\":{\"@id\":\"https:\\\/\\\/www.ecoceutics.com\\\/ca\\\/sabo-intim\\\/#primaryimage\"},\"thumbnailUrl\":\"https:\\\/\\\/www.ecoceutics.com\\\/wp-content\\\/uploads\\\/2021\\\/09\\\/672x672_sabo-intim.jpg\",\"datePublished\":\"2021-09-13T10:38:03+00:00\",\"dateModified\":\"2024-05-08T14:40:03+00:00\",\"description\":\"Sens Sab\u00f3 \u00edntim d'\u00fas diari amb aloe vera per calmar la pell. Sab\u00f3 \u00edntim amb ingredients naturals que regeneren el teixit i aporten frescor.\",\"breadcrumb\":{\"@id\":\"https:\\\/\\\/www.ecoceutics.com\\\/ca\\\/sabo-intim\\\/#breadcrumb\"},\"inLanguage\":\"ca\",\"potentialAction\":[{\"@type\":\"ReadAction\",\"target\":[\"https:\\\/\\\/www.ecoceutics.com\\\/ca\\\/sabo-intim\\\/\"]}]},{\"@type\":\"ImageObject\",\"inLanguage\":\"ca\",\"@id\":\"https:\\\/\\\/www.ecoceutics.com\\\/ca\\\/sabo-intim\\\/#primaryimage\",\"url\":\"https:\\\/\\\/www.ecoceutics.com\\\/wp-content\\\/uploads\\\/2021\\\/09\\\/672x672_sabo-intim.jpg\",\"contentUrl\":\"https:\\\/\\\/www.ecoceutics.com\\\/wp-content\\\/uploads\\\/2021\\\/09\\\/672x672_sabo-intim.jpg\",\"width\":672,\"height\":672,\"caption\":\"Jab\u00f3n \u00edntimo con aloe vera y ph neutro\"},{\"@type\":\"BreadcrumbList\",\"@id\":\"https:\\\/\\\/www.ecoceutics.com\\\/ca\\\/sabo-intim\\\/#breadcrumb\",\"itemListElement\":[{\"@type\":\"ListItem\",\"position\":1,\"name\":\"Portada\",\"item\":\"https:\\\/\\\/www.ecoceutics.com\\\/ca\\\/\"},{\"@type\":\"ListItem\",\"position\":2,\"name\":\"Sens Sab\u00f3 \u00cdntim\"}]},{\"@type\":\"WebSite\",\"@id\":\"https:\\\/\\\/www.ecoceutics.com\\\/ca\\\/#website\",\"url\":\"https:\\\/\\\/www.ecoceutics.com\\\/ca\\\/\",\"name\":\"ecoceutics\",\"description\":\"Primera red de farmacias independientes bajo una marca\",\"publisher\":{\"@id\":\"https:\\\/\\\/www.ecoceutics.com\\\/ca\\\/#organization\"},\"potentialAction\":[{\"@type\":\"SearchAction\",\"target\":{\"@type\":\"EntryPoint\",\"urlTemplate\":\"https:\\\/\\\/www.ecoceutics.com\\\/ca\\\/?s={search_term_string}\"},\"query-input\":{\"@type\":\"PropertyValueSpecification\",\"valueRequired\":true,\"valueName\":\"search_term_string\"}}],\"inLanguage\":\"ca\"},{\"@type\":\"Organization\",\"@id\":\"https:\\\/\\\/www.ecoceutics.com\\\/ca\\\/#organization\",\"name\":\"Ecoceutics\",\"url\":\"https:\\\/\\\/www.ecoceutics.com\\\/ca\\\/\",\"logo\":{\"@type\":\"ImageObject\",\"inLanguage\":\"ca\",\"@id\":\"https:\\\/\\\/www.ecoceutics.com\\\/ca\\\/#\\\/schema\\\/logo\\\/image\\\/\",\"url\":\"https:\\\/\\\/www.ecoceutics.com\\\/wp-content\\\/uploads\\\/2022\\\/02\\\/Logo-Ecoceutics-SVG-01-1.svg\",\"contentUrl\":\"https:\\\/\\\/www.ecoceutics.com\\\/wp-content\\\/uploads\\\/2022\\\/02\\\/Logo-Ecoceutics-SVG-01-1.svg\",\"width\":232,\"height\":68,\"caption\":\"Ecoceutics\"},\"image\":{\"@id\":\"https:\\\/\\\/www.ecoceutics.com\\\/ca\\\/#\\\/schema\\\/logo\\\/image\\\/\"}}]}<\/script>\n<!-- \/ Yoast SEO plugin. -->","yoast_head_json":{"title":"Sab\u00f3 per la zona \u00edntima amb aloe vera | Farm\u00e0cies Ecoceutics","description":"Sens Sab\u00f3 \u00edntim d'\u00fas diari amb aloe vera per calmar la pell. Sab\u00f3 \u00edntim amb ingredients naturals que regeneren el teixit i aporten frescor.","robots":{"index":"index","follow":"follow","max-snippet":"max-snippet:-1","max-image-preview":"max-image-preview:large","max-video-preview":"max-video-preview:-1"},"canonical":"https:\/\/www.ecoceutics.com\/ca\/sabo-intim\/","og_locale":"ca_ES","og_type":"article","og_title":"Sab\u00f3 per la zona \u00edntima amb aloe vera | Farm\u00e0cies Ecoceutics","og_description":"Sens Sab\u00f3 \u00edntim d'\u00fas diari amb aloe vera per calmar la pell. Sab\u00f3 \u00edntim amb ingredients naturals que regeneren el teixit i aporten frescor.","og_url":"https:\/\/www.ecoceutics.com\/ca\/sabo-intim\/","og_site_name":"ecoceutics","article_modified_time":"2024-05-08T14:40:03+00:00","og_image":[{"width":672,"height":672,"url":"https:\/\/www.ecoceutics.com\/wp-content\/uploads\/2021\/09\/672x672_sabo-intim.jpg","type":"image\/jpeg"}],"twitter_card":"summary_large_image","twitter_misc":{"Temps estimat de lectura":"2 minuts"},"schema":{"@context":"https:\/\/schema.org","@graph":[{"@type":"WebPage","@id":"https:\/\/www.ecoceutics.com\/ca\/sabo-intim\/","url":"https:\/\/www.ecoceutics.com\/ca\/sabo-intim\/","name":"Sab\u00f3 per la zona \u00edntima amb aloe vera | Farm\u00e0cies Ecoceutics","isPartOf":{"@id":"https:\/\/www.ecoceutics.com\/ca\/#website"},"primaryImageOfPage":{"@id":"https:\/\/www.ecoceutics.com\/ca\/sabo-intim\/#primaryimage"},"image":{"@id":"https:\/\/www.ecoceutics.com\/ca\/sabo-intim\/#primaryimage"},"thumbnailUrl":"https:\/\/www.ecoceutics.com\/wp-content\/uploads\/2021\/09\/672x672_sabo-intim.jpg","datePublished":"2021-09-13T10:38:03+00:00","dateModified":"2024-05-08T14:40:03+00:00","description":"Sens Sab\u00f3 \u00edntim d'\u00fas diari amb aloe vera per calmar la pell. Sab\u00f3 \u00edntim amb ingredients naturals que regeneren el teixit i aporten frescor.","breadcrumb":{"@id":"https:\/\/www.ecoceutics.com\/ca\/sabo-intim\/#breadcrumb"},"inLanguage":"ca","potentialAction":[{"@type":"ReadAction","target":["https:\/\/www.ecoceutics.com\/ca\/sabo-intim\/"]}]},{"@type":"ImageObject","inLanguage":"ca","@id":"https:\/\/www.ecoceutics.com\/ca\/sabo-intim\/#primaryimage","url":"https:\/\/www.ecoceutics.com\/wp-content\/uploads\/2021\/09\/672x672_sabo-intim.jpg","contentUrl":"https:\/\/www.ecoceutics.com\/wp-content\/uploads\/2021\/09\/672x672_sabo-intim.jpg","width":672,"height":672,"caption":"Jab\u00f3n \u00edntimo con aloe vera y ph neutro"},{"@type":"BreadcrumbList","@id":"https:\/\/www.ecoceutics.com\/ca\/sabo-intim\/#breadcrumb","itemListElement":[{"@type":"ListItem","position":1,"name":"Portada","item":"https:\/\/www.ecoceutics.com\/ca\/"},{"@type":"ListItem","position":2,"name":"Sens Sab\u00f3 \u00cdntim"}]},{"@type":"WebSite","@id":"https:\/\/www.ecoceutics.com\/ca\/#website","url":"https:\/\/www.ecoceutics.com\/ca\/","name":"ecoceutics","description":"Primera red de farmacias independientes bajo una marca","publisher":{"@id":"https:\/\/www.ecoceutics.com\/ca\/#organization"},"potentialAction":[{"@type":"SearchAction","target":{"@type":"EntryPoint","urlTemplate":"https:\/\/www.ecoceutics.com\/ca\/?s={search_term_string}"},"query-input":{"@type":"PropertyValueSpecification","valueRequired":true,"valueName":"search_term_string"}}],"inLanguage":"ca"},{"@type":"Organization","@id":"https:\/\/www.ecoceutics.com\/ca\/#organization","name":"Ecoceutics","url":"https:\/\/www.ecoceutics.com\/ca\/","logo":{"@type":"ImageObject","inLanguage":"ca","@id":"https:\/\/www.ecoceutics.com\/ca\/#\/schema\/logo\/image\/","url":"https:\/\/www.ecoceutics.com\/wp-content\/uploads\/2022\/02\/Logo-Ecoceutics-SVG-01-1.svg","contentUrl":"https:\/\/www.ecoceutics.com\/wp-content\/uploads\/2022\/02\/Logo-Ecoceutics-SVG-01-1.svg","width":232,"height":68,"caption":"Ecoceutics"},"image":{"@id":"https:\/\/www.ecoceutics.com\/ca\/#\/schema\/logo\/image\/"}}]}},"_links":{"self":[{"href":"https:\/\/www.ecoceutics.com\/ca\/wp-json\/wp\/v2\/product\/18733","targetHints":{"allow":["GET"]}}],"collection":[{"href":"https:\/\/www.ecoceutics.com\/ca\/wp-json\/wp\/v2\/product"}],"about":[{"href":"https:\/\/www.ecoceutics.com\/ca\/wp-json\/wp\/v2\/types\/product"}],"wp:featuredmedia":[{"embeddable":true,"href":"https:\/\/www.ecoceutics.com\/ca\/wp-json\/wp\/v2\/media\/18415"}],"wp:attachment":[{"href":"https:\/\/www.ecoceutics.com\/ca\/wp-json\/wp\/v2\/media?parent=18733"}],"wp:term":[{"taxonomy":"product_brand","embeddable":true,"href":"https:\/\/www.ecoceutics.com\/ca\/wp-json\/wp\/v2\/product_brand?post=18733"},{"taxonomy":"product_cat","embeddable":true,"href":"https:\/\/www.ecoceutics.com\/ca\/wp-json\/wp\/v2\/product_cat?post=18733"},{"taxonomy":"product_tag","embeddable":true,"href":"https:\/\/www.ecoceutics.com\/ca\/wp-json\/wp\/v2\/product_tag?post=18733"},{"taxonomy":"beneficio","embeddable":true,"href":"https:\/\/www.ecoceutics.com\/ca\/wp-json\/wp\/v2\/beneficio?post=18733"}],"curies":[{"name":"wp","href":"https:\/\/api.w.org\/{rel}","templated":true}]}}