{"id":18739,"date":"2021-09-13T14:46:47","date_gmt":"2021-09-13T12:46:47","guid":{"rendered":"https:\/\/www.ecoceutics.com\/producto\/leche-corporal-urea\/"},"modified":"2024-05-08T17:17:40","modified_gmt":"2024-05-08T15:17:40","slug":"llet-corporal-urea","status":"publish","type":"product","link":"https:\/\/www.ecoceutics.com\/ca\/llet-corporal-urea\/","title":{"rendered":"Sens Llet hidratant d&#8217;Urea"},"content":{"rendered":"<p>La Urea \u00e9s una subst\u00e0ncia que es troba de forma natural al nostre organisme, m\u00e9s concretament en el fetge. Aquest component permet una m\u00e0xima hidrataci\u00f3 a la dermis i epidermis. A m\u00e9s, tamb\u00e9 compta amb oli d\u2019arg\u00e0nia que cont\u00e9 una quantitat favorable de vitamines, minerals i \u00e0cids de car\u00e0cter gras que contribueixen al\u00a0el\u00a0retard de l\u2019envelliment.<\/p>\n<p>&nbsp;<\/p>\n<h3><a name=\"_Toc68001559\"><\/a><strong>Formulaci\u00f3 i propietats<\/strong><\/h3>\n<p>Amb un 5% d&#8217;urea<\/p>\n<p><strong>Llet corporal amb urea<\/strong><\/p>\n<p>La urea, \u00e9s una substancia que es troba de forma natural al nostra organisme, en concret al fetge. La seva pres\u00e8ncia a la pell, aporta m\u00e0xima hidrataci\u00f3 a la dermis i epidermis (les dues capes principals de la pell). La crema d\u2019urea ecovital sens cont\u00e9\u00a0un 5% d\u2019urea, amb el que aconseguir\u00e0s un alt \u00edndex d\u2019hidrataci\u00f3 a la teva pell.<\/p>\n<p><strong>Amb oli d\u2019argania o argan\u00a0<\/strong><\/p>\n<p>L\u2019oli d\u2019argania cont\u00e9 moltes vitamines, minerals i \u00e0cids de car\u00e0cter gras que et permetran contribuir al retard de l\u2019envelliment.<\/p>\n<p>&nbsp;<\/p>\n<h3><a name=\"_Toc68001561\"><\/a><strong>Pensat per:<\/strong><\/h3>\n<ul>\n<li>Pells escamades, senils o amb picor per deshidrataci\u00f3.<\/li>\n<li>Millorar la sequedat cut\u00e0nia.<\/li>\n<li>Renovar les capes superficials de la pell.<\/li>\n<li>Alleujar la sensaci\u00f3 de tibantor de la pell.<\/li>\n<li>\u00das diari amb r\u00e0pida absorci\u00f3.<\/li>\n<\/ul>\n<p><strong>\u00a0<\/strong><\/p>\n<h3><a name=\"_Toc68001562\"><\/a><strong>Apte per:<\/strong><\/h3>\n<ul>\n<li>\u00das diari.<\/li>\n<\/ul>\n<p>&nbsp;<\/p>\n<h3><a name=\"_Toc68001563\"><\/a><strong>Mode d\u2019\u00fas<\/strong><\/h3>\n<ul>\n<li>Aplicar en la pell mitjan\u00e7ant un massatge fins a la seva completa absorci\u00f3.<\/li>\n<\/ul>\n<p>&nbsp;<\/p>\n<h3><a name=\"_Toc68001564\"><\/a><strong>Ingredients<\/strong><\/h3>\n<p>Aqua, Urea, Paraffinum Liquidum, Caprylic\/Capric Triglyceride, C12-15 Alkyl Benzoate, Glycerin, Citric Acid, Glyceryl Stearate, Argania Spinosa Kernel Oil,Sodium Hydroxide, Cetyl Alcohol, Acrylates\/C10-30 Alkyl Acrylate Crosspolymer,Sodium Benzoate, PEG-75 Stearate, Parfum, Hydroxypropyl Guar, Potassium Sorbate, Ceteth-20, Steareth-20, Tocopheryl Acetate.<\/p>\n","protected":false},"excerpt":{"rendered":"<p>Amb un 5% d&#8217;Urea<\/p>\n","protected":false},"featured_media":18425,"template":"","meta":{"_acf_changed":false,"inline_featured_image":false,"_mbp_gutenberg_autopost":false},"product_brand":[],"product_cat":[142],"product_tag":[139,143],"beneficio":[192,193],"class_list":{"0":"post-18739","1":"product","2":"type-product","3":"status-publish","4":"has-post-thumbnail","6":"product_cat-higiene-i-hidratacio","7":"product_tag-cura-corporal","8":"product_tag-hidratacio","9":"beneficio-cura-corporal","10":"beneficio-hidratacio","12":"first","13":"instock","14":"shipping-taxable","15":"product-type-simple"},"acf":[],"yoast_head":"<!-- This site is optimized with the Yoast SEO plugin v27.3 - https:\/\/yoast.com\/product\/yoast-seo-wordpress\/ -->\n<title>Sens Llet hidratant amb un 5% d&#039;Urea | Farm\u00e0cies Ecoceutics<\/title>\n<meta name=\"description\" content=\"Sens llet corporal d&#039;Urea \u00e9s perfecte per hidratar la pell en profunditat i amb una r\u00e0pida absorci\u00f3, millorant l&#039;aspecte de la teva pell.\" \/>\n<meta name=\"robots\" content=\"index, follow, max-snippet:-1, max-image-preview:large, max-video-preview:-1\" \/>\n<link rel=\"canonical\" href=\"https:\/\/www.ecoceutics.com\/ca\/llet-corporal-urea\/\" \/>\n<meta property=\"og:locale\" content=\"ca_ES\" \/>\n<meta property=\"og:type\" content=\"article\" \/>\n<meta property=\"og:title\" content=\"Sens Llet hidratant amb un 5% d&#039;Urea | Farm\u00e0cies Ecoceutics\" \/>\n<meta property=\"og:description\" content=\"Sens llet corporal d&#039;Urea \u00e9s perfecte per hidratar la pell en profunditat i amb una r\u00e0pida absorci\u00f3, millorant l&#039;aspecte de la teva pell.\" \/>\n<meta property=\"og:url\" content=\"https:\/\/www.ecoceutics.com\/ca\/llet-corporal-urea\/\" \/>\n<meta property=\"og:site_name\" content=\"ecoceutics\" \/>\n<meta property=\"article:modified_time\" content=\"2024-05-08T15:17:40+00:00\" \/>\n<meta property=\"og:image\" content=\"https:\/\/www.ecoceutics.com\/wp-content\/uploads\/2021\/09\/672x672_crema-urea.jpg\" \/>\n\t<meta property=\"og:image:width\" content=\"672\" \/>\n\t<meta property=\"og:image:height\" content=\"672\" \/>\n\t<meta property=\"og:image:type\" content=\"image\/jpeg\" \/>\n<meta name=\"twitter:card\" content=\"summary_large_image\" \/>\n<meta name=\"twitter:label1\" content=\"Temps estimat de lectura\" \/>\n\t<meta name=\"twitter:data1\" content=\"2 minuts\" \/>\n<script type=\"application\/ld+json\" class=\"yoast-schema-graph\">{\"@context\":\"https:\\\/\\\/schema.org\",\"@graph\":[{\"@type\":\"WebPage\",\"@id\":\"https:\\\/\\\/www.ecoceutics.com\\\/ca\\\/llet-corporal-urea\\\/\",\"url\":\"https:\\\/\\\/www.ecoceutics.com\\\/ca\\\/llet-corporal-urea\\\/\",\"name\":\"Sens Llet hidratant amb un 5% d'Urea | Farm\u00e0cies Ecoceutics\",\"isPartOf\":{\"@id\":\"https:\\\/\\\/www.ecoceutics.com\\\/ca\\\/#website\"},\"primaryImageOfPage\":{\"@id\":\"https:\\\/\\\/www.ecoceutics.com\\\/ca\\\/llet-corporal-urea\\\/#primaryimage\"},\"image\":{\"@id\":\"https:\\\/\\\/www.ecoceutics.com\\\/ca\\\/llet-corporal-urea\\\/#primaryimage\"},\"thumbnailUrl\":\"https:\\\/\\\/www.ecoceutics.com\\\/wp-content\\\/uploads\\\/2021\\\/09\\\/672x672_crema-urea.jpg\",\"datePublished\":\"2021-09-13T12:46:47+00:00\",\"dateModified\":\"2024-05-08T15:17:40+00:00\",\"description\":\"Sens llet corporal d'Urea \u00e9s perfecte per hidratar la pell en profunditat i amb una r\u00e0pida absorci\u00f3, millorant l'aspecte de la teva pell.\",\"breadcrumb\":{\"@id\":\"https:\\\/\\\/www.ecoceutics.com\\\/ca\\\/llet-corporal-urea\\\/#breadcrumb\"},\"inLanguage\":\"ca\",\"potentialAction\":[{\"@type\":\"ReadAction\",\"target\":[\"https:\\\/\\\/www.ecoceutics.com\\\/ca\\\/llet-corporal-urea\\\/\"]}]},{\"@type\":\"ImageObject\",\"inLanguage\":\"ca\",\"@id\":\"https:\\\/\\\/www.ecoceutics.com\\\/ca\\\/llet-corporal-urea\\\/#primaryimage\",\"url\":\"https:\\\/\\\/www.ecoceutics.com\\\/wp-content\\\/uploads\\\/2021\\\/09\\\/672x672_crema-urea.jpg\",\"contentUrl\":\"https:\\\/\\\/www.ecoceutics.com\\\/wp-content\\\/uploads\\\/2021\\\/09\\\/672x672_crema-urea.jpg\",\"width\":672,\"height\":672,\"caption\":\"Leche hidratante de urea\"},{\"@type\":\"BreadcrumbList\",\"@id\":\"https:\\\/\\\/www.ecoceutics.com\\\/ca\\\/llet-corporal-urea\\\/#breadcrumb\",\"itemListElement\":[{\"@type\":\"ListItem\",\"position\":1,\"name\":\"Portada\",\"item\":\"https:\\\/\\\/www.ecoceutics.com\\\/ca\\\/\"},{\"@type\":\"ListItem\",\"position\":2,\"name\":\"Sens Llet hidratant d&#8217;Urea\"}]},{\"@type\":\"WebSite\",\"@id\":\"https:\\\/\\\/www.ecoceutics.com\\\/ca\\\/#website\",\"url\":\"https:\\\/\\\/www.ecoceutics.com\\\/ca\\\/\",\"name\":\"ecoceutics\",\"description\":\"Primera red de farmacias independientes bajo una marca\",\"publisher\":{\"@id\":\"https:\\\/\\\/www.ecoceutics.com\\\/ca\\\/#organization\"},\"potentialAction\":[{\"@type\":\"SearchAction\",\"target\":{\"@type\":\"EntryPoint\",\"urlTemplate\":\"https:\\\/\\\/www.ecoceutics.com\\\/ca\\\/?s={search_term_string}\"},\"query-input\":{\"@type\":\"PropertyValueSpecification\",\"valueRequired\":true,\"valueName\":\"search_term_string\"}}],\"inLanguage\":\"ca\"},{\"@type\":\"Organization\",\"@id\":\"https:\\\/\\\/www.ecoceutics.com\\\/ca\\\/#organization\",\"name\":\"Ecoceutics\",\"url\":\"https:\\\/\\\/www.ecoceutics.com\\\/ca\\\/\",\"logo\":{\"@type\":\"ImageObject\",\"inLanguage\":\"ca\",\"@id\":\"https:\\\/\\\/www.ecoceutics.com\\\/ca\\\/#\\\/schema\\\/logo\\\/image\\\/\",\"url\":\"https:\\\/\\\/www.ecoceutics.com\\\/wp-content\\\/uploads\\\/2022\\\/02\\\/Logo-Ecoceutics-SVG-01-1.svg\",\"contentUrl\":\"https:\\\/\\\/www.ecoceutics.com\\\/wp-content\\\/uploads\\\/2022\\\/02\\\/Logo-Ecoceutics-SVG-01-1.svg\",\"width\":232,\"height\":68,\"caption\":\"Ecoceutics\"},\"image\":{\"@id\":\"https:\\\/\\\/www.ecoceutics.com\\\/ca\\\/#\\\/schema\\\/logo\\\/image\\\/\"}}]}<\/script>\n<!-- \/ Yoast SEO plugin. -->","yoast_head_json":{"title":"Sens Llet hidratant amb un 5% d'Urea | Farm\u00e0cies Ecoceutics","description":"Sens llet corporal d'Urea \u00e9s perfecte per hidratar la pell en profunditat i amb una r\u00e0pida absorci\u00f3, millorant l'aspecte de la teva pell.","robots":{"index":"index","follow":"follow","max-snippet":"max-snippet:-1","max-image-preview":"max-image-preview:large","max-video-preview":"max-video-preview:-1"},"canonical":"https:\/\/www.ecoceutics.com\/ca\/llet-corporal-urea\/","og_locale":"ca_ES","og_type":"article","og_title":"Sens Llet hidratant amb un 5% d'Urea | Farm\u00e0cies Ecoceutics","og_description":"Sens llet corporal d'Urea \u00e9s perfecte per hidratar la pell en profunditat i amb una r\u00e0pida absorci\u00f3, millorant l'aspecte de la teva pell.","og_url":"https:\/\/www.ecoceutics.com\/ca\/llet-corporal-urea\/","og_site_name":"ecoceutics","article_modified_time":"2024-05-08T15:17:40+00:00","og_image":[{"width":672,"height":672,"url":"https:\/\/www.ecoceutics.com\/wp-content\/uploads\/2021\/09\/672x672_crema-urea.jpg","type":"image\/jpeg"}],"twitter_card":"summary_large_image","twitter_misc":{"Temps estimat de lectura":"2 minuts"},"schema":{"@context":"https:\/\/schema.org","@graph":[{"@type":"WebPage","@id":"https:\/\/www.ecoceutics.com\/ca\/llet-corporal-urea\/","url":"https:\/\/www.ecoceutics.com\/ca\/llet-corporal-urea\/","name":"Sens Llet hidratant amb un 5% d'Urea | Farm\u00e0cies Ecoceutics","isPartOf":{"@id":"https:\/\/www.ecoceutics.com\/ca\/#website"},"primaryImageOfPage":{"@id":"https:\/\/www.ecoceutics.com\/ca\/llet-corporal-urea\/#primaryimage"},"image":{"@id":"https:\/\/www.ecoceutics.com\/ca\/llet-corporal-urea\/#primaryimage"},"thumbnailUrl":"https:\/\/www.ecoceutics.com\/wp-content\/uploads\/2021\/09\/672x672_crema-urea.jpg","datePublished":"2021-09-13T12:46:47+00:00","dateModified":"2024-05-08T15:17:40+00:00","description":"Sens llet corporal d'Urea \u00e9s perfecte per hidratar la pell en profunditat i amb una r\u00e0pida absorci\u00f3, millorant l'aspecte de la teva pell.","breadcrumb":{"@id":"https:\/\/www.ecoceutics.com\/ca\/llet-corporal-urea\/#breadcrumb"},"inLanguage":"ca","potentialAction":[{"@type":"ReadAction","target":["https:\/\/www.ecoceutics.com\/ca\/llet-corporal-urea\/"]}]},{"@type":"ImageObject","inLanguage":"ca","@id":"https:\/\/www.ecoceutics.com\/ca\/llet-corporal-urea\/#primaryimage","url":"https:\/\/www.ecoceutics.com\/wp-content\/uploads\/2021\/09\/672x672_crema-urea.jpg","contentUrl":"https:\/\/www.ecoceutics.com\/wp-content\/uploads\/2021\/09\/672x672_crema-urea.jpg","width":672,"height":672,"caption":"Leche hidratante de urea"},{"@type":"BreadcrumbList","@id":"https:\/\/www.ecoceutics.com\/ca\/llet-corporal-urea\/#breadcrumb","itemListElement":[{"@type":"ListItem","position":1,"name":"Portada","item":"https:\/\/www.ecoceutics.com\/ca\/"},{"@type":"ListItem","position":2,"name":"Sens Llet hidratant d&#8217;Urea"}]},{"@type":"WebSite","@id":"https:\/\/www.ecoceutics.com\/ca\/#website","url":"https:\/\/www.ecoceutics.com\/ca\/","name":"ecoceutics","description":"Primera red de farmacias independientes bajo una marca","publisher":{"@id":"https:\/\/www.ecoceutics.com\/ca\/#organization"},"potentialAction":[{"@type":"SearchAction","target":{"@type":"EntryPoint","urlTemplate":"https:\/\/www.ecoceutics.com\/ca\/?s={search_term_string}"},"query-input":{"@type":"PropertyValueSpecification","valueRequired":true,"valueName":"search_term_string"}}],"inLanguage":"ca"},{"@type":"Organization","@id":"https:\/\/www.ecoceutics.com\/ca\/#organization","name":"Ecoceutics","url":"https:\/\/www.ecoceutics.com\/ca\/","logo":{"@type":"ImageObject","inLanguage":"ca","@id":"https:\/\/www.ecoceutics.com\/ca\/#\/schema\/logo\/image\/","url":"https:\/\/www.ecoceutics.com\/wp-content\/uploads\/2022\/02\/Logo-Ecoceutics-SVG-01-1.svg","contentUrl":"https:\/\/www.ecoceutics.com\/wp-content\/uploads\/2022\/02\/Logo-Ecoceutics-SVG-01-1.svg","width":232,"height":68,"caption":"Ecoceutics"},"image":{"@id":"https:\/\/www.ecoceutics.com\/ca\/#\/schema\/logo\/image\/"}}]}},"_links":{"self":[{"href":"https:\/\/www.ecoceutics.com\/ca\/wp-json\/wp\/v2\/product\/18739","targetHints":{"allow":["GET"]}}],"collection":[{"href":"https:\/\/www.ecoceutics.com\/ca\/wp-json\/wp\/v2\/product"}],"about":[{"href":"https:\/\/www.ecoceutics.com\/ca\/wp-json\/wp\/v2\/types\/product"}],"wp:featuredmedia":[{"embeddable":true,"href":"https:\/\/www.ecoceutics.com\/ca\/wp-json\/wp\/v2\/media\/18425"}],"wp:attachment":[{"href":"https:\/\/www.ecoceutics.com\/ca\/wp-json\/wp\/v2\/media?parent=18739"}],"wp:term":[{"taxonomy":"product_brand","embeddable":true,"href":"https:\/\/www.ecoceutics.com\/ca\/wp-json\/wp\/v2\/product_brand?post=18739"},{"taxonomy":"product_cat","embeddable":true,"href":"https:\/\/www.ecoceutics.com\/ca\/wp-json\/wp\/v2\/product_cat?post=18739"},{"taxonomy":"product_tag","embeddable":true,"href":"https:\/\/www.ecoceutics.com\/ca\/wp-json\/wp\/v2\/product_tag?post=18739"},{"taxonomy":"beneficio","embeddable":true,"href":"https:\/\/www.ecoceutics.com\/ca\/wp-json\/wp\/v2\/beneficio?post=18739"}],"curies":[{"name":"wp","href":"https:\/\/api.w.org\/{rel}","templated":true}]}}