{"id":18740,"date":"2021-09-13T14:52:20","date_gmt":"2021-09-13T12:52:20","guid":{"rendered":"https:\/\/www.ecoceutics.com\/producto\/crema-aloe-vera\/"},"modified":"2024-05-08T17:14:59","modified_gmt":"2024-05-08T15:14:59","slug":"aloe-vera","status":"publish","type":"product","link":"https:\/\/www.ecoceutics.com\/ca\/aloe-vera\/","title":{"rendered":"Sens Llet corporal rehidratant amb \u00e0loe vera"},"content":{"rendered":"<p>Amb Vitamina E i \u00c0loe Vera, la llet corporal rehidratant calmar\u00e0 i cicatritzar\u00e0 les zones de la pell que m\u00e9s ho necessitin. La Vitamina E actua com a antioxidant i evita l\u2019envelliment prematur de la pell. Est\u00e0 pensat per prevenir la sequedat i la descamaci\u00f3, aix\u00ed com estimular la renovaci\u00f3 epid\u00e8rmica.<\/p>\n<p><strong>\u00a0<\/strong><\/p>\n<h3><a name=\"_Toc68009587\"><\/a><strong>Formulaci\u00f3 i propietats<\/strong><\/h3>\n<p>Hidrata&#8217;t amb \u00e0loe i vitamina e<\/p>\n<p><strong>Amb \u00e0loe vera\u00a0<\/strong><\/p>\n<p>La pell hidratada amb la crema d\u2019\u00e0loe vera aconsegueix un aspecte fresc i suau.<\/p>\n<p>Gr\u00e0cies a l\u2019\u00e0loe calmar\u00e0s i cicatritzar\u00e0s les zones de la pell que ho necessitin.<\/p>\n<p>Podr\u00e0s regenerar el teixit de la epidermis.<\/p>\n<p>Podr\u00e0s enfortir la capa protectora de la pell.<\/p>\n<p>&nbsp;<\/p>\n<p><strong>Amb vitamina E<\/strong><\/p>\n<p>La vitamina e, \u00e9s un potent antioxidant que evita l\u2019envelliment de la pell aconseguint retardar la seva arribada.<\/p>\n<p>Contribueix a la protecci\u00f3\u00a0de la pell contra els efectes nocius dels rajos solars i agents ambientals probablement contaminants.<\/p>\n<p>&nbsp;<\/p>\n<h3><a name=\"_Toc68009589\"><\/a><strong>Pensat per:<\/strong><\/h3>\n<ul>\n<li>Per \u00fas diari de tota la fam\u00edlia amb r\u00e0pida absorci\u00f3.<\/li>\n<li>Prevenir la sequedat i la descamaci\u00f3.<\/li>\n<li>Allisar la pell.<\/li>\n<li>Estimular la renovaci\u00f3 epid\u00e8rmica.<\/li>\n<\/ul>\n<p><strong>\u00a0<\/strong><a name=\"_Toc68009590\"><\/a><\/p>\n<h3><strong>Apte per:<\/strong><\/h3>\n<ul>\n<li>\u00das diari.<\/li>\n<\/ul>\n<p>&nbsp;<\/p>\n<h3><a name=\"_Toc68001563\"><\/a><strong>Mode d\u2019\u00fas<\/strong><\/h3>\n<ul>\n<li>Aplicar en la pell mitjan\u00e7ant un massatge fins a la seva completa absorci\u00f3.<\/li>\n<\/ul>\n<p><strong>\u00a0<\/strong><\/p>\n<h3><a name=\"_Toc68009592\"><\/a><strong>Ingredients<\/strong><\/h3>\n<p>Aqua, Aloe Barbadensis Leaf Juice, Caprylic\/Capric Triglyceride, Ethylhexyl Stearate, Stearyl Alcohol, Glycolic Acid, Cyclopentasiloxane, Glycerin, Steareth-10, Steareth-7, Dimethicone, Pentaerythrityl Distearate, Tocopheryl Acetate, Phenoxyethanol, Ceteth- 20, Glyceryl Stearate, Ammonium Hydroxide, Acrylates\/C10-30 Alkyl Acrylate Crosspolymer, Ethylhexylglycerin, Sodium Hydroxide, Parfum, D-Limonene, Hexyl Cinnamal, Linalool, Geraniol, Hydroxycitronellal.<\/p>\n","protected":false},"excerpt":{"rendered":"<p>Llet de r\u00e0pida absorci\u00f3<\/p>\n","protected":false},"featured_media":18427,"template":"","meta":{"_acf_changed":false,"inline_featured_image":false,"_mbp_gutenberg_autopost":false},"product_brand":[],"product_cat":[142],"product_tag":[139,143],"beneficio":[192,193],"class_list":{"0":"post-18740","1":"product","2":"type-product","3":"status-publish","4":"has-post-thumbnail","6":"product_cat-higiene-i-hidratacio","7":"product_tag-cura-corporal","8":"product_tag-hidratacio","9":"beneficio-cura-corporal","10":"beneficio-hidratacio","12":"first","13":"instock","14":"shipping-taxable","15":"product-type-simple"},"acf":[],"yoast_head":"<!-- This site is optimized with the Yoast SEO plugin v27.4 - https:\/\/yoast.com\/product\/yoast-seo-wordpress\/ -->\n<title>Sens Llet corporal amb \u00e0loe vera | farm\u00e0cies ecoceutics<\/title>\n<meta name=\"description\" content=\"Sens llet corporal amb \u00e0loe vera cont\u00e9 vitamina E que cuida la teva pell. Aquesta crema amb \u00e0loe vera \u00e9s de r\u00e0pida absorci\u00f3.\" \/>\n<meta name=\"robots\" content=\"index, follow, max-snippet:-1, max-image-preview:large, max-video-preview:-1\" \/>\n<link rel=\"canonical\" href=\"https:\/\/www.ecoceutics.com\/ca\/aloe-vera\/\" \/>\n<meta property=\"og:locale\" content=\"ca_ES\" \/>\n<meta property=\"og:type\" content=\"article\" \/>\n<meta property=\"og:title\" content=\"Sens Llet corporal amb \u00e0loe vera | farm\u00e0cies ecoceutics\" \/>\n<meta property=\"og:description\" content=\"Sens llet corporal amb \u00e0loe vera cont\u00e9 vitamina E que cuida la teva pell. Aquesta crema amb \u00e0loe vera \u00e9s de r\u00e0pida absorci\u00f3.\" \/>\n<meta property=\"og:url\" content=\"https:\/\/www.ecoceutics.com\/ca\/aloe-vera\/\" \/>\n<meta property=\"og:site_name\" content=\"ecoceutics\" \/>\n<meta property=\"article:modified_time\" content=\"2024-05-08T15:14:59+00:00\" \/>\n<meta property=\"og:image\" content=\"https:\/\/www.ecoceutics.com\/wp-content\/uploads\/2021\/09\/672x672_llet-aloe.jpg\" \/>\n\t<meta property=\"og:image:width\" content=\"672\" \/>\n\t<meta property=\"og:image:height\" content=\"672\" \/>\n\t<meta property=\"og:image:type\" content=\"image\/jpeg\" \/>\n<meta name=\"twitter:card\" content=\"summary_large_image\" \/>\n<meta name=\"twitter:label1\" content=\"Temps estimat de lectura\" \/>\n\t<meta name=\"twitter:data1\" content=\"2 minuts\" \/>\n<script type=\"application\/ld+json\" class=\"yoast-schema-graph\">{\"@context\":\"https:\\\/\\\/schema.org\",\"@graph\":[{\"@type\":\"WebPage\",\"@id\":\"https:\\\/\\\/www.ecoceutics.com\\\/ca\\\/aloe-vera\\\/\",\"url\":\"https:\\\/\\\/www.ecoceutics.com\\\/ca\\\/aloe-vera\\\/\",\"name\":\"Sens Llet corporal amb \u00e0loe vera | farm\u00e0cies ecoceutics\",\"isPartOf\":{\"@id\":\"https:\\\/\\\/www.ecoceutics.com\\\/ca\\\/#website\"},\"primaryImageOfPage\":{\"@id\":\"https:\\\/\\\/www.ecoceutics.com\\\/ca\\\/aloe-vera\\\/#primaryimage\"},\"image\":{\"@id\":\"https:\\\/\\\/www.ecoceutics.com\\\/ca\\\/aloe-vera\\\/#primaryimage\"},\"thumbnailUrl\":\"https:\\\/\\\/www.ecoceutics.com\\\/wp-content\\\/uploads\\\/2021\\\/09\\\/672x672_llet-aloe.jpg\",\"datePublished\":\"2021-09-13T12:52:20+00:00\",\"dateModified\":\"2024-05-08T15:14:59+00:00\",\"description\":\"Sens llet corporal amb \u00e0loe vera cont\u00e9 vitamina E que cuida la teva pell. Aquesta crema amb \u00e0loe vera \u00e9s de r\u00e0pida absorci\u00f3.\",\"breadcrumb\":{\"@id\":\"https:\\\/\\\/www.ecoceutics.com\\\/ca\\\/aloe-vera\\\/#breadcrumb\"},\"inLanguage\":\"ca\",\"potentialAction\":[{\"@type\":\"ReadAction\",\"target\":[\"https:\\\/\\\/www.ecoceutics.com\\\/ca\\\/aloe-vera\\\/\"]}]},{\"@type\":\"ImageObject\",\"inLanguage\":\"ca\",\"@id\":\"https:\\\/\\\/www.ecoceutics.com\\\/ca\\\/aloe-vera\\\/#primaryimage\",\"url\":\"https:\\\/\\\/www.ecoceutics.com\\\/wp-content\\\/uploads\\\/2021\\\/09\\\/672x672_llet-aloe.jpg\",\"contentUrl\":\"https:\\\/\\\/www.ecoceutics.com\\\/wp-content\\\/uploads\\\/2021\\\/09\\\/672x672_llet-aloe.jpg\",\"width\":672,\"height\":672},{\"@type\":\"BreadcrumbList\",\"@id\":\"https:\\\/\\\/www.ecoceutics.com\\\/ca\\\/aloe-vera\\\/#breadcrumb\",\"itemListElement\":[{\"@type\":\"ListItem\",\"position\":1,\"name\":\"Portada\",\"item\":\"https:\\\/\\\/www.ecoceutics.com\\\/ca\\\/\"},{\"@type\":\"ListItem\",\"position\":2,\"name\":\"Sens Llet corporal rehidratant amb \u00e0loe vera\"}]},{\"@type\":\"WebSite\",\"@id\":\"https:\\\/\\\/www.ecoceutics.com\\\/ca\\\/#website\",\"url\":\"https:\\\/\\\/www.ecoceutics.com\\\/ca\\\/\",\"name\":\"ecoceutics\",\"description\":\"Primera red de farmacias independientes bajo una marca\",\"publisher\":{\"@id\":\"https:\\\/\\\/www.ecoceutics.com\\\/ca\\\/#organization\"},\"potentialAction\":[{\"@type\":\"SearchAction\",\"target\":{\"@type\":\"EntryPoint\",\"urlTemplate\":\"https:\\\/\\\/www.ecoceutics.com\\\/ca\\\/?s={search_term_string}\"},\"query-input\":{\"@type\":\"PropertyValueSpecification\",\"valueRequired\":true,\"valueName\":\"search_term_string\"}}],\"inLanguage\":\"ca\"},{\"@type\":\"Organization\",\"@id\":\"https:\\\/\\\/www.ecoceutics.com\\\/ca\\\/#organization\",\"name\":\"Ecoceutics\",\"url\":\"https:\\\/\\\/www.ecoceutics.com\\\/ca\\\/\",\"logo\":{\"@type\":\"ImageObject\",\"inLanguage\":\"ca\",\"@id\":\"https:\\\/\\\/www.ecoceutics.com\\\/ca\\\/#\\\/schema\\\/logo\\\/image\\\/\",\"url\":\"https:\\\/\\\/www.ecoceutics.com\\\/wp-content\\\/uploads\\\/2022\\\/02\\\/Logo-Ecoceutics-SVG-01-1.svg\",\"contentUrl\":\"https:\\\/\\\/www.ecoceutics.com\\\/wp-content\\\/uploads\\\/2022\\\/02\\\/Logo-Ecoceutics-SVG-01-1.svg\",\"width\":232,\"height\":68,\"caption\":\"Ecoceutics\"},\"image\":{\"@id\":\"https:\\\/\\\/www.ecoceutics.com\\\/ca\\\/#\\\/schema\\\/logo\\\/image\\\/\"}}]}<\/script>\n<!-- \/ Yoast SEO plugin. -->","yoast_head_json":{"title":"Sens Llet corporal amb \u00e0loe vera | farm\u00e0cies ecoceutics","description":"Sens llet corporal amb \u00e0loe vera cont\u00e9 vitamina E que cuida la teva pell. Aquesta crema amb \u00e0loe vera \u00e9s de r\u00e0pida absorci\u00f3.","robots":{"index":"index","follow":"follow","max-snippet":"max-snippet:-1","max-image-preview":"max-image-preview:large","max-video-preview":"max-video-preview:-1"},"canonical":"https:\/\/www.ecoceutics.com\/ca\/aloe-vera\/","og_locale":"ca_ES","og_type":"article","og_title":"Sens Llet corporal amb \u00e0loe vera | farm\u00e0cies ecoceutics","og_description":"Sens llet corporal amb \u00e0loe vera cont\u00e9 vitamina E que cuida la teva pell. Aquesta crema amb \u00e0loe vera \u00e9s de r\u00e0pida absorci\u00f3.","og_url":"https:\/\/www.ecoceutics.com\/ca\/aloe-vera\/","og_site_name":"ecoceutics","article_modified_time":"2024-05-08T15:14:59+00:00","og_image":[{"width":672,"height":672,"url":"https:\/\/www.ecoceutics.com\/wp-content\/uploads\/2021\/09\/672x672_llet-aloe.jpg","type":"image\/jpeg"}],"twitter_card":"summary_large_image","twitter_misc":{"Temps estimat de lectura":"2 minuts"},"schema":{"@context":"https:\/\/schema.org","@graph":[{"@type":"WebPage","@id":"https:\/\/www.ecoceutics.com\/ca\/aloe-vera\/","url":"https:\/\/www.ecoceutics.com\/ca\/aloe-vera\/","name":"Sens Llet corporal amb \u00e0loe vera | farm\u00e0cies ecoceutics","isPartOf":{"@id":"https:\/\/www.ecoceutics.com\/ca\/#website"},"primaryImageOfPage":{"@id":"https:\/\/www.ecoceutics.com\/ca\/aloe-vera\/#primaryimage"},"image":{"@id":"https:\/\/www.ecoceutics.com\/ca\/aloe-vera\/#primaryimage"},"thumbnailUrl":"https:\/\/www.ecoceutics.com\/wp-content\/uploads\/2021\/09\/672x672_llet-aloe.jpg","datePublished":"2021-09-13T12:52:20+00:00","dateModified":"2024-05-08T15:14:59+00:00","description":"Sens llet corporal amb \u00e0loe vera cont\u00e9 vitamina E que cuida la teva pell. Aquesta crema amb \u00e0loe vera \u00e9s de r\u00e0pida absorci\u00f3.","breadcrumb":{"@id":"https:\/\/www.ecoceutics.com\/ca\/aloe-vera\/#breadcrumb"},"inLanguage":"ca","potentialAction":[{"@type":"ReadAction","target":["https:\/\/www.ecoceutics.com\/ca\/aloe-vera\/"]}]},{"@type":"ImageObject","inLanguage":"ca","@id":"https:\/\/www.ecoceutics.com\/ca\/aloe-vera\/#primaryimage","url":"https:\/\/www.ecoceutics.com\/wp-content\/uploads\/2021\/09\/672x672_llet-aloe.jpg","contentUrl":"https:\/\/www.ecoceutics.com\/wp-content\/uploads\/2021\/09\/672x672_llet-aloe.jpg","width":672,"height":672},{"@type":"BreadcrumbList","@id":"https:\/\/www.ecoceutics.com\/ca\/aloe-vera\/#breadcrumb","itemListElement":[{"@type":"ListItem","position":1,"name":"Portada","item":"https:\/\/www.ecoceutics.com\/ca\/"},{"@type":"ListItem","position":2,"name":"Sens Llet corporal rehidratant amb \u00e0loe vera"}]},{"@type":"WebSite","@id":"https:\/\/www.ecoceutics.com\/ca\/#website","url":"https:\/\/www.ecoceutics.com\/ca\/","name":"ecoceutics","description":"Primera red de farmacias independientes bajo una marca","publisher":{"@id":"https:\/\/www.ecoceutics.com\/ca\/#organization"},"potentialAction":[{"@type":"SearchAction","target":{"@type":"EntryPoint","urlTemplate":"https:\/\/www.ecoceutics.com\/ca\/?s={search_term_string}"},"query-input":{"@type":"PropertyValueSpecification","valueRequired":true,"valueName":"search_term_string"}}],"inLanguage":"ca"},{"@type":"Organization","@id":"https:\/\/www.ecoceutics.com\/ca\/#organization","name":"Ecoceutics","url":"https:\/\/www.ecoceutics.com\/ca\/","logo":{"@type":"ImageObject","inLanguage":"ca","@id":"https:\/\/www.ecoceutics.com\/ca\/#\/schema\/logo\/image\/","url":"https:\/\/www.ecoceutics.com\/wp-content\/uploads\/2022\/02\/Logo-Ecoceutics-SVG-01-1.svg","contentUrl":"https:\/\/www.ecoceutics.com\/wp-content\/uploads\/2022\/02\/Logo-Ecoceutics-SVG-01-1.svg","width":232,"height":68,"caption":"Ecoceutics"},"image":{"@id":"https:\/\/www.ecoceutics.com\/ca\/#\/schema\/logo\/image\/"}}]}},"_links":{"self":[{"href":"https:\/\/www.ecoceutics.com\/ca\/wp-json\/wp\/v2\/product\/18740","targetHints":{"allow":["GET"]}}],"collection":[{"href":"https:\/\/www.ecoceutics.com\/ca\/wp-json\/wp\/v2\/product"}],"about":[{"href":"https:\/\/www.ecoceutics.com\/ca\/wp-json\/wp\/v2\/types\/product"}],"wp:featuredmedia":[{"embeddable":true,"href":"https:\/\/www.ecoceutics.com\/ca\/wp-json\/wp\/v2\/media\/18427"}],"wp:attachment":[{"href":"https:\/\/www.ecoceutics.com\/ca\/wp-json\/wp\/v2\/media?parent=18740"}],"wp:term":[{"taxonomy":"product_brand","embeddable":true,"href":"https:\/\/www.ecoceutics.com\/ca\/wp-json\/wp\/v2\/product_brand?post=18740"},{"taxonomy":"product_cat","embeddable":true,"href":"https:\/\/www.ecoceutics.com\/ca\/wp-json\/wp\/v2\/product_cat?post=18740"},{"taxonomy":"product_tag","embeddable":true,"href":"https:\/\/www.ecoceutics.com\/ca\/wp-json\/wp\/v2\/product_tag?post=18740"},{"taxonomy":"beneficio","embeddable":true,"href":"https:\/\/www.ecoceutics.com\/ca\/wp-json\/wp\/v2\/beneficio?post=18740"}],"curies":[{"name":"wp","href":"https:\/\/api.w.org\/{rel}","templated":true}]}}