{"id":18743,"date":"2021-09-13T15:03:04","date_gmt":"2021-09-13T13:03:04","guid":{"rendered":"https:\/\/www.ecoceutics.com\/producto\/aceite-rosa-mosqueta\/"},"modified":"2024-05-08T16:43:08","modified_gmt":"2024-05-08T14:43:08","slug":"oli-rosa-mosqueta","status":"publish","type":"product","link":"https:\/\/www.ecoceutics.com\/ca\/oli-rosa-mosqueta\/","title":{"rendered":"Sens Oli de rosa de mosqueta"},"content":{"rendered":"<p>Aquest producte, 100% natural i bio, est\u00e0 compost b\u00e0sicament d\u2019oli vegetal de rosa de mosqueta. \u00c9s un dels productes m\u00e9s complets ja que cont\u00e9 els 3 \u00e0cids grassos essencials (Omega 3, 6 i 9).<\/p>\n<p><strong>\u00a0<\/strong><\/p>\n<h3><a name=\"_Toc68015183\"><\/a><strong>Formulaci\u00f3 i propietats<\/strong><\/h3>\n<p>100% producte natural i bio<\/p>\n<p><strong>Amb oli vegetal de rosa de mosqueta<\/strong><\/p>\n<p>\u00c9s dels pocs cosm\u00e8tics que cont\u00e9 els 3 \u00e0cids grassos essencials\u00a0<em>(omega: 3, 6 o 9).\u00a0<\/em>Aquests \u00e0cids s\u00f3n aquells que l\u2019organisme no pot sintetitzar per ells mateixos i que necessita obtenir-los mitjan\u00e7ant l\u2019alimentaci\u00f3 , a efectes pr\u00e0ctics, aquests \u00e0cids contribueixen a regeneraci\u00f3 dels teixits, al creixement muscular, p\u00e8rdua de grassa etc.<\/p>\n<p><strong>Cont\u00e9 vitamina e i c<\/strong><\/p>\n<p>La vitamina a \u00e9s necess\u00e0ria per la nutrici\u00f3 i el funcionament cel\u00b7lular<\/p>\n<p>Les vitamines e i c actuen com antioxidants<\/p>\n<p><strong>Cont\u00e9 vitamina a<br \/>\nregenerar la pell<br \/>\nsuavitzar la marca de cicatrius<\/strong><\/p>\n<p>&nbsp;<\/p>\n<p><strong>Cont\u00e9 altes propietats cardiovasculars<\/strong><\/p>\n<p>En cas de ingerir via oral la rosa de mosqueta t\u2019aportar\u00e0 propietats cardiovasculars que contribuiran al bon funcionament.<\/p>\n<p>&nbsp;<\/p>\n<h3><a name=\"_Toc68015185\"><\/a><strong>Pensat per:<\/strong><\/h3>\n<ul>\n<li>Tractar cicatrius o cremades<\/li>\n<li>Prevenci\u00f3 i disminuci\u00f3 d\u2019estries<\/li>\n<li>Pells sensibles, irritades, deshidratades, rugoses o seques<\/li>\n<li>Nodrir, protegir i regenerar la pell amb el fi de mantenir l\u2019equilibri hidrolip\u00eddic. L\u2019equilibri hidrolipidic \u00e9s una barreja de s\u00e8u i suor que cobreix la part exterior de la epidermis.<\/li>\n<\/ul>\n<h3><strong>\u00a0<\/strong><\/h3>\n<h3><a name=\"_Toc68015186\"><\/a><strong>Apte per:<\/strong><\/h3>\n<ul>\n<li>Nens a partir de 6 anys<\/li>\n<\/ul>\n<p><strong>\u00a0<\/strong><a name=\"_Toc68015187\"><\/a><\/p>\n<h3><a name=\"_Toc68015187\"><\/a><strong>Mode d\u2019\u00fas<\/strong><\/h3>\n<p>Aplicar unes gotes en la pell o en la zona a tractar i, realitzar un massatge fins a la seva completa absorci\u00f3.<\/p>\n<p>&nbsp;<\/p>\n<h3><a name=\"_Toc68015188\"><\/a><strong>Ingredients<\/strong><\/h3>\n<p>Rosa Rubiginosa, tocoferol (vitamina E).<\/p>\n","protected":false},"excerpt":{"rendered":"<p>100% natural<\/p>\n","protected":false},"featured_media":18431,"template":"","meta":{"_acf_changed":false,"inline_featured_image":false,"_mbp_gutenberg_autopost":false},"product_brand":[],"product_cat":[142],"product_tag":[140,139,143,168],"beneficio":[196,192,193,197],"class_list":{"0":"post-18743","1":"product","2":"type-product","3":"status-publish","4":"has-post-thumbnail","6":"product_cat-higiene-i-hidratacio","7":"product_tag-cura-capillar","8":"product_tag-cura-corporal","9":"product_tag-hidratacio","10":"product_tag-tractament","11":"beneficio-cura-capillar","12":"beneficio-cura-corporal","13":"beneficio-hidratacio","14":"beneficio-tractament","16":"first","17":"instock","18":"shipping-taxable","19":"product-type-simple"},"acf":[],"yoast_head":"<!-- This site is optimized with the Yoast SEO plugin v27.6 - https:\/\/yoast.com\/product\/yoast-seo-wordpress\/ -->\n<title>Sens Oli de rosa mosqueta 100% natural | Farm\u00e0cies Ecoceutics<\/title>\n<meta name=\"description\" content=\"Sens Oli de rosa mosqueta 100% natural. Amb propietats cicatritzants, l&#039;oli de rosa mosqueta \u00e9s perfecte per regenerar la pell.\" \/>\n<meta name=\"robots\" content=\"index, follow, max-snippet:-1, max-image-preview:large, max-video-preview:-1\" \/>\n<link rel=\"canonical\" href=\"https:\/\/www.ecoceutics.com\/ca\/oli-rosa-mosqueta\/\" \/>\n<meta property=\"og:locale\" content=\"ca_ES\" \/>\n<meta property=\"og:type\" content=\"article\" \/>\n<meta property=\"og:title\" content=\"Sens Oli de rosa mosqueta 100% natural | Farm\u00e0cies Ecoceutics\" \/>\n<meta property=\"og:description\" content=\"Sens Oli de rosa mosqueta 100% natural. Amb propietats cicatritzants, l&#039;oli de rosa mosqueta \u00e9s perfecte per regenerar la pell.\" \/>\n<meta property=\"og:url\" content=\"https:\/\/www.ecoceutics.com\/ca\/oli-rosa-mosqueta\/\" \/>\n<meta property=\"og:site_name\" content=\"ecoceutics\" \/>\n<meta property=\"article:modified_time\" content=\"2024-05-08T14:43:08+00:00\" \/>\n<meta property=\"og:image\" content=\"https:\/\/www.ecoceutics.com\/wp-content\/uploads\/2021\/09\/672x672_oli-rosa-mosqueta.jpg\" \/>\n\t<meta property=\"og:image:width\" content=\"672\" \/>\n\t<meta property=\"og:image:height\" content=\"672\" \/>\n\t<meta property=\"og:image:type\" content=\"image\/jpeg\" \/>\n<meta name=\"twitter:card\" content=\"summary_large_image\" \/>\n<meta name=\"twitter:label1\" content=\"Temps estimat de lectura\" \/>\n\t<meta name=\"twitter:data1\" content=\"2 minuts\" \/>\n<script type=\"application\/ld+json\" class=\"yoast-schema-graph\">{\"@context\":\"https:\\\/\\\/schema.org\",\"@graph\":[{\"@type\":\"WebPage\",\"@id\":\"https:\\\/\\\/www.ecoceutics.com\\\/ca\\\/oli-rosa-mosqueta\\\/\",\"url\":\"https:\\\/\\\/www.ecoceutics.com\\\/ca\\\/oli-rosa-mosqueta\\\/\",\"name\":\"Sens Oli de rosa mosqueta 100% natural | Farm\u00e0cies Ecoceutics\",\"isPartOf\":{\"@id\":\"https:\\\/\\\/www.ecoceutics.com\\\/ca\\\/#website\"},\"primaryImageOfPage\":{\"@id\":\"https:\\\/\\\/www.ecoceutics.com\\\/ca\\\/oli-rosa-mosqueta\\\/#primaryimage\"},\"image\":{\"@id\":\"https:\\\/\\\/www.ecoceutics.com\\\/ca\\\/oli-rosa-mosqueta\\\/#primaryimage\"},\"thumbnailUrl\":\"https:\\\/\\\/www.ecoceutics.com\\\/wp-content\\\/uploads\\\/2021\\\/09\\\/672x672_oli-rosa-mosqueta.jpg\",\"datePublished\":\"2021-09-13T13:03:04+00:00\",\"dateModified\":\"2024-05-08T14:43:08+00:00\",\"description\":\"Sens Oli de rosa mosqueta 100% natural. Amb propietats cicatritzants, l'oli de rosa mosqueta \u00e9s perfecte per regenerar la pell.\",\"breadcrumb\":{\"@id\":\"https:\\\/\\\/www.ecoceutics.com\\\/ca\\\/oli-rosa-mosqueta\\\/#breadcrumb\"},\"inLanguage\":\"ca\",\"potentialAction\":[{\"@type\":\"ReadAction\",\"target\":[\"https:\\\/\\\/www.ecoceutics.com\\\/ca\\\/oli-rosa-mosqueta\\\/\"]}]},{\"@type\":\"ImageObject\",\"inLanguage\":\"ca\",\"@id\":\"https:\\\/\\\/www.ecoceutics.com\\\/ca\\\/oli-rosa-mosqueta\\\/#primaryimage\",\"url\":\"https:\\\/\\\/www.ecoceutics.com\\\/wp-content\\\/uploads\\\/2021\\\/09\\\/672x672_oli-rosa-mosqueta.jpg\",\"contentUrl\":\"https:\\\/\\\/www.ecoceutics.com\\\/wp-content\\\/uploads\\\/2021\\\/09\\\/672x672_oli-rosa-mosqueta.jpg\",\"width\":672,\"height\":672},{\"@type\":\"BreadcrumbList\",\"@id\":\"https:\\\/\\\/www.ecoceutics.com\\\/ca\\\/oli-rosa-mosqueta\\\/#breadcrumb\",\"itemListElement\":[{\"@type\":\"ListItem\",\"position\":1,\"name\":\"Portada\",\"item\":\"https:\\\/\\\/www.ecoceutics.com\\\/ca\\\/\"},{\"@type\":\"ListItem\",\"position\":2,\"name\":\"Sens Oli de rosa de mosqueta\"}]},{\"@type\":\"WebSite\",\"@id\":\"https:\\\/\\\/www.ecoceutics.com\\\/ca\\\/#website\",\"url\":\"https:\\\/\\\/www.ecoceutics.com\\\/ca\\\/\",\"name\":\"ecoceutics\",\"description\":\"Primera red de farmacias independientes bajo una marca\",\"publisher\":{\"@id\":\"https:\\\/\\\/www.ecoceutics.com\\\/ca\\\/#organization\"},\"potentialAction\":[{\"@type\":\"SearchAction\",\"target\":{\"@type\":\"EntryPoint\",\"urlTemplate\":\"https:\\\/\\\/www.ecoceutics.com\\\/ca\\\/?s={search_term_string}\"},\"query-input\":{\"@type\":\"PropertyValueSpecification\",\"valueRequired\":true,\"valueName\":\"search_term_string\"}}],\"inLanguage\":\"ca\"},{\"@type\":\"Organization\",\"@id\":\"https:\\\/\\\/www.ecoceutics.com\\\/ca\\\/#organization\",\"name\":\"Ecoceutics\",\"url\":\"https:\\\/\\\/www.ecoceutics.com\\\/ca\\\/\",\"logo\":{\"@type\":\"ImageObject\",\"inLanguage\":\"ca\",\"@id\":\"https:\\\/\\\/www.ecoceutics.com\\\/ca\\\/#\\\/schema\\\/logo\\\/image\\\/\",\"url\":\"https:\\\/\\\/www.ecoceutics.com\\\/wp-content\\\/uploads\\\/2022\\\/02\\\/Logo-Ecoceutics-SVG-01-1.svg\",\"contentUrl\":\"https:\\\/\\\/www.ecoceutics.com\\\/wp-content\\\/uploads\\\/2022\\\/02\\\/Logo-Ecoceutics-SVG-01-1.svg\",\"width\":232,\"height\":68,\"caption\":\"Ecoceutics\"},\"image\":{\"@id\":\"https:\\\/\\\/www.ecoceutics.com\\\/ca\\\/#\\\/schema\\\/logo\\\/image\\\/\"}}]}<\/script>\n<!-- \/ Yoast SEO plugin. -->","yoast_head_json":{"title":"Sens Oli de rosa mosqueta 100% natural | Farm\u00e0cies Ecoceutics","description":"Sens Oli de rosa mosqueta 100% natural. Amb propietats cicatritzants, l'oli de rosa mosqueta \u00e9s perfecte per regenerar la pell.","robots":{"index":"index","follow":"follow","max-snippet":"max-snippet:-1","max-image-preview":"max-image-preview:large","max-video-preview":"max-video-preview:-1"},"canonical":"https:\/\/www.ecoceutics.com\/ca\/oli-rosa-mosqueta\/","og_locale":"ca_ES","og_type":"article","og_title":"Sens Oli de rosa mosqueta 100% natural | Farm\u00e0cies Ecoceutics","og_description":"Sens Oli de rosa mosqueta 100% natural. Amb propietats cicatritzants, l'oli de rosa mosqueta \u00e9s perfecte per regenerar la pell.","og_url":"https:\/\/www.ecoceutics.com\/ca\/oli-rosa-mosqueta\/","og_site_name":"ecoceutics","article_modified_time":"2024-05-08T14:43:08+00:00","og_image":[{"width":672,"height":672,"url":"https:\/\/www.ecoceutics.com\/wp-content\/uploads\/2021\/09\/672x672_oli-rosa-mosqueta.jpg","type":"image\/jpeg"}],"twitter_card":"summary_large_image","twitter_misc":{"Temps estimat de lectura":"2 minuts"},"schema":{"@context":"https:\/\/schema.org","@graph":[{"@type":"WebPage","@id":"https:\/\/www.ecoceutics.com\/ca\/oli-rosa-mosqueta\/","url":"https:\/\/www.ecoceutics.com\/ca\/oli-rosa-mosqueta\/","name":"Sens Oli de rosa mosqueta 100% natural | Farm\u00e0cies Ecoceutics","isPartOf":{"@id":"https:\/\/www.ecoceutics.com\/ca\/#website"},"primaryImageOfPage":{"@id":"https:\/\/www.ecoceutics.com\/ca\/oli-rosa-mosqueta\/#primaryimage"},"image":{"@id":"https:\/\/www.ecoceutics.com\/ca\/oli-rosa-mosqueta\/#primaryimage"},"thumbnailUrl":"https:\/\/www.ecoceutics.com\/wp-content\/uploads\/2021\/09\/672x672_oli-rosa-mosqueta.jpg","datePublished":"2021-09-13T13:03:04+00:00","dateModified":"2024-05-08T14:43:08+00:00","description":"Sens Oli de rosa mosqueta 100% natural. Amb propietats cicatritzants, l'oli de rosa mosqueta \u00e9s perfecte per regenerar la pell.","breadcrumb":{"@id":"https:\/\/www.ecoceutics.com\/ca\/oli-rosa-mosqueta\/#breadcrumb"},"inLanguage":"ca","potentialAction":[{"@type":"ReadAction","target":["https:\/\/www.ecoceutics.com\/ca\/oli-rosa-mosqueta\/"]}]},{"@type":"ImageObject","inLanguage":"ca","@id":"https:\/\/www.ecoceutics.com\/ca\/oli-rosa-mosqueta\/#primaryimage","url":"https:\/\/www.ecoceutics.com\/wp-content\/uploads\/2021\/09\/672x672_oli-rosa-mosqueta.jpg","contentUrl":"https:\/\/www.ecoceutics.com\/wp-content\/uploads\/2021\/09\/672x672_oli-rosa-mosqueta.jpg","width":672,"height":672},{"@type":"BreadcrumbList","@id":"https:\/\/www.ecoceutics.com\/ca\/oli-rosa-mosqueta\/#breadcrumb","itemListElement":[{"@type":"ListItem","position":1,"name":"Portada","item":"https:\/\/www.ecoceutics.com\/ca\/"},{"@type":"ListItem","position":2,"name":"Sens Oli de rosa de mosqueta"}]},{"@type":"WebSite","@id":"https:\/\/www.ecoceutics.com\/ca\/#website","url":"https:\/\/www.ecoceutics.com\/ca\/","name":"ecoceutics","description":"Primera red de farmacias independientes bajo una marca","publisher":{"@id":"https:\/\/www.ecoceutics.com\/ca\/#organization"},"potentialAction":[{"@type":"SearchAction","target":{"@type":"EntryPoint","urlTemplate":"https:\/\/www.ecoceutics.com\/ca\/?s={search_term_string}"},"query-input":{"@type":"PropertyValueSpecification","valueRequired":true,"valueName":"search_term_string"}}],"inLanguage":"ca"},{"@type":"Organization","@id":"https:\/\/www.ecoceutics.com\/ca\/#organization","name":"Ecoceutics","url":"https:\/\/www.ecoceutics.com\/ca\/","logo":{"@type":"ImageObject","inLanguage":"ca","@id":"https:\/\/www.ecoceutics.com\/ca\/#\/schema\/logo\/image\/","url":"https:\/\/www.ecoceutics.com\/wp-content\/uploads\/2022\/02\/Logo-Ecoceutics-SVG-01-1.svg","contentUrl":"https:\/\/www.ecoceutics.com\/wp-content\/uploads\/2022\/02\/Logo-Ecoceutics-SVG-01-1.svg","width":232,"height":68,"caption":"Ecoceutics"},"image":{"@id":"https:\/\/www.ecoceutics.com\/ca\/#\/schema\/logo\/image\/"}}]}},"_links":{"self":[{"href":"https:\/\/www.ecoceutics.com\/ca\/wp-json\/wp\/v2\/product\/18743","targetHints":{"allow":["GET"]}}],"collection":[{"href":"https:\/\/www.ecoceutics.com\/ca\/wp-json\/wp\/v2\/product"}],"about":[{"href":"https:\/\/www.ecoceutics.com\/ca\/wp-json\/wp\/v2\/types\/product"}],"wp:featuredmedia":[{"embeddable":true,"href":"https:\/\/www.ecoceutics.com\/ca\/wp-json\/wp\/v2\/media\/18431"}],"wp:attachment":[{"href":"https:\/\/www.ecoceutics.com\/ca\/wp-json\/wp\/v2\/media?parent=18743"}],"wp:term":[{"taxonomy":"product_brand","embeddable":true,"href":"https:\/\/www.ecoceutics.com\/ca\/wp-json\/wp\/v2\/product_brand?post=18743"},{"taxonomy":"product_cat","embeddable":true,"href":"https:\/\/www.ecoceutics.com\/ca\/wp-json\/wp\/v2\/product_cat?post=18743"},{"taxonomy":"product_tag","embeddable":true,"href":"https:\/\/www.ecoceutics.com\/ca\/wp-json\/wp\/v2\/product_tag?post=18743"},{"taxonomy":"beneficio","embeddable":true,"href":"https:\/\/www.ecoceutics.com\/ca\/wp-json\/wp\/v2\/beneficio?post=18743"}],"curies":[{"name":"wp","href":"https:\/\/api.w.org\/{rel}","templated":true}]}}