{"id":18745,"date":"2021-09-13T15:12:42","date_gmt":"2021-09-13T13:12:42","guid":{"rendered":"https:\/\/www.ecoceutics.com\/producto\/crema-manos\/"},"modified":"2024-05-08T17:12:34","modified_gmt":"2024-05-08T15:12:34","slug":"crema-mans","status":"publish","type":"product","link":"https:\/\/www.ecoceutics.com\/ca\/crema-mans\/","title":{"rendered":"Sens Crema de mans"},"content":{"rendered":"<p>Perfecte per nodrir, reparar i protegir les mans gr\u00e0cies al seu ingredient principal: l\u2019oli d\u2019oliva. L\u2019oli d\u2019oliva \u00e9s el m\u00e9s proper a l\u2019estructura qu\u00edmica de l\u2019oli natural de la pell i per aix\u00f2 \u00e9s ideal per reparar i restaurar la barrera cut\u00e0nia.<\/p>\n<p>&nbsp;<\/p>\n<h3><a name=\"_Toc68018031\"><\/a><strong>Formulaci\u00f3 i propietats<\/strong><\/h3>\n<p>Ajuda a nutrir, reparar i protegir les mans<\/p>\n<p><strong>Crema de mans amb oli d\u2019oliva<\/strong><\/p>\n<p>L\u2019oli d\u2019oliva \u00e9s el m\u00e9s proper al a estructura qu\u00edmica de l\u2019oli natural de la pell. Aix\u00f2 permet que actu\u00ef com una crema hidratant ideal per zones seques.<\/p>\n<p>Permet la regeneraci\u00f3 del teixit de la pell aconseguint que la pell quedi suau i llisa mentre mant\u00e9 la fermesa.<\/p>\n<p>L\u2019oli d\u2019oliva cont\u00e9 propietats emol\u00b7lients, suavitzants i lubricants que et permetran<br \/>\nuna correcta i r\u00e0pida hidrataci\u00f3 de les mans.<\/p>\n<p><strong>Amb ceramides, bisabolol i phytosterols<\/strong><\/p>\n<p>Repara i restaura la barrera cut\u00e0nia.\u00a0La combinaci\u00f3 actua evitant la p\u00e8rdua d\u2019aigua transepid\u00e8rmica i<br \/>\ndisminuint la irritaci\u00f3 i repara les mans r\u00e0pidament.<\/p>\n<p>Amb el polisac\u00e0rid permet formar un film sobre la superf\u00edcie de les mans,<br \/>\nprotegint-la de les agressions externes a las que estan exposades (detergents).<\/p>\n<p>&nbsp;<\/p>\n<h3><a name=\"_Toc68018033\"><\/a><strong>Pensat per:<\/strong><\/h3>\n<ul>\n<li>Nodrir, reparar i protegir la pell.<\/li>\n<li>Per \u00fas diari.<\/li>\n<\/ul>\n<p><strong>\u00a0<\/strong><\/p>\n<h3><a name=\"_Toc68018034\"><\/a><strong>Apte per:<\/strong><\/h3>\n<ul>\n<li>Adults i nens a partir de 6 anys.<\/li>\n<\/ul>\n<p><strong>\u00a0<\/strong><\/p>\n<h3><a name=\"_Toc68018035\"><\/a><strong>Mode d\u2019\u00fas<\/strong><\/h3>\n<ul>\n<li>Aplicar a les mans mitjan\u00e7ant un massatge fins a la seva completa absorci\u00f3.<\/li>\n<\/ul>\n<p><strong>\u00a0<\/strong><\/p>\n<h3><a name=\"_Toc68018036\"><\/a><strong>Ingredients<\/strong><\/h3>\n<p>Aqua (Water), Glycerin, Gyceryl Stearate, Stearic Acid, Caprylic\/Capric Triglyceride, Cetyl Alcohol,\u00a0 Ricinus Communis (Castor) Seed Oil, Cetearyl Alcohol, Coco-Caprylate\/Caprate, Isopropyl Myristate, Isostearyl Isostearate,\u00a0 Phenoxyethanol, Hexyldecanol, Olea europaea (Olive) Fruit Oil, Xanthan Gum, Disodium EDTA, Parfum (Fragrance), Tocopheryl Acetate, Hydrogenated Castor Oil, Triethanolamine,Triethylene Glycol, Cera Alba (Beeswax), Copernicia cer\u00edfera (Carnauba Wax) Cera,\u00a0 Bisabolol, Cetylhydroxyproline Palmitamide, 1,2-Hexanediol, Biosaccharide Gum-4,\u00a0 Brassica Campestris (Rapeseed) Sterols.<\/p>\n","protected":false},"excerpt":{"rendered":"<p>Amb oli d&#8217;oliva<\/p>\n","protected":false},"featured_media":18435,"template":"","meta":{"_acf_changed":false,"inline_featured_image":false,"_mbp_gutenberg_autopost":false},"product_brand":[],"product_cat":[142],"product_tag":[139,143],"beneficio":[192,193],"class_list":{"0":"post-18745","1":"product","2":"type-product","3":"status-publish","4":"has-post-thumbnail","6":"product_cat-higiene-i-hidratacio","7":"product_tag-cura-corporal","8":"product_tag-hidratacio","9":"beneficio-cura-corporal","10":"beneficio-hidratacio","12":"first","13":"instock","14":"shipping-taxable","15":"product-type-simple"},"acf":[],"yoast_head":"<!-- This site is optimized with the Yoast SEO plugin v27.5 - https:\/\/yoast.com\/product\/yoast-seo-wordpress\/ -->\n<title>Sens Crema de mans amb oli d&#039;oliva |\u00a0Farm\u00e0cies Ecoceutics<\/title>\n<meta name=\"description\" content=\"La crema de mans de la marca Sens est\u00e0 formulada per a nodrir, reparar i protegir les mans gr\u00e0cies a la seva f\u00f3rmula amb oli d&#039;oliva.\" \/>\n<meta name=\"robots\" content=\"index, follow, max-snippet:-1, max-image-preview:large, max-video-preview:-1\" \/>\n<link rel=\"canonical\" href=\"https:\/\/www.ecoceutics.com\/ca\/crema-mans\/\" \/>\n<meta property=\"og:locale\" content=\"ca_ES\" \/>\n<meta property=\"og:type\" content=\"article\" \/>\n<meta property=\"og:title\" content=\"Sens Crema de mans amb oli d&#039;oliva |\u00a0Farm\u00e0cies Ecoceutics\" \/>\n<meta property=\"og:description\" content=\"La crema de mans de la marca Sens est\u00e0 formulada per a nodrir, reparar i protegir les mans gr\u00e0cies a la seva f\u00f3rmula amb oli d&#039;oliva.\" \/>\n<meta property=\"og:url\" content=\"https:\/\/www.ecoceutics.com\/ca\/crema-mans\/\" \/>\n<meta property=\"og:site_name\" content=\"ecoceutics\" \/>\n<meta property=\"article:modified_time\" content=\"2024-05-08T15:12:34+00:00\" \/>\n<meta property=\"og:image\" content=\"https:\/\/www.ecoceutics.com\/wp-content\/uploads\/2021\/09\/672x672_crema-mans.jpg\" \/>\n\t<meta property=\"og:image:width\" content=\"672\" \/>\n\t<meta property=\"og:image:height\" content=\"672\" \/>\n\t<meta property=\"og:image:type\" content=\"image\/jpeg\" \/>\n<meta name=\"twitter:card\" content=\"summary_large_image\" \/>\n<meta name=\"twitter:label1\" content=\"Temps estimat de lectura\" \/>\n\t<meta name=\"twitter:data1\" content=\"2 minuts\" \/>\n<script type=\"application\/ld+json\" class=\"yoast-schema-graph\">{\"@context\":\"https:\\\/\\\/schema.org\",\"@graph\":[{\"@type\":\"WebPage\",\"@id\":\"https:\\\/\\\/www.ecoceutics.com\\\/ca\\\/crema-mans\\\/\",\"url\":\"https:\\\/\\\/www.ecoceutics.com\\\/ca\\\/crema-mans\\\/\",\"name\":\"Sens Crema de mans amb oli d'oliva |\u00a0Farm\u00e0cies Ecoceutics\",\"isPartOf\":{\"@id\":\"https:\\\/\\\/www.ecoceutics.com\\\/ca\\\/#website\"},\"primaryImageOfPage\":{\"@id\":\"https:\\\/\\\/www.ecoceutics.com\\\/ca\\\/crema-mans\\\/#primaryimage\"},\"image\":{\"@id\":\"https:\\\/\\\/www.ecoceutics.com\\\/ca\\\/crema-mans\\\/#primaryimage\"},\"thumbnailUrl\":\"https:\\\/\\\/www.ecoceutics.com\\\/wp-content\\\/uploads\\\/2021\\\/09\\\/672x672_crema-mans.jpg\",\"datePublished\":\"2021-09-13T13:12:42+00:00\",\"dateModified\":\"2024-05-08T15:12:34+00:00\",\"description\":\"La crema de mans de la marca Sens est\u00e0 formulada per a nodrir, reparar i protegir les mans gr\u00e0cies a la seva f\u00f3rmula amb oli d'oliva.\",\"breadcrumb\":{\"@id\":\"https:\\\/\\\/www.ecoceutics.com\\\/ca\\\/crema-mans\\\/#breadcrumb\"},\"inLanguage\":\"ca\",\"potentialAction\":[{\"@type\":\"ReadAction\",\"target\":[\"https:\\\/\\\/www.ecoceutics.com\\\/ca\\\/crema-mans\\\/\"]}]},{\"@type\":\"ImageObject\",\"inLanguage\":\"ca\",\"@id\":\"https:\\\/\\\/www.ecoceutics.com\\\/ca\\\/crema-mans\\\/#primaryimage\",\"url\":\"https:\\\/\\\/www.ecoceutics.com\\\/wp-content\\\/uploads\\\/2021\\\/09\\\/672x672_crema-mans.jpg\",\"contentUrl\":\"https:\\\/\\\/www.ecoceutics.com\\\/wp-content\\\/uploads\\\/2021\\\/09\\\/672x672_crema-mans.jpg\",\"width\":672,\"height\":672},{\"@type\":\"BreadcrumbList\",\"@id\":\"https:\\\/\\\/www.ecoceutics.com\\\/ca\\\/crema-mans\\\/#breadcrumb\",\"itemListElement\":[{\"@type\":\"ListItem\",\"position\":1,\"name\":\"Portada\",\"item\":\"https:\\\/\\\/www.ecoceutics.com\\\/ca\\\/\"},{\"@type\":\"ListItem\",\"position\":2,\"name\":\"Sens Crema de mans\"}]},{\"@type\":\"WebSite\",\"@id\":\"https:\\\/\\\/www.ecoceutics.com\\\/ca\\\/#website\",\"url\":\"https:\\\/\\\/www.ecoceutics.com\\\/ca\\\/\",\"name\":\"ecoceutics\",\"description\":\"Primera red de farmacias independientes bajo una marca\",\"publisher\":{\"@id\":\"https:\\\/\\\/www.ecoceutics.com\\\/ca\\\/#organization\"},\"potentialAction\":[{\"@type\":\"SearchAction\",\"target\":{\"@type\":\"EntryPoint\",\"urlTemplate\":\"https:\\\/\\\/www.ecoceutics.com\\\/ca\\\/?s={search_term_string}\"},\"query-input\":{\"@type\":\"PropertyValueSpecification\",\"valueRequired\":true,\"valueName\":\"search_term_string\"}}],\"inLanguage\":\"ca\"},{\"@type\":\"Organization\",\"@id\":\"https:\\\/\\\/www.ecoceutics.com\\\/ca\\\/#organization\",\"name\":\"Ecoceutics\",\"url\":\"https:\\\/\\\/www.ecoceutics.com\\\/ca\\\/\",\"logo\":{\"@type\":\"ImageObject\",\"inLanguage\":\"ca\",\"@id\":\"https:\\\/\\\/www.ecoceutics.com\\\/ca\\\/#\\\/schema\\\/logo\\\/image\\\/\",\"url\":\"https:\\\/\\\/www.ecoceutics.com\\\/wp-content\\\/uploads\\\/2022\\\/02\\\/Logo-Ecoceutics-SVG-01-1.svg\",\"contentUrl\":\"https:\\\/\\\/www.ecoceutics.com\\\/wp-content\\\/uploads\\\/2022\\\/02\\\/Logo-Ecoceutics-SVG-01-1.svg\",\"width\":232,\"height\":68,\"caption\":\"Ecoceutics\"},\"image\":{\"@id\":\"https:\\\/\\\/www.ecoceutics.com\\\/ca\\\/#\\\/schema\\\/logo\\\/image\\\/\"}}]}<\/script>\n<!-- \/ Yoast SEO plugin. -->","yoast_head_json":{"title":"Sens Crema de mans amb oli d'oliva |\u00a0Farm\u00e0cies Ecoceutics","description":"La crema de mans de la marca Sens est\u00e0 formulada per a nodrir, reparar i protegir les mans gr\u00e0cies a la seva f\u00f3rmula amb oli d'oliva.","robots":{"index":"index","follow":"follow","max-snippet":"max-snippet:-1","max-image-preview":"max-image-preview:large","max-video-preview":"max-video-preview:-1"},"canonical":"https:\/\/www.ecoceutics.com\/ca\/crema-mans\/","og_locale":"ca_ES","og_type":"article","og_title":"Sens Crema de mans amb oli d'oliva |\u00a0Farm\u00e0cies Ecoceutics","og_description":"La crema de mans de la marca Sens est\u00e0 formulada per a nodrir, reparar i protegir les mans gr\u00e0cies a la seva f\u00f3rmula amb oli d'oliva.","og_url":"https:\/\/www.ecoceutics.com\/ca\/crema-mans\/","og_site_name":"ecoceutics","article_modified_time":"2024-05-08T15:12:34+00:00","og_image":[{"width":672,"height":672,"url":"https:\/\/www.ecoceutics.com\/wp-content\/uploads\/2021\/09\/672x672_crema-mans.jpg","type":"image\/jpeg"}],"twitter_card":"summary_large_image","twitter_misc":{"Temps estimat de lectura":"2 minuts"},"schema":{"@context":"https:\/\/schema.org","@graph":[{"@type":"WebPage","@id":"https:\/\/www.ecoceutics.com\/ca\/crema-mans\/","url":"https:\/\/www.ecoceutics.com\/ca\/crema-mans\/","name":"Sens Crema de mans amb oli d'oliva |\u00a0Farm\u00e0cies Ecoceutics","isPartOf":{"@id":"https:\/\/www.ecoceutics.com\/ca\/#website"},"primaryImageOfPage":{"@id":"https:\/\/www.ecoceutics.com\/ca\/crema-mans\/#primaryimage"},"image":{"@id":"https:\/\/www.ecoceutics.com\/ca\/crema-mans\/#primaryimage"},"thumbnailUrl":"https:\/\/www.ecoceutics.com\/wp-content\/uploads\/2021\/09\/672x672_crema-mans.jpg","datePublished":"2021-09-13T13:12:42+00:00","dateModified":"2024-05-08T15:12:34+00:00","description":"La crema de mans de la marca Sens est\u00e0 formulada per a nodrir, reparar i protegir les mans gr\u00e0cies a la seva f\u00f3rmula amb oli d'oliva.","breadcrumb":{"@id":"https:\/\/www.ecoceutics.com\/ca\/crema-mans\/#breadcrumb"},"inLanguage":"ca","potentialAction":[{"@type":"ReadAction","target":["https:\/\/www.ecoceutics.com\/ca\/crema-mans\/"]}]},{"@type":"ImageObject","inLanguage":"ca","@id":"https:\/\/www.ecoceutics.com\/ca\/crema-mans\/#primaryimage","url":"https:\/\/www.ecoceutics.com\/wp-content\/uploads\/2021\/09\/672x672_crema-mans.jpg","contentUrl":"https:\/\/www.ecoceutics.com\/wp-content\/uploads\/2021\/09\/672x672_crema-mans.jpg","width":672,"height":672},{"@type":"BreadcrumbList","@id":"https:\/\/www.ecoceutics.com\/ca\/crema-mans\/#breadcrumb","itemListElement":[{"@type":"ListItem","position":1,"name":"Portada","item":"https:\/\/www.ecoceutics.com\/ca\/"},{"@type":"ListItem","position":2,"name":"Sens Crema de mans"}]},{"@type":"WebSite","@id":"https:\/\/www.ecoceutics.com\/ca\/#website","url":"https:\/\/www.ecoceutics.com\/ca\/","name":"ecoceutics","description":"Primera red de farmacias independientes bajo una marca","publisher":{"@id":"https:\/\/www.ecoceutics.com\/ca\/#organization"},"potentialAction":[{"@type":"SearchAction","target":{"@type":"EntryPoint","urlTemplate":"https:\/\/www.ecoceutics.com\/ca\/?s={search_term_string}"},"query-input":{"@type":"PropertyValueSpecification","valueRequired":true,"valueName":"search_term_string"}}],"inLanguage":"ca"},{"@type":"Organization","@id":"https:\/\/www.ecoceutics.com\/ca\/#organization","name":"Ecoceutics","url":"https:\/\/www.ecoceutics.com\/ca\/","logo":{"@type":"ImageObject","inLanguage":"ca","@id":"https:\/\/www.ecoceutics.com\/ca\/#\/schema\/logo\/image\/","url":"https:\/\/www.ecoceutics.com\/wp-content\/uploads\/2022\/02\/Logo-Ecoceutics-SVG-01-1.svg","contentUrl":"https:\/\/www.ecoceutics.com\/wp-content\/uploads\/2022\/02\/Logo-Ecoceutics-SVG-01-1.svg","width":232,"height":68,"caption":"Ecoceutics"},"image":{"@id":"https:\/\/www.ecoceutics.com\/ca\/#\/schema\/logo\/image\/"}}]}},"_links":{"self":[{"href":"https:\/\/www.ecoceutics.com\/ca\/wp-json\/wp\/v2\/product\/18745","targetHints":{"allow":["GET"]}}],"collection":[{"href":"https:\/\/www.ecoceutics.com\/ca\/wp-json\/wp\/v2\/product"}],"about":[{"href":"https:\/\/www.ecoceutics.com\/ca\/wp-json\/wp\/v2\/types\/product"}],"wp:featuredmedia":[{"embeddable":true,"href":"https:\/\/www.ecoceutics.com\/ca\/wp-json\/wp\/v2\/media\/18435"}],"wp:attachment":[{"href":"https:\/\/www.ecoceutics.com\/ca\/wp-json\/wp\/v2\/media?parent=18745"}],"wp:term":[{"taxonomy":"product_brand","embeddable":true,"href":"https:\/\/www.ecoceutics.com\/ca\/wp-json\/wp\/v2\/product_brand?post=18745"},{"taxonomy":"product_cat","embeddable":true,"href":"https:\/\/www.ecoceutics.com\/ca\/wp-json\/wp\/v2\/product_cat?post=18745"},{"taxonomy":"product_tag","embeddable":true,"href":"https:\/\/www.ecoceutics.com\/ca\/wp-json\/wp\/v2\/product_tag?post=18745"},{"taxonomy":"beneficio","embeddable":true,"href":"https:\/\/www.ecoceutics.com\/ca\/wp-json\/wp\/v2\/beneficio?post=18745"}],"curies":[{"name":"wp","href":"https:\/\/api.w.org\/{rel}","templated":true}]}}