{"id":18746,"date":"2021-09-13T15:15:23","date_gmt":"2021-09-13T13:15:23","guid":{"rendered":"https:\/\/www.ecoceutics.com\/producto\/stick-labial-spf15\/"},"modified":"2024-05-08T16:47:20","modified_gmt":"2024-05-08T14:47:20","slug":"labial-hidratant","status":"publish","type":"product","link":"https:\/\/www.ecoceutics.com\/ca\/labial-hidratant\/","title":{"rendered":"Sens Stick Labial SPF15"},"content":{"rendered":"<p>Amb mantega de karit\u00e9 i vitamina E, ajuda a regenerar i hidratar la pell sensible dels llavis. A m\u00e9s, el stick labial est\u00e0 formulat amb SPF15 per protegir els llavis del sol, tant a l\u2019estiu com a l\u2019hivern.<\/p>\n<p>&nbsp;<\/p>\n<h3><a name=\"_Toc68018031\"><\/a><strong>Formulaci\u00f3 i propietats<\/strong><\/h3>\n<p>Llavis protegits i hidratats amb mantega de karit\u00e9 i vitamina e<\/p>\n<p><strong>Labial hidratant amb mantega de karit\u00e9<\/strong><\/p>\n<p>La mantega de karit\u00e9 \u00e9s un regenerador cel\u00b7lular natural, utilitzat durant segles, especialment a egipte i \u00e0frica, per les seves excepcionals propietats curatives i hidratants. Gr\u00e0cies a la seva rica composici\u00f3 plena de vitamines i minerals, \u00e9s molt beneficiosa per a la nostra pell.<\/p>\n<p>&nbsp;<\/p>\n<p><strong>Amb vitamina E<\/strong><\/p>\n<p>\u00c9s un potent antioxidant que evita l\u2019envelliment de la pell aconseguint retardar la seva arribada. Contribueix a la protecci\u00f3 de la pell contra els efectes nocius dels raigs solars i agents ambientals probablement contaminants.<\/p>\n<p>&nbsp;<\/p>\n<h3><a name=\"_Toc68018033\"><\/a><strong>Pensat per:<\/strong><\/h3>\n<ul>\n<li>Persones amb els llavis tallats.<\/li>\n<li>Hidratar i suavitzar els llavis.<\/li>\n<li>Restaurar la seva hidrataci\u00f3, flexibilitat i suavitat.<\/li>\n<\/ul>\n<p><strong>\u00a0<\/strong><\/p>\n<h3><a name=\"_Toc68001562\"><\/a><strong>Apte per:<\/strong><\/h3>\n<ul>\n<li>\u00das diari.<\/li>\n<\/ul>\n<p>&nbsp;<\/p>\n<h3><a name=\"_Toc67492994\"><\/a><strong>Mode d&#8217;\u00fas<\/strong><\/h3>\n<ul>\n<li>Aplicar a la la zona dels llavis deixant una lleugera capa de producte.<\/li>\n<\/ul>\n<p><strong>\u00a0<\/strong><\/p>\n<h3><a name=\"_Toc68018036\"><\/a><strong>Ingredients<\/strong><\/h3>\n<p>Paraffinum Liquidum, Cera alba, Octyldodecanol, Paraffin, Hydrogenated Microcrystalline Wax, Ethylhexyl Methoxycinnamate, Polythylene, Butyrospermum Parki butter, Butyl Methoxydibenzoylmethane, Parfum, Bisabolol, Tocopheryl Acetate, Bht, Propyl Gallate, CI 77891<\/p>\n","protected":false},"excerpt":{"rendered":"<p>Amb mantega de karit\u00e9<\/p>\n","protected":false},"featured_media":18437,"template":"","meta":{"_acf_changed":false,"inline_featured_image":false,"_mbp_gutenberg_autopost":false},"product_brand":[],"product_cat":[142],"product_tag":[139,143,141],"beneficio":[196,192,193],"class_list":{"0":"post-18746","1":"product","2":"type-product","3":"status-publish","4":"has-post-thumbnail","6":"product_cat-higiene-i-hidratacio","7":"product_tag-cura-corporal","8":"product_tag-hidratacio","9":"product_tag-prevencio","10":"beneficio-cura-capillar","11":"beneficio-cura-corporal","12":"beneficio-hidratacio","14":"first","15":"instock","16":"shipping-taxable","17":"product-type-simple"},"acf":[],"yoast_head":"<!-- This site is optimized with the Yoast SEO plugin v27.5 - https:\/\/yoast.com\/product\/yoast-seo-wordpress\/ -->\n<title>Sens Labial hidratant SPF15 | Farm\u00e0cies Ecoceutics<\/title>\n<meta name=\"description\" content=\"Sens stick labial hidratant t\u00e9 un SPF15 per protegir els teus llavis de les agressions del fred i dels rajos solars.\" \/>\n<meta name=\"robots\" content=\"index, follow, max-snippet:-1, max-image-preview:large, max-video-preview:-1\" \/>\n<link rel=\"canonical\" href=\"https:\/\/www.ecoceutics.com\/ca\/labial-hidratant\/\" \/>\n<meta property=\"og:locale\" content=\"ca_ES\" \/>\n<meta property=\"og:type\" content=\"article\" \/>\n<meta property=\"og:title\" content=\"Sens Labial hidratant SPF15 | Farm\u00e0cies Ecoceutics\" \/>\n<meta property=\"og:description\" content=\"Sens stick labial hidratant t\u00e9 un SPF15 per protegir els teus llavis de les agressions del fred i dels rajos solars.\" \/>\n<meta property=\"og:url\" content=\"https:\/\/www.ecoceutics.com\/ca\/labial-hidratant\/\" \/>\n<meta property=\"og:site_name\" content=\"ecoceutics\" \/>\n<meta property=\"article:modified_time\" content=\"2024-05-08T14:47:20+00:00\" \/>\n<meta property=\"og:image\" content=\"https:\/\/www.ecoceutics.com\/wp-content\/uploads\/2021\/09\/672x672_stick-labial.jpg\" \/>\n\t<meta property=\"og:image:width\" content=\"672\" \/>\n\t<meta property=\"og:image:height\" content=\"672\" \/>\n\t<meta property=\"og:image:type\" content=\"image\/jpeg\" \/>\n<meta name=\"twitter:card\" content=\"summary_large_image\" \/>\n<meta name=\"twitter:label1\" content=\"Temps estimat de lectura\" \/>\n\t<meta name=\"twitter:data1\" content=\"1 minut\" \/>\n<script type=\"application\/ld+json\" class=\"yoast-schema-graph\">{\"@context\":\"https:\\\/\\\/schema.org\",\"@graph\":[{\"@type\":\"WebPage\",\"@id\":\"https:\\\/\\\/www.ecoceutics.com\\\/ca\\\/labial-hidratant\\\/\",\"url\":\"https:\\\/\\\/www.ecoceutics.com\\\/ca\\\/labial-hidratant\\\/\",\"name\":\"Sens Labial hidratant SPF15 | Farm\u00e0cies Ecoceutics\",\"isPartOf\":{\"@id\":\"https:\\\/\\\/www.ecoceutics.com\\\/ca\\\/#website\"},\"primaryImageOfPage\":{\"@id\":\"https:\\\/\\\/www.ecoceutics.com\\\/ca\\\/labial-hidratant\\\/#primaryimage\"},\"image\":{\"@id\":\"https:\\\/\\\/www.ecoceutics.com\\\/ca\\\/labial-hidratant\\\/#primaryimage\"},\"thumbnailUrl\":\"https:\\\/\\\/www.ecoceutics.com\\\/wp-content\\\/uploads\\\/2021\\\/09\\\/672x672_stick-labial.jpg\",\"datePublished\":\"2021-09-13T13:15:23+00:00\",\"dateModified\":\"2024-05-08T14:47:20+00:00\",\"description\":\"Sens stick labial hidratant t\u00e9 un SPF15 per protegir els teus llavis de les agressions del fred i dels rajos solars.\",\"breadcrumb\":{\"@id\":\"https:\\\/\\\/www.ecoceutics.com\\\/ca\\\/labial-hidratant\\\/#breadcrumb\"},\"inLanguage\":\"ca\",\"potentialAction\":[{\"@type\":\"ReadAction\",\"target\":[\"https:\\\/\\\/www.ecoceutics.com\\\/ca\\\/labial-hidratant\\\/\"]}]},{\"@type\":\"ImageObject\",\"inLanguage\":\"ca\",\"@id\":\"https:\\\/\\\/www.ecoceutics.com\\\/ca\\\/labial-hidratant\\\/#primaryimage\",\"url\":\"https:\\\/\\\/www.ecoceutics.com\\\/wp-content\\\/uploads\\\/2021\\\/09\\\/672x672_stick-labial.jpg\",\"contentUrl\":\"https:\\\/\\\/www.ecoceutics.com\\\/wp-content\\\/uploads\\\/2021\\\/09\\\/672x672_stick-labial.jpg\",\"width\":672,\"height\":672},{\"@type\":\"BreadcrumbList\",\"@id\":\"https:\\\/\\\/www.ecoceutics.com\\\/ca\\\/labial-hidratant\\\/#breadcrumb\",\"itemListElement\":[{\"@type\":\"ListItem\",\"position\":1,\"name\":\"Portada\",\"item\":\"https:\\\/\\\/www.ecoceutics.com\\\/ca\\\/\"},{\"@type\":\"ListItem\",\"position\":2,\"name\":\"Sens Stick Labial SPF15\"}]},{\"@type\":\"WebSite\",\"@id\":\"https:\\\/\\\/www.ecoceutics.com\\\/ca\\\/#website\",\"url\":\"https:\\\/\\\/www.ecoceutics.com\\\/ca\\\/\",\"name\":\"ecoceutics\",\"description\":\"Primera red de farmacias independientes bajo una marca\",\"publisher\":{\"@id\":\"https:\\\/\\\/www.ecoceutics.com\\\/ca\\\/#organization\"},\"potentialAction\":[{\"@type\":\"SearchAction\",\"target\":{\"@type\":\"EntryPoint\",\"urlTemplate\":\"https:\\\/\\\/www.ecoceutics.com\\\/ca\\\/?s={search_term_string}\"},\"query-input\":{\"@type\":\"PropertyValueSpecification\",\"valueRequired\":true,\"valueName\":\"search_term_string\"}}],\"inLanguage\":\"ca\"},{\"@type\":\"Organization\",\"@id\":\"https:\\\/\\\/www.ecoceutics.com\\\/ca\\\/#organization\",\"name\":\"Ecoceutics\",\"url\":\"https:\\\/\\\/www.ecoceutics.com\\\/ca\\\/\",\"logo\":{\"@type\":\"ImageObject\",\"inLanguage\":\"ca\",\"@id\":\"https:\\\/\\\/www.ecoceutics.com\\\/ca\\\/#\\\/schema\\\/logo\\\/image\\\/\",\"url\":\"https:\\\/\\\/www.ecoceutics.com\\\/wp-content\\\/uploads\\\/2022\\\/02\\\/Logo-Ecoceutics-SVG-01-1.svg\",\"contentUrl\":\"https:\\\/\\\/www.ecoceutics.com\\\/wp-content\\\/uploads\\\/2022\\\/02\\\/Logo-Ecoceutics-SVG-01-1.svg\",\"width\":232,\"height\":68,\"caption\":\"Ecoceutics\"},\"image\":{\"@id\":\"https:\\\/\\\/www.ecoceutics.com\\\/ca\\\/#\\\/schema\\\/logo\\\/image\\\/\"}}]}<\/script>\n<!-- \/ Yoast SEO plugin. -->","yoast_head_json":{"title":"Sens Labial hidratant SPF15 | Farm\u00e0cies Ecoceutics","description":"Sens stick labial hidratant t\u00e9 un SPF15 per protegir els teus llavis de les agressions del fred i dels rajos solars.","robots":{"index":"index","follow":"follow","max-snippet":"max-snippet:-1","max-image-preview":"max-image-preview:large","max-video-preview":"max-video-preview:-1"},"canonical":"https:\/\/www.ecoceutics.com\/ca\/labial-hidratant\/","og_locale":"ca_ES","og_type":"article","og_title":"Sens Labial hidratant SPF15 | Farm\u00e0cies Ecoceutics","og_description":"Sens stick labial hidratant t\u00e9 un SPF15 per protegir els teus llavis de les agressions del fred i dels rajos solars.","og_url":"https:\/\/www.ecoceutics.com\/ca\/labial-hidratant\/","og_site_name":"ecoceutics","article_modified_time":"2024-05-08T14:47:20+00:00","og_image":[{"width":672,"height":672,"url":"https:\/\/www.ecoceutics.com\/wp-content\/uploads\/2021\/09\/672x672_stick-labial.jpg","type":"image\/jpeg"}],"twitter_card":"summary_large_image","twitter_misc":{"Temps estimat de lectura":"1 minut"},"schema":{"@context":"https:\/\/schema.org","@graph":[{"@type":"WebPage","@id":"https:\/\/www.ecoceutics.com\/ca\/labial-hidratant\/","url":"https:\/\/www.ecoceutics.com\/ca\/labial-hidratant\/","name":"Sens Labial hidratant SPF15 | Farm\u00e0cies Ecoceutics","isPartOf":{"@id":"https:\/\/www.ecoceutics.com\/ca\/#website"},"primaryImageOfPage":{"@id":"https:\/\/www.ecoceutics.com\/ca\/labial-hidratant\/#primaryimage"},"image":{"@id":"https:\/\/www.ecoceutics.com\/ca\/labial-hidratant\/#primaryimage"},"thumbnailUrl":"https:\/\/www.ecoceutics.com\/wp-content\/uploads\/2021\/09\/672x672_stick-labial.jpg","datePublished":"2021-09-13T13:15:23+00:00","dateModified":"2024-05-08T14:47:20+00:00","description":"Sens stick labial hidratant t\u00e9 un SPF15 per protegir els teus llavis de les agressions del fred i dels rajos solars.","breadcrumb":{"@id":"https:\/\/www.ecoceutics.com\/ca\/labial-hidratant\/#breadcrumb"},"inLanguage":"ca","potentialAction":[{"@type":"ReadAction","target":["https:\/\/www.ecoceutics.com\/ca\/labial-hidratant\/"]}]},{"@type":"ImageObject","inLanguage":"ca","@id":"https:\/\/www.ecoceutics.com\/ca\/labial-hidratant\/#primaryimage","url":"https:\/\/www.ecoceutics.com\/wp-content\/uploads\/2021\/09\/672x672_stick-labial.jpg","contentUrl":"https:\/\/www.ecoceutics.com\/wp-content\/uploads\/2021\/09\/672x672_stick-labial.jpg","width":672,"height":672},{"@type":"BreadcrumbList","@id":"https:\/\/www.ecoceutics.com\/ca\/labial-hidratant\/#breadcrumb","itemListElement":[{"@type":"ListItem","position":1,"name":"Portada","item":"https:\/\/www.ecoceutics.com\/ca\/"},{"@type":"ListItem","position":2,"name":"Sens Stick Labial SPF15"}]},{"@type":"WebSite","@id":"https:\/\/www.ecoceutics.com\/ca\/#website","url":"https:\/\/www.ecoceutics.com\/ca\/","name":"ecoceutics","description":"Primera red de farmacias independientes bajo una marca","publisher":{"@id":"https:\/\/www.ecoceutics.com\/ca\/#organization"},"potentialAction":[{"@type":"SearchAction","target":{"@type":"EntryPoint","urlTemplate":"https:\/\/www.ecoceutics.com\/ca\/?s={search_term_string}"},"query-input":{"@type":"PropertyValueSpecification","valueRequired":true,"valueName":"search_term_string"}}],"inLanguage":"ca"},{"@type":"Organization","@id":"https:\/\/www.ecoceutics.com\/ca\/#organization","name":"Ecoceutics","url":"https:\/\/www.ecoceutics.com\/ca\/","logo":{"@type":"ImageObject","inLanguage":"ca","@id":"https:\/\/www.ecoceutics.com\/ca\/#\/schema\/logo\/image\/","url":"https:\/\/www.ecoceutics.com\/wp-content\/uploads\/2022\/02\/Logo-Ecoceutics-SVG-01-1.svg","contentUrl":"https:\/\/www.ecoceutics.com\/wp-content\/uploads\/2022\/02\/Logo-Ecoceutics-SVG-01-1.svg","width":232,"height":68,"caption":"Ecoceutics"},"image":{"@id":"https:\/\/www.ecoceutics.com\/ca\/#\/schema\/logo\/image\/"}}]}},"_links":{"self":[{"href":"https:\/\/www.ecoceutics.com\/ca\/wp-json\/wp\/v2\/product\/18746","targetHints":{"allow":["GET"]}}],"collection":[{"href":"https:\/\/www.ecoceutics.com\/ca\/wp-json\/wp\/v2\/product"}],"about":[{"href":"https:\/\/www.ecoceutics.com\/ca\/wp-json\/wp\/v2\/types\/product"}],"wp:featuredmedia":[{"embeddable":true,"href":"https:\/\/www.ecoceutics.com\/ca\/wp-json\/wp\/v2\/media\/18437"}],"wp:attachment":[{"href":"https:\/\/www.ecoceutics.com\/ca\/wp-json\/wp\/v2\/media?parent=18746"}],"wp:term":[{"taxonomy":"product_brand","embeddable":true,"href":"https:\/\/www.ecoceutics.com\/ca\/wp-json\/wp\/v2\/product_brand?post=18746"},{"taxonomy":"product_cat","embeddable":true,"href":"https:\/\/www.ecoceutics.com\/ca\/wp-json\/wp\/v2\/product_cat?post=18746"},{"taxonomy":"product_tag","embeddable":true,"href":"https:\/\/www.ecoceutics.com\/ca\/wp-json\/wp\/v2\/product_tag?post=18746"},{"taxonomy":"beneficio","embeddable":true,"href":"https:\/\/www.ecoceutics.com\/ca\/wp-json\/wp\/v2\/beneficio?post=18746"}],"curies":[{"name":"wp","href":"https:\/\/api.w.org\/{rel}","templated":true}]}}