{"id":18747,"date":"2021-09-13T15:20:36","date_gmt":"2021-09-13T13:20:36","guid":{"rendered":"https:\/\/www.ecoceutics.com\/producto\/toallitas-bebe\/"},"modified":"2024-05-08T18:14:01","modified_gmt":"2024-05-08T16:14:01","slug":"tovalloletes","status":"publish","type":"product","link":"https:\/\/www.ecoceutics.com\/ca\/tovalloletes\/","title":{"rendered":"Piu Tovalloletes per a beb\u00e8s"},"content":{"rendered":"<p>Ideals per a hidratar, protegir i suavitzar la pell del nad\u00f3 gr\u00e0cies a la seva composici\u00f3 amb oli d\u2019arg\u00e0nia. Aquest oli aconsegueix mantenir sana i hidratada la pell a m\u00e9s d\u2019aconseguir resultats prolongats en el temps.<\/p>\n<p>Un altre factor important que caracteritza les tovalloletes ecovital Piu \u00e9s la seva f\u00f3rmula Nutrimilk, amb llet d\u2019arr\u00f2s integral, al\u00b7lanto\u00efna i mantega de karit\u00e9, que forma una capa protectora i proporciona suavitat a la pell dels m\u00e9s petits. Est\u00e0 disponible tamb\u00e9 en pack estalvi.<\/p>\n<p><strong>\u00a0<\/strong><\/p>\n<h3><a name=\"_Toc68019529\"><\/a><strong>Formulaci\u00f3 i propietats<\/strong><\/h3>\n<p>Hidrata, protegeix y suavitza la pell<\/p>\n<p><strong>Amb propietats hidratants<\/strong><\/p>\n<p>Amb l\u2019oli d\u2019arg\u00e0nia aconseguir\u00e0s que la pell del teu nad\u00f3 estigui sana i hidratada de forma natural.<\/p>\n<p>L\u2019oli d\u2019ag\u00e0nia s\u2019obt\u00e9 de l\u2019arbre d\u2019arg\u00e0nia, el qual el seu fruit s\u00f3n les ametlles d\u2019arg\u00e0nia i que aquestes, una vegada extretes, s\u2019assequen i es fa l\u2019oli. Aquest oli t\u00e9 moltes propietats beneficioses per la pell. En concret, una d\u2019elles \u00e9s una hidrataci\u00f3 r\u00e0pida, i prolongada en el temps.<\/p>\n<p><strong>Amb propietats protectores i suavitzants<\/strong><\/p>\n<p>Gr\u00e0cies a la f\u00f3rmula nutrimilk.<\/p>\n<p>La f\u00f3rmula nutrimilk de les tovalloletes ecovital piu s\u2019aconsegueix amb la llet d\u2019arr\u00f2s integral, al\u00b7lanto\u00efna i mantega de karit\u00e9. Aquests ingredients combinats creen una capa protectora que a m\u00e9s de protegir dona suavitat.<\/p>\n<p><strong>Respecte el ph<\/strong><\/p>\n<p>Garanteix una acci\u00f3 delicada sobre l\u2019epidermis sense alternar el ph fisiol\u00f2gic i natural de la pell de nad\u00f3<\/p>\n<p>El ph s\u2019expressa num\u00e8ricament (del 0 al 14) indicant l\u2019\u00e0cid o alcalinitat que cont\u00e9 una subst\u00e0ncia. Si el ph de la subst\u00e0ncia no est\u00e0 equilibrat amb el ph del nostra cos, tindrem alteracions cut\u00e0nies, aix\u00ed com: caiguda del cabell, pell irritada, etc.<\/p>\n<p><strong>Major estalvi<\/strong><\/p>\n<p>Gr\u00e0cies a l\u2019estructura de panel d\u2019abella i les dues cares (una rugosa i una llisa), et facilitar\u00e0 una neteja complerta amb una \u00fanica tovalloleta.<\/p>\n<p><strong>Tamb\u00e9 disponible en pack estalvi<\/strong><\/p>\n<p><strong>\u00a0<\/strong><a name=\"_Toc67492992\"><\/a><\/p>\n<h3>Pensat per a:<\/h3>\n<p>La pell sensible del nad\u00f3.<\/p>\n<p>&nbsp;<\/p>\n<h3>Apte per a:<\/h3>\n<ul>\n<li>\u00das diari.<\/li>\n<li>Nadons a partir dels 0 mesos.<\/li>\n<\/ul>\n<h3><\/h3>\n<h3>Mode d&#8217;\u00fas:<\/h3>\n<ul>\n<li>Tibar la tovalloleta pels extrems aconseguint engrandir-la, passar la banda amb relleu per la zona \u00edntima, doblegar la banda emprada i, finalment, passar la bansa llisa de la tovalloleta per a un resultat \u00f2ptim.<\/li>\n<li>Una vegada usat el producte, tancar amb cura la tapa per a preservar la higiene i la humidificaci\u00f3 de les tovalloletes.<\/li>\n<\/ul>\n<p>&nbsp;<\/p>\n<h3><a name=\"_Toc68009592\"><\/a><strong>Ingredients<\/strong><\/h3>\n<p>Aqua, Lauryl Glucoside, Polyglyceryl-2 Dipolyhydroxystearate, Coco Glucoside, Hexyldecanol, Hexyldecyl Laurate, C12-15 Alkyl Benzoate, Argania Spinosa Oil, Butyrospermum Parkii Butter, Glycerin, Aloe Barbadensis Leaf Juice, Oryza Sativa Starch, Oryza Sativa Bran Oil, Hydrolyzed Rice Protein,Chamomilla Recutita Extract, Bisabolol, Allantoin, Tocopheryl Acetate, Sodium Benzoate, Potassium Sorbate, Tetrasodium Glutamate Diacetate, Parfum, Caprylyl Glycol, Xantham Gum, Citric Acid, Sodium Levulinate.<\/p>\n","protected":false},"excerpt":{"rendered":"<p>Amb oli d&#8217;arg\u00e0nia<\/p>\n","protected":false},"featured_media":18508,"template":"","meta":{"_acf_changed":false,"inline_featured_image":false,"_mbp_gutenberg_autopost":false},"product_brand":[],"product_cat":[154],"product_tag":[167,155],"beneficio":[194,199],"class_list":{"0":"post-18747","1":"product","2":"type-product","3":"status-publish","4":"has-post-thumbnail","6":"product_cat-pel-teu-nado","7":"product_tag-higiene-ca","8":"product_tag-pell-del-nado","9":"beneficio-higiene-2","10":"beneficio-pell-del-nado","12":"first","13":"instock","14":"shipping-taxable","15":"product-type-simple"},"acf":[],"yoast_head":"<!-- This site is optimized with the Yoast SEO plugin v27.4 - https:\/\/yoast.com\/product\/yoast-seo-wordpress\/ -->\n<title>Piu Tovalloletes per a nadons | Farmacias Ecoceutics<\/title>\n<meta name=\"description\" content=\"Les tovalloletes de Piu contenen oli d&#039;arg\u00e0nia que faran que la pell del teu nad\u00f3 estigui sana i hidratada de forma natural.\" \/>\n<meta name=\"robots\" content=\"index, follow, max-snippet:-1, max-image-preview:large, max-video-preview:-1\" \/>\n<link rel=\"canonical\" href=\"https:\/\/www.ecoceutics.com\/ca\/tovalloletes\/\" \/>\n<meta property=\"og:locale\" content=\"ca_ES\" \/>\n<meta property=\"og:type\" content=\"article\" \/>\n<meta property=\"og:title\" content=\"Piu Tovalloletes per a nadons | Farmacias Ecoceutics\" \/>\n<meta property=\"og:description\" content=\"Les tovalloletes de Piu contenen oli d&#039;arg\u00e0nia que faran que la pell del teu nad\u00f3 estigui sana i hidratada de forma natural.\" \/>\n<meta property=\"og:url\" content=\"https:\/\/www.ecoceutics.com\/ca\/tovalloletes\/\" \/>\n<meta property=\"og:site_name\" content=\"ecoceutics\" \/>\n<meta property=\"article:modified_time\" content=\"2024-05-08T16:14:01+00:00\" \/>\n<meta property=\"og:image\" content=\"https:\/\/www.ecoceutics.com\/wp-content\/uploads\/2021\/09\/672x672_tovalloletes.jpg\" \/>\n\t<meta property=\"og:image:width\" content=\"672\" \/>\n\t<meta property=\"og:image:height\" content=\"672\" \/>\n\t<meta property=\"og:image:type\" content=\"image\/jpeg\" \/>\n<meta name=\"twitter:card\" content=\"summary_large_image\" \/>\n<meta name=\"twitter:label1\" content=\"Temps estimat de lectura\" \/>\n\t<meta name=\"twitter:data1\" content=\"2 minuts\" \/>\n<script type=\"application\/ld+json\" class=\"yoast-schema-graph\">{\"@context\":\"https:\\\/\\\/schema.org\",\"@graph\":[{\"@type\":\"WebPage\",\"@id\":\"https:\\\/\\\/www.ecoceutics.com\\\/ca\\\/tovalloletes\\\/\",\"url\":\"https:\\\/\\\/www.ecoceutics.com\\\/ca\\\/tovalloletes\\\/\",\"name\":\"Piu Tovalloletes per a nadons | Farmacias Ecoceutics\",\"isPartOf\":{\"@id\":\"https:\\\/\\\/www.ecoceutics.com\\\/ca\\\/#website\"},\"primaryImageOfPage\":{\"@id\":\"https:\\\/\\\/www.ecoceutics.com\\\/ca\\\/tovalloletes\\\/#primaryimage\"},\"image\":{\"@id\":\"https:\\\/\\\/www.ecoceutics.com\\\/ca\\\/tovalloletes\\\/#primaryimage\"},\"thumbnailUrl\":\"https:\\\/\\\/www.ecoceutics.com\\\/wp-content\\\/uploads\\\/2021\\\/09\\\/672x672_tovalloletes.jpg\",\"datePublished\":\"2021-09-13T13:20:36+00:00\",\"dateModified\":\"2024-05-08T16:14:01+00:00\",\"description\":\"Les tovalloletes de Piu contenen oli d'arg\u00e0nia que faran que la pell del teu nad\u00f3 estigui sana i hidratada de forma natural.\",\"breadcrumb\":{\"@id\":\"https:\\\/\\\/www.ecoceutics.com\\\/ca\\\/tovalloletes\\\/#breadcrumb\"},\"inLanguage\":\"ca\",\"potentialAction\":[{\"@type\":\"ReadAction\",\"target\":[\"https:\\\/\\\/www.ecoceutics.com\\\/ca\\\/tovalloletes\\\/\"]}]},{\"@type\":\"ImageObject\",\"inLanguage\":\"ca\",\"@id\":\"https:\\\/\\\/www.ecoceutics.com\\\/ca\\\/tovalloletes\\\/#primaryimage\",\"url\":\"https:\\\/\\\/www.ecoceutics.com\\\/wp-content\\\/uploads\\\/2021\\\/09\\\/672x672_tovalloletes.jpg\",\"contentUrl\":\"https:\\\/\\\/www.ecoceutics.com\\\/wp-content\\\/uploads\\\/2021\\\/09\\\/672x672_tovalloletes.jpg\",\"width\":672,\"height\":672,\"caption\":\"Toallitas para beb\u00e9s\"},{\"@type\":\"BreadcrumbList\",\"@id\":\"https:\\\/\\\/www.ecoceutics.com\\\/ca\\\/tovalloletes\\\/#breadcrumb\",\"itemListElement\":[{\"@type\":\"ListItem\",\"position\":1,\"name\":\"Portada\",\"item\":\"https:\\\/\\\/www.ecoceutics.com\\\/ca\\\/\"},{\"@type\":\"ListItem\",\"position\":2,\"name\":\"Piu Tovalloletes per a beb\u00e8s\"}]},{\"@type\":\"WebSite\",\"@id\":\"https:\\\/\\\/www.ecoceutics.com\\\/ca\\\/#website\",\"url\":\"https:\\\/\\\/www.ecoceutics.com\\\/ca\\\/\",\"name\":\"ecoceutics\",\"description\":\"Primera red de farmacias independientes bajo una marca\",\"publisher\":{\"@id\":\"https:\\\/\\\/www.ecoceutics.com\\\/ca\\\/#organization\"},\"potentialAction\":[{\"@type\":\"SearchAction\",\"target\":{\"@type\":\"EntryPoint\",\"urlTemplate\":\"https:\\\/\\\/www.ecoceutics.com\\\/ca\\\/?s={search_term_string}\"},\"query-input\":{\"@type\":\"PropertyValueSpecification\",\"valueRequired\":true,\"valueName\":\"search_term_string\"}}],\"inLanguage\":\"ca\"},{\"@type\":\"Organization\",\"@id\":\"https:\\\/\\\/www.ecoceutics.com\\\/ca\\\/#organization\",\"name\":\"Ecoceutics\",\"url\":\"https:\\\/\\\/www.ecoceutics.com\\\/ca\\\/\",\"logo\":{\"@type\":\"ImageObject\",\"inLanguage\":\"ca\",\"@id\":\"https:\\\/\\\/www.ecoceutics.com\\\/ca\\\/#\\\/schema\\\/logo\\\/image\\\/\",\"url\":\"https:\\\/\\\/www.ecoceutics.com\\\/wp-content\\\/uploads\\\/2022\\\/02\\\/Logo-Ecoceutics-SVG-01-1.svg\",\"contentUrl\":\"https:\\\/\\\/www.ecoceutics.com\\\/wp-content\\\/uploads\\\/2022\\\/02\\\/Logo-Ecoceutics-SVG-01-1.svg\",\"width\":232,\"height\":68,\"caption\":\"Ecoceutics\"},\"image\":{\"@id\":\"https:\\\/\\\/www.ecoceutics.com\\\/ca\\\/#\\\/schema\\\/logo\\\/image\\\/\"}}]}<\/script>\n<!-- \/ Yoast SEO plugin. -->","yoast_head_json":{"title":"Piu Tovalloletes per a nadons | Farmacias Ecoceutics","description":"Les tovalloletes de Piu contenen oli d'arg\u00e0nia que faran que la pell del teu nad\u00f3 estigui sana i hidratada de forma natural.","robots":{"index":"index","follow":"follow","max-snippet":"max-snippet:-1","max-image-preview":"max-image-preview:large","max-video-preview":"max-video-preview:-1"},"canonical":"https:\/\/www.ecoceutics.com\/ca\/tovalloletes\/","og_locale":"ca_ES","og_type":"article","og_title":"Piu Tovalloletes per a nadons | Farmacias Ecoceutics","og_description":"Les tovalloletes de Piu contenen oli d'arg\u00e0nia que faran que la pell del teu nad\u00f3 estigui sana i hidratada de forma natural.","og_url":"https:\/\/www.ecoceutics.com\/ca\/tovalloletes\/","og_site_name":"ecoceutics","article_modified_time":"2024-05-08T16:14:01+00:00","og_image":[{"width":672,"height":672,"url":"https:\/\/www.ecoceutics.com\/wp-content\/uploads\/2021\/09\/672x672_tovalloletes.jpg","type":"image\/jpeg"}],"twitter_card":"summary_large_image","twitter_misc":{"Temps estimat de lectura":"2 minuts"},"schema":{"@context":"https:\/\/schema.org","@graph":[{"@type":"WebPage","@id":"https:\/\/www.ecoceutics.com\/ca\/tovalloletes\/","url":"https:\/\/www.ecoceutics.com\/ca\/tovalloletes\/","name":"Piu Tovalloletes per a nadons | Farmacias Ecoceutics","isPartOf":{"@id":"https:\/\/www.ecoceutics.com\/ca\/#website"},"primaryImageOfPage":{"@id":"https:\/\/www.ecoceutics.com\/ca\/tovalloletes\/#primaryimage"},"image":{"@id":"https:\/\/www.ecoceutics.com\/ca\/tovalloletes\/#primaryimage"},"thumbnailUrl":"https:\/\/www.ecoceutics.com\/wp-content\/uploads\/2021\/09\/672x672_tovalloletes.jpg","datePublished":"2021-09-13T13:20:36+00:00","dateModified":"2024-05-08T16:14:01+00:00","description":"Les tovalloletes de Piu contenen oli d'arg\u00e0nia que faran que la pell del teu nad\u00f3 estigui sana i hidratada de forma natural.","breadcrumb":{"@id":"https:\/\/www.ecoceutics.com\/ca\/tovalloletes\/#breadcrumb"},"inLanguage":"ca","potentialAction":[{"@type":"ReadAction","target":["https:\/\/www.ecoceutics.com\/ca\/tovalloletes\/"]}]},{"@type":"ImageObject","inLanguage":"ca","@id":"https:\/\/www.ecoceutics.com\/ca\/tovalloletes\/#primaryimage","url":"https:\/\/www.ecoceutics.com\/wp-content\/uploads\/2021\/09\/672x672_tovalloletes.jpg","contentUrl":"https:\/\/www.ecoceutics.com\/wp-content\/uploads\/2021\/09\/672x672_tovalloletes.jpg","width":672,"height":672,"caption":"Toallitas para beb\u00e9s"},{"@type":"BreadcrumbList","@id":"https:\/\/www.ecoceutics.com\/ca\/tovalloletes\/#breadcrumb","itemListElement":[{"@type":"ListItem","position":1,"name":"Portada","item":"https:\/\/www.ecoceutics.com\/ca\/"},{"@type":"ListItem","position":2,"name":"Piu Tovalloletes per a beb\u00e8s"}]},{"@type":"WebSite","@id":"https:\/\/www.ecoceutics.com\/ca\/#website","url":"https:\/\/www.ecoceutics.com\/ca\/","name":"ecoceutics","description":"Primera red de farmacias independientes bajo una marca","publisher":{"@id":"https:\/\/www.ecoceutics.com\/ca\/#organization"},"potentialAction":[{"@type":"SearchAction","target":{"@type":"EntryPoint","urlTemplate":"https:\/\/www.ecoceutics.com\/ca\/?s={search_term_string}"},"query-input":{"@type":"PropertyValueSpecification","valueRequired":true,"valueName":"search_term_string"}}],"inLanguage":"ca"},{"@type":"Organization","@id":"https:\/\/www.ecoceutics.com\/ca\/#organization","name":"Ecoceutics","url":"https:\/\/www.ecoceutics.com\/ca\/","logo":{"@type":"ImageObject","inLanguage":"ca","@id":"https:\/\/www.ecoceutics.com\/ca\/#\/schema\/logo\/image\/","url":"https:\/\/www.ecoceutics.com\/wp-content\/uploads\/2022\/02\/Logo-Ecoceutics-SVG-01-1.svg","contentUrl":"https:\/\/www.ecoceutics.com\/wp-content\/uploads\/2022\/02\/Logo-Ecoceutics-SVG-01-1.svg","width":232,"height":68,"caption":"Ecoceutics"},"image":{"@id":"https:\/\/www.ecoceutics.com\/ca\/#\/schema\/logo\/image\/"}}]}},"_links":{"self":[{"href":"https:\/\/www.ecoceutics.com\/ca\/wp-json\/wp\/v2\/product\/18747","targetHints":{"allow":["GET"]}}],"collection":[{"href":"https:\/\/www.ecoceutics.com\/ca\/wp-json\/wp\/v2\/product"}],"about":[{"href":"https:\/\/www.ecoceutics.com\/ca\/wp-json\/wp\/v2\/types\/product"}],"wp:featuredmedia":[{"embeddable":true,"href":"https:\/\/www.ecoceutics.com\/ca\/wp-json\/wp\/v2\/media\/18508"}],"wp:attachment":[{"href":"https:\/\/www.ecoceutics.com\/ca\/wp-json\/wp\/v2\/media?parent=18747"}],"wp:term":[{"taxonomy":"product_brand","embeddable":true,"href":"https:\/\/www.ecoceutics.com\/ca\/wp-json\/wp\/v2\/product_brand?post=18747"},{"taxonomy":"product_cat","embeddable":true,"href":"https:\/\/www.ecoceutics.com\/ca\/wp-json\/wp\/v2\/product_cat?post=18747"},{"taxonomy":"product_tag","embeddable":true,"href":"https:\/\/www.ecoceutics.com\/ca\/wp-json\/wp\/v2\/product_tag?post=18747"},{"taxonomy":"beneficio","embeddable":true,"href":"https:\/\/www.ecoceutics.com\/ca\/wp-json\/wp\/v2\/beneficio?post=18747"}],"curies":[{"name":"wp","href":"https:\/\/api.w.org\/{rel}","templated":true}]}}