{"id":18748,"date":"2021-09-13T15:28:37","date_gmt":"2021-09-13T13:28:37","guid":{"rendered":"https:\/\/www.ecoceutics.com\/producto\/pasta-al-agua\/"},"modified":"2024-05-08T18:35:03","modified_gmt":"2024-05-08T16:35:03","slug":"pasta-a-laigua","status":"publish","type":"product","link":"https:\/\/www.ecoceutics.com\/ca\/pasta-a-laigua\/","title":{"rendered":"Piu Pasta a l&#8217;aigua"},"content":{"rendered":"<p>Aquesta pasta pensada per a reparar, sanejar i prevenir irritacions produ\u00efdes pel bolquer, \u00e9s rica amb ceramides i omega 3, 6 i 9. Aporta propietats calmants i suavitzants a la pell del nad\u00f3, potenciant la hidrataci\u00f3 natural de la mateixa pell.<\/p>\n<p>&nbsp;<\/p>\n<h3><a name=\"_Toc67492990\"><\/a><\/h3>\n<h3><a name=\"_Toc68019529\"><\/a><strong>Formulaci\u00f3 i propietats<\/strong><\/h3>\n<p><strong>Evita les irritacions causades pel bolquer<\/strong><\/p>\n<p>Per qu\u00e8 serveix la pasta a l\u2019aigua?<\/p>\n<p>Per reparar, sanejar i prevenir les irritacions produ\u00efdes pel bolquer. Sense deixar la pell blanca.<\/p>\n<p><strong>Amb olis vegetals<\/strong><\/p>\n<p>Aporten propietats calmants i suavitzants a la pell del nad\u00f3.<\/p>\n<p><strong>Amb \u00f2xid de zinc<\/strong><\/p>\n<p>Ajuda a regenerar i mantenir la pell seca per minimitzar les irritacions i reaccions cut\u00e0nies.<\/p>\n<p><strong>Rica amb ceramides i omega 3,6 i 9<\/strong><\/p>\n<p>Potencien la hidrataci\u00f3 natural de la pell.<\/p>\n<p>Exerceix com a lubricant i protector de la dermis del teu nad\u00f3.<\/p>\n<p>En cas de tenir la pell amb danys tamb\u00e9 contribueix a una r\u00e0pida recuperaci\u00f3.<\/p>\n<p>No taca la roba<\/p>\n<p><strong>Tamb\u00e9 disponible en pack estalvi<\/strong><\/p>\n<p>&nbsp;<\/p>\n<h3><strong>Pensat per:<\/strong><\/h3>\n<ul>\n<li>La pell sensible del nad\u00f3<\/li>\n<\/ul>\n<p>&nbsp;<\/p>\n<h3><a name=\"_Toc68001562\"><\/a><strong>Apte per:<\/strong><\/h3>\n<ul>\n<li>\u00das diari.<\/li>\n<li>Nadons a partir dels 0 mesos.<\/li>\n<\/ul>\n<p><strong>\u00a0<\/strong><\/p>\n<h3><a name=\"_Toc68019533\"><\/a><strong>Mode d&#8217;\u00fas<\/strong><\/h3>\n<ul>\n<li>Aplicar una capa homog\u00e8nia sobre la pell neta i seca en cada canvi de bolquer.<\/li>\n<\/ul>\n<p>&nbsp;<\/p>\n<h3><a name=\"_Toc68019534\"><\/a><strong>Ingredients<\/strong><\/h3>\n<p>Glycerin, aqua (water), zinc oxide, caprylic \/capric triglyceride, caprylic\/capric\/myristic\/stearic triglyceride, cetyl alcohol, coco-caprylate\/caprate, polyglyceryl-6 distearate, glyceryl stearate se, ricinus communis (castor) seed oil, oleic\/linoleic\/linolenic polyglycerides, jojoba esters, phenethyl alcohol, hexyldecanol, butyrospermum parkii (shea) butter, caprylyl glycol, parfum (fragrance), prunus amygdalus dulcis (sweet almond) oil, polyglyceryl-3 beeswax, xanthan gum, tocopheryl acetate, glycine soja (soybean) oil, hydrogenated castor oil, panthenol, potassium stearate, cera alba (beeswax), copernicia cerifera (carnauba wax) cera, citric acid, \u00a0stearic acid, bisabolol, cetylhydroxyproline palmitamide, brassica campestris (rapeseed) sterols, calendula officinalis flower extract, tocopherol.<\/p>\n","protected":false},"excerpt":{"rendered":"<p>Calma les irritacions causades pels bolquers<\/p>\n","protected":false},"featured_media":18510,"template":"","meta":{"_acf_changed":false,"inline_featured_image":false,"_mbp_gutenberg_autopost":false},"product_brand":[],"product_cat":[154],"product_tag":[143,155],"beneficio":[193,199],"class_list":{"0":"post-18748","1":"product","2":"type-product","3":"status-publish","4":"has-post-thumbnail","6":"product_cat-pel-teu-nado","7":"product_tag-hidratacio","8":"product_tag-pell-del-nado","9":"beneficio-hidratacio","10":"beneficio-pell-del-nado","12":"first","13":"instock","14":"shipping-taxable","15":"product-type-simple"},"acf":[],"yoast_head":"<!-- This site is optimized with the Yoast SEO plugin v27.5 - https:\/\/yoast.com\/product\/yoast-seo-wordpress\/ -->\n<title>Piu Pasta a l&#039;aigua per a nadons | Farm\u00e0cies Ecoceutics<\/title>\n<meta name=\"description\" content=\"Piu pasta a l&#039;aigua Piu protegeix la dermis del teu nad\u00f3 i alleuja i evita les irritacions causades pel contacte amb el bolquer.\" \/>\n<meta name=\"robots\" content=\"index, follow, max-snippet:-1, max-image-preview:large, max-video-preview:-1\" \/>\n<link rel=\"canonical\" href=\"https:\/\/www.ecoceutics.com\/ca\/pasta-a-laigua\/\" \/>\n<meta property=\"og:locale\" content=\"ca_ES\" \/>\n<meta property=\"og:type\" content=\"article\" \/>\n<meta property=\"og:title\" content=\"Piu Pasta a l&#039;aigua per a nadons | Farm\u00e0cies Ecoceutics\" \/>\n<meta property=\"og:description\" content=\"Piu pasta a l&#039;aigua Piu protegeix la dermis del teu nad\u00f3 i alleuja i evita les irritacions causades pel contacte amb el bolquer.\" \/>\n<meta property=\"og:url\" content=\"https:\/\/www.ecoceutics.com\/ca\/pasta-a-laigua\/\" \/>\n<meta property=\"og:site_name\" content=\"ecoceutics\" \/>\n<meta property=\"article:modified_time\" content=\"2024-05-08T16:35:03+00:00\" \/>\n<meta property=\"og:image\" content=\"https:\/\/www.ecoceutics.com\/wp-content\/uploads\/2021\/09\/672x672_pasta-a-laigua.jpg\" \/>\n\t<meta property=\"og:image:width\" content=\"672\" \/>\n\t<meta property=\"og:image:height\" content=\"672\" \/>\n\t<meta property=\"og:image:type\" content=\"image\/jpeg\" \/>\n<meta name=\"twitter:card\" content=\"summary_large_image\" \/>\n<meta name=\"twitter:label1\" content=\"Temps estimat de lectura\" \/>\n\t<meta name=\"twitter:data1\" content=\"2 minuts\" \/>\n<script type=\"application\/ld+json\" class=\"yoast-schema-graph\">{\"@context\":\"https:\\\/\\\/schema.org\",\"@graph\":[{\"@type\":\"WebPage\",\"@id\":\"https:\\\/\\\/www.ecoceutics.com\\\/ca\\\/pasta-a-laigua\\\/\",\"url\":\"https:\\\/\\\/www.ecoceutics.com\\\/ca\\\/pasta-a-laigua\\\/\",\"name\":\"Piu Pasta a l'aigua per a nadons | Farm\u00e0cies Ecoceutics\",\"isPartOf\":{\"@id\":\"https:\\\/\\\/www.ecoceutics.com\\\/ca\\\/#website\"},\"primaryImageOfPage\":{\"@id\":\"https:\\\/\\\/www.ecoceutics.com\\\/ca\\\/pasta-a-laigua\\\/#primaryimage\"},\"image\":{\"@id\":\"https:\\\/\\\/www.ecoceutics.com\\\/ca\\\/pasta-a-laigua\\\/#primaryimage\"},\"thumbnailUrl\":\"https:\\\/\\\/www.ecoceutics.com\\\/wp-content\\\/uploads\\\/2021\\\/09\\\/672x672_pasta-a-laigua.jpg\",\"datePublished\":\"2021-09-13T13:28:37+00:00\",\"dateModified\":\"2024-05-08T16:35:03+00:00\",\"description\":\"Piu pasta a l'aigua Piu protegeix la dermis del teu nad\u00f3 i alleuja i evita les irritacions causades pel contacte amb el bolquer.\",\"breadcrumb\":{\"@id\":\"https:\\\/\\\/www.ecoceutics.com\\\/ca\\\/pasta-a-laigua\\\/#breadcrumb\"},\"inLanguage\":\"ca\",\"potentialAction\":[{\"@type\":\"ReadAction\",\"target\":[\"https:\\\/\\\/www.ecoceutics.com\\\/ca\\\/pasta-a-laigua\\\/\"]}]},{\"@type\":\"ImageObject\",\"inLanguage\":\"ca\",\"@id\":\"https:\\\/\\\/www.ecoceutics.com\\\/ca\\\/pasta-a-laigua\\\/#primaryimage\",\"url\":\"https:\\\/\\\/www.ecoceutics.com\\\/wp-content\\\/uploads\\\/2021\\\/09\\\/672x672_pasta-a-laigua.jpg\",\"contentUrl\":\"https:\\\/\\\/www.ecoceutics.com\\\/wp-content\\\/uploads\\\/2021\\\/09\\\/672x672_pasta-a-laigua.jpg\",\"width\":672,\"height\":672,\"caption\":\"Pasta a l'aigua ecoceutics\"},{\"@type\":\"BreadcrumbList\",\"@id\":\"https:\\\/\\\/www.ecoceutics.com\\\/ca\\\/pasta-a-laigua\\\/#breadcrumb\",\"itemListElement\":[{\"@type\":\"ListItem\",\"position\":1,\"name\":\"Portada\",\"item\":\"https:\\\/\\\/www.ecoceutics.com\\\/ca\\\/\"},{\"@type\":\"ListItem\",\"position\":2,\"name\":\"Piu Pasta a l&#8217;aigua\"}]},{\"@type\":\"WebSite\",\"@id\":\"https:\\\/\\\/www.ecoceutics.com\\\/ca\\\/#website\",\"url\":\"https:\\\/\\\/www.ecoceutics.com\\\/ca\\\/\",\"name\":\"ecoceutics\",\"description\":\"Primera red de farmacias independientes bajo una marca\",\"publisher\":{\"@id\":\"https:\\\/\\\/www.ecoceutics.com\\\/ca\\\/#organization\"},\"potentialAction\":[{\"@type\":\"SearchAction\",\"target\":{\"@type\":\"EntryPoint\",\"urlTemplate\":\"https:\\\/\\\/www.ecoceutics.com\\\/ca\\\/?s={search_term_string}\"},\"query-input\":{\"@type\":\"PropertyValueSpecification\",\"valueRequired\":true,\"valueName\":\"search_term_string\"}}],\"inLanguage\":\"ca\"},{\"@type\":\"Organization\",\"@id\":\"https:\\\/\\\/www.ecoceutics.com\\\/ca\\\/#organization\",\"name\":\"Ecoceutics\",\"url\":\"https:\\\/\\\/www.ecoceutics.com\\\/ca\\\/\",\"logo\":{\"@type\":\"ImageObject\",\"inLanguage\":\"ca\",\"@id\":\"https:\\\/\\\/www.ecoceutics.com\\\/ca\\\/#\\\/schema\\\/logo\\\/image\\\/\",\"url\":\"https:\\\/\\\/www.ecoceutics.com\\\/wp-content\\\/uploads\\\/2022\\\/02\\\/Logo-Ecoceutics-SVG-01-1.svg\",\"contentUrl\":\"https:\\\/\\\/www.ecoceutics.com\\\/wp-content\\\/uploads\\\/2022\\\/02\\\/Logo-Ecoceutics-SVG-01-1.svg\",\"width\":232,\"height\":68,\"caption\":\"Ecoceutics\"},\"image\":{\"@id\":\"https:\\\/\\\/www.ecoceutics.com\\\/ca\\\/#\\\/schema\\\/logo\\\/image\\\/\"}}]}<\/script>\n<!-- \/ Yoast SEO plugin. -->","yoast_head_json":{"title":"Piu Pasta a l'aigua per a nadons | Farm\u00e0cies Ecoceutics","description":"Piu pasta a l'aigua Piu protegeix la dermis del teu nad\u00f3 i alleuja i evita les irritacions causades pel contacte amb el bolquer.","robots":{"index":"index","follow":"follow","max-snippet":"max-snippet:-1","max-image-preview":"max-image-preview:large","max-video-preview":"max-video-preview:-1"},"canonical":"https:\/\/www.ecoceutics.com\/ca\/pasta-a-laigua\/","og_locale":"ca_ES","og_type":"article","og_title":"Piu Pasta a l'aigua per a nadons | Farm\u00e0cies Ecoceutics","og_description":"Piu pasta a l'aigua Piu protegeix la dermis del teu nad\u00f3 i alleuja i evita les irritacions causades pel contacte amb el bolquer.","og_url":"https:\/\/www.ecoceutics.com\/ca\/pasta-a-laigua\/","og_site_name":"ecoceutics","article_modified_time":"2024-05-08T16:35:03+00:00","og_image":[{"width":672,"height":672,"url":"https:\/\/www.ecoceutics.com\/wp-content\/uploads\/2021\/09\/672x672_pasta-a-laigua.jpg","type":"image\/jpeg"}],"twitter_card":"summary_large_image","twitter_misc":{"Temps estimat de lectura":"2 minuts"},"schema":{"@context":"https:\/\/schema.org","@graph":[{"@type":"WebPage","@id":"https:\/\/www.ecoceutics.com\/ca\/pasta-a-laigua\/","url":"https:\/\/www.ecoceutics.com\/ca\/pasta-a-laigua\/","name":"Piu Pasta a l'aigua per a nadons | Farm\u00e0cies Ecoceutics","isPartOf":{"@id":"https:\/\/www.ecoceutics.com\/ca\/#website"},"primaryImageOfPage":{"@id":"https:\/\/www.ecoceutics.com\/ca\/pasta-a-laigua\/#primaryimage"},"image":{"@id":"https:\/\/www.ecoceutics.com\/ca\/pasta-a-laigua\/#primaryimage"},"thumbnailUrl":"https:\/\/www.ecoceutics.com\/wp-content\/uploads\/2021\/09\/672x672_pasta-a-laigua.jpg","datePublished":"2021-09-13T13:28:37+00:00","dateModified":"2024-05-08T16:35:03+00:00","description":"Piu pasta a l'aigua Piu protegeix la dermis del teu nad\u00f3 i alleuja i evita les irritacions causades pel contacte amb el bolquer.","breadcrumb":{"@id":"https:\/\/www.ecoceutics.com\/ca\/pasta-a-laigua\/#breadcrumb"},"inLanguage":"ca","potentialAction":[{"@type":"ReadAction","target":["https:\/\/www.ecoceutics.com\/ca\/pasta-a-laigua\/"]}]},{"@type":"ImageObject","inLanguage":"ca","@id":"https:\/\/www.ecoceutics.com\/ca\/pasta-a-laigua\/#primaryimage","url":"https:\/\/www.ecoceutics.com\/wp-content\/uploads\/2021\/09\/672x672_pasta-a-laigua.jpg","contentUrl":"https:\/\/www.ecoceutics.com\/wp-content\/uploads\/2021\/09\/672x672_pasta-a-laigua.jpg","width":672,"height":672,"caption":"Pasta a l'aigua ecoceutics"},{"@type":"BreadcrumbList","@id":"https:\/\/www.ecoceutics.com\/ca\/pasta-a-laigua\/#breadcrumb","itemListElement":[{"@type":"ListItem","position":1,"name":"Portada","item":"https:\/\/www.ecoceutics.com\/ca\/"},{"@type":"ListItem","position":2,"name":"Piu Pasta a l&#8217;aigua"}]},{"@type":"WebSite","@id":"https:\/\/www.ecoceutics.com\/ca\/#website","url":"https:\/\/www.ecoceutics.com\/ca\/","name":"ecoceutics","description":"Primera red de farmacias independientes bajo una marca","publisher":{"@id":"https:\/\/www.ecoceutics.com\/ca\/#organization"},"potentialAction":[{"@type":"SearchAction","target":{"@type":"EntryPoint","urlTemplate":"https:\/\/www.ecoceutics.com\/ca\/?s={search_term_string}"},"query-input":{"@type":"PropertyValueSpecification","valueRequired":true,"valueName":"search_term_string"}}],"inLanguage":"ca"},{"@type":"Organization","@id":"https:\/\/www.ecoceutics.com\/ca\/#organization","name":"Ecoceutics","url":"https:\/\/www.ecoceutics.com\/ca\/","logo":{"@type":"ImageObject","inLanguage":"ca","@id":"https:\/\/www.ecoceutics.com\/ca\/#\/schema\/logo\/image\/","url":"https:\/\/www.ecoceutics.com\/wp-content\/uploads\/2022\/02\/Logo-Ecoceutics-SVG-01-1.svg","contentUrl":"https:\/\/www.ecoceutics.com\/wp-content\/uploads\/2022\/02\/Logo-Ecoceutics-SVG-01-1.svg","width":232,"height":68,"caption":"Ecoceutics"},"image":{"@id":"https:\/\/www.ecoceutics.com\/ca\/#\/schema\/logo\/image\/"}}]}},"_links":{"self":[{"href":"https:\/\/www.ecoceutics.com\/ca\/wp-json\/wp\/v2\/product\/18748","targetHints":{"allow":["GET"]}}],"collection":[{"href":"https:\/\/www.ecoceutics.com\/ca\/wp-json\/wp\/v2\/product"}],"about":[{"href":"https:\/\/www.ecoceutics.com\/ca\/wp-json\/wp\/v2\/types\/product"}],"wp:featuredmedia":[{"embeddable":true,"href":"https:\/\/www.ecoceutics.com\/ca\/wp-json\/wp\/v2\/media\/18510"}],"wp:attachment":[{"href":"https:\/\/www.ecoceutics.com\/ca\/wp-json\/wp\/v2\/media?parent=18748"}],"wp:term":[{"taxonomy":"product_brand","embeddable":true,"href":"https:\/\/www.ecoceutics.com\/ca\/wp-json\/wp\/v2\/product_brand?post=18748"},{"taxonomy":"product_cat","embeddable":true,"href":"https:\/\/www.ecoceutics.com\/ca\/wp-json\/wp\/v2\/product_cat?post=18748"},{"taxonomy":"product_tag","embeddable":true,"href":"https:\/\/www.ecoceutics.com\/ca\/wp-json\/wp\/v2\/product_tag?post=18748"},{"taxonomy":"beneficio","embeddable":true,"href":"https:\/\/www.ecoceutics.com\/ca\/wp-json\/wp\/v2\/beneficio?post=18748"}],"curies":[{"name":"wp","href":"https:\/\/api.w.org\/{rel}","templated":true}]}}