{"id":18749,"date":"2021-09-13T15:33:29","date_gmt":"2021-09-13T13:33:29","guid":{"rendered":"https:\/\/www.ecoceutics.com\/producto\/locion-corporal\/"},"modified":"2024-05-08T17:31:56","modified_gmt":"2024-05-08T15:31:56","slug":"crema-bebe","status":"publish","type":"product","link":"https:\/\/www.ecoceutics.com\/ca\/crema-bebe\/","title":{"rendered":"Piu Loci\u00f3 corporal"},"content":{"rendered":"<p>Amb omega 6 i 9 i extracte de cal\u00e8ndula, aquesta crema hidratant \u00e9s ideal per a combatre les zones m\u00e9s seques i les possibles afeccions de la pell del teu nad\u00f3.<\/p>\n<p>Exerceix com a lubricant i protector al mateix temps i contribueix a una r\u00e0pida recuperaci\u00f3 de possibles danys. L\u2019extracte de cal\u00e8ndula t\u00e9 propietats calmants que aporten estabilitat a les pells sensibles o reactives a m\u00e9s de pells amb possibles cremades.<\/p>\n<p>&nbsp;<\/p>\n<h3><a name=\"_Toc68019529\"><\/a><strong>Formulaci\u00f3 i propietats<\/strong><\/h3>\n<p>Amb omega 6 i 9 i extracte de cal\u00e8ndula<\/p>\n<p><strong>La loci\u00f3 hidratant per la pell del teu nad\u00f3 \u00e9s en format crema per una f\u00e0cil aplicaci\u00f3.<\/strong><\/p>\n<p><strong>Tamb\u00e9 disposa d\u2019un dispensador per a major comoditat i estalvi.<\/strong><\/p>\n<p><strong><br \/>\nAmb omega 6<\/strong><\/p>\n<p>Actua combatent les zones seques.<\/p>\n<p>Actua combatent les possibles afeccions de la pell.<\/p>\n<p><strong>Amb omega 9<\/strong><\/p>\n<p>Exerceix com a lubricant i protector de la dermis del teu nad\u00f3.<\/p>\n<p>En cas de tenir la pell amb danys tamb\u00e9 contribueix a una r\u00e0pida recuperaci\u00f3.<\/p>\n<p><strong>Amb extracte de cal\u00e8ndula<\/strong><\/p>\n<p>Propietats calmants, aporta estabilitat a les pells sensibles o reactives, aix\u00ed com pells amb possibles cremades.<\/p>\n<p>Estimula la regeneraci\u00f3 dels teixits cutanis.<\/p>\n<p>Gr\u00e0cies a l\u2019acci\u00f3 antiinflamat\u00f2ria ajuda a sanar les possibles ferides de la pell.<\/p>\n<p><a name=\"_Toc68019530\"><\/a><a name=\"_Toc68019534\"><\/a><\/p>\n<h3><strong>Pensat per:<\/strong><\/h3>\n<ul>\n<li>La pell sensible del nad\u00f3.<\/li>\n<\/ul>\n<p>&nbsp;<\/p>\n<h3><a name=\"_Toc68001562\"><\/a><strong>Apte per:<\/strong><\/h3>\n<ul>\n<li>\u00das diari.<\/li>\n<li>Nadons a partir dels 0 mesos.<\/li>\n<\/ul>\n<p><strong>\u00a0<\/strong><\/p>\n<h3><a name=\"_Toc68019533\"><\/a><strong>Mode d&#8217;\u00fas<\/strong><\/h3>\n<ul>\n<li>Aplicar sobre la pell del nad\u00f3 realitzant un suau massatge despr\u00e9s del bany.<\/li>\n<\/ul>\n<p><strong>\u00a0<\/strong><\/p>\n<h3><a name=\"_Toc68009592\"><\/a><strong>Ingredients<\/strong><\/h3>\n<p>Aqua (Water), Caprylic\/Capric Triglyceride, Cetearyl Alcohol, Potassium Cetyl Phosphate, Glycerin, Hydrogenated Palm Glycerides, Phenethyl Alcohol, 1,2-Hexanediol, Butyrospermum parkii (Shea) Butter, Cetearyl Nonanoate, Coco-Caprylate\/Caprate, Hexyldecanol, Caprylyl Glycol, Glyceryl Oleate Citrate, Parfum (Fragrance), Triethanolamine, Acrylates\/C10-30 Alkyl Acrylate Crosspolymer, Xanthan Gum, Glycine Soja (Soybean) Oil, Prunus amygdalus dulcis (Sweet Almond) Oil, Tocopheryl Acetate, \u00a0Disodium EDTA, Stearic Acid, Bisabolol, Cetylhydroxyproline Palmitamide, Brassica campestris (Rapeseed) Sterols, Calendula officinalis Flower Extract, Tocopherol, Citric Acid.<\/p>\n","protected":false},"excerpt":{"rendered":"<p>Amb omegues 6 i 9<\/p>\n","protected":false},"featured_media":18512,"template":"","meta":{"_acf_changed":false,"inline_featured_image":false,"_mbp_gutenberg_autopost":false},"product_brand":[],"product_cat":[154],"product_tag":[143,155],"beneficio":[193,199],"class_list":{"0":"post-18749","1":"product","2":"type-product","3":"status-publish","4":"has-post-thumbnail","6":"product_cat-pel-teu-nado","7":"product_tag-hidratacio","8":"product_tag-pell-del-nado","9":"beneficio-hidratacio","10":"beneficio-pell-del-nado","12":"first","13":"instock","14":"shipping-taxable","15":"product-type-simple"},"acf":[],"yoast_head":"<!-- This site is optimized with the Yoast SEO plugin v27.5 - https:\/\/yoast.com\/product\/yoast-seo-wordpress\/ -->\n<title>Piu Crema hidratant per al teu beb\u00e9 | Farm\u00e0cies Ecoceutics<\/title>\n<meta name=\"description\" content=\"Crema hidratant per a nadons, Piu loci\u00f3 hidratant cont\u00e9 Omega 6 i 9 i extracte de cal\u00e8ndula per a calmar la pell del nad\u00f3.\" \/>\n<meta name=\"robots\" content=\"index, follow, max-snippet:-1, max-image-preview:large, max-video-preview:-1\" \/>\n<link rel=\"canonical\" href=\"https:\/\/www.ecoceutics.com\/ca\/crema-bebe\/\" \/>\n<meta property=\"og:locale\" content=\"ca_ES\" \/>\n<meta property=\"og:type\" content=\"article\" \/>\n<meta property=\"og:title\" content=\"Piu Crema hidratant per al teu beb\u00e9 | Farm\u00e0cies Ecoceutics\" \/>\n<meta property=\"og:description\" content=\"Crema hidratant per a nadons, Piu loci\u00f3 hidratant cont\u00e9 Omega 6 i 9 i extracte de cal\u00e8ndula per a calmar la pell del nad\u00f3.\" \/>\n<meta property=\"og:url\" content=\"https:\/\/www.ecoceutics.com\/ca\/crema-bebe\/\" \/>\n<meta property=\"og:site_name\" content=\"ecoceutics\" \/>\n<meta property=\"article:modified_time\" content=\"2024-05-08T15:31:56+00:00\" \/>\n<meta property=\"og:image\" content=\"https:\/\/www.ecoceutics.com\/wp-content\/uploads\/2021\/09\/672x672_locio.jpg\" \/>\n\t<meta property=\"og:image:width\" content=\"672\" \/>\n\t<meta property=\"og:image:height\" content=\"672\" \/>\n\t<meta property=\"og:image:type\" content=\"image\/jpeg\" \/>\n<meta name=\"twitter:card\" content=\"summary_large_image\" \/>\n<meta name=\"twitter:label1\" content=\"Temps estimat de lectura\" \/>\n\t<meta name=\"twitter:data1\" content=\"2 minuts\" \/>\n<script type=\"application\/ld+json\" class=\"yoast-schema-graph\">{\"@context\":\"https:\\\/\\\/schema.org\",\"@graph\":[{\"@type\":\"WebPage\",\"@id\":\"https:\\\/\\\/www.ecoceutics.com\\\/ca\\\/crema-bebe\\\/\",\"url\":\"https:\\\/\\\/www.ecoceutics.com\\\/ca\\\/crema-bebe\\\/\",\"name\":\"Piu Crema hidratant per al teu beb\u00e9 | Farm\u00e0cies Ecoceutics\",\"isPartOf\":{\"@id\":\"https:\\\/\\\/www.ecoceutics.com\\\/ca\\\/#website\"},\"primaryImageOfPage\":{\"@id\":\"https:\\\/\\\/www.ecoceutics.com\\\/ca\\\/crema-bebe\\\/#primaryimage\"},\"image\":{\"@id\":\"https:\\\/\\\/www.ecoceutics.com\\\/ca\\\/crema-bebe\\\/#primaryimage\"},\"thumbnailUrl\":\"https:\\\/\\\/www.ecoceutics.com\\\/wp-content\\\/uploads\\\/2021\\\/09\\\/672x672_locio.jpg\",\"datePublished\":\"2021-09-13T13:33:29+00:00\",\"dateModified\":\"2024-05-08T15:31:56+00:00\",\"description\":\"Crema hidratant per a nadons, Piu loci\u00f3 hidratant cont\u00e9 Omega 6 i 9 i extracte de cal\u00e8ndula per a calmar la pell del nad\u00f3.\",\"breadcrumb\":{\"@id\":\"https:\\\/\\\/www.ecoceutics.com\\\/ca\\\/crema-bebe\\\/#breadcrumb\"},\"inLanguage\":\"ca\",\"potentialAction\":[{\"@type\":\"ReadAction\",\"target\":[\"https:\\\/\\\/www.ecoceutics.com\\\/ca\\\/crema-bebe\\\/\"]}]},{\"@type\":\"ImageObject\",\"inLanguage\":\"ca\",\"@id\":\"https:\\\/\\\/www.ecoceutics.com\\\/ca\\\/crema-bebe\\\/#primaryimage\",\"url\":\"https:\\\/\\\/www.ecoceutics.com\\\/wp-content\\\/uploads\\\/2021\\\/09\\\/672x672_locio.jpg\",\"contentUrl\":\"https:\\\/\\\/www.ecoceutics.com\\\/wp-content\\\/uploads\\\/2021\\\/09\\\/672x672_locio.jpg\",\"width\":672,\"height\":672},{\"@type\":\"BreadcrumbList\",\"@id\":\"https:\\\/\\\/www.ecoceutics.com\\\/ca\\\/crema-bebe\\\/#breadcrumb\",\"itemListElement\":[{\"@type\":\"ListItem\",\"position\":1,\"name\":\"Portada\",\"item\":\"https:\\\/\\\/www.ecoceutics.com\\\/ca\\\/\"},{\"@type\":\"ListItem\",\"position\":2,\"name\":\"Piu Loci\u00f3 corporal\"}]},{\"@type\":\"WebSite\",\"@id\":\"https:\\\/\\\/www.ecoceutics.com\\\/ca\\\/#website\",\"url\":\"https:\\\/\\\/www.ecoceutics.com\\\/ca\\\/\",\"name\":\"ecoceutics\",\"description\":\"Primera red de farmacias independientes bajo una marca\",\"publisher\":{\"@id\":\"https:\\\/\\\/www.ecoceutics.com\\\/ca\\\/#organization\"},\"potentialAction\":[{\"@type\":\"SearchAction\",\"target\":{\"@type\":\"EntryPoint\",\"urlTemplate\":\"https:\\\/\\\/www.ecoceutics.com\\\/ca\\\/?s={search_term_string}\"},\"query-input\":{\"@type\":\"PropertyValueSpecification\",\"valueRequired\":true,\"valueName\":\"search_term_string\"}}],\"inLanguage\":\"ca\"},{\"@type\":\"Organization\",\"@id\":\"https:\\\/\\\/www.ecoceutics.com\\\/ca\\\/#organization\",\"name\":\"Ecoceutics\",\"url\":\"https:\\\/\\\/www.ecoceutics.com\\\/ca\\\/\",\"logo\":{\"@type\":\"ImageObject\",\"inLanguage\":\"ca\",\"@id\":\"https:\\\/\\\/www.ecoceutics.com\\\/ca\\\/#\\\/schema\\\/logo\\\/image\\\/\",\"url\":\"https:\\\/\\\/www.ecoceutics.com\\\/wp-content\\\/uploads\\\/2022\\\/02\\\/Logo-Ecoceutics-SVG-01-1.svg\",\"contentUrl\":\"https:\\\/\\\/www.ecoceutics.com\\\/wp-content\\\/uploads\\\/2022\\\/02\\\/Logo-Ecoceutics-SVG-01-1.svg\",\"width\":232,\"height\":68,\"caption\":\"Ecoceutics\"},\"image\":{\"@id\":\"https:\\\/\\\/www.ecoceutics.com\\\/ca\\\/#\\\/schema\\\/logo\\\/image\\\/\"}}]}<\/script>\n<!-- \/ Yoast SEO plugin. -->","yoast_head_json":{"title":"Piu Crema hidratant per al teu beb\u00e9 | Farm\u00e0cies Ecoceutics","description":"Crema hidratant per a nadons, Piu loci\u00f3 hidratant cont\u00e9 Omega 6 i 9 i extracte de cal\u00e8ndula per a calmar la pell del nad\u00f3.","robots":{"index":"index","follow":"follow","max-snippet":"max-snippet:-1","max-image-preview":"max-image-preview:large","max-video-preview":"max-video-preview:-1"},"canonical":"https:\/\/www.ecoceutics.com\/ca\/crema-bebe\/","og_locale":"ca_ES","og_type":"article","og_title":"Piu Crema hidratant per al teu beb\u00e9 | Farm\u00e0cies Ecoceutics","og_description":"Crema hidratant per a nadons, Piu loci\u00f3 hidratant cont\u00e9 Omega 6 i 9 i extracte de cal\u00e8ndula per a calmar la pell del nad\u00f3.","og_url":"https:\/\/www.ecoceutics.com\/ca\/crema-bebe\/","og_site_name":"ecoceutics","article_modified_time":"2024-05-08T15:31:56+00:00","og_image":[{"width":672,"height":672,"url":"https:\/\/www.ecoceutics.com\/wp-content\/uploads\/2021\/09\/672x672_locio.jpg","type":"image\/jpeg"}],"twitter_card":"summary_large_image","twitter_misc":{"Temps estimat de lectura":"2 minuts"},"schema":{"@context":"https:\/\/schema.org","@graph":[{"@type":"WebPage","@id":"https:\/\/www.ecoceutics.com\/ca\/crema-bebe\/","url":"https:\/\/www.ecoceutics.com\/ca\/crema-bebe\/","name":"Piu Crema hidratant per al teu beb\u00e9 | Farm\u00e0cies Ecoceutics","isPartOf":{"@id":"https:\/\/www.ecoceutics.com\/ca\/#website"},"primaryImageOfPage":{"@id":"https:\/\/www.ecoceutics.com\/ca\/crema-bebe\/#primaryimage"},"image":{"@id":"https:\/\/www.ecoceutics.com\/ca\/crema-bebe\/#primaryimage"},"thumbnailUrl":"https:\/\/www.ecoceutics.com\/wp-content\/uploads\/2021\/09\/672x672_locio.jpg","datePublished":"2021-09-13T13:33:29+00:00","dateModified":"2024-05-08T15:31:56+00:00","description":"Crema hidratant per a nadons, Piu loci\u00f3 hidratant cont\u00e9 Omega 6 i 9 i extracte de cal\u00e8ndula per a calmar la pell del nad\u00f3.","breadcrumb":{"@id":"https:\/\/www.ecoceutics.com\/ca\/crema-bebe\/#breadcrumb"},"inLanguage":"ca","potentialAction":[{"@type":"ReadAction","target":["https:\/\/www.ecoceutics.com\/ca\/crema-bebe\/"]}]},{"@type":"ImageObject","inLanguage":"ca","@id":"https:\/\/www.ecoceutics.com\/ca\/crema-bebe\/#primaryimage","url":"https:\/\/www.ecoceutics.com\/wp-content\/uploads\/2021\/09\/672x672_locio.jpg","contentUrl":"https:\/\/www.ecoceutics.com\/wp-content\/uploads\/2021\/09\/672x672_locio.jpg","width":672,"height":672},{"@type":"BreadcrumbList","@id":"https:\/\/www.ecoceutics.com\/ca\/crema-bebe\/#breadcrumb","itemListElement":[{"@type":"ListItem","position":1,"name":"Portada","item":"https:\/\/www.ecoceutics.com\/ca\/"},{"@type":"ListItem","position":2,"name":"Piu Loci\u00f3 corporal"}]},{"@type":"WebSite","@id":"https:\/\/www.ecoceutics.com\/ca\/#website","url":"https:\/\/www.ecoceutics.com\/ca\/","name":"ecoceutics","description":"Primera red de farmacias independientes bajo una marca","publisher":{"@id":"https:\/\/www.ecoceutics.com\/ca\/#organization"},"potentialAction":[{"@type":"SearchAction","target":{"@type":"EntryPoint","urlTemplate":"https:\/\/www.ecoceutics.com\/ca\/?s={search_term_string}"},"query-input":{"@type":"PropertyValueSpecification","valueRequired":true,"valueName":"search_term_string"}}],"inLanguage":"ca"},{"@type":"Organization","@id":"https:\/\/www.ecoceutics.com\/ca\/#organization","name":"Ecoceutics","url":"https:\/\/www.ecoceutics.com\/ca\/","logo":{"@type":"ImageObject","inLanguage":"ca","@id":"https:\/\/www.ecoceutics.com\/ca\/#\/schema\/logo\/image\/","url":"https:\/\/www.ecoceutics.com\/wp-content\/uploads\/2022\/02\/Logo-Ecoceutics-SVG-01-1.svg","contentUrl":"https:\/\/www.ecoceutics.com\/wp-content\/uploads\/2022\/02\/Logo-Ecoceutics-SVG-01-1.svg","width":232,"height":68,"caption":"Ecoceutics"},"image":{"@id":"https:\/\/www.ecoceutics.com\/ca\/#\/schema\/logo\/image\/"}}]}},"_links":{"self":[{"href":"https:\/\/www.ecoceutics.com\/ca\/wp-json\/wp\/v2\/product\/18749","targetHints":{"allow":["GET"]}}],"collection":[{"href":"https:\/\/www.ecoceutics.com\/ca\/wp-json\/wp\/v2\/product"}],"about":[{"href":"https:\/\/www.ecoceutics.com\/ca\/wp-json\/wp\/v2\/types\/product"}],"wp:featuredmedia":[{"embeddable":true,"href":"https:\/\/www.ecoceutics.com\/ca\/wp-json\/wp\/v2\/media\/18512"}],"wp:attachment":[{"href":"https:\/\/www.ecoceutics.com\/ca\/wp-json\/wp\/v2\/media?parent=18749"}],"wp:term":[{"taxonomy":"product_brand","embeddable":true,"href":"https:\/\/www.ecoceutics.com\/ca\/wp-json\/wp\/v2\/product_brand?post=18749"},{"taxonomy":"product_cat","embeddable":true,"href":"https:\/\/www.ecoceutics.com\/ca\/wp-json\/wp\/v2\/product_cat?post=18749"},{"taxonomy":"product_tag","embeddable":true,"href":"https:\/\/www.ecoceutics.com\/ca\/wp-json\/wp\/v2\/product_tag?post=18749"},{"taxonomy":"beneficio","embeddable":true,"href":"https:\/\/www.ecoceutics.com\/ca\/wp-json\/wp\/v2\/beneficio?post=18749"}],"curies":[{"name":"wp","href":"https:\/\/api.w.org\/{rel}","templated":true}]}}