{"id":18750,"date":"2021-09-13T15:37:12","date_gmt":"2021-09-13T13:37:12","guid":{"rendered":"https:\/\/www.ecoceutics.com\/producto\/gel-champu\/"},"modified":"2024-05-08T17:28:24","modified_gmt":"2024-05-08T15:28:24","slug":"xampu-bebe","status":"publish","type":"product","link":"https:\/\/www.ecoceutics.com\/ca\/xampu-bebe\/","title":{"rendered":"Piu Gel-Xamp\u00fa"},"content":{"rendered":"<p>Amb omega 6 i 9, aquest gel-xamp\u00fa t\u00e9 propietats calmants i condicionadores ideals per a la pell i el cabell del teu nad\u00f3. Cont\u00e9 extracte de cal\u00e8ndula, la qual cosa beneficia a la suavitat de la pell i cabell, calmant-la i tractant-la.<\/p>\n<p>&nbsp;<\/p>\n<h3><a name=\"_Toc68019529\"><\/a><strong>Formulaci\u00f3 i propietats<\/strong><\/h3>\n<p>Per a pell i cabell.<\/p>\n<p><strong>Gel i xamp\u00fa per la cura de la pell i el cabell delicat del teu beb\u00e8.<\/strong><\/p>\n<p><strong>Format 2 en 1, gel i xamp\u00fa en un mateix producte.\u00a0<\/strong><br \/>\n<strong>Respecta l\u2019olor natural del nad\u00f3 gr\u00e0cies a l\u2019aroma a talc.\u00a0\u00a0<\/strong><\/p>\n<p><strong>Amb omega 6 i 9<\/strong><\/p>\n<p>Gr\u00e0cies a l\u2019omega 6 i 9 aconseguir\u00e0s propietats calmants i condicionadores per a la pell i cabell del nad\u00f3.<\/p>\n<p><strong>Amb extracte de cal\u00e8ndula<\/strong><\/p>\n<p>Gr\u00e0cies a l\u2019extracte de cal\u00e8ndula beneficiar\u00e0s a la suavitat de la pell i el cabell a causa dels fitosterols, saponines que cont\u00e9 l\u2019extracte de cal\u00e8ndula.<\/p>\n<p>&nbsp;<\/p>\n<h3><strong>Pensat per:<\/strong><\/h3>\n<ul>\n<li>La pell sensible del nad\u00f3<\/li>\n<\/ul>\n<h2><\/h2>\n<h3><a name=\"_Toc68001562\"><\/a><strong>Apte per:<\/strong><\/h3>\n<ul>\n<li>Tot tipus de pell, excepte la pell at\u00f2pica en brot.<\/li>\n<li>Nadons a partir dels 0 mesos.<\/li>\n<\/ul>\n<p>&nbsp;<\/p>\n<h3><a name=\"_Toc68019533\"><\/a><strong>Mode d&#8217;\u00fas<\/strong><\/h3>\n<ul>\n<li>Aplicar una capa homog\u00e8nia sobre la pell neta i seca en cada canvi de bolquer.<\/li>\n<\/ul>\n<p>&nbsp;<\/p>\n<h3><a name=\"_Toc68009592\"><\/a><strong>Ingredients<\/strong><\/h3>\n<p>Aqua, Cocamidopropyl Betaine, Glycerin, Sodium Chloride, Sodium Cocoamphoacetate, Triethanolamine, Acrylates\/C10-30 Alkyl Acrylate Crosspolymer, Phenethyl Alcohol, 1,2-Hexanediol, Decyl Glucoside, Caprylyl Glycol, Parfum (Fragrance), Hydroxypropyl Guar Hydroxypropyltrimonium Chloride, Glycine Soja (Soybean) Oil, Polyquaternium-7, Sodium Benzoate, Calendula officinalis Flower Extract, Tocopherol.<\/p>\n","protected":false},"excerpt":{"rendered":"<p>Amb extracte de cal\u00e8ndula<\/p>\n","protected":false},"featured_media":18514,"template":"","meta":{"_acf_changed":false,"inline_featured_image":false,"_mbp_gutenberg_autopost":false},"product_brand":[],"product_cat":[154],"product_tag":[143,155],"beneficio":[194,199],"class_list":{"0":"post-18750","1":"product","2":"type-product","3":"status-publish","4":"has-post-thumbnail","6":"product_cat-pel-teu-nado","7":"product_tag-hidratacio","8":"product_tag-pell-del-nado","9":"beneficio-higiene-2","10":"beneficio-pell-del-nado","12":"first","13":"instock","14":"shipping-taxable","15":"product-type-simple"},"acf":[],"yoast_head":"<!-- This site is optimized with the Yoast SEO plugin v27.3 - https:\/\/yoast.com\/product\/yoast-seo-wordpress\/ -->\n<title>Piu Gel-Xamp\u00fa per la cura del beb\u00e8 | Farm\u00e0cies Ecoceutics<\/title>\n<meta name=\"description\" content=\"El Gel-Xamp\u00fa de la marca exclusiva Piu cont\u00e9 omega 6 i 9 i extracte de cal\u00e8ndula, formulat per a la pell i el cabell delicat del beb\u00e8.\" \/>\n<meta name=\"robots\" content=\"index, follow, max-snippet:-1, max-image-preview:large, max-video-preview:-1\" \/>\n<link rel=\"canonical\" href=\"https:\/\/www.ecoceutics.com\/ca\/xampu-bebe\/\" \/>\n<meta property=\"og:locale\" content=\"ca_ES\" \/>\n<meta property=\"og:type\" content=\"article\" \/>\n<meta property=\"og:title\" content=\"Piu Gel-Xamp\u00fa per la cura del beb\u00e8 | Farm\u00e0cies Ecoceutics\" \/>\n<meta property=\"og:description\" content=\"El Gel-Xamp\u00fa de la marca exclusiva Piu cont\u00e9 omega 6 i 9 i extracte de cal\u00e8ndula, formulat per a la pell i el cabell delicat del beb\u00e8.\" \/>\n<meta property=\"og:url\" content=\"https:\/\/www.ecoceutics.com\/ca\/xampu-bebe\/\" \/>\n<meta property=\"og:site_name\" content=\"ecoceutics\" \/>\n<meta property=\"article:modified_time\" content=\"2024-05-08T15:28:24+00:00\" \/>\n<meta property=\"og:image\" content=\"https:\/\/www.ecoceutics.com\/wp-content\/uploads\/2021\/09\/672x672_gel-xampu.jpg\" \/>\n\t<meta property=\"og:image:width\" content=\"672\" \/>\n\t<meta property=\"og:image:height\" content=\"672\" \/>\n\t<meta property=\"og:image:type\" content=\"image\/jpeg\" \/>\n<meta name=\"twitter:card\" content=\"summary_large_image\" \/>\n<meta name=\"twitter:label1\" content=\"Temps estimat de lectura\" \/>\n\t<meta name=\"twitter:data1\" content=\"1 minut\" \/>\n<script type=\"application\/ld+json\" class=\"yoast-schema-graph\">{\"@context\":\"https:\\\/\\\/schema.org\",\"@graph\":[{\"@type\":\"WebPage\",\"@id\":\"https:\\\/\\\/www.ecoceutics.com\\\/ca\\\/xampu-bebe\\\/\",\"url\":\"https:\\\/\\\/www.ecoceutics.com\\\/ca\\\/xampu-bebe\\\/\",\"name\":\"Piu Gel-Xamp\u00fa per la cura del beb\u00e8 | Farm\u00e0cies Ecoceutics\",\"isPartOf\":{\"@id\":\"https:\\\/\\\/www.ecoceutics.com\\\/ca\\\/#website\"},\"primaryImageOfPage\":{\"@id\":\"https:\\\/\\\/www.ecoceutics.com\\\/ca\\\/xampu-bebe\\\/#primaryimage\"},\"image\":{\"@id\":\"https:\\\/\\\/www.ecoceutics.com\\\/ca\\\/xampu-bebe\\\/#primaryimage\"},\"thumbnailUrl\":\"https:\\\/\\\/www.ecoceutics.com\\\/wp-content\\\/uploads\\\/2021\\\/09\\\/672x672_gel-xampu.jpg\",\"datePublished\":\"2021-09-13T13:37:12+00:00\",\"dateModified\":\"2024-05-08T15:28:24+00:00\",\"description\":\"El Gel-Xamp\u00fa de la marca exclusiva Piu cont\u00e9 omega 6 i 9 i extracte de cal\u00e8ndula, formulat per a la pell i el cabell delicat del beb\u00e8.\",\"breadcrumb\":{\"@id\":\"https:\\\/\\\/www.ecoceutics.com\\\/ca\\\/xampu-bebe\\\/#breadcrumb\"},\"inLanguage\":\"ca\",\"potentialAction\":[{\"@type\":\"ReadAction\",\"target\":[\"https:\\\/\\\/www.ecoceutics.com\\\/ca\\\/xampu-bebe\\\/\"]}]},{\"@type\":\"ImageObject\",\"inLanguage\":\"ca\",\"@id\":\"https:\\\/\\\/www.ecoceutics.com\\\/ca\\\/xampu-bebe\\\/#primaryimage\",\"url\":\"https:\\\/\\\/www.ecoceutics.com\\\/wp-content\\\/uploads\\\/2021\\\/09\\\/672x672_gel-xampu.jpg\",\"contentUrl\":\"https:\\\/\\\/www.ecoceutics.com\\\/wp-content\\\/uploads\\\/2021\\\/09\\\/672x672_gel-xampu.jpg\",\"width\":672,\"height\":672},{\"@type\":\"BreadcrumbList\",\"@id\":\"https:\\\/\\\/www.ecoceutics.com\\\/ca\\\/xampu-bebe\\\/#breadcrumb\",\"itemListElement\":[{\"@type\":\"ListItem\",\"position\":1,\"name\":\"Portada\",\"item\":\"https:\\\/\\\/www.ecoceutics.com\\\/ca\\\/\"},{\"@type\":\"ListItem\",\"position\":2,\"name\":\"Piu Gel-Xamp\u00fa\"}]},{\"@type\":\"WebSite\",\"@id\":\"https:\\\/\\\/www.ecoceutics.com\\\/ca\\\/#website\",\"url\":\"https:\\\/\\\/www.ecoceutics.com\\\/ca\\\/\",\"name\":\"ecoceutics\",\"description\":\"Primera red de farmacias independientes bajo una marca\",\"publisher\":{\"@id\":\"https:\\\/\\\/www.ecoceutics.com\\\/ca\\\/#organization\"},\"potentialAction\":[{\"@type\":\"SearchAction\",\"target\":{\"@type\":\"EntryPoint\",\"urlTemplate\":\"https:\\\/\\\/www.ecoceutics.com\\\/ca\\\/?s={search_term_string}\"},\"query-input\":{\"@type\":\"PropertyValueSpecification\",\"valueRequired\":true,\"valueName\":\"search_term_string\"}}],\"inLanguage\":\"ca\"},{\"@type\":\"Organization\",\"@id\":\"https:\\\/\\\/www.ecoceutics.com\\\/ca\\\/#organization\",\"name\":\"Ecoceutics\",\"url\":\"https:\\\/\\\/www.ecoceutics.com\\\/ca\\\/\",\"logo\":{\"@type\":\"ImageObject\",\"inLanguage\":\"ca\",\"@id\":\"https:\\\/\\\/www.ecoceutics.com\\\/ca\\\/#\\\/schema\\\/logo\\\/image\\\/\",\"url\":\"https:\\\/\\\/www.ecoceutics.com\\\/wp-content\\\/uploads\\\/2022\\\/02\\\/Logo-Ecoceutics-SVG-01-1.svg\",\"contentUrl\":\"https:\\\/\\\/www.ecoceutics.com\\\/wp-content\\\/uploads\\\/2022\\\/02\\\/Logo-Ecoceutics-SVG-01-1.svg\",\"width\":232,\"height\":68,\"caption\":\"Ecoceutics\"},\"image\":{\"@id\":\"https:\\\/\\\/www.ecoceutics.com\\\/ca\\\/#\\\/schema\\\/logo\\\/image\\\/\"}}]}<\/script>\n<!-- \/ Yoast SEO plugin. -->","yoast_head_json":{"title":"Piu Gel-Xamp\u00fa per la cura del beb\u00e8 | Farm\u00e0cies Ecoceutics","description":"El Gel-Xamp\u00fa de la marca exclusiva Piu cont\u00e9 omega 6 i 9 i extracte de cal\u00e8ndula, formulat per a la pell i el cabell delicat del beb\u00e8.","robots":{"index":"index","follow":"follow","max-snippet":"max-snippet:-1","max-image-preview":"max-image-preview:large","max-video-preview":"max-video-preview:-1"},"canonical":"https:\/\/www.ecoceutics.com\/ca\/xampu-bebe\/","og_locale":"ca_ES","og_type":"article","og_title":"Piu Gel-Xamp\u00fa per la cura del beb\u00e8 | Farm\u00e0cies Ecoceutics","og_description":"El Gel-Xamp\u00fa de la marca exclusiva Piu cont\u00e9 omega 6 i 9 i extracte de cal\u00e8ndula, formulat per a la pell i el cabell delicat del beb\u00e8.","og_url":"https:\/\/www.ecoceutics.com\/ca\/xampu-bebe\/","og_site_name":"ecoceutics","article_modified_time":"2024-05-08T15:28:24+00:00","og_image":[{"width":672,"height":672,"url":"https:\/\/www.ecoceutics.com\/wp-content\/uploads\/2021\/09\/672x672_gel-xampu.jpg","type":"image\/jpeg"}],"twitter_card":"summary_large_image","twitter_misc":{"Temps estimat de lectura":"1 minut"},"schema":{"@context":"https:\/\/schema.org","@graph":[{"@type":"WebPage","@id":"https:\/\/www.ecoceutics.com\/ca\/xampu-bebe\/","url":"https:\/\/www.ecoceutics.com\/ca\/xampu-bebe\/","name":"Piu Gel-Xamp\u00fa per la cura del beb\u00e8 | Farm\u00e0cies Ecoceutics","isPartOf":{"@id":"https:\/\/www.ecoceutics.com\/ca\/#website"},"primaryImageOfPage":{"@id":"https:\/\/www.ecoceutics.com\/ca\/xampu-bebe\/#primaryimage"},"image":{"@id":"https:\/\/www.ecoceutics.com\/ca\/xampu-bebe\/#primaryimage"},"thumbnailUrl":"https:\/\/www.ecoceutics.com\/wp-content\/uploads\/2021\/09\/672x672_gel-xampu.jpg","datePublished":"2021-09-13T13:37:12+00:00","dateModified":"2024-05-08T15:28:24+00:00","description":"El Gel-Xamp\u00fa de la marca exclusiva Piu cont\u00e9 omega 6 i 9 i extracte de cal\u00e8ndula, formulat per a la pell i el cabell delicat del beb\u00e8.","breadcrumb":{"@id":"https:\/\/www.ecoceutics.com\/ca\/xampu-bebe\/#breadcrumb"},"inLanguage":"ca","potentialAction":[{"@type":"ReadAction","target":["https:\/\/www.ecoceutics.com\/ca\/xampu-bebe\/"]}]},{"@type":"ImageObject","inLanguage":"ca","@id":"https:\/\/www.ecoceutics.com\/ca\/xampu-bebe\/#primaryimage","url":"https:\/\/www.ecoceutics.com\/wp-content\/uploads\/2021\/09\/672x672_gel-xampu.jpg","contentUrl":"https:\/\/www.ecoceutics.com\/wp-content\/uploads\/2021\/09\/672x672_gel-xampu.jpg","width":672,"height":672},{"@type":"BreadcrumbList","@id":"https:\/\/www.ecoceutics.com\/ca\/xampu-bebe\/#breadcrumb","itemListElement":[{"@type":"ListItem","position":1,"name":"Portada","item":"https:\/\/www.ecoceutics.com\/ca\/"},{"@type":"ListItem","position":2,"name":"Piu Gel-Xamp\u00fa"}]},{"@type":"WebSite","@id":"https:\/\/www.ecoceutics.com\/ca\/#website","url":"https:\/\/www.ecoceutics.com\/ca\/","name":"ecoceutics","description":"Primera red de farmacias independientes bajo una marca","publisher":{"@id":"https:\/\/www.ecoceutics.com\/ca\/#organization"},"potentialAction":[{"@type":"SearchAction","target":{"@type":"EntryPoint","urlTemplate":"https:\/\/www.ecoceutics.com\/ca\/?s={search_term_string}"},"query-input":{"@type":"PropertyValueSpecification","valueRequired":true,"valueName":"search_term_string"}}],"inLanguage":"ca"},{"@type":"Organization","@id":"https:\/\/www.ecoceutics.com\/ca\/#organization","name":"Ecoceutics","url":"https:\/\/www.ecoceutics.com\/ca\/","logo":{"@type":"ImageObject","inLanguage":"ca","@id":"https:\/\/www.ecoceutics.com\/ca\/#\/schema\/logo\/image\/","url":"https:\/\/www.ecoceutics.com\/wp-content\/uploads\/2022\/02\/Logo-Ecoceutics-SVG-01-1.svg","contentUrl":"https:\/\/www.ecoceutics.com\/wp-content\/uploads\/2022\/02\/Logo-Ecoceutics-SVG-01-1.svg","width":232,"height":68,"caption":"Ecoceutics"},"image":{"@id":"https:\/\/www.ecoceutics.com\/ca\/#\/schema\/logo\/image\/"}}]}},"_links":{"self":[{"href":"https:\/\/www.ecoceutics.com\/ca\/wp-json\/wp\/v2\/product\/18750","targetHints":{"allow":["GET"]}}],"collection":[{"href":"https:\/\/www.ecoceutics.com\/ca\/wp-json\/wp\/v2\/product"}],"about":[{"href":"https:\/\/www.ecoceutics.com\/ca\/wp-json\/wp\/v2\/types\/product"}],"wp:featuredmedia":[{"embeddable":true,"href":"https:\/\/www.ecoceutics.com\/ca\/wp-json\/wp\/v2\/media\/18514"}],"wp:attachment":[{"href":"https:\/\/www.ecoceutics.com\/ca\/wp-json\/wp\/v2\/media?parent=18750"}],"wp:term":[{"taxonomy":"product_brand","embeddable":true,"href":"https:\/\/www.ecoceutics.com\/ca\/wp-json\/wp\/v2\/product_brand?post=18750"},{"taxonomy":"product_cat","embeddable":true,"href":"https:\/\/www.ecoceutics.com\/ca\/wp-json\/wp\/v2\/product_cat?post=18750"},{"taxonomy":"product_tag","embeddable":true,"href":"https:\/\/www.ecoceutics.com\/ca\/wp-json\/wp\/v2\/product_tag?post=18750"},{"taxonomy":"beneficio","embeddable":true,"href":"https:\/\/www.ecoceutics.com\/ca\/wp-json\/wp\/v2\/beneficio?post=18750"}],"curies":[{"name":"wp","href":"https:\/\/api.w.org\/{rel}","templated":true}]}}