{"id":18752,"date":"2021-09-13T15:48:13","date_gmt":"2021-09-13T13:48:13","guid":{"rendered":"https:\/\/www.ecoceutics.com\/producto\/repelente-mosquitos-adultos\/"},"modified":"2024-05-09T11:38:46","modified_gmt":"2024-05-09T09:38:46","slug":"repellent-mosquits-adults","status":"publish","type":"product","link":"https:\/\/www.ecoceutics.com\/ca\/repellent-mosquits-adults\/","title":{"rendered":"Nompikis Repel\u00b7lent de mosquits per a adults"},"content":{"rendered":"<p>Recomanat per l\u2019Ag\u00e8ncia Espanyola de medicaments i productes sanitaris, el repel\u00b7lent d\u2019insectes per a adults\u00a0ecovital\u00a0Nompikis\u00a0proporciona protecci\u00f3 enfront del mosquit, mosquit tigre, vespes, paparres, mosques, aranyes i xinxes.<br \/>\nCont\u00e9 Pyrethrum, una planta del mediterrani amb propietats antiparasit\u00e0ries i but\u00f2xid de piperonil que potencia el seu efecte.<\/p>\n<p>&nbsp;<\/p>\n<h3><a name=\"_Toc67998377\"><\/a><strong>Formulaci\u00f3 i propietats<\/strong><\/h3>\n<p>Recomanat per l&#8217;ag\u00e8ncia espanyola de medicaments i productes sanitaris<\/p>\n<p><strong>El repel\u00b7lent\u2026 de quins insectes rep\u00e8l?<\/strong><\/p>\n<p>Mosquit com\u00fa<\/p>\n<p>Vespes<\/p>\n<p>Paparres<\/p>\n<p>T\u00e0bacs<\/p>\n<p>Mosques<\/p>\n<p>Xinxes<\/p>\n<p>Aranyes<\/p>\n<p>Mosquit tigre<\/p>\n<p>Mosquit transmissor del zica<\/p>\n<p><strong>Est\u00e0 testat dermatol\u00f2gicament?<\/strong><\/p>\n<p>S\u00ed, per la universitat de barcelona. Es pot aplicar regularment sense irritar la pell.<\/p>\n<p>Tamb\u00e9 est\u00e0 recomanat per l\u2019ag\u00e8ncia espanyola de medicaments i productes sanitaris. Pots consultar-ho\u00a0<a href=\"https:\/\/www.aemps.gob.es\/cosmeticosHigiene\/cosmeticos\/docs\/listado_repelentes_insectos.pdf\">aqu\u00ed.<\/a><\/p>\n<p><strong>Amb 0,5% \u2013 2% de pyrethrum<\/strong><\/p>\n<p>\u00c9s una planta perenne que es troba en el mediterr\u00e0ni, fins a siria, arabia i\/o a la pen\u00ednsula ib\u00e8rica.<\/p>\n<p>El principal benefici \u00e9s per eliminar par\u00e0sits.<\/p>\n<p><strong>Amb but\u00f2xid de piperonil<\/strong><\/p>\n<p>\u00c9s un potenciador de l\u2019acci\u00f3 que el converteix en m\u00e9s efica\u00e7.<\/p>\n<p><strong>Amb perfum c\u00edtric agradable<\/strong><\/p>\n<p>&nbsp;<\/p>\n<h3><a name=\"_Toc67998378\"><\/a><strong>Duraci\u00f3<\/strong><\/h3>\n<p>Entre 6 i 8 hores.<\/p>\n<p><strong>\u00a0<\/strong><\/p>\n<h3><a name=\"_Toc67998379\"><\/a><strong>Pensat per:<\/strong><\/h3>\n<ul>\n<li>Composici\u00f3 recomanada per a pa\u00efsos tropicals<\/li>\n<\/ul>\n<h3><strong>\u00a0<\/strong><a name=\"_Toc67998380\"><\/a><\/h3>\n<h3>Apte per a:<\/h3>\n<ul>\n<li>No utilitzar en persones sensibles als seus components.<\/li>\n<li>No aplicar a les mans dels nens.<\/li>\n<li>No utilitzar en nens menors de tres anys.<\/li>\n<li>En cas de ser necessari, consulti pr\u00e8viament al pediatre.<\/li>\n<li>Utilitzar amb precauci\u00f3 en nens menors de sis anys.<\/li>\n<li>S&#8217;hauran de seguir les pautes d&#8217;ocupaci\u00f3 contingudes en l&#8217;etiqueta. No obstant aix\u00f2, en zones en les quals existeixi risc de contreure malalties transmeses per insectes i en aquells casos en qu\u00e8 les condicions extremes aix\u00ed ho aconsellin, es compliran les mesures preventives que comuniquin les autoritats sanit\u00e0ries.<\/li>\n<\/ul>\n<p>&nbsp;<\/p>\n<h3>Mode d&#8217;\u00fas:<\/h3>\n<ul>\n<li>Aplicar i estendre b\u00e9 sobre les zones de la pell exposades a possibles picades. Per a un adult, s\u00f3n sufcientes 2,5 g de producte (20 polvoritzacions).<\/li>\n<li>L&#8217;aplicaci\u00f3 freq\u00fcent i repetida \u00e9s innecess\u00e0ria.<\/li>\n<li>No polvoritzar directament a la cara sin\u00f3 aplicar el producte amb la m\u00e0.<\/li>\n<li>Rentar adequadament les mans despr\u00e9s de la utilitzaci\u00f3 del producte.<\/li>\n<li>Rentar la zona del cos on s&#8217;ha aplicat el producte una vegada concl\u00f2s el temps de protecci\u00f3.<\/li>\n<\/ul>\n<p><strong>\u00a0<\/strong><\/p>\n<h3><a name=\"_Toc67998382\"><\/a><strong>Ingredients<\/strong><\/h3>\n<p>Alcohol desnaturalitzat 80\u00e8 (96,5g), Perfum, Piretrines (1,2g), But\u00f2xid de piperonil, Salicilat de\u00a0bencil, Citral, Citronel\u00b7lol, Limon\u00e8, Geraniol,\u00a0Hidroxicitronelal. 2-(4-terc-butilbencil) propionaldehid, Linalol.<\/p>\n","protected":false},"excerpt":{"rendered":"<p>Fins a 8 hores de protecci\u00f3<\/p>\n","protected":false},"featured_media":18518,"template":"","meta":{"_acf_changed":false,"inline_featured_image":false,"_mbp_gutenberg_autopost":false},"product_brand":[],"product_cat":[156],"product_tag":[157,141],"beneficio":[201,195],"class_list":{"0":"post-18752","1":"product","2":"type-product","3":"status-publish","4":"has-post-thumbnail","6":"product_cat-repellents-dinsectes","7":"product_tag-mosquits","8":"product_tag-prevencio","9":"beneficio-mosquits","10":"beneficio-prevencio","12":"first","13":"instock","14":"shipping-taxable","15":"product-type-simple"},"acf":[],"yoast_head":"<!-- This site is optimized with the Yoast SEO plugin v27.3 - https:\/\/yoast.com\/product\/yoast-seo-wordpress\/ -->\n<title>Nompikis Repel\u00b7lent de mosquits adults | Farmacias Ecoceutics<\/title>\n<meta name=\"description\" content=\"El repel\u00b7lent de mosquits per adults Nompikis est\u00e0 recomanat per l&#039;Ag\u00e8ncia Espanyola de medicaments i productes sanitaris.\" \/>\n<meta name=\"robots\" content=\"index, follow, max-snippet:-1, max-image-preview:large, max-video-preview:-1\" \/>\n<link rel=\"canonical\" href=\"https:\/\/www.ecoceutics.com\/ca\/repellent-mosquits-adults\/\" \/>\n<meta property=\"og:locale\" content=\"ca_ES\" \/>\n<meta property=\"og:type\" content=\"article\" \/>\n<meta property=\"og:title\" content=\"Nompikis Repel\u00b7lent de mosquits adults | Farmacias Ecoceutics\" \/>\n<meta property=\"og:description\" content=\"El repel\u00b7lent de mosquits per adults Nompikis est\u00e0 recomanat per l&#039;Ag\u00e8ncia Espanyola de medicaments i productes sanitaris.\" \/>\n<meta property=\"og:url\" content=\"https:\/\/www.ecoceutics.com\/ca\/repellent-mosquits-adults\/\" \/>\n<meta property=\"og:site_name\" content=\"ecoceutics\" \/>\n<meta property=\"article:modified_time\" content=\"2024-05-09T09:38:46+00:00\" \/>\n<meta property=\"og:image\" content=\"https:\/\/www.ecoceutics.com\/wp-content\/uploads\/2021\/09\/672x672_repelent-adults.jpg\" \/>\n\t<meta property=\"og:image:width\" content=\"672\" \/>\n\t<meta property=\"og:image:height\" content=\"672\" \/>\n\t<meta property=\"og:image:type\" content=\"image\/jpeg\" \/>\n<meta name=\"twitter:card\" content=\"summary_large_image\" \/>\n<meta name=\"twitter:label1\" content=\"Temps estimat de lectura\" \/>\n\t<meta name=\"twitter:data1\" content=\"2 minuts\" \/>\n<script type=\"application\/ld+json\" class=\"yoast-schema-graph\">{\"@context\":\"https:\\\/\\\/schema.org\",\"@graph\":[{\"@type\":\"WebPage\",\"@id\":\"https:\\\/\\\/www.ecoceutics.com\\\/ca\\\/repellent-mosquits-adults\\\/\",\"url\":\"https:\\\/\\\/www.ecoceutics.com\\\/ca\\\/repellent-mosquits-adults\\\/\",\"name\":\"Nompikis Repel\u00b7lent de mosquits adults | Farmacias Ecoceutics\",\"isPartOf\":{\"@id\":\"https:\\\/\\\/www.ecoceutics.com\\\/ca\\\/#website\"},\"primaryImageOfPage\":{\"@id\":\"https:\\\/\\\/www.ecoceutics.com\\\/ca\\\/repellent-mosquits-adults\\\/#primaryimage\"},\"image\":{\"@id\":\"https:\\\/\\\/www.ecoceutics.com\\\/ca\\\/repellent-mosquits-adults\\\/#primaryimage\"},\"thumbnailUrl\":\"https:\\\/\\\/www.ecoceutics.com\\\/wp-content\\\/uploads\\\/2021\\\/09\\\/672x672_repelent-adults.jpg\",\"datePublished\":\"2021-09-13T13:48:13+00:00\",\"dateModified\":\"2024-05-09T09:38:46+00:00\",\"description\":\"El repel\u00b7lent de mosquits per adults Nompikis est\u00e0 recomanat per l'Ag\u00e8ncia Espanyola de medicaments i productes sanitaris.\",\"breadcrumb\":{\"@id\":\"https:\\\/\\\/www.ecoceutics.com\\\/ca\\\/repellent-mosquits-adults\\\/#breadcrumb\"},\"inLanguage\":\"ca\",\"potentialAction\":[{\"@type\":\"ReadAction\",\"target\":[\"https:\\\/\\\/www.ecoceutics.com\\\/ca\\\/repellent-mosquits-adults\\\/\"]}]},{\"@type\":\"ImageObject\",\"inLanguage\":\"ca\",\"@id\":\"https:\\\/\\\/www.ecoceutics.com\\\/ca\\\/repellent-mosquits-adults\\\/#primaryimage\",\"url\":\"https:\\\/\\\/www.ecoceutics.com\\\/wp-content\\\/uploads\\\/2021\\\/09\\\/672x672_repelent-adults.jpg\",\"contentUrl\":\"https:\\\/\\\/www.ecoceutics.com\\\/wp-content\\\/uploads\\\/2021\\\/09\\\/672x672_repelent-adults.jpg\",\"width\":672,\"height\":672,\"caption\":\"Repel\u00b7lent mosquits per a adults\"},{\"@type\":\"BreadcrumbList\",\"@id\":\"https:\\\/\\\/www.ecoceutics.com\\\/ca\\\/repellent-mosquits-adults\\\/#breadcrumb\",\"itemListElement\":[{\"@type\":\"ListItem\",\"position\":1,\"name\":\"Portada\",\"item\":\"https:\\\/\\\/www.ecoceutics.com\\\/ca\\\/\"},{\"@type\":\"ListItem\",\"position\":2,\"name\":\"Nompikis Repel\u00b7lent de mosquits per a adults\"}]},{\"@type\":\"WebSite\",\"@id\":\"https:\\\/\\\/www.ecoceutics.com\\\/ca\\\/#website\",\"url\":\"https:\\\/\\\/www.ecoceutics.com\\\/ca\\\/\",\"name\":\"ecoceutics\",\"description\":\"Primera red de farmacias independientes bajo una marca\",\"publisher\":{\"@id\":\"https:\\\/\\\/www.ecoceutics.com\\\/ca\\\/#organization\"},\"potentialAction\":[{\"@type\":\"SearchAction\",\"target\":{\"@type\":\"EntryPoint\",\"urlTemplate\":\"https:\\\/\\\/www.ecoceutics.com\\\/ca\\\/?s={search_term_string}\"},\"query-input\":{\"@type\":\"PropertyValueSpecification\",\"valueRequired\":true,\"valueName\":\"search_term_string\"}}],\"inLanguage\":\"ca\"},{\"@type\":\"Organization\",\"@id\":\"https:\\\/\\\/www.ecoceutics.com\\\/ca\\\/#organization\",\"name\":\"Ecoceutics\",\"url\":\"https:\\\/\\\/www.ecoceutics.com\\\/ca\\\/\",\"logo\":{\"@type\":\"ImageObject\",\"inLanguage\":\"ca\",\"@id\":\"https:\\\/\\\/www.ecoceutics.com\\\/ca\\\/#\\\/schema\\\/logo\\\/image\\\/\",\"url\":\"https:\\\/\\\/www.ecoceutics.com\\\/wp-content\\\/uploads\\\/2022\\\/02\\\/Logo-Ecoceutics-SVG-01-1.svg\",\"contentUrl\":\"https:\\\/\\\/www.ecoceutics.com\\\/wp-content\\\/uploads\\\/2022\\\/02\\\/Logo-Ecoceutics-SVG-01-1.svg\",\"width\":232,\"height\":68,\"caption\":\"Ecoceutics\"},\"image\":{\"@id\":\"https:\\\/\\\/www.ecoceutics.com\\\/ca\\\/#\\\/schema\\\/logo\\\/image\\\/\"}}]}<\/script>\n<!-- \/ Yoast SEO plugin. -->","yoast_head_json":{"title":"Nompikis Repel\u00b7lent de mosquits adults | Farmacias Ecoceutics","description":"El repel\u00b7lent de mosquits per adults Nompikis est\u00e0 recomanat per l'Ag\u00e8ncia Espanyola de medicaments i productes sanitaris.","robots":{"index":"index","follow":"follow","max-snippet":"max-snippet:-1","max-image-preview":"max-image-preview:large","max-video-preview":"max-video-preview:-1"},"canonical":"https:\/\/www.ecoceutics.com\/ca\/repellent-mosquits-adults\/","og_locale":"ca_ES","og_type":"article","og_title":"Nompikis Repel\u00b7lent de mosquits adults | Farmacias Ecoceutics","og_description":"El repel\u00b7lent de mosquits per adults Nompikis est\u00e0 recomanat per l'Ag\u00e8ncia Espanyola de medicaments i productes sanitaris.","og_url":"https:\/\/www.ecoceutics.com\/ca\/repellent-mosquits-adults\/","og_site_name":"ecoceutics","article_modified_time":"2024-05-09T09:38:46+00:00","og_image":[{"width":672,"height":672,"url":"https:\/\/www.ecoceutics.com\/wp-content\/uploads\/2021\/09\/672x672_repelent-adults.jpg","type":"image\/jpeg"}],"twitter_card":"summary_large_image","twitter_misc":{"Temps estimat de lectura":"2 minuts"},"schema":{"@context":"https:\/\/schema.org","@graph":[{"@type":"WebPage","@id":"https:\/\/www.ecoceutics.com\/ca\/repellent-mosquits-adults\/","url":"https:\/\/www.ecoceutics.com\/ca\/repellent-mosquits-adults\/","name":"Nompikis Repel\u00b7lent de mosquits adults | Farmacias Ecoceutics","isPartOf":{"@id":"https:\/\/www.ecoceutics.com\/ca\/#website"},"primaryImageOfPage":{"@id":"https:\/\/www.ecoceutics.com\/ca\/repellent-mosquits-adults\/#primaryimage"},"image":{"@id":"https:\/\/www.ecoceutics.com\/ca\/repellent-mosquits-adults\/#primaryimage"},"thumbnailUrl":"https:\/\/www.ecoceutics.com\/wp-content\/uploads\/2021\/09\/672x672_repelent-adults.jpg","datePublished":"2021-09-13T13:48:13+00:00","dateModified":"2024-05-09T09:38:46+00:00","description":"El repel\u00b7lent de mosquits per adults Nompikis est\u00e0 recomanat per l'Ag\u00e8ncia Espanyola de medicaments i productes sanitaris.","breadcrumb":{"@id":"https:\/\/www.ecoceutics.com\/ca\/repellent-mosquits-adults\/#breadcrumb"},"inLanguage":"ca","potentialAction":[{"@type":"ReadAction","target":["https:\/\/www.ecoceutics.com\/ca\/repellent-mosquits-adults\/"]}]},{"@type":"ImageObject","inLanguage":"ca","@id":"https:\/\/www.ecoceutics.com\/ca\/repellent-mosquits-adults\/#primaryimage","url":"https:\/\/www.ecoceutics.com\/wp-content\/uploads\/2021\/09\/672x672_repelent-adults.jpg","contentUrl":"https:\/\/www.ecoceutics.com\/wp-content\/uploads\/2021\/09\/672x672_repelent-adults.jpg","width":672,"height":672,"caption":"Repel\u00b7lent mosquits per a adults"},{"@type":"BreadcrumbList","@id":"https:\/\/www.ecoceutics.com\/ca\/repellent-mosquits-adults\/#breadcrumb","itemListElement":[{"@type":"ListItem","position":1,"name":"Portada","item":"https:\/\/www.ecoceutics.com\/ca\/"},{"@type":"ListItem","position":2,"name":"Nompikis Repel\u00b7lent de mosquits per a adults"}]},{"@type":"WebSite","@id":"https:\/\/www.ecoceutics.com\/ca\/#website","url":"https:\/\/www.ecoceutics.com\/ca\/","name":"ecoceutics","description":"Primera red de farmacias independientes bajo una marca","publisher":{"@id":"https:\/\/www.ecoceutics.com\/ca\/#organization"},"potentialAction":[{"@type":"SearchAction","target":{"@type":"EntryPoint","urlTemplate":"https:\/\/www.ecoceutics.com\/ca\/?s={search_term_string}"},"query-input":{"@type":"PropertyValueSpecification","valueRequired":true,"valueName":"search_term_string"}}],"inLanguage":"ca"},{"@type":"Organization","@id":"https:\/\/www.ecoceutics.com\/ca\/#organization","name":"Ecoceutics","url":"https:\/\/www.ecoceutics.com\/ca\/","logo":{"@type":"ImageObject","inLanguage":"ca","@id":"https:\/\/www.ecoceutics.com\/ca\/#\/schema\/logo\/image\/","url":"https:\/\/www.ecoceutics.com\/wp-content\/uploads\/2022\/02\/Logo-Ecoceutics-SVG-01-1.svg","contentUrl":"https:\/\/www.ecoceutics.com\/wp-content\/uploads\/2022\/02\/Logo-Ecoceutics-SVG-01-1.svg","width":232,"height":68,"caption":"Ecoceutics"},"image":{"@id":"https:\/\/www.ecoceutics.com\/ca\/#\/schema\/logo\/image\/"}}]}},"_links":{"self":[{"href":"https:\/\/www.ecoceutics.com\/ca\/wp-json\/wp\/v2\/product\/18752","targetHints":{"allow":["GET"]}}],"collection":[{"href":"https:\/\/www.ecoceutics.com\/ca\/wp-json\/wp\/v2\/product"}],"about":[{"href":"https:\/\/www.ecoceutics.com\/ca\/wp-json\/wp\/v2\/types\/product"}],"wp:featuredmedia":[{"embeddable":true,"href":"https:\/\/www.ecoceutics.com\/ca\/wp-json\/wp\/v2\/media\/18518"}],"wp:attachment":[{"href":"https:\/\/www.ecoceutics.com\/ca\/wp-json\/wp\/v2\/media?parent=18752"}],"wp:term":[{"taxonomy":"product_brand","embeddable":true,"href":"https:\/\/www.ecoceutics.com\/ca\/wp-json\/wp\/v2\/product_brand?post=18752"},{"taxonomy":"product_cat","embeddable":true,"href":"https:\/\/www.ecoceutics.com\/ca\/wp-json\/wp\/v2\/product_cat?post=18752"},{"taxonomy":"product_tag","embeddable":true,"href":"https:\/\/www.ecoceutics.com\/ca\/wp-json\/wp\/v2\/product_tag?post=18752"},{"taxonomy":"beneficio","embeddable":true,"href":"https:\/\/www.ecoceutics.com\/ca\/wp-json\/wp\/v2\/beneficio?post=18752"}],"curies":[{"name":"wp","href":"https:\/\/api.w.org\/{rel}","templated":true}]}}