{"id":18757,"date":"2021-09-13T16:03:45","date_gmt":"2021-09-13T14:03:45","guid":{"rendered":"https:\/\/www.ecoceutics.com\/producto\/articulacions\/"},"modified":"2024-05-09T11:23:31","modified_gmt":"2024-05-09T09:23:31","slug":"dolor-articulacions","status":"publish","type":"product","link":"https:\/\/www.ecoceutics.com\/ca\/dolor-articulacions\/","title":{"rendered":"Compleat Articulacions"},"content":{"rendered":"<p>Ajuda al benestar de les articulacions i a la\u00a0remineralitzaci\u00f3\u00a0del cart\u00edlag. L\u2019ecovital\u00a0Compleat\u00a0Articulacions \u00e9s reparador i constructor del cart\u00edlag gr\u00e0cies als seus components com: la glucosamina que ajuda a reparar; la\u00a0condro\u00eftina\u00a0que aporta elasticitat; el zinc que actua fent cr\u00e9ixer els teixits i millora del dolor articular; la c\u00farcuma com a antiinflamatori; i l\u2019extracte de pebre negre com a potenciador de biodisponibilitat.<\/p>\n<p><strong>\u00a0<\/strong><\/p>\n<h3><a name=\"_Toc68708889\"><\/a><strong>Formulaci\u00f3 i propietats<\/strong><\/h3>\n<p>Ajuda al benestar de les articulacions i a la remineralitzaci\u00f3 del cart\u00edlag<\/p>\n<p>Ecovital compleat articulacions ajuda a reduir el dolor i enforteix les articulacions gr\u00e0cies a la seva formulaci\u00f3.<\/p>\n<p><strong>Amb glucosamina<br \/>\nun reparador i constructor de cart\u00edlag\u00a0\u00a0<\/strong><\/p>\n<p>La glucosamina actua com a reparador i constructor del cart\u00edlag articular. El cart\u00edlag articular t\u00e9 dues funcions principals:<\/p>\n<p>La primera, esmorteir la sobre carga de les articulacions gr\u00e0cies a la seva elasticitat.<\/p>\n<p>La segona, permetre el despla\u00e7ament de les superf\u00edcies \u00f2ssies.<\/p>\n<p><strong>Amb condro\u00eftina<br \/>\naporta elasticitat\u00a0<\/strong><\/p>\n<p>La condro\u00eftina aporta elasticitat i lubricants a les articulacions.<\/p>\n<p><strong>Amb zinc<br \/>\nactua fent cr\u00e9ixer els teixits<\/strong><\/p>\n<p>&nbsp;<\/p>\n<p>El zinc actua fent cr\u00e9ixer els teixits i contribueix a la millora del dolor articular.<\/p>\n<p><strong>Amb c\u00farcuma\u00a0com a antiinflamatori<\/strong><\/p>\n<p><strong>Amb extracte de pebre negra com a potenciador de la biodisponibilitat<\/strong><\/p>\n<p>&nbsp;<\/p>\n<h3><a name=\"_Toc68708891\"><\/a><strong>Pensat per:<\/strong><\/h3>\n<ul>\n<li>Prevenci\u00f3 de problemes articulars a partir de 40 anys.<\/li>\n<li>Persones que realitzen esport i destinen desinflamar les articulacions.<\/li>\n<li>Persones amb malestar i\/o dolor a les articulacions.<\/li>\n<\/ul>\n<p><strong>\u00a0<\/strong><\/p>\n<h3><a name=\"_Toc68708892\"><\/a><strong>Apte per:<\/strong><\/h3>\n<ul>\n<li>Apte per cel\u00edacs, intolerants a lactosa i majors de 18 anys.<\/li>\n<li>Contraindicat en pacients que prenen anticoagulants orals, en tractament amb antiagregant plaquetaris, al\u00b7l\u00e8rgics al marisc i al peix, embarassades, lact\u00e0ncia, adolescents i nens.<\/li>\n<\/ul>\n<p><strong>\u00a0<\/strong><\/p>\n<h3><a name=\"_Toc68708893\"><\/a><strong>Mode d\u2019\u00fas<\/strong><\/h3>\n<ul>\n<li>2 comprimits al dia, recomanable prendre\u2019ls despr\u00e9s dels \u00e0pats.<\/li>\n<li>Els complements alimentosos no s\u00f3n substituts d\u2019una dieta equilibrada.<\/li>\n<\/ul>\n<p>&nbsp;<\/p>\n<h3><a name=\"_Toc68708894\"><\/a><strong>Ingredients<\/strong><\/h3>\n<p>Sulfato de glucosamina, metilsulfonilmetano, sulfato de condroitina, c\u00e1psula vegetal (hidroxipropilmetilcelulosa), extracto de c\u00farcuma (Curcuma longa), agente de carga (prote\u00edna org\u00e1nica aislada de arroz), bamb\u00fa tabashir (Bambusa arundinacea), agente de carga (fosfato bic\u00e1lcico dihidrato), citrato de zinc, gluconato de manganeso, extracto de pimienta negra (Piper nigrum).<\/p>\n","protected":false},"excerpt":{"rendered":"<p>Benestar de les articulacions<\/p>\n","protected":false},"featured_media":18376,"template":"","meta":{"_acf_changed":false,"inline_featured_image":false,"_mbp_gutenberg_autopost":false},"product_brand":[],"product_cat":[159],"product_tag":[141,168],"beneficio":[434,205,195,197],"class_list":{"0":"post-18757","1":"product","2":"type-product","3":"status-publish","4":"has-post-thumbnail","6":"product_cat-complements-alimentosos","7":"product_tag-prevencio","8":"product_tag-tractament","9":"beneficio-complementos-alimenticios-ca","10":"beneficio-complements-alimentosos","11":"beneficio-prevencio","12":"beneficio-tractament","14":"first","15":"instock","16":"shipping-taxable","17":"product-type-simple"},"acf":[],"yoast_head":"<!-- This site is optimized with the Yoast SEO plugin v27.4 - https:\/\/yoast.com\/product\/yoast-seo-wordpress\/ -->\n<title>Compleat Articulacions | Farm\u00e0cies Ecoceutics<\/title>\n<meta name=\"description\" content=\"Ajuda al benestar i a la remineralitzaci\u00f3 del cart\u00edlag. Articulacions de la marca exclusiva Compleat, redueix el dolor de les articulacions.\" \/>\n<meta name=\"robots\" content=\"index, follow, max-snippet:-1, max-image-preview:large, max-video-preview:-1\" \/>\n<link rel=\"canonical\" href=\"https:\/\/www.ecoceutics.com\/ca\/dolor-articulacions\/\" \/>\n<meta property=\"og:locale\" content=\"ca_ES\" \/>\n<meta property=\"og:type\" content=\"article\" \/>\n<meta property=\"og:title\" content=\"Compleat Articulacions | Farm\u00e0cies Ecoceutics\" \/>\n<meta property=\"og:description\" content=\"Ajuda al benestar i a la remineralitzaci\u00f3 del cart\u00edlag. Articulacions de la marca exclusiva Compleat, redueix el dolor de les articulacions.\" \/>\n<meta property=\"og:url\" content=\"https:\/\/www.ecoceutics.com\/ca\/dolor-articulacions\/\" \/>\n<meta property=\"og:site_name\" content=\"ecoceutics\" \/>\n<meta property=\"article:modified_time\" content=\"2024-05-09T09:23:31+00:00\" \/>\n<meta property=\"og:image\" content=\"https:\/\/www.ecoceutics.com\/wp-content\/uploads\/2021\/09\/672x672_Articulacions-1.jpg\" \/>\n\t<meta property=\"og:image:width\" content=\"672\" \/>\n\t<meta property=\"og:image:height\" content=\"672\" \/>\n\t<meta property=\"og:image:type\" content=\"image\/jpeg\" \/>\n<meta name=\"twitter:card\" content=\"summary_large_image\" \/>\n<meta name=\"twitter:label1\" content=\"Temps estimat de lectura\" \/>\n\t<meta name=\"twitter:data1\" content=\"2 minuts\" \/>\n<script type=\"application\/ld+json\" class=\"yoast-schema-graph\">{\"@context\":\"https:\\\/\\\/schema.org\",\"@graph\":[{\"@type\":\"WebPage\",\"@id\":\"https:\\\/\\\/www.ecoceutics.com\\\/ca\\\/dolor-articulacions\\\/\",\"url\":\"https:\\\/\\\/www.ecoceutics.com\\\/ca\\\/dolor-articulacions\\\/\",\"name\":\"Compleat Articulacions | Farm\u00e0cies Ecoceutics\",\"isPartOf\":{\"@id\":\"https:\\\/\\\/www.ecoceutics.com\\\/ca\\\/#website\"},\"primaryImageOfPage\":{\"@id\":\"https:\\\/\\\/www.ecoceutics.com\\\/ca\\\/dolor-articulacions\\\/#primaryimage\"},\"image\":{\"@id\":\"https:\\\/\\\/www.ecoceutics.com\\\/ca\\\/dolor-articulacions\\\/#primaryimage\"},\"thumbnailUrl\":\"https:\\\/\\\/www.ecoceutics.com\\\/wp-content\\\/uploads\\\/2021\\\/09\\\/672x672_Articulacions-1.jpg\",\"datePublished\":\"2021-09-13T14:03:45+00:00\",\"dateModified\":\"2024-05-09T09:23:31+00:00\",\"description\":\"Ajuda al benestar i a la remineralitzaci\u00f3 del cart\u00edlag. Articulacions de la marca exclusiva Compleat, redueix el dolor de les articulacions.\",\"breadcrumb\":{\"@id\":\"https:\\\/\\\/www.ecoceutics.com\\\/ca\\\/dolor-articulacions\\\/#breadcrumb\"},\"inLanguage\":\"ca\",\"potentialAction\":[{\"@type\":\"ReadAction\",\"target\":[\"https:\\\/\\\/www.ecoceutics.com\\\/ca\\\/dolor-articulacions\\\/\"]}]},{\"@type\":\"ImageObject\",\"inLanguage\":\"ca\",\"@id\":\"https:\\\/\\\/www.ecoceutics.com\\\/ca\\\/dolor-articulacions\\\/#primaryimage\",\"url\":\"https:\\\/\\\/www.ecoceutics.com\\\/wp-content\\\/uploads\\\/2021\\\/09\\\/672x672_Articulacions-1.jpg\",\"contentUrl\":\"https:\\\/\\\/www.ecoceutics.com\\\/wp-content\\\/uploads\\\/2021\\\/09\\\/672x672_Articulacions-1.jpg\",\"width\":672,\"height\":672},{\"@type\":\"BreadcrumbList\",\"@id\":\"https:\\\/\\\/www.ecoceutics.com\\\/ca\\\/dolor-articulacions\\\/#breadcrumb\",\"itemListElement\":[{\"@type\":\"ListItem\",\"position\":1,\"name\":\"Portada\",\"item\":\"https:\\\/\\\/www.ecoceutics.com\\\/ca\\\/\"},{\"@type\":\"ListItem\",\"position\":2,\"name\":\"Compleat Articulacions\"}]},{\"@type\":\"WebSite\",\"@id\":\"https:\\\/\\\/www.ecoceutics.com\\\/ca\\\/#website\",\"url\":\"https:\\\/\\\/www.ecoceutics.com\\\/ca\\\/\",\"name\":\"ecoceutics\",\"description\":\"Primera red de farmacias independientes bajo una marca\",\"publisher\":{\"@id\":\"https:\\\/\\\/www.ecoceutics.com\\\/ca\\\/#organization\"},\"potentialAction\":[{\"@type\":\"SearchAction\",\"target\":{\"@type\":\"EntryPoint\",\"urlTemplate\":\"https:\\\/\\\/www.ecoceutics.com\\\/ca\\\/?s={search_term_string}\"},\"query-input\":{\"@type\":\"PropertyValueSpecification\",\"valueRequired\":true,\"valueName\":\"search_term_string\"}}],\"inLanguage\":\"ca\"},{\"@type\":\"Organization\",\"@id\":\"https:\\\/\\\/www.ecoceutics.com\\\/ca\\\/#organization\",\"name\":\"Ecoceutics\",\"url\":\"https:\\\/\\\/www.ecoceutics.com\\\/ca\\\/\",\"logo\":{\"@type\":\"ImageObject\",\"inLanguage\":\"ca\",\"@id\":\"https:\\\/\\\/www.ecoceutics.com\\\/ca\\\/#\\\/schema\\\/logo\\\/image\\\/\",\"url\":\"https:\\\/\\\/www.ecoceutics.com\\\/wp-content\\\/uploads\\\/2022\\\/02\\\/Logo-Ecoceutics-SVG-01-1.svg\",\"contentUrl\":\"https:\\\/\\\/www.ecoceutics.com\\\/wp-content\\\/uploads\\\/2022\\\/02\\\/Logo-Ecoceutics-SVG-01-1.svg\",\"width\":232,\"height\":68,\"caption\":\"Ecoceutics\"},\"image\":{\"@id\":\"https:\\\/\\\/www.ecoceutics.com\\\/ca\\\/#\\\/schema\\\/logo\\\/image\\\/\"}}]}<\/script>\n<!-- \/ Yoast SEO plugin. -->","yoast_head_json":{"title":"Compleat Articulacions | Farm\u00e0cies Ecoceutics","description":"Ajuda al benestar i a la remineralitzaci\u00f3 del cart\u00edlag. Articulacions de la marca exclusiva Compleat, redueix el dolor de les articulacions.","robots":{"index":"index","follow":"follow","max-snippet":"max-snippet:-1","max-image-preview":"max-image-preview:large","max-video-preview":"max-video-preview:-1"},"canonical":"https:\/\/www.ecoceutics.com\/ca\/dolor-articulacions\/","og_locale":"ca_ES","og_type":"article","og_title":"Compleat Articulacions | Farm\u00e0cies Ecoceutics","og_description":"Ajuda al benestar i a la remineralitzaci\u00f3 del cart\u00edlag. Articulacions de la marca exclusiva Compleat, redueix el dolor de les articulacions.","og_url":"https:\/\/www.ecoceutics.com\/ca\/dolor-articulacions\/","og_site_name":"ecoceutics","article_modified_time":"2024-05-09T09:23:31+00:00","og_image":[{"width":672,"height":672,"url":"https:\/\/www.ecoceutics.com\/wp-content\/uploads\/2021\/09\/672x672_Articulacions-1.jpg","type":"image\/jpeg"}],"twitter_card":"summary_large_image","twitter_misc":{"Temps estimat de lectura":"2 minuts"},"schema":{"@context":"https:\/\/schema.org","@graph":[{"@type":"WebPage","@id":"https:\/\/www.ecoceutics.com\/ca\/dolor-articulacions\/","url":"https:\/\/www.ecoceutics.com\/ca\/dolor-articulacions\/","name":"Compleat Articulacions | Farm\u00e0cies Ecoceutics","isPartOf":{"@id":"https:\/\/www.ecoceutics.com\/ca\/#website"},"primaryImageOfPage":{"@id":"https:\/\/www.ecoceutics.com\/ca\/dolor-articulacions\/#primaryimage"},"image":{"@id":"https:\/\/www.ecoceutics.com\/ca\/dolor-articulacions\/#primaryimage"},"thumbnailUrl":"https:\/\/www.ecoceutics.com\/wp-content\/uploads\/2021\/09\/672x672_Articulacions-1.jpg","datePublished":"2021-09-13T14:03:45+00:00","dateModified":"2024-05-09T09:23:31+00:00","description":"Ajuda al benestar i a la remineralitzaci\u00f3 del cart\u00edlag. Articulacions de la marca exclusiva Compleat, redueix el dolor de les articulacions.","breadcrumb":{"@id":"https:\/\/www.ecoceutics.com\/ca\/dolor-articulacions\/#breadcrumb"},"inLanguage":"ca","potentialAction":[{"@type":"ReadAction","target":["https:\/\/www.ecoceutics.com\/ca\/dolor-articulacions\/"]}]},{"@type":"ImageObject","inLanguage":"ca","@id":"https:\/\/www.ecoceutics.com\/ca\/dolor-articulacions\/#primaryimage","url":"https:\/\/www.ecoceutics.com\/wp-content\/uploads\/2021\/09\/672x672_Articulacions-1.jpg","contentUrl":"https:\/\/www.ecoceutics.com\/wp-content\/uploads\/2021\/09\/672x672_Articulacions-1.jpg","width":672,"height":672},{"@type":"BreadcrumbList","@id":"https:\/\/www.ecoceutics.com\/ca\/dolor-articulacions\/#breadcrumb","itemListElement":[{"@type":"ListItem","position":1,"name":"Portada","item":"https:\/\/www.ecoceutics.com\/ca\/"},{"@type":"ListItem","position":2,"name":"Compleat Articulacions"}]},{"@type":"WebSite","@id":"https:\/\/www.ecoceutics.com\/ca\/#website","url":"https:\/\/www.ecoceutics.com\/ca\/","name":"ecoceutics","description":"Primera red de farmacias independientes bajo una marca","publisher":{"@id":"https:\/\/www.ecoceutics.com\/ca\/#organization"},"potentialAction":[{"@type":"SearchAction","target":{"@type":"EntryPoint","urlTemplate":"https:\/\/www.ecoceutics.com\/ca\/?s={search_term_string}"},"query-input":{"@type":"PropertyValueSpecification","valueRequired":true,"valueName":"search_term_string"}}],"inLanguage":"ca"},{"@type":"Organization","@id":"https:\/\/www.ecoceutics.com\/ca\/#organization","name":"Ecoceutics","url":"https:\/\/www.ecoceutics.com\/ca\/","logo":{"@type":"ImageObject","inLanguage":"ca","@id":"https:\/\/www.ecoceutics.com\/ca\/#\/schema\/logo\/image\/","url":"https:\/\/www.ecoceutics.com\/wp-content\/uploads\/2022\/02\/Logo-Ecoceutics-SVG-01-1.svg","contentUrl":"https:\/\/www.ecoceutics.com\/wp-content\/uploads\/2022\/02\/Logo-Ecoceutics-SVG-01-1.svg","width":232,"height":68,"caption":"Ecoceutics"},"image":{"@id":"https:\/\/www.ecoceutics.com\/ca\/#\/schema\/logo\/image\/"}}]}},"_links":{"self":[{"href":"https:\/\/www.ecoceutics.com\/ca\/wp-json\/wp\/v2\/product\/18757","targetHints":{"allow":["GET"]}}],"collection":[{"href":"https:\/\/www.ecoceutics.com\/ca\/wp-json\/wp\/v2\/product"}],"about":[{"href":"https:\/\/www.ecoceutics.com\/ca\/wp-json\/wp\/v2\/types\/product"}],"wp:featuredmedia":[{"embeddable":true,"href":"https:\/\/www.ecoceutics.com\/ca\/wp-json\/wp\/v2\/media\/18376"}],"wp:attachment":[{"href":"https:\/\/www.ecoceutics.com\/ca\/wp-json\/wp\/v2\/media?parent=18757"}],"wp:term":[{"taxonomy":"product_brand","embeddable":true,"href":"https:\/\/www.ecoceutics.com\/ca\/wp-json\/wp\/v2\/product_brand?post=18757"},{"taxonomy":"product_cat","embeddable":true,"href":"https:\/\/www.ecoceutics.com\/ca\/wp-json\/wp\/v2\/product_cat?post=18757"},{"taxonomy":"product_tag","embeddable":true,"href":"https:\/\/www.ecoceutics.com\/ca\/wp-json\/wp\/v2\/product_tag?post=18757"},{"taxonomy":"beneficio","embeddable":true,"href":"https:\/\/www.ecoceutics.com\/ca\/wp-json\/wp\/v2\/beneficio?post=18757"}],"curies":[{"name":"wp","href":"https:\/\/api.w.org\/{rel}","templated":true}]}}