{"id":18758,"date":"2021-09-13T16:07:43","date_gmt":"2021-09-13T14:07:43","guid":{"rendered":"https:\/\/www.ecoceutics.com\/producto\/relajante-natural\/"},"modified":"2024-05-09T11:10:29","modified_gmt":"2024-05-09T09:10:29","slug":"calmant-natural","status":"publish","type":"product","link":"https:\/\/www.ecoceutics.com\/ca\/calmant-natural\/","title":{"rendered":"Compleat Calmant"},"content":{"rendered":"<p>ecovital Compleat Calmant\u00a0t\u2019ajudar\u00e0 a aconseguir un efecte tranquil\u00b7litzador. Amb components com: la valeriana, una planta perenne amb m\u00faltiples propietats que contribueixen de manera positiva a l\u2019equilibri nervi\u00f3s del cos; la passiflora, planta amb propietats calmants, antiespasm\u00f2dica i antiasm\u00e0tiques; i la rosella de calif\u00f2rnia que t\u00e9 propietats anest\u00e8siques, i antibacterianes, hipn\u00f2tiques entre altres.<\/p>\n<p><strong>\u00a0<\/strong><\/p>\n<h3><a name=\"_Toc68788122\"><\/a><strong>Formulaci\u00f3 i propietats<\/strong><\/h3>\n<p>T\u2019ajudar\u00e0 a aconseguir un efecte tranquil\u00b7litzador<\/p>\n<p><strong>Amb valeriana<\/strong><\/p>\n<p>La valeriana \u00e9s una planta perenne amb m\u00faltiples propietats: ansiol\u00edtica, antiespasm\u00f2dica, hipn\u00f2tica, sedant i tamb\u00e9 antiinflamat\u00f2ria. Totes aquestes propietats contribueixen de forma positiva a l\u2019equilibri nervi\u00f3s del cos.<\/p>\n<p><strong>Amb passiflora<\/strong><\/p>\n<p>Planta de la classe magnoli\u00f2psid amb propietats: calmants, antiespasm\u00f2dica i antiasm\u00e0tiques.<\/p>\n<p>La passiflora actua molt positivament a problemes d\u2019origen nervi\u00f3s. A m\u00e9s a m\u00e9s, si el teu cas \u00e9s insomni, palpitacions, migranyes o ansietat lleu, un complement aliment\u00f3s amb passiflora ser\u00e0 clau per poder beneficiar el teu sistema.<\/p>\n<p><strong>Amb rosella de calif\u00f2rnia<\/strong><\/p>\n<p>Planta provinent de calif\u00f2rnia i la baixa calif\u00f2rnia amb propietats: anest\u00e8siques, espasmol\u00edtiques, antif\u00fangiques, antibacterianes, hipn\u00f2tiques i vasodilatadores.<\/p>\n<p>Totes les propietats de la rosella de calif\u00f2rnia es tradueixen amb la relaxaci\u00f3 corporal gr\u00e0cies a l\u2019efecte sedant.<\/p>\n<p><strong>La combinaci\u00f3 d\u2019aquestes tres plantes medicinals<\/strong><\/p>\n<p>La valeriana, la passiflora, la rosella de calif\u00f2rnia, amb quantitats perfectament equilibrades, ajuden a optimitzar els beneficis de cada component exercint aix\u00ed un efecte tranquil\u00b7litzador.<\/p>\n<p>&nbsp;<\/p>\n<h3><a name=\"_Toc68788124\"><\/a><strong>Pensat per:<\/strong><\/h3>\n<ul>\n<li>Insomni.<\/li>\n<li>Patiment d\u2019estr\u00e8s.<\/li>\n<li>Recargolaments.<\/li>\n<li>Nerviosisme.<\/li>\n<li>Ansietat lleu.<\/li>\n<li>No apte per persones que pateixen el distr\u00e9s, (conegut com l\u2019estr\u00e9s negatiu).<\/li>\n<\/ul>\n<p><strong>\u00a0<\/strong><\/p>\n<h3><a name=\"_Toc68788125\"><\/a><strong>Apte per:<\/strong><\/h3>\n<ul>\n<li>Apte per cel\u00edacs, intolerants a la lactosa i majors de 18 anys.<\/li>\n<li>Contraindicat amb antidepressius, psicotr\u00f2pics, embarassades, lact\u00e0ncia i nens\/es.<\/li>\n<\/ul>\n<p><strong>\u00a0<\/strong><\/p>\n<h3><a name=\"_Toc68788126\"><\/a><strong>Mode d\u2019\u00fas<\/strong><\/h3>\n<ul>\n<li>Per alleujar el nerviosisme, prendre tres c\u00e0psules al d\u00eda (mat\u00ed, migdia i nit), 30 min. Abans dels \u00e0pats.<\/li>\n<li>Per alleujar l\u2019insomni, prendre dues c\u00e0psules, 30 min. Abans d\u2019anar a dormir.<\/li>\n<\/ul>\n<p>&nbsp;<\/p>\n<h3><a name=\"_Toc68788127\"><\/a><strong>Ingredients<\/strong><\/h3>\n<p>Agent de c\u00e0rrega (seg\u00f3 d&#8217;arr\u00f2s, hidr\u00f2xid de calci, \u00e0cid c\u00edtric, proteasa alcalina), agent de c\u00e0rrega (fosfat\u00a0bic\u00e0lcic\u00a0dihidrat), c\u00e0psula (hidroxipropilmetilcel\u00b7lulosa), extracte de rosella de Calif\u00f2rnia (Eschscholzia\u00a0californica), extracte de valeriana (Valeriana\u00a0officinalis), extracte de passiflora (Passiflora\u00a0incarnata).<\/p>\n","protected":false},"excerpt":{"rendered":"<p>Efecte tranquil\u00b7litzador<\/p>\n","protected":false},"featured_media":18374,"template":"","meta":{"_acf_changed":false,"inline_featured_image":false,"_mbp_gutenberg_autopost":false},"product_brand":[],"product_cat":[159],"product_tag":[168],"beneficio":[434,197],"class_list":{"0":"post-18758","1":"product","2":"type-product","3":"status-publish","4":"has-post-thumbnail","6":"product_cat-complements-alimentosos","7":"product_tag-tractament","8":"beneficio-complementos-alimenticios-ca","9":"beneficio-tractament","11":"first","12":"instock","13":"shipping-taxable","14":"product-type-simple"},"acf":[],"yoast_head":"<!-- This site is optimized with the Yoast SEO plugin v27.5 - https:\/\/yoast.com\/product\/yoast-seo-wordpress\/ -->\n<title>Compleat Calmant natural per a l&#039;estr\u00e8s | Farm\u00e0cies Ecoceutics<\/title>\n<meta name=\"description\" content=\"El nostre Compleat Calmant \u00e9s natural i ajuda a calmar els nervis, l&#039;estr\u00e8s i el mal de panxa per nerviosisme o ansietat lleu.\" \/>\n<meta name=\"robots\" content=\"index, follow, max-snippet:-1, max-image-preview:large, max-video-preview:-1\" \/>\n<link rel=\"canonical\" href=\"https:\/\/www.ecoceutics.com\/ca\/calmant-natural\/\" \/>\n<meta property=\"og:locale\" content=\"ca_ES\" \/>\n<meta property=\"og:type\" content=\"article\" \/>\n<meta property=\"og:title\" content=\"Compleat Calmant natural per a l&#039;estr\u00e8s | Farm\u00e0cies Ecoceutics\" \/>\n<meta property=\"og:description\" content=\"El nostre Compleat Calmant \u00e9s natural i ajuda a calmar els nervis, l&#039;estr\u00e8s i el mal de panxa per nerviosisme o ansietat lleu.\" \/>\n<meta property=\"og:url\" content=\"https:\/\/www.ecoceutics.com\/ca\/calmant-natural\/\" \/>\n<meta property=\"og:site_name\" content=\"ecoceutics\" \/>\n<meta property=\"article:modified_time\" content=\"2024-05-09T09:10:29+00:00\" \/>\n<meta property=\"og:image\" content=\"https:\/\/www.ecoceutics.com\/wp-content\/uploads\/2021\/09\/672x672_Calmant-1.jpg\" \/>\n\t<meta property=\"og:image:width\" content=\"672\" \/>\n\t<meta property=\"og:image:height\" content=\"672\" \/>\n\t<meta property=\"og:image:type\" content=\"image\/jpeg\" \/>\n<meta name=\"twitter:card\" content=\"summary_large_image\" \/>\n<meta name=\"twitter:label1\" content=\"Temps estimat de lectura\" \/>\n\t<meta name=\"twitter:data1\" content=\"2 minuts\" \/>\n<script type=\"application\/ld+json\" class=\"yoast-schema-graph\">{\"@context\":\"https:\\\/\\\/schema.org\",\"@graph\":[{\"@type\":\"WebPage\",\"@id\":\"https:\\\/\\\/www.ecoceutics.com\\\/ca\\\/calmant-natural\\\/\",\"url\":\"https:\\\/\\\/www.ecoceutics.com\\\/ca\\\/calmant-natural\\\/\",\"name\":\"Compleat Calmant natural per a l'estr\u00e8s | Farm\u00e0cies Ecoceutics\",\"isPartOf\":{\"@id\":\"https:\\\/\\\/www.ecoceutics.com\\\/ca\\\/#website\"},\"primaryImageOfPage\":{\"@id\":\"https:\\\/\\\/www.ecoceutics.com\\\/ca\\\/calmant-natural\\\/#primaryimage\"},\"image\":{\"@id\":\"https:\\\/\\\/www.ecoceutics.com\\\/ca\\\/calmant-natural\\\/#primaryimage\"},\"thumbnailUrl\":\"https:\\\/\\\/www.ecoceutics.com\\\/wp-content\\\/uploads\\\/2021\\\/09\\\/672x672_Calmant-1.jpg\",\"datePublished\":\"2021-09-13T14:07:43+00:00\",\"dateModified\":\"2024-05-09T09:10:29+00:00\",\"description\":\"El nostre Compleat Calmant \u00e9s natural i ajuda a calmar els nervis, l'estr\u00e8s i el mal de panxa per nerviosisme o ansietat lleu.\",\"breadcrumb\":{\"@id\":\"https:\\\/\\\/www.ecoceutics.com\\\/ca\\\/calmant-natural\\\/#breadcrumb\"},\"inLanguage\":\"ca\",\"potentialAction\":[{\"@type\":\"ReadAction\",\"target\":[\"https:\\\/\\\/www.ecoceutics.com\\\/ca\\\/calmant-natural\\\/\"]}]},{\"@type\":\"ImageObject\",\"inLanguage\":\"ca\",\"@id\":\"https:\\\/\\\/www.ecoceutics.com\\\/ca\\\/calmant-natural\\\/#primaryimage\",\"url\":\"https:\\\/\\\/www.ecoceutics.com\\\/wp-content\\\/uploads\\\/2021\\\/09\\\/672x672_Calmant-1.jpg\",\"contentUrl\":\"https:\\\/\\\/www.ecoceutics.com\\\/wp-content\\\/uploads\\\/2021\\\/09\\\/672x672_Calmant-1.jpg\",\"width\":672,\"height\":672},{\"@type\":\"BreadcrumbList\",\"@id\":\"https:\\\/\\\/www.ecoceutics.com\\\/ca\\\/calmant-natural\\\/#breadcrumb\",\"itemListElement\":[{\"@type\":\"ListItem\",\"position\":1,\"name\":\"Portada\",\"item\":\"https:\\\/\\\/www.ecoceutics.com\\\/ca\\\/\"},{\"@type\":\"ListItem\",\"position\":2,\"name\":\"Compleat Calmant\"}]},{\"@type\":\"WebSite\",\"@id\":\"https:\\\/\\\/www.ecoceutics.com\\\/ca\\\/#website\",\"url\":\"https:\\\/\\\/www.ecoceutics.com\\\/ca\\\/\",\"name\":\"ecoceutics\",\"description\":\"Primera red de farmacias independientes bajo una marca\",\"publisher\":{\"@id\":\"https:\\\/\\\/www.ecoceutics.com\\\/ca\\\/#organization\"},\"potentialAction\":[{\"@type\":\"SearchAction\",\"target\":{\"@type\":\"EntryPoint\",\"urlTemplate\":\"https:\\\/\\\/www.ecoceutics.com\\\/ca\\\/?s={search_term_string}\"},\"query-input\":{\"@type\":\"PropertyValueSpecification\",\"valueRequired\":true,\"valueName\":\"search_term_string\"}}],\"inLanguage\":\"ca\"},{\"@type\":\"Organization\",\"@id\":\"https:\\\/\\\/www.ecoceutics.com\\\/ca\\\/#organization\",\"name\":\"Ecoceutics\",\"url\":\"https:\\\/\\\/www.ecoceutics.com\\\/ca\\\/\",\"logo\":{\"@type\":\"ImageObject\",\"inLanguage\":\"ca\",\"@id\":\"https:\\\/\\\/www.ecoceutics.com\\\/ca\\\/#\\\/schema\\\/logo\\\/image\\\/\",\"url\":\"https:\\\/\\\/www.ecoceutics.com\\\/wp-content\\\/uploads\\\/2022\\\/02\\\/Logo-Ecoceutics-SVG-01-1.svg\",\"contentUrl\":\"https:\\\/\\\/www.ecoceutics.com\\\/wp-content\\\/uploads\\\/2022\\\/02\\\/Logo-Ecoceutics-SVG-01-1.svg\",\"width\":232,\"height\":68,\"caption\":\"Ecoceutics\"},\"image\":{\"@id\":\"https:\\\/\\\/www.ecoceutics.com\\\/ca\\\/#\\\/schema\\\/logo\\\/image\\\/\"}}]}<\/script>\n<!-- \/ Yoast SEO plugin. -->","yoast_head_json":{"title":"Compleat Calmant natural per a l'estr\u00e8s | Farm\u00e0cies Ecoceutics","description":"El nostre Compleat Calmant \u00e9s natural i ajuda a calmar els nervis, l'estr\u00e8s i el mal de panxa per nerviosisme o ansietat lleu.","robots":{"index":"index","follow":"follow","max-snippet":"max-snippet:-1","max-image-preview":"max-image-preview:large","max-video-preview":"max-video-preview:-1"},"canonical":"https:\/\/www.ecoceutics.com\/ca\/calmant-natural\/","og_locale":"ca_ES","og_type":"article","og_title":"Compleat Calmant natural per a l'estr\u00e8s | Farm\u00e0cies Ecoceutics","og_description":"El nostre Compleat Calmant \u00e9s natural i ajuda a calmar els nervis, l'estr\u00e8s i el mal de panxa per nerviosisme o ansietat lleu.","og_url":"https:\/\/www.ecoceutics.com\/ca\/calmant-natural\/","og_site_name":"ecoceutics","article_modified_time":"2024-05-09T09:10:29+00:00","og_image":[{"width":672,"height":672,"url":"https:\/\/www.ecoceutics.com\/wp-content\/uploads\/2021\/09\/672x672_Calmant-1.jpg","type":"image\/jpeg"}],"twitter_card":"summary_large_image","twitter_misc":{"Temps estimat de lectura":"2 minuts"},"schema":{"@context":"https:\/\/schema.org","@graph":[{"@type":"WebPage","@id":"https:\/\/www.ecoceutics.com\/ca\/calmant-natural\/","url":"https:\/\/www.ecoceutics.com\/ca\/calmant-natural\/","name":"Compleat Calmant natural per a l'estr\u00e8s | Farm\u00e0cies Ecoceutics","isPartOf":{"@id":"https:\/\/www.ecoceutics.com\/ca\/#website"},"primaryImageOfPage":{"@id":"https:\/\/www.ecoceutics.com\/ca\/calmant-natural\/#primaryimage"},"image":{"@id":"https:\/\/www.ecoceutics.com\/ca\/calmant-natural\/#primaryimage"},"thumbnailUrl":"https:\/\/www.ecoceutics.com\/wp-content\/uploads\/2021\/09\/672x672_Calmant-1.jpg","datePublished":"2021-09-13T14:07:43+00:00","dateModified":"2024-05-09T09:10:29+00:00","description":"El nostre Compleat Calmant \u00e9s natural i ajuda a calmar els nervis, l'estr\u00e8s i el mal de panxa per nerviosisme o ansietat lleu.","breadcrumb":{"@id":"https:\/\/www.ecoceutics.com\/ca\/calmant-natural\/#breadcrumb"},"inLanguage":"ca","potentialAction":[{"@type":"ReadAction","target":["https:\/\/www.ecoceutics.com\/ca\/calmant-natural\/"]}]},{"@type":"ImageObject","inLanguage":"ca","@id":"https:\/\/www.ecoceutics.com\/ca\/calmant-natural\/#primaryimage","url":"https:\/\/www.ecoceutics.com\/wp-content\/uploads\/2021\/09\/672x672_Calmant-1.jpg","contentUrl":"https:\/\/www.ecoceutics.com\/wp-content\/uploads\/2021\/09\/672x672_Calmant-1.jpg","width":672,"height":672},{"@type":"BreadcrumbList","@id":"https:\/\/www.ecoceutics.com\/ca\/calmant-natural\/#breadcrumb","itemListElement":[{"@type":"ListItem","position":1,"name":"Portada","item":"https:\/\/www.ecoceutics.com\/ca\/"},{"@type":"ListItem","position":2,"name":"Compleat Calmant"}]},{"@type":"WebSite","@id":"https:\/\/www.ecoceutics.com\/ca\/#website","url":"https:\/\/www.ecoceutics.com\/ca\/","name":"ecoceutics","description":"Primera red de farmacias independientes bajo una marca","publisher":{"@id":"https:\/\/www.ecoceutics.com\/ca\/#organization"},"potentialAction":[{"@type":"SearchAction","target":{"@type":"EntryPoint","urlTemplate":"https:\/\/www.ecoceutics.com\/ca\/?s={search_term_string}"},"query-input":{"@type":"PropertyValueSpecification","valueRequired":true,"valueName":"search_term_string"}}],"inLanguage":"ca"},{"@type":"Organization","@id":"https:\/\/www.ecoceutics.com\/ca\/#organization","name":"Ecoceutics","url":"https:\/\/www.ecoceutics.com\/ca\/","logo":{"@type":"ImageObject","inLanguage":"ca","@id":"https:\/\/www.ecoceutics.com\/ca\/#\/schema\/logo\/image\/","url":"https:\/\/www.ecoceutics.com\/wp-content\/uploads\/2022\/02\/Logo-Ecoceutics-SVG-01-1.svg","contentUrl":"https:\/\/www.ecoceutics.com\/wp-content\/uploads\/2022\/02\/Logo-Ecoceutics-SVG-01-1.svg","width":232,"height":68,"caption":"Ecoceutics"},"image":{"@id":"https:\/\/www.ecoceutics.com\/ca\/#\/schema\/logo\/image\/"}}]}},"_links":{"self":[{"href":"https:\/\/www.ecoceutics.com\/ca\/wp-json\/wp\/v2\/product\/18758","targetHints":{"allow":["GET"]}}],"collection":[{"href":"https:\/\/www.ecoceutics.com\/ca\/wp-json\/wp\/v2\/product"}],"about":[{"href":"https:\/\/www.ecoceutics.com\/ca\/wp-json\/wp\/v2\/types\/product"}],"wp:featuredmedia":[{"embeddable":true,"href":"https:\/\/www.ecoceutics.com\/ca\/wp-json\/wp\/v2\/media\/18374"}],"wp:attachment":[{"href":"https:\/\/www.ecoceutics.com\/ca\/wp-json\/wp\/v2\/media?parent=18758"}],"wp:term":[{"taxonomy":"product_brand","embeddable":true,"href":"https:\/\/www.ecoceutics.com\/ca\/wp-json\/wp\/v2\/product_brand?post=18758"},{"taxonomy":"product_cat","embeddable":true,"href":"https:\/\/www.ecoceutics.com\/ca\/wp-json\/wp\/v2\/product_cat?post=18758"},{"taxonomy":"product_tag","embeddable":true,"href":"https:\/\/www.ecoceutics.com\/ca\/wp-json\/wp\/v2\/product_tag?post=18758"},{"taxonomy":"beneficio","embeddable":true,"href":"https:\/\/www.ecoceutics.com\/ca\/wp-json\/wp\/v2\/beneficio?post=18758"}],"curies":[{"name":"wp","href":"https:\/\/api.w.org\/{rel}","templated":true}]}}