{"id":18759,"date":"2021-09-13T16:14:40","date_gmt":"2021-09-13T14:14:40","guid":{"rendered":"https:\/\/www.ecoceutics.com\/producto\/circulacio\/"},"modified":"2024-05-09T10:55:05","modified_gmt":"2024-05-09T08:55:05","slug":"circulacio","status":"publish","type":"product","link":"https:\/\/www.ecoceutics.com\/ca\/circulacio\/","title":{"rendered":"Compleat Circulaci\u00f3"},"content":{"rendered":"<p>Millora la circulaci\u00f3 sangu\u00ednia\u00a0i ajuda a la regulaci\u00f3 de la tensi\u00f3 arterial gr\u00e0cies a l\u2019extracte d\u2019all envellit. Aquest ingredient \u00e9s vasodilatador, per la qual cosa \u00e9s ideal per a persones amb la tensi\u00f3 alta o amb cames cansades i amb varius.<\/p>\n<p><strong>\u00a0<\/strong><\/p>\n<h3><a name=\"_Toc68625574\"><\/a><strong>Formulaci\u00f3 i propietats<\/strong><\/h3>\n<p>Ajuda a la regulaci\u00f3 de la tensi\u00f3 arterial i a la millora de la circulaci\u00f3 sangu\u00ednia.<\/p>\n<p>Ecovital compleat circulaci\u00f3 combina innovaci\u00f3 i tradici\u00f3, gr\u00e0cies a un proc\u00e9s patentat amb una durada de 20 mesos, per maximitzar les virtuts de l\u2019all envellit \u00a0eliminant els efectes no desitjats (olor, reflux i acidesa).<\/p>\n<p>&nbsp;<\/p>\n<p><strong>Amb extracte d\u2019all envellit i fermentat<\/strong><\/p>\n<p>Gr\u00e0cies al seu contingut en\u00a0al\u00b7licina, aquest component, tradicionalment emprat, ajuda a disminuir la pressi\u00f3 arterial i a millorar la micro-circulaci\u00f3 perif\u00e8rica entre d\u2019altres beneficis com disminuir el colesterol o esdevenir un antiagregant plaquetari.<\/p>\n<p>&nbsp;<\/p>\n<h3><a name=\"_Toc68625576\"><\/a><strong>Pensat per:<\/strong><\/h3>\n<ul>\n<li>La tensi\u00f3 alta.<\/li>\n<li>Cames pesades.<\/li>\n<li>Sensaci\u00f3 de \u201cmans i peus freds\u201d.<\/li>\n<li>S\u00edmptomes hemorroidals.<\/li>\n<\/ul>\n<h3><strong>\u00a0<\/strong><\/h3>\n<h3><a name=\"_Toc68625577\"><\/a><strong>Apte per:<\/strong><\/h3>\n<ul>\n<li>Apte per cel\u00edacs, intolerants a la lactosa, vegans i nens\/es a partir de 12 anys.<\/li>\n<li>Contraindicat per pacients en tractament immunosupressor o tractament amb antiretrovirals.<\/li>\n<\/ul>\n<p><strong>\u00a0<\/strong><\/p>\n<h3><a name=\"_Toc68625578\"><\/a><strong>Mode d\u2019\u00fas<\/strong><\/h3>\n<ul>\n<li>Un comprimit al dia. Es recomana prendre-ho amb el menjar.\u00a0 (mat\u00ed, migdia o nit).<\/li>\n<\/ul>\n<p>&nbsp;<\/p>\n<h3><a name=\"_Toc68625579\"><\/a><strong>Ingredients<\/strong><\/h3>\n<p>Extracte d&#8217;all envellit, agent de c\u00e0rrega (cel\u00b7lulosa microcristal\u00b7lina),\u00a0hidroxipropilcel\u00b7lulosa, agent de recobriment (acetat de cel\u00b7lulosa, polietilenglicol),\u00a0antiaglomerants\u00a0(di\u00f2xid de silici i\u00a0estearat\u00a0de magnesi).<\/p>\n","protected":false},"excerpt":{"rendered":"<p>Regula la tensi\u00f3 arterial<\/p>\n","protected":false},"featured_media":18372,"template":"","meta":{"_acf_changed":false,"inline_featured_image":false,"_mbp_gutenberg_autopost":false},"product_brand":[],"product_cat":[159],"product_tag":[141,168],"beneficio":[195,197],"class_list":{"0":"post-18759","1":"product","2":"type-product","3":"status-publish","4":"has-post-thumbnail","6":"product_cat-complements-alimentosos","7":"product_tag-prevencio","8":"product_tag-tractament","9":"beneficio-prevencio","10":"beneficio-tractament","12":"first","13":"instock","14":"shipping-taxable","15":"product-type-simple"},"acf":[],"yoast_head":"<!-- This site is optimized with the Yoast SEO plugin v27.3 - https:\/\/yoast.com\/product\/yoast-seo-wordpress\/ -->\n<title>Productes per millorar la circulaci\u00f3 | Farm\u00e0cies Ecoceutics<\/title>\n<meta name=\"description\" content=\"Compleat Circualci\u00f3 ajuda a la regulaci\u00f3 de la tensi\u00f3 arterial i a la millora de la circulaci\u00f3 sangu\u00ednia. Pensat per a persones amb tensi\u00f3 alta.\" \/>\n<meta name=\"robots\" content=\"index, follow, max-snippet:-1, max-image-preview:large, max-video-preview:-1\" \/>\n<link rel=\"canonical\" href=\"https:\/\/www.ecoceutics.com\/ca\/circulacio\/\" \/>\n<meta property=\"og:locale\" content=\"ca_ES\" \/>\n<meta property=\"og:type\" content=\"article\" \/>\n<meta property=\"og:title\" content=\"Productes per millorar la circulaci\u00f3 | Farm\u00e0cies Ecoceutics\" \/>\n<meta property=\"og:description\" content=\"Compleat Circualci\u00f3 ajuda a la regulaci\u00f3 de la tensi\u00f3 arterial i a la millora de la circulaci\u00f3 sangu\u00ednia. Pensat per a persones amb tensi\u00f3 alta.\" \/>\n<meta property=\"og:url\" content=\"https:\/\/www.ecoceutics.com\/ca\/circulacio\/\" \/>\n<meta property=\"og:site_name\" content=\"ecoceutics\" \/>\n<meta property=\"article:modified_time\" content=\"2024-05-09T08:55:05+00:00\" \/>\n<meta property=\"og:image\" content=\"https:\/\/www.ecoceutics.com\/wp-content\/uploads\/2021\/09\/672x672_Circulacio-1.jpg\" \/>\n\t<meta property=\"og:image:width\" content=\"672\" \/>\n\t<meta property=\"og:image:height\" content=\"672\" \/>\n\t<meta property=\"og:image:type\" content=\"image\/jpeg\" \/>\n<meta name=\"twitter:card\" content=\"summary_large_image\" \/>\n<meta name=\"twitter:label1\" content=\"Temps estimat de lectura\" \/>\n\t<meta name=\"twitter:data1\" content=\"1 minut\" \/>\n<script type=\"application\/ld+json\" class=\"yoast-schema-graph\">{\"@context\":\"https:\\\/\\\/schema.org\",\"@graph\":[{\"@type\":\"WebPage\",\"@id\":\"https:\\\/\\\/www.ecoceutics.com\\\/ca\\\/circulacio\\\/\",\"url\":\"https:\\\/\\\/www.ecoceutics.com\\\/ca\\\/circulacio\\\/\",\"name\":\"Productes per millorar la circulaci\u00f3 | Farm\u00e0cies Ecoceutics\",\"isPartOf\":{\"@id\":\"https:\\\/\\\/www.ecoceutics.com\\\/ca\\\/#website\"},\"primaryImageOfPage\":{\"@id\":\"https:\\\/\\\/www.ecoceutics.com\\\/ca\\\/circulacio\\\/#primaryimage\"},\"image\":{\"@id\":\"https:\\\/\\\/www.ecoceutics.com\\\/ca\\\/circulacio\\\/#primaryimage\"},\"thumbnailUrl\":\"https:\\\/\\\/www.ecoceutics.com\\\/wp-content\\\/uploads\\\/2021\\\/09\\\/672x672_Circulacio-1.jpg\",\"datePublished\":\"2021-09-13T14:14:40+00:00\",\"dateModified\":\"2024-05-09T08:55:05+00:00\",\"description\":\"Compleat Circualci\u00f3 ajuda a la regulaci\u00f3 de la tensi\u00f3 arterial i a la millora de la circulaci\u00f3 sangu\u00ednia. Pensat per a persones amb tensi\u00f3 alta.\",\"breadcrumb\":{\"@id\":\"https:\\\/\\\/www.ecoceutics.com\\\/ca\\\/circulacio\\\/#breadcrumb\"},\"inLanguage\":\"ca\",\"potentialAction\":[{\"@type\":\"ReadAction\",\"target\":[\"https:\\\/\\\/www.ecoceutics.com\\\/ca\\\/circulacio\\\/\"]}]},{\"@type\":\"ImageObject\",\"inLanguage\":\"ca\",\"@id\":\"https:\\\/\\\/www.ecoceutics.com\\\/ca\\\/circulacio\\\/#primaryimage\",\"url\":\"https:\\\/\\\/www.ecoceutics.com\\\/wp-content\\\/uploads\\\/2021\\\/09\\\/672x672_Circulacio-1.jpg\",\"contentUrl\":\"https:\\\/\\\/www.ecoceutics.com\\\/wp-content\\\/uploads\\\/2021\\\/09\\\/672x672_Circulacio-1.jpg\",\"width\":672,\"height\":672},{\"@type\":\"BreadcrumbList\",\"@id\":\"https:\\\/\\\/www.ecoceutics.com\\\/ca\\\/circulacio\\\/#breadcrumb\",\"itemListElement\":[{\"@type\":\"ListItem\",\"position\":1,\"name\":\"Portada\",\"item\":\"https:\\\/\\\/www.ecoceutics.com\\\/ca\\\/\"},{\"@type\":\"ListItem\",\"position\":2,\"name\":\"Compleat Circulaci\u00f3\"}]},{\"@type\":\"WebSite\",\"@id\":\"https:\\\/\\\/www.ecoceutics.com\\\/ca\\\/#website\",\"url\":\"https:\\\/\\\/www.ecoceutics.com\\\/ca\\\/\",\"name\":\"ecoceutics\",\"description\":\"Primera red de farmacias independientes bajo una marca\",\"publisher\":{\"@id\":\"https:\\\/\\\/www.ecoceutics.com\\\/ca\\\/#organization\"},\"potentialAction\":[{\"@type\":\"SearchAction\",\"target\":{\"@type\":\"EntryPoint\",\"urlTemplate\":\"https:\\\/\\\/www.ecoceutics.com\\\/ca\\\/?s={search_term_string}\"},\"query-input\":{\"@type\":\"PropertyValueSpecification\",\"valueRequired\":true,\"valueName\":\"search_term_string\"}}],\"inLanguage\":\"ca\"},{\"@type\":\"Organization\",\"@id\":\"https:\\\/\\\/www.ecoceutics.com\\\/ca\\\/#organization\",\"name\":\"Ecoceutics\",\"url\":\"https:\\\/\\\/www.ecoceutics.com\\\/ca\\\/\",\"logo\":{\"@type\":\"ImageObject\",\"inLanguage\":\"ca\",\"@id\":\"https:\\\/\\\/www.ecoceutics.com\\\/ca\\\/#\\\/schema\\\/logo\\\/image\\\/\",\"url\":\"https:\\\/\\\/www.ecoceutics.com\\\/wp-content\\\/uploads\\\/2022\\\/02\\\/Logo-Ecoceutics-SVG-01-1.svg\",\"contentUrl\":\"https:\\\/\\\/www.ecoceutics.com\\\/wp-content\\\/uploads\\\/2022\\\/02\\\/Logo-Ecoceutics-SVG-01-1.svg\",\"width\":232,\"height\":68,\"caption\":\"Ecoceutics\"},\"image\":{\"@id\":\"https:\\\/\\\/www.ecoceutics.com\\\/ca\\\/#\\\/schema\\\/logo\\\/image\\\/\"}}]}<\/script>\n<!-- \/ Yoast SEO plugin. -->","yoast_head_json":{"title":"Productes per millorar la circulaci\u00f3 | Farm\u00e0cies Ecoceutics","description":"Compleat Circualci\u00f3 ajuda a la regulaci\u00f3 de la tensi\u00f3 arterial i a la millora de la circulaci\u00f3 sangu\u00ednia. Pensat per a persones amb tensi\u00f3 alta.","robots":{"index":"index","follow":"follow","max-snippet":"max-snippet:-1","max-image-preview":"max-image-preview:large","max-video-preview":"max-video-preview:-1"},"canonical":"https:\/\/www.ecoceutics.com\/ca\/circulacio\/","og_locale":"ca_ES","og_type":"article","og_title":"Productes per millorar la circulaci\u00f3 | Farm\u00e0cies Ecoceutics","og_description":"Compleat Circualci\u00f3 ajuda a la regulaci\u00f3 de la tensi\u00f3 arterial i a la millora de la circulaci\u00f3 sangu\u00ednia. Pensat per a persones amb tensi\u00f3 alta.","og_url":"https:\/\/www.ecoceutics.com\/ca\/circulacio\/","og_site_name":"ecoceutics","article_modified_time":"2024-05-09T08:55:05+00:00","og_image":[{"width":672,"height":672,"url":"https:\/\/www.ecoceutics.com\/wp-content\/uploads\/2021\/09\/672x672_Circulacio-1.jpg","type":"image\/jpeg"}],"twitter_card":"summary_large_image","twitter_misc":{"Temps estimat de lectura":"1 minut"},"schema":{"@context":"https:\/\/schema.org","@graph":[{"@type":"WebPage","@id":"https:\/\/www.ecoceutics.com\/ca\/circulacio\/","url":"https:\/\/www.ecoceutics.com\/ca\/circulacio\/","name":"Productes per millorar la circulaci\u00f3 | Farm\u00e0cies Ecoceutics","isPartOf":{"@id":"https:\/\/www.ecoceutics.com\/ca\/#website"},"primaryImageOfPage":{"@id":"https:\/\/www.ecoceutics.com\/ca\/circulacio\/#primaryimage"},"image":{"@id":"https:\/\/www.ecoceutics.com\/ca\/circulacio\/#primaryimage"},"thumbnailUrl":"https:\/\/www.ecoceutics.com\/wp-content\/uploads\/2021\/09\/672x672_Circulacio-1.jpg","datePublished":"2021-09-13T14:14:40+00:00","dateModified":"2024-05-09T08:55:05+00:00","description":"Compleat Circualci\u00f3 ajuda a la regulaci\u00f3 de la tensi\u00f3 arterial i a la millora de la circulaci\u00f3 sangu\u00ednia. Pensat per a persones amb tensi\u00f3 alta.","breadcrumb":{"@id":"https:\/\/www.ecoceutics.com\/ca\/circulacio\/#breadcrumb"},"inLanguage":"ca","potentialAction":[{"@type":"ReadAction","target":["https:\/\/www.ecoceutics.com\/ca\/circulacio\/"]}]},{"@type":"ImageObject","inLanguage":"ca","@id":"https:\/\/www.ecoceutics.com\/ca\/circulacio\/#primaryimage","url":"https:\/\/www.ecoceutics.com\/wp-content\/uploads\/2021\/09\/672x672_Circulacio-1.jpg","contentUrl":"https:\/\/www.ecoceutics.com\/wp-content\/uploads\/2021\/09\/672x672_Circulacio-1.jpg","width":672,"height":672},{"@type":"BreadcrumbList","@id":"https:\/\/www.ecoceutics.com\/ca\/circulacio\/#breadcrumb","itemListElement":[{"@type":"ListItem","position":1,"name":"Portada","item":"https:\/\/www.ecoceutics.com\/ca\/"},{"@type":"ListItem","position":2,"name":"Compleat Circulaci\u00f3"}]},{"@type":"WebSite","@id":"https:\/\/www.ecoceutics.com\/ca\/#website","url":"https:\/\/www.ecoceutics.com\/ca\/","name":"ecoceutics","description":"Primera red de farmacias independientes bajo una marca","publisher":{"@id":"https:\/\/www.ecoceutics.com\/ca\/#organization"},"potentialAction":[{"@type":"SearchAction","target":{"@type":"EntryPoint","urlTemplate":"https:\/\/www.ecoceutics.com\/ca\/?s={search_term_string}"},"query-input":{"@type":"PropertyValueSpecification","valueRequired":true,"valueName":"search_term_string"}}],"inLanguage":"ca"},{"@type":"Organization","@id":"https:\/\/www.ecoceutics.com\/ca\/#organization","name":"Ecoceutics","url":"https:\/\/www.ecoceutics.com\/ca\/","logo":{"@type":"ImageObject","inLanguage":"ca","@id":"https:\/\/www.ecoceutics.com\/ca\/#\/schema\/logo\/image\/","url":"https:\/\/www.ecoceutics.com\/wp-content\/uploads\/2022\/02\/Logo-Ecoceutics-SVG-01-1.svg","contentUrl":"https:\/\/www.ecoceutics.com\/wp-content\/uploads\/2022\/02\/Logo-Ecoceutics-SVG-01-1.svg","width":232,"height":68,"caption":"Ecoceutics"},"image":{"@id":"https:\/\/www.ecoceutics.com\/ca\/#\/schema\/logo\/image\/"}}]}},"_links":{"self":[{"href":"https:\/\/www.ecoceutics.com\/ca\/wp-json\/wp\/v2\/product\/18759","targetHints":{"allow":["GET"]}}],"collection":[{"href":"https:\/\/www.ecoceutics.com\/ca\/wp-json\/wp\/v2\/product"}],"about":[{"href":"https:\/\/www.ecoceutics.com\/ca\/wp-json\/wp\/v2\/types\/product"}],"wp:featuredmedia":[{"embeddable":true,"href":"https:\/\/www.ecoceutics.com\/ca\/wp-json\/wp\/v2\/media\/18372"}],"wp:attachment":[{"href":"https:\/\/www.ecoceutics.com\/ca\/wp-json\/wp\/v2\/media?parent=18759"}],"wp:term":[{"taxonomy":"product_brand","embeddable":true,"href":"https:\/\/www.ecoceutics.com\/ca\/wp-json\/wp\/v2\/product_brand?post=18759"},{"taxonomy":"product_cat","embeddable":true,"href":"https:\/\/www.ecoceutics.com\/ca\/wp-json\/wp\/v2\/product_cat?post=18759"},{"taxonomy":"product_tag","embeddable":true,"href":"https:\/\/www.ecoceutics.com\/ca\/wp-json\/wp\/v2\/product_tag?post=18759"},{"taxonomy":"beneficio","embeddable":true,"href":"https:\/\/www.ecoceutics.com\/ca\/wp-json\/wp\/v2\/beneficio?post=18759"}],"curies":[{"name":"wp","href":"https:\/\/api.w.org\/{rel}","templated":true}]}}