{"id":18761,"date":"2021-09-13T16:24:09","date_gmt":"2021-09-13T14:24:09","guid":{"rendered":"https:\/\/www.ecoceutics.com\/producto\/esbeltox\/"},"modified":"2024-05-09T10:50:24","modified_gmt":"2024-05-09T08:50:24","slug":"esbeltox","status":"publish","type":"product","link":"https:\/\/www.ecoceutics.com\/ca\/esbeltox\/","title":{"rendered":"Compleat Esbeltox"},"content":{"rendered":"<p>Contribueix a cremar l\u2019exc\u00e9s de greix localitzat gr\u00e0cies a la l-carnitina. Ajuda al drenatge de l\u2019organisme gr\u00e0cies a la carxofa. Ajuda a mantenir un pes saludable gr\u00e0cies al seu contingut en guaran\u00e0.<\/p>\n<p>&nbsp;<\/p>\n<h3><a name=\"_Toc71797882\"><\/a><strong>Formulaci\u00f3 i propietats<\/strong><\/h3>\n<p>Amb guaran\u00e0, t\u00e9 verd i l-carnitina, que gr\u00e0cies al seu efecte termog\u00e8nic contribueixen a la crema de greixos.<\/p>\n<p>Gr\u00e0cies a l\u2019efecte drenant de l\u2019ortosif\u00f3 i la cua de cavall, t\u2019ajudar\u00e0s a reduir la retenci\u00f3 de l\u00edquids de l\u2019organisme.<\/p>\n<p>Amb carxofa i vid vermella, que detoxifiquen l\u2019organisme i ajuden a l\u2019eliminaci\u00f3 de toxines.<\/p>\n<p>Amb crom i zinc, que regulen els pics de glucosa i intervenen en els processos relacionats amb el metabolisme dels hidrats de carboni.<\/p>\n<p>Amb gust de fruits del bosc.<\/p>\n<p>&nbsp;<\/p>\n<h3><a name=\"_Toc71797884\"><\/a><strong>Pensat per:<\/strong><\/h3>\n<ul>\n<li>Persones que busquin baixar de pes, com a complement adicional a una dieta saludable i la realitzaci\u00f3 d\u2019activitat f\u00edsica.<\/li>\n<\/ul>\n<p><strong>\u00a0<\/strong><\/p>\n<h3><a name=\"_Toc71797885\"><\/a><strong>Apte per:<\/strong><\/h3>\n<ul>\n<li>Complement aliment\u00f3s no apte per embarassades, dones lactants, menors de 18 anys i cel\u00edacs. Contraindicat en persones en tractament amb antihipertensius, di\u00fcr\u00e8tics o anticoagulants.<\/li>\n<\/ul>\n<p><strong>\u00a0<\/strong><\/p>\n<h3><a name=\"_Toc71797886\"><\/a><strong>Mode d\u2019\u00fas<\/strong><\/h3>\n<ul>\n<li>Amb el tap dosificador,\u00a0ingerir\u00a030ml de la soluci\u00f3 ja sigui directament del tap o dilu\u00eft en\u00a0un got\/ampolla d\u2019aigua.<br \/>\nConsumir els 30ml abans del migdia, pel seu contingut en cafe\u00efna.<\/li>\n<\/ul>\n<p>&nbsp;<\/p>\n<h3><a name=\"_Toc71797887\"><\/a><strong>Ingredients<\/strong><\/h3>\n<p>Aigua, extracte sec de guaran\u00e0 (paullina\u00a0cupana\u00a0kunth) (11% cafe\u00efna), e.s. te verd (camellia\u00a0sinesis\u00a0(l.)\u00a0Kuntze) (50% polifenols), suc concentrat de ra\u00efm vermell (65\u00a0brix), l-carnitina base,\u00a0ext. Sec d&#8217;ortosif\u00f3\u00a0(orthosuphon\u00a0stamienus\u00a0bent.) (0,1%\u00a0sinensetina),\u00a0ext. Sec de carxofa (cynara\u00a0scolymus\u00a0l.) (2%\u00a0cinara),\u00a0ext. Sec de cua de cavall (equisetum\u00a0arvense l.) 7% s\u00edlice), acidulant (acidifico c\u00edtric), aromatitzant (aroma fruites\u00a0del bosc,\u00a0tastegem), estabilitzant (cel\u00b7lulosa microcristal\u00b7lina), edulcorant (ciclamat s\u00f2dic, sacarina s\u00f2dica, gluc\u00f2sids d&#8217;esteviol\u00a098%), conservador (sorbat\u00a0pot\u00e0ssic, benzoat s\u00f2dic) espessidor (goma\u00a0xantana), sulfat de zinc 1 hidrat (36,43% zinc),\u00a0picolinat\u00a0de crom (12,4% crom).<\/p>\n","protected":false},"excerpt":{"rendered":"<p>Drena i detoxifica l&#8217;organisme<\/p>\n","protected":false},"featured_media":18370,"template":"","meta":{"_acf_changed":false,"inline_featured_image":false,"_mbp_gutenberg_autopost":false},"product_brand":[],"product_cat":[159],"product_tag":[139,141],"beneficio":[434,205,192,195],"class_list":{"0":"post-18761","1":"product","2":"type-product","3":"status-publish","4":"has-post-thumbnail","6":"product_cat-complements-alimentosos","7":"product_tag-cura-corporal","8":"product_tag-prevencio","9":"beneficio-complementos-alimenticios-ca","10":"beneficio-complements-alimentosos","11":"beneficio-cura-corporal","12":"beneficio-prevencio","14":"first","15":"instock","16":"shipping-taxable","17":"product-type-simple"},"acf":[],"yoast_head":"<!-- This site is optimized with the Yoast SEO plugin v27.6 - https:\/\/yoast.com\/product\/yoast-seo-wordpress\/ -->\n<title>Esbeltox: detoxifica i drena l&#039;organisme | Farm\u00e0cies Ecoceutics<\/title>\n<meta name=\"description\" content=\"Esbeltox contribueix a cremar l&#039;exc\u00e9s de greix localitzat gr\u00e0cies a l&#039;L-Carnitina i ajuda al drenatge de l&#039;organisme gr\u00e0cies a la carxofa.\" \/>\n<meta name=\"robots\" content=\"index, follow, max-snippet:-1, max-image-preview:large, max-video-preview:-1\" \/>\n<link rel=\"canonical\" href=\"https:\/\/www.ecoceutics.com\/ca\/esbeltox\/\" \/>\n<meta property=\"og:locale\" content=\"ca_ES\" \/>\n<meta property=\"og:type\" content=\"article\" \/>\n<meta property=\"og:title\" content=\"Esbeltox: detoxifica i drena l&#039;organisme | Farm\u00e0cies Ecoceutics\" \/>\n<meta property=\"og:description\" content=\"Esbeltox contribueix a cremar l&#039;exc\u00e9s de greix localitzat gr\u00e0cies a l&#039;L-Carnitina i ajuda al drenatge de l&#039;organisme gr\u00e0cies a la carxofa.\" \/>\n<meta property=\"og:url\" content=\"https:\/\/www.ecoceutics.com\/ca\/esbeltox\/\" \/>\n<meta property=\"og:site_name\" content=\"ecoceutics\" \/>\n<meta property=\"article:modified_time\" content=\"2024-05-09T08:50:24+00:00\" \/>\n<meta property=\"og:image\" content=\"https:\/\/www.ecoceutics.com\/wp-content\/uploads\/2021\/09\/672x672_Esbeltox-1.jpg\" \/>\n\t<meta property=\"og:image:width\" content=\"672\" \/>\n\t<meta property=\"og:image:height\" content=\"672\" \/>\n\t<meta property=\"og:image:type\" content=\"image\/jpeg\" \/>\n<meta name=\"twitter:card\" content=\"summary_large_image\" \/>\n<meta name=\"twitter:label1\" content=\"Temps estimat de lectura\" \/>\n\t<meta name=\"twitter:data1\" content=\"2 minuts\" \/>\n<script type=\"application\/ld+json\" class=\"yoast-schema-graph\">{\"@context\":\"https:\\\/\\\/schema.org\",\"@graph\":[{\"@type\":\"WebPage\",\"@id\":\"https:\\\/\\\/www.ecoceutics.com\\\/ca\\\/esbeltox\\\/\",\"url\":\"https:\\\/\\\/www.ecoceutics.com\\\/ca\\\/esbeltox\\\/\",\"name\":\"Esbeltox: detoxifica i drena l'organisme | Farm\u00e0cies Ecoceutics\",\"isPartOf\":{\"@id\":\"https:\\\/\\\/www.ecoceutics.com\\\/ca\\\/#website\"},\"primaryImageOfPage\":{\"@id\":\"https:\\\/\\\/www.ecoceutics.com\\\/ca\\\/esbeltox\\\/#primaryimage\"},\"image\":{\"@id\":\"https:\\\/\\\/www.ecoceutics.com\\\/ca\\\/esbeltox\\\/#primaryimage\"},\"thumbnailUrl\":\"https:\\\/\\\/www.ecoceutics.com\\\/wp-content\\\/uploads\\\/2021\\\/09\\\/672x672_Esbeltox-1.jpg\",\"datePublished\":\"2021-09-13T14:24:09+00:00\",\"dateModified\":\"2024-05-09T08:50:24+00:00\",\"description\":\"Esbeltox contribueix a cremar l'exc\u00e9s de greix localitzat gr\u00e0cies a l'L-Carnitina i ajuda al drenatge de l'organisme gr\u00e0cies a la carxofa.\",\"breadcrumb\":{\"@id\":\"https:\\\/\\\/www.ecoceutics.com\\\/ca\\\/esbeltox\\\/#breadcrumb\"},\"inLanguage\":\"ca\",\"potentialAction\":[{\"@type\":\"ReadAction\",\"target\":[\"https:\\\/\\\/www.ecoceutics.com\\\/ca\\\/esbeltox\\\/\"]}]},{\"@type\":\"ImageObject\",\"inLanguage\":\"ca\",\"@id\":\"https:\\\/\\\/www.ecoceutics.com\\\/ca\\\/esbeltox\\\/#primaryimage\",\"url\":\"https:\\\/\\\/www.ecoceutics.com\\\/wp-content\\\/uploads\\\/2021\\\/09\\\/672x672_Esbeltox-1.jpg\",\"contentUrl\":\"https:\\\/\\\/www.ecoceutics.com\\\/wp-content\\\/uploads\\\/2021\\\/09\\\/672x672_Esbeltox-1.jpg\",\"width\":672,\"height\":672},{\"@type\":\"BreadcrumbList\",\"@id\":\"https:\\\/\\\/www.ecoceutics.com\\\/ca\\\/esbeltox\\\/#breadcrumb\",\"itemListElement\":[{\"@type\":\"ListItem\",\"position\":1,\"name\":\"Portada\",\"item\":\"https:\\\/\\\/www.ecoceutics.com\\\/ca\\\/\"},{\"@type\":\"ListItem\",\"position\":2,\"name\":\"Compleat Esbeltox\"}]},{\"@type\":\"WebSite\",\"@id\":\"https:\\\/\\\/www.ecoceutics.com\\\/ca\\\/#website\",\"url\":\"https:\\\/\\\/www.ecoceutics.com\\\/ca\\\/\",\"name\":\"ecoceutics\",\"description\":\"Primera red de farmacias independientes bajo una marca\",\"publisher\":{\"@id\":\"https:\\\/\\\/www.ecoceutics.com\\\/ca\\\/#organization\"},\"potentialAction\":[{\"@type\":\"SearchAction\",\"target\":{\"@type\":\"EntryPoint\",\"urlTemplate\":\"https:\\\/\\\/www.ecoceutics.com\\\/ca\\\/?s={search_term_string}\"},\"query-input\":{\"@type\":\"PropertyValueSpecification\",\"valueRequired\":true,\"valueName\":\"search_term_string\"}}],\"inLanguage\":\"ca\"},{\"@type\":\"Organization\",\"@id\":\"https:\\\/\\\/www.ecoceutics.com\\\/ca\\\/#organization\",\"name\":\"Ecoceutics\",\"url\":\"https:\\\/\\\/www.ecoceutics.com\\\/ca\\\/\",\"logo\":{\"@type\":\"ImageObject\",\"inLanguage\":\"ca\",\"@id\":\"https:\\\/\\\/www.ecoceutics.com\\\/ca\\\/#\\\/schema\\\/logo\\\/image\\\/\",\"url\":\"https:\\\/\\\/www.ecoceutics.com\\\/wp-content\\\/uploads\\\/2022\\\/02\\\/Logo-Ecoceutics-SVG-01-1.svg\",\"contentUrl\":\"https:\\\/\\\/www.ecoceutics.com\\\/wp-content\\\/uploads\\\/2022\\\/02\\\/Logo-Ecoceutics-SVG-01-1.svg\",\"width\":232,\"height\":68,\"caption\":\"Ecoceutics\"},\"image\":{\"@id\":\"https:\\\/\\\/www.ecoceutics.com\\\/ca\\\/#\\\/schema\\\/logo\\\/image\\\/\"}}]}<\/script>\n<!-- \/ Yoast SEO plugin. -->","yoast_head_json":{"title":"Esbeltox: detoxifica i drena l'organisme | Farm\u00e0cies Ecoceutics","description":"Esbeltox contribueix a cremar l'exc\u00e9s de greix localitzat gr\u00e0cies a l'L-Carnitina i ajuda al drenatge de l'organisme gr\u00e0cies a la carxofa.","robots":{"index":"index","follow":"follow","max-snippet":"max-snippet:-1","max-image-preview":"max-image-preview:large","max-video-preview":"max-video-preview:-1"},"canonical":"https:\/\/www.ecoceutics.com\/ca\/esbeltox\/","og_locale":"ca_ES","og_type":"article","og_title":"Esbeltox: detoxifica i drena l'organisme | Farm\u00e0cies Ecoceutics","og_description":"Esbeltox contribueix a cremar l'exc\u00e9s de greix localitzat gr\u00e0cies a l'L-Carnitina i ajuda al drenatge de l'organisme gr\u00e0cies a la carxofa.","og_url":"https:\/\/www.ecoceutics.com\/ca\/esbeltox\/","og_site_name":"ecoceutics","article_modified_time":"2024-05-09T08:50:24+00:00","og_image":[{"width":672,"height":672,"url":"https:\/\/www.ecoceutics.com\/wp-content\/uploads\/2021\/09\/672x672_Esbeltox-1.jpg","type":"image\/jpeg"}],"twitter_card":"summary_large_image","twitter_misc":{"Temps estimat de lectura":"2 minuts"},"schema":{"@context":"https:\/\/schema.org","@graph":[{"@type":"WebPage","@id":"https:\/\/www.ecoceutics.com\/ca\/esbeltox\/","url":"https:\/\/www.ecoceutics.com\/ca\/esbeltox\/","name":"Esbeltox: detoxifica i drena l'organisme | Farm\u00e0cies Ecoceutics","isPartOf":{"@id":"https:\/\/www.ecoceutics.com\/ca\/#website"},"primaryImageOfPage":{"@id":"https:\/\/www.ecoceutics.com\/ca\/esbeltox\/#primaryimage"},"image":{"@id":"https:\/\/www.ecoceutics.com\/ca\/esbeltox\/#primaryimage"},"thumbnailUrl":"https:\/\/www.ecoceutics.com\/wp-content\/uploads\/2021\/09\/672x672_Esbeltox-1.jpg","datePublished":"2021-09-13T14:24:09+00:00","dateModified":"2024-05-09T08:50:24+00:00","description":"Esbeltox contribueix a cremar l'exc\u00e9s de greix localitzat gr\u00e0cies a l'L-Carnitina i ajuda al drenatge de l'organisme gr\u00e0cies a la carxofa.","breadcrumb":{"@id":"https:\/\/www.ecoceutics.com\/ca\/esbeltox\/#breadcrumb"},"inLanguage":"ca","potentialAction":[{"@type":"ReadAction","target":["https:\/\/www.ecoceutics.com\/ca\/esbeltox\/"]}]},{"@type":"ImageObject","inLanguage":"ca","@id":"https:\/\/www.ecoceutics.com\/ca\/esbeltox\/#primaryimage","url":"https:\/\/www.ecoceutics.com\/wp-content\/uploads\/2021\/09\/672x672_Esbeltox-1.jpg","contentUrl":"https:\/\/www.ecoceutics.com\/wp-content\/uploads\/2021\/09\/672x672_Esbeltox-1.jpg","width":672,"height":672},{"@type":"BreadcrumbList","@id":"https:\/\/www.ecoceutics.com\/ca\/esbeltox\/#breadcrumb","itemListElement":[{"@type":"ListItem","position":1,"name":"Portada","item":"https:\/\/www.ecoceutics.com\/ca\/"},{"@type":"ListItem","position":2,"name":"Compleat Esbeltox"}]},{"@type":"WebSite","@id":"https:\/\/www.ecoceutics.com\/ca\/#website","url":"https:\/\/www.ecoceutics.com\/ca\/","name":"ecoceutics","description":"Primera red de farmacias independientes bajo una marca","publisher":{"@id":"https:\/\/www.ecoceutics.com\/ca\/#organization"},"potentialAction":[{"@type":"SearchAction","target":{"@type":"EntryPoint","urlTemplate":"https:\/\/www.ecoceutics.com\/ca\/?s={search_term_string}"},"query-input":{"@type":"PropertyValueSpecification","valueRequired":true,"valueName":"search_term_string"}}],"inLanguage":"ca"},{"@type":"Organization","@id":"https:\/\/www.ecoceutics.com\/ca\/#organization","name":"Ecoceutics","url":"https:\/\/www.ecoceutics.com\/ca\/","logo":{"@type":"ImageObject","inLanguage":"ca","@id":"https:\/\/www.ecoceutics.com\/ca\/#\/schema\/logo\/image\/","url":"https:\/\/www.ecoceutics.com\/wp-content\/uploads\/2022\/02\/Logo-Ecoceutics-SVG-01-1.svg","contentUrl":"https:\/\/www.ecoceutics.com\/wp-content\/uploads\/2022\/02\/Logo-Ecoceutics-SVG-01-1.svg","width":232,"height":68,"caption":"Ecoceutics"},"image":{"@id":"https:\/\/www.ecoceutics.com\/ca\/#\/schema\/logo\/image\/"}}]}},"_links":{"self":[{"href":"https:\/\/www.ecoceutics.com\/ca\/wp-json\/wp\/v2\/product\/18761","targetHints":{"allow":["GET"]}}],"collection":[{"href":"https:\/\/www.ecoceutics.com\/ca\/wp-json\/wp\/v2\/product"}],"about":[{"href":"https:\/\/www.ecoceutics.com\/ca\/wp-json\/wp\/v2\/types\/product"}],"wp:featuredmedia":[{"embeddable":true,"href":"https:\/\/www.ecoceutics.com\/ca\/wp-json\/wp\/v2\/media\/18370"}],"wp:attachment":[{"href":"https:\/\/www.ecoceutics.com\/ca\/wp-json\/wp\/v2\/media?parent=18761"}],"wp:term":[{"taxonomy":"product_brand","embeddable":true,"href":"https:\/\/www.ecoceutics.com\/ca\/wp-json\/wp\/v2\/product_brand?post=18761"},{"taxonomy":"product_cat","embeddable":true,"href":"https:\/\/www.ecoceutics.com\/ca\/wp-json\/wp\/v2\/product_cat?post=18761"},{"taxonomy":"product_tag","embeddable":true,"href":"https:\/\/www.ecoceutics.com\/ca\/wp-json\/wp\/v2\/product_tag?post=18761"},{"taxonomy":"beneficio","embeddable":true,"href":"https:\/\/www.ecoceutics.com\/ca\/wp-json\/wp\/v2\/beneficio?post=18761"}],"curies":[{"name":"wp","href":"https:\/\/api.w.org\/{rel}","templated":true}]}}