{"id":18762,"date":"2021-09-13T16:26:52","date_gmt":"2021-09-13T14:26:52","guid":{"rendered":"https:\/\/www.ecoceutics.com\/producto\/magnesio\/"},"modified":"2024-05-09T10:45:41","modified_gmt":"2024-05-09T08:45:41","slug":"magnesi-beneficis","status":"publish","type":"product","link":"https:\/\/www.ecoceutics.com\/ca\/magnesi-beneficis\/","title":{"rendered":"Compleat Magnesi"},"content":{"rendered":"<p>ecovital Compleat Magnesi\u00a0ajuda a la salut de l\u2019estructura \u00f2ssia, muscular i a l\u2019equilibri del sistema nervi\u00f3s. Amb 6\u00a0<strong>sals de magnesi<\/strong>\u00a0amb vitamina B6 contribueix a la formaci\u00f3 de gl\u00f2buls vermells i al funcionament del sistema nervi\u00f3s, ajudant aix\u00ed a disminuir el cansament i la fatiga.<\/p>\n<p><strong>\u00a0<\/strong><\/p>\n<h3><a name=\"_Toc68713071\"><\/a><strong>Formulaci\u00f3 i propietats<\/strong><\/h3>\n<p>Ajuda a la salut de\u00a0l&#8217;estructura\u00a0\u00f2ssia, muscular i a l&#8217;equilibri del sistema nervi\u00f3s<\/p>\n<p><strong>Amb 6 sals de magnesi<br \/>\ncombinaci\u00f3 que ajuda al sistema nervi\u00f3s<\/strong><\/p>\n<p>&nbsp;<\/p>\n<p>Combinaci\u00f3 de sals de magnesi amb vitamina b6 i taurina.<\/p>\n<p>Amb la vitamina b6, es contribueix a la formaci\u00f3 de gl\u00f2buls vermells i al funcionament del sistema nervi\u00f3s, ajudant a disminuir el cansament i la fatiga.<\/p>\n<p>Gr\u00e0cies a la taurina, contribuir\u00e0s a la millora del sistema neuromuscular aconseguint un major estat de concentraci\u00f3 i relaci\u00f3 intel\u00b7lectual i f\u00edsica.<\/p>\n<p><strong>Biodisponibilitat<\/strong><\/p>\n<p>&nbsp;<\/p>\n<p>La biodisponibilitat significa aconseguir que el f\u00e0rmac arribi al lloc d\u2019acci\u00f3 el temps necessari per aconseguir l\u2019efecte terap\u00e8utic a realitzar.<\/p>\n<p>&nbsp;<\/p>\n<h3><a name=\"_Toc68713073\"><\/a><strong>Pensat per:<\/strong><\/h3>\n<ul>\n<li>Mal de cap i mand\u00edbula causat per tensions.<\/li>\n<li>Vert\u00edgens originats per tensions musculars de la zona cervical.<\/li>\n<li>Hipersensibilitat a la llum.<\/li>\n<li>P\u00e8rdua de la gana.<\/li>\n<li>N\u00e0usees i v\u00f2mits.<\/li>\n<li>Dificultat per dormir.<\/li>\n<li>Atacs de p\u00e0nic i f\u00f2bies.<\/li>\n<li>Dolors musculars.<\/li>\n<li>Enrampades<\/li>\n<\/ul>\n<p><strong>\u00a0<\/strong><\/p>\n<h3><a name=\"_Toc68713074\"><\/a><strong>Apte per:<\/strong><\/h3>\n<ul>\n<li>Apte per diab\u00e8tics, vegetarians, cel\u00edacs, intolerants a la lactosa, embarassades i nens\/es majors de 12 anys.<\/li>\n<li>Contraindicat per persones amb problemes renals i nens\/es menors de 12 anys.<\/li>\n<\/ul>\n<p><strong>\u00a0<\/strong><\/p>\n<h3><a name=\"_Toc68713075\"><\/a><strong>Mode d\u2019\u00fas<\/strong><\/h3>\n<ul>\n<li>Per millorar dia a dia: 3 cops al dia (mat\u00ed, migdia i nit) 30 min. Abans dels \u00e0pats, per obtener un son reparador 2 comprimits mitja hora abans d\u2019anar a dormir.<\/li>\n<li>En majors de 12 anys, 1 comprimit al dia.<\/li>\n<\/ul>\n<p>&nbsp;<\/p>\n<h3><a name=\"_Toc68713076\"><\/a><strong>Ingredients<\/strong><\/h3>\n<p>Cel\u00b7lulosa, magnesi (glicerofosfat de magnesi, \u00f2xid de magnesi -mar\u00ed-, L-pidolat de magnesi, citrat de magnesi, gluconat de magnesi, lactat de magnesi), agent de recobriment (cel\u00b7lulosa microcristal\u00b7lina, \u00e0cid este\u00e0ric), taurina, antiaglomerants (di\u00f2xid de silici i estearat de magnesi), clorhidrat de piridoxina (vitamina B6).<\/p>\n","protected":false},"excerpt":{"rendered":"<p>Ajuda a la salut \u00f2ssia, muscular i nerviosa<\/p>\n","protected":false},"featured_media":18368,"template":"","meta":{"_acf_changed":false,"inline_featured_image":false,"_mbp_gutenberg_autopost":false},"product_brand":[],"product_cat":[159],"product_tag":[141,168],"beneficio":[434,205,195,197],"class_list":{"0":"post-18762","1":"product","2":"type-product","3":"status-publish","4":"has-post-thumbnail","6":"product_cat-complements-alimentosos","7":"product_tag-prevencio","8":"product_tag-tractament","9":"beneficio-complementos-alimenticios-ca","10":"beneficio-complements-alimentosos","11":"beneficio-prevencio","12":"beneficio-tractament","14":"first","15":"instock","16":"shipping-taxable","17":"product-type-simple"},"acf":[],"yoast_head":"<!-- This site is optimized with the Yoast SEO plugin v27.6 - https:\/\/yoast.com\/product\/yoast-seo-wordpress\/ -->\n<title>Beneficis de prendre Compleat Magnesi | Farm\u00e0cies Ecoceutics<\/title>\n<meta name=\"description\" content=\"Compleat Magnesi t\u00e9 nombrosos beneficis: ajuda a la salut de l&#039;estructura \u00f2ssea, al sistema muscular i a l&#039;equilibri del sistema nervi\u00f3s.\" \/>\n<meta name=\"robots\" content=\"index, follow, max-snippet:-1, max-image-preview:large, max-video-preview:-1\" \/>\n<link rel=\"canonical\" href=\"https:\/\/www.ecoceutics.com\/ca\/magnesi-beneficis\/\" \/>\n<meta property=\"og:locale\" content=\"ca_ES\" \/>\n<meta property=\"og:type\" content=\"article\" \/>\n<meta property=\"og:title\" content=\"Beneficis de prendre Compleat Magnesi | Farm\u00e0cies Ecoceutics\" \/>\n<meta property=\"og:description\" content=\"Compleat Magnesi t\u00e9 nombrosos beneficis: ajuda a la salut de l&#039;estructura \u00f2ssea, al sistema muscular i a l&#039;equilibri del sistema nervi\u00f3s.\" \/>\n<meta property=\"og:url\" content=\"https:\/\/www.ecoceutics.com\/ca\/magnesi-beneficis\/\" \/>\n<meta property=\"og:site_name\" content=\"ecoceutics\" \/>\n<meta property=\"article:modified_time\" content=\"2024-05-09T08:45:41+00:00\" \/>\n<meta property=\"og:image\" content=\"https:\/\/www.ecoceutics.com\/wp-content\/uploads\/2021\/09\/672x672_Magnesi-1.jpg\" \/>\n\t<meta property=\"og:image:width\" content=\"672\" \/>\n\t<meta property=\"og:image:height\" content=\"672\" \/>\n\t<meta property=\"og:image:type\" content=\"image\/jpeg\" \/>\n<meta name=\"twitter:card\" content=\"summary_large_image\" \/>\n<meta name=\"twitter:label1\" content=\"Temps estimat de lectura\" \/>\n\t<meta name=\"twitter:data1\" content=\"2 minuts\" \/>\n<script type=\"application\/ld+json\" class=\"yoast-schema-graph\">{\"@context\":\"https:\\\/\\\/schema.org\",\"@graph\":[{\"@type\":\"WebPage\",\"@id\":\"https:\\\/\\\/www.ecoceutics.com\\\/ca\\\/magnesi-beneficis\\\/\",\"url\":\"https:\\\/\\\/www.ecoceutics.com\\\/ca\\\/magnesi-beneficis\\\/\",\"name\":\"Beneficis de prendre Compleat Magnesi | Farm\u00e0cies Ecoceutics\",\"isPartOf\":{\"@id\":\"https:\\\/\\\/www.ecoceutics.com\\\/ca\\\/#website\"},\"primaryImageOfPage\":{\"@id\":\"https:\\\/\\\/www.ecoceutics.com\\\/ca\\\/magnesi-beneficis\\\/#primaryimage\"},\"image\":{\"@id\":\"https:\\\/\\\/www.ecoceutics.com\\\/ca\\\/magnesi-beneficis\\\/#primaryimage\"},\"thumbnailUrl\":\"https:\\\/\\\/www.ecoceutics.com\\\/wp-content\\\/uploads\\\/2021\\\/09\\\/672x672_Magnesi-1.jpg\",\"datePublished\":\"2021-09-13T14:26:52+00:00\",\"dateModified\":\"2024-05-09T08:45:41+00:00\",\"description\":\"Compleat Magnesi t\u00e9 nombrosos beneficis: ajuda a la salut de l'estructura \u00f2ssea, al sistema muscular i a l'equilibri del sistema nervi\u00f3s.\",\"breadcrumb\":{\"@id\":\"https:\\\/\\\/www.ecoceutics.com\\\/ca\\\/magnesi-beneficis\\\/#breadcrumb\"},\"inLanguage\":\"ca\",\"potentialAction\":[{\"@type\":\"ReadAction\",\"target\":[\"https:\\\/\\\/www.ecoceutics.com\\\/ca\\\/magnesi-beneficis\\\/\"]}]},{\"@type\":\"ImageObject\",\"inLanguage\":\"ca\",\"@id\":\"https:\\\/\\\/www.ecoceutics.com\\\/ca\\\/magnesi-beneficis\\\/#primaryimage\",\"url\":\"https:\\\/\\\/www.ecoceutics.com\\\/wp-content\\\/uploads\\\/2021\\\/09\\\/672x672_Magnesi-1.jpg\",\"contentUrl\":\"https:\\\/\\\/www.ecoceutics.com\\\/wp-content\\\/uploads\\\/2021\\\/09\\\/672x672_Magnesi-1.jpg\",\"width\":672,\"height\":672},{\"@type\":\"BreadcrumbList\",\"@id\":\"https:\\\/\\\/www.ecoceutics.com\\\/ca\\\/magnesi-beneficis\\\/#breadcrumb\",\"itemListElement\":[{\"@type\":\"ListItem\",\"position\":1,\"name\":\"Portada\",\"item\":\"https:\\\/\\\/www.ecoceutics.com\\\/ca\\\/\"},{\"@type\":\"ListItem\",\"position\":2,\"name\":\"Compleat Magnesi\"}]},{\"@type\":\"WebSite\",\"@id\":\"https:\\\/\\\/www.ecoceutics.com\\\/ca\\\/#website\",\"url\":\"https:\\\/\\\/www.ecoceutics.com\\\/ca\\\/\",\"name\":\"ecoceutics\",\"description\":\"Primera red de farmacias independientes bajo una marca\",\"publisher\":{\"@id\":\"https:\\\/\\\/www.ecoceutics.com\\\/ca\\\/#organization\"},\"potentialAction\":[{\"@type\":\"SearchAction\",\"target\":{\"@type\":\"EntryPoint\",\"urlTemplate\":\"https:\\\/\\\/www.ecoceutics.com\\\/ca\\\/?s={search_term_string}\"},\"query-input\":{\"@type\":\"PropertyValueSpecification\",\"valueRequired\":true,\"valueName\":\"search_term_string\"}}],\"inLanguage\":\"ca\"},{\"@type\":\"Organization\",\"@id\":\"https:\\\/\\\/www.ecoceutics.com\\\/ca\\\/#organization\",\"name\":\"Ecoceutics\",\"url\":\"https:\\\/\\\/www.ecoceutics.com\\\/ca\\\/\",\"logo\":{\"@type\":\"ImageObject\",\"inLanguage\":\"ca\",\"@id\":\"https:\\\/\\\/www.ecoceutics.com\\\/ca\\\/#\\\/schema\\\/logo\\\/image\\\/\",\"url\":\"https:\\\/\\\/www.ecoceutics.com\\\/wp-content\\\/uploads\\\/2022\\\/02\\\/Logo-Ecoceutics-SVG-01-1.svg\",\"contentUrl\":\"https:\\\/\\\/www.ecoceutics.com\\\/wp-content\\\/uploads\\\/2022\\\/02\\\/Logo-Ecoceutics-SVG-01-1.svg\",\"width\":232,\"height\":68,\"caption\":\"Ecoceutics\"},\"image\":{\"@id\":\"https:\\\/\\\/www.ecoceutics.com\\\/ca\\\/#\\\/schema\\\/logo\\\/image\\\/\"}}]}<\/script>\n<!-- \/ Yoast SEO plugin. -->","yoast_head_json":{"title":"Beneficis de prendre Compleat Magnesi | Farm\u00e0cies Ecoceutics","description":"Compleat Magnesi t\u00e9 nombrosos beneficis: ajuda a la salut de l'estructura \u00f2ssea, al sistema muscular i a l'equilibri del sistema nervi\u00f3s.","robots":{"index":"index","follow":"follow","max-snippet":"max-snippet:-1","max-image-preview":"max-image-preview:large","max-video-preview":"max-video-preview:-1"},"canonical":"https:\/\/www.ecoceutics.com\/ca\/magnesi-beneficis\/","og_locale":"ca_ES","og_type":"article","og_title":"Beneficis de prendre Compleat Magnesi | Farm\u00e0cies Ecoceutics","og_description":"Compleat Magnesi t\u00e9 nombrosos beneficis: ajuda a la salut de l'estructura \u00f2ssea, al sistema muscular i a l'equilibri del sistema nervi\u00f3s.","og_url":"https:\/\/www.ecoceutics.com\/ca\/magnesi-beneficis\/","og_site_name":"ecoceutics","article_modified_time":"2024-05-09T08:45:41+00:00","og_image":[{"width":672,"height":672,"url":"https:\/\/www.ecoceutics.com\/wp-content\/uploads\/2021\/09\/672x672_Magnesi-1.jpg","type":"image\/jpeg"}],"twitter_card":"summary_large_image","twitter_misc":{"Temps estimat de lectura":"2 minuts"},"schema":{"@context":"https:\/\/schema.org","@graph":[{"@type":"WebPage","@id":"https:\/\/www.ecoceutics.com\/ca\/magnesi-beneficis\/","url":"https:\/\/www.ecoceutics.com\/ca\/magnesi-beneficis\/","name":"Beneficis de prendre Compleat Magnesi | Farm\u00e0cies Ecoceutics","isPartOf":{"@id":"https:\/\/www.ecoceutics.com\/ca\/#website"},"primaryImageOfPage":{"@id":"https:\/\/www.ecoceutics.com\/ca\/magnesi-beneficis\/#primaryimage"},"image":{"@id":"https:\/\/www.ecoceutics.com\/ca\/magnesi-beneficis\/#primaryimage"},"thumbnailUrl":"https:\/\/www.ecoceutics.com\/wp-content\/uploads\/2021\/09\/672x672_Magnesi-1.jpg","datePublished":"2021-09-13T14:26:52+00:00","dateModified":"2024-05-09T08:45:41+00:00","description":"Compleat Magnesi t\u00e9 nombrosos beneficis: ajuda a la salut de l'estructura \u00f2ssea, al sistema muscular i a l'equilibri del sistema nervi\u00f3s.","breadcrumb":{"@id":"https:\/\/www.ecoceutics.com\/ca\/magnesi-beneficis\/#breadcrumb"},"inLanguage":"ca","potentialAction":[{"@type":"ReadAction","target":["https:\/\/www.ecoceutics.com\/ca\/magnesi-beneficis\/"]}]},{"@type":"ImageObject","inLanguage":"ca","@id":"https:\/\/www.ecoceutics.com\/ca\/magnesi-beneficis\/#primaryimage","url":"https:\/\/www.ecoceutics.com\/wp-content\/uploads\/2021\/09\/672x672_Magnesi-1.jpg","contentUrl":"https:\/\/www.ecoceutics.com\/wp-content\/uploads\/2021\/09\/672x672_Magnesi-1.jpg","width":672,"height":672},{"@type":"BreadcrumbList","@id":"https:\/\/www.ecoceutics.com\/ca\/magnesi-beneficis\/#breadcrumb","itemListElement":[{"@type":"ListItem","position":1,"name":"Portada","item":"https:\/\/www.ecoceutics.com\/ca\/"},{"@type":"ListItem","position":2,"name":"Compleat Magnesi"}]},{"@type":"WebSite","@id":"https:\/\/www.ecoceutics.com\/ca\/#website","url":"https:\/\/www.ecoceutics.com\/ca\/","name":"ecoceutics","description":"Primera red de farmacias independientes bajo una marca","publisher":{"@id":"https:\/\/www.ecoceutics.com\/ca\/#organization"},"potentialAction":[{"@type":"SearchAction","target":{"@type":"EntryPoint","urlTemplate":"https:\/\/www.ecoceutics.com\/ca\/?s={search_term_string}"},"query-input":{"@type":"PropertyValueSpecification","valueRequired":true,"valueName":"search_term_string"}}],"inLanguage":"ca"},{"@type":"Organization","@id":"https:\/\/www.ecoceutics.com\/ca\/#organization","name":"Ecoceutics","url":"https:\/\/www.ecoceutics.com\/ca\/","logo":{"@type":"ImageObject","inLanguage":"ca","@id":"https:\/\/www.ecoceutics.com\/ca\/#\/schema\/logo\/image\/","url":"https:\/\/www.ecoceutics.com\/wp-content\/uploads\/2022\/02\/Logo-Ecoceutics-SVG-01-1.svg","contentUrl":"https:\/\/www.ecoceutics.com\/wp-content\/uploads\/2022\/02\/Logo-Ecoceutics-SVG-01-1.svg","width":232,"height":68,"caption":"Ecoceutics"},"image":{"@id":"https:\/\/www.ecoceutics.com\/ca\/#\/schema\/logo\/image\/"}}]}},"_links":{"self":[{"href":"https:\/\/www.ecoceutics.com\/ca\/wp-json\/wp\/v2\/product\/18762","targetHints":{"allow":["GET"]}}],"collection":[{"href":"https:\/\/www.ecoceutics.com\/ca\/wp-json\/wp\/v2\/product"}],"about":[{"href":"https:\/\/www.ecoceutics.com\/ca\/wp-json\/wp\/v2\/types\/product"}],"wp:featuredmedia":[{"embeddable":true,"href":"https:\/\/www.ecoceutics.com\/ca\/wp-json\/wp\/v2\/media\/18368"}],"wp:attachment":[{"href":"https:\/\/www.ecoceutics.com\/ca\/wp-json\/wp\/v2\/media?parent=18762"}],"wp:term":[{"taxonomy":"product_brand","embeddable":true,"href":"https:\/\/www.ecoceutics.com\/ca\/wp-json\/wp\/v2\/product_brand?post=18762"},{"taxonomy":"product_cat","embeddable":true,"href":"https:\/\/www.ecoceutics.com\/ca\/wp-json\/wp\/v2\/product_cat?post=18762"},{"taxonomy":"product_tag","embeddable":true,"href":"https:\/\/www.ecoceutics.com\/ca\/wp-json\/wp\/v2\/product_tag?post=18762"},{"taxonomy":"beneficio","embeddable":true,"href":"https:\/\/www.ecoceutics.com\/ca\/wp-json\/wp\/v2\/beneficio?post=18762"}],"curies":[{"name":"wp","href":"https:\/\/api.w.org\/{rel}","templated":true}]}}