{"id":18763,"date":"2021-09-13T16:32:32","date_gmt":"2021-09-13T14:32:32","guid":{"rendered":"https:\/\/www.ecoceutics.com\/producto\/respitus\/"},"modified":"2024-05-09T10:25:31","modified_gmt":"2024-05-09T08:25:31","slug":"respitus","status":"publish","type":"product","link":"https:\/\/www.ecoceutics.com\/ca\/respitus\/","title":{"rendered":"Compleat Respitus: xarop per a la tos"},"content":{"rendered":"<p>Aquest xarop sense sucre \u00e9s ideal per a afeccions en la faringe. Cont\u00e9: pi que aporta propietats expectorants bals\u00e0miques i antis\u00e8ptiques, farigola que t\u00e9 propietats antis\u00e8ptiques amb\u00a0dr\u00f2sera\u00a0i amb eucaliptus, un antiparasitari i desinfectant que ajudar\u00e0 a respirar millor.<\/p>\n<h3><\/h3>\n<h3><a name=\"_Toc68791846\"><\/a><strong>Formulaci\u00f3 i propietats<\/strong><\/h3>\n<p>Xarop sense sucre per afeccions a la faringe<\/p>\n<p>El xarop natural per a la tos ecovital compleat respitus actua tant contra la tos seca com la tos productiva.<\/p>\n<p><strong>Amb pi<br \/>\ncont\u00e9 propietats expectorants<\/strong><\/p>\n<p>El pi t\u00e9 propietats expectorants bals\u00e0miques i antis\u00e8ptiques gr\u00e0cies a la trementina (l\u00edquid que es produeix amb la destil\u00b7laci\u00f3 de la resina dels pins).<\/p>\n<p><strong>Amb farigola<br \/>\ncont\u00e9 propietats antis\u00e8ptiques (destrueix g\u00e8rmens)<\/strong><\/p>\n<p>La farigola t\u2019aportar\u00e0 propietats expectorants i\u00a0antis\u00e8ptiques (destrueix g\u00e8rmens).<\/p>\n<p><strong>Amb dr\u00f2sera<br \/>\ncont\u00e9 propietats antibacterianes<\/strong><\/p>\n<p>\u00c9s una planta que aporta de forma natural propietats antibacterianes ajudant a destensar els m\u00fasculs de les vies respirat\u00f2ries afavorint la calma de la tos convulsiva.<\/p>\n<p><strong>Amb eucaliptus<\/strong><\/p>\n<p>\u00c9s un antiparasitari i desinfectant.<\/p>\n<p>T\u2019ajudar\u00e0 a respirar millor.<\/p>\n<p>&nbsp;<\/p>\n<h3><a name=\"_Toc68791848\"><\/a><strong>Pensat per:<\/strong><\/h3>\n<ul>\n<li>Amb infeccions respirat\u00f2ries amb mucositat i tos.<\/li>\n<li>Afeccions a la faringe.<\/li>\n<li>Refredats.<\/li>\n<li>Que volen frenar atacs de tos.<\/li>\n<\/ul>\n<p><strong>\u00a0<\/strong><\/p>\n<h3><a name=\"_Toc68791849\"><\/a><strong>Apte per:<\/strong><\/h3>\n<ul>\n<li>Sense sucre<\/li>\n<li>Apte per a diab\u00e8tics.<\/li>\n<\/ul>\n<p><strong>\u00a0<\/strong><\/p>\n<h3><a name=\"_Toc68791850\"><\/a><strong>Mode d\u2019\u00fas<\/strong><\/h3>\n<ul>\n<li>3 cops al dia (mat\u00ed, mig-dia i nit).<\/li>\n<li>En adults, una cullerada sopera (8 ml) cada presa. En nens, una cullerada petita de caf\u00e8 (4 ml).<\/li>\n<\/ul>\n<p>&nbsp;<\/p>\n<h3><a name=\"_Toc68791851\"><\/a><strong>Ingredients<\/strong><\/h3>\n<p>Aigua; extracte fluid b\u00e0lsam Tol\u00fa (Myroxylon balsamum L.); extracte fluid saba de pi (Pinus pinaster Ait.); extracte fluid malv\u00ed (Althaea officinalis L.); extracte fluid farigola (Thymus vulgaris L.); extracte fluid ar\u00e7 blanc (Crataegus monogyna Jacq.); extracte fluid dr\u00f2sera (Drosera rotundifolia L.); extracte fluid eucaliptus (Eucaliptus globulus Labill.); goma xantana (espessidor); \u00e0cid c\u00edtric monohidrat (acidulant); stevi\u00f2sid (edulcorant); aroma menta; aroma eucaliptus; benzoat s\u00f2dic (conservant); sorbat pot\u00e0ssic (conservant).<\/p>\n","protected":false},"excerpt":{"rendered":"<p>Xarop per a la tos sense sucre<\/p>\n","protected":false},"featured_media":18366,"template":"","meta":{"_acf_changed":false,"inline_featured_image":false,"_mbp_gutenberg_autopost":false},"product_brand":[],"product_cat":[159],"product_tag":[168],"beneficio":[434,205,195,197],"class_list":{"0":"post-18763","1":"product","2":"type-product","3":"status-publish","4":"has-post-thumbnail","6":"product_cat-complements-alimentosos","7":"product_tag-tractament","8":"beneficio-complementos-alimenticios-ca","9":"beneficio-complements-alimentosos","10":"beneficio-prevencio","11":"beneficio-tractament","13":"first","14":"instock","15":"shipping-taxable","16":"product-type-simple"},"acf":[],"yoast_head":"<!-- This site is optimized with the Yoast SEO plugin v27.4 - https:\/\/yoast.com\/product\/yoast-seo-wordpress\/ -->\n<title>Compleat Respitus Xarop natural per alleujar la tos | Ecoceutics<\/title>\n<meta name=\"description\" content=\"Compleat Respitus cont\u00e9 propietats expectorants que actuen contra la tos. Aquest xarop per la tos cont\u00e9 eucaliptus, pi i roman\u00ed.\" \/>\n<meta name=\"robots\" content=\"index, follow, max-snippet:-1, max-image-preview:large, max-video-preview:-1\" \/>\n<link rel=\"canonical\" href=\"https:\/\/www.ecoceutics.com\/ca\/respitus\/\" \/>\n<meta property=\"og:locale\" content=\"ca_ES\" \/>\n<meta property=\"og:type\" content=\"article\" \/>\n<meta property=\"og:title\" content=\"Compleat Respitus Xarop natural per alleujar la tos | Ecoceutics\" \/>\n<meta property=\"og:description\" content=\"Compleat Respitus cont\u00e9 propietats expectorants que actuen contra la tos. Aquest xarop per la tos cont\u00e9 eucaliptus, pi i roman\u00ed.\" \/>\n<meta property=\"og:url\" content=\"https:\/\/www.ecoceutics.com\/ca\/respitus\/\" \/>\n<meta property=\"og:site_name\" content=\"ecoceutics\" \/>\n<meta property=\"article:modified_time\" content=\"2024-05-09T08:25:31+00:00\" \/>\n<meta property=\"og:image\" content=\"https:\/\/www.ecoceutics.com\/wp-content\/uploads\/2021\/09\/672x672_Respitus-1.jpg\" \/>\n\t<meta property=\"og:image:width\" content=\"672\" \/>\n\t<meta property=\"og:image:height\" content=\"672\" \/>\n\t<meta property=\"og:image:type\" content=\"image\/jpeg\" \/>\n<meta name=\"twitter:card\" content=\"summary_large_image\" \/>\n<meta name=\"twitter:label1\" content=\"Temps estimat de lectura\" \/>\n\t<meta name=\"twitter:data1\" content=\"2 minuts\" \/>\n<script type=\"application\/ld+json\" class=\"yoast-schema-graph\">{\"@context\":\"https:\\\/\\\/schema.org\",\"@graph\":[{\"@type\":\"WebPage\",\"@id\":\"https:\\\/\\\/www.ecoceutics.com\\\/ca\\\/respitus\\\/\",\"url\":\"https:\\\/\\\/www.ecoceutics.com\\\/ca\\\/respitus\\\/\",\"name\":\"Compleat Respitus Xarop natural per alleujar la tos | Ecoceutics\",\"isPartOf\":{\"@id\":\"https:\\\/\\\/www.ecoceutics.com\\\/ca\\\/#website\"},\"primaryImageOfPage\":{\"@id\":\"https:\\\/\\\/www.ecoceutics.com\\\/ca\\\/respitus\\\/#primaryimage\"},\"image\":{\"@id\":\"https:\\\/\\\/www.ecoceutics.com\\\/ca\\\/respitus\\\/#primaryimage\"},\"thumbnailUrl\":\"https:\\\/\\\/www.ecoceutics.com\\\/wp-content\\\/uploads\\\/2021\\\/09\\\/672x672_Respitus-1.jpg\",\"datePublished\":\"2021-09-13T14:32:32+00:00\",\"dateModified\":\"2024-05-09T08:25:31+00:00\",\"description\":\"Compleat Respitus cont\u00e9 propietats expectorants que actuen contra la tos. Aquest xarop per la tos cont\u00e9 eucaliptus, pi i roman\u00ed.\",\"breadcrumb\":{\"@id\":\"https:\\\/\\\/www.ecoceutics.com\\\/ca\\\/respitus\\\/#breadcrumb\"},\"inLanguage\":\"ca\",\"potentialAction\":[{\"@type\":\"ReadAction\",\"target\":[\"https:\\\/\\\/www.ecoceutics.com\\\/ca\\\/respitus\\\/\"]}]},{\"@type\":\"ImageObject\",\"inLanguage\":\"ca\",\"@id\":\"https:\\\/\\\/www.ecoceutics.com\\\/ca\\\/respitus\\\/#primaryimage\",\"url\":\"https:\\\/\\\/www.ecoceutics.com\\\/wp-content\\\/uploads\\\/2021\\\/09\\\/672x672_Respitus-1.jpg\",\"contentUrl\":\"https:\\\/\\\/www.ecoceutics.com\\\/wp-content\\\/uploads\\\/2021\\\/09\\\/672x672_Respitus-1.jpg\",\"width\":672,\"height\":672},{\"@type\":\"BreadcrumbList\",\"@id\":\"https:\\\/\\\/www.ecoceutics.com\\\/ca\\\/respitus\\\/#breadcrumb\",\"itemListElement\":[{\"@type\":\"ListItem\",\"position\":1,\"name\":\"Portada\",\"item\":\"https:\\\/\\\/www.ecoceutics.com\\\/ca\\\/\"},{\"@type\":\"ListItem\",\"position\":2,\"name\":\"Compleat Respitus: xarop per a la tos\"}]},{\"@type\":\"WebSite\",\"@id\":\"https:\\\/\\\/www.ecoceutics.com\\\/ca\\\/#website\",\"url\":\"https:\\\/\\\/www.ecoceutics.com\\\/ca\\\/\",\"name\":\"ecoceutics\",\"description\":\"Primera red de farmacias independientes bajo una marca\",\"publisher\":{\"@id\":\"https:\\\/\\\/www.ecoceutics.com\\\/ca\\\/#organization\"},\"potentialAction\":[{\"@type\":\"SearchAction\",\"target\":{\"@type\":\"EntryPoint\",\"urlTemplate\":\"https:\\\/\\\/www.ecoceutics.com\\\/ca\\\/?s={search_term_string}\"},\"query-input\":{\"@type\":\"PropertyValueSpecification\",\"valueRequired\":true,\"valueName\":\"search_term_string\"}}],\"inLanguage\":\"ca\"},{\"@type\":\"Organization\",\"@id\":\"https:\\\/\\\/www.ecoceutics.com\\\/ca\\\/#organization\",\"name\":\"Ecoceutics\",\"url\":\"https:\\\/\\\/www.ecoceutics.com\\\/ca\\\/\",\"logo\":{\"@type\":\"ImageObject\",\"inLanguage\":\"ca\",\"@id\":\"https:\\\/\\\/www.ecoceutics.com\\\/ca\\\/#\\\/schema\\\/logo\\\/image\\\/\",\"url\":\"https:\\\/\\\/www.ecoceutics.com\\\/wp-content\\\/uploads\\\/2022\\\/02\\\/Logo-Ecoceutics-SVG-01-1.svg\",\"contentUrl\":\"https:\\\/\\\/www.ecoceutics.com\\\/wp-content\\\/uploads\\\/2022\\\/02\\\/Logo-Ecoceutics-SVG-01-1.svg\",\"width\":232,\"height\":68,\"caption\":\"Ecoceutics\"},\"image\":{\"@id\":\"https:\\\/\\\/www.ecoceutics.com\\\/ca\\\/#\\\/schema\\\/logo\\\/image\\\/\"}}]}<\/script>\n<!-- \/ Yoast SEO plugin. -->","yoast_head_json":{"title":"Compleat Respitus Xarop natural per alleujar la tos | Ecoceutics","description":"Compleat Respitus cont\u00e9 propietats expectorants que actuen contra la tos. Aquest xarop per la tos cont\u00e9 eucaliptus, pi i roman\u00ed.","robots":{"index":"index","follow":"follow","max-snippet":"max-snippet:-1","max-image-preview":"max-image-preview:large","max-video-preview":"max-video-preview:-1"},"canonical":"https:\/\/www.ecoceutics.com\/ca\/respitus\/","og_locale":"ca_ES","og_type":"article","og_title":"Compleat Respitus Xarop natural per alleujar la tos | Ecoceutics","og_description":"Compleat Respitus cont\u00e9 propietats expectorants que actuen contra la tos. Aquest xarop per la tos cont\u00e9 eucaliptus, pi i roman\u00ed.","og_url":"https:\/\/www.ecoceutics.com\/ca\/respitus\/","og_site_name":"ecoceutics","article_modified_time":"2024-05-09T08:25:31+00:00","og_image":[{"width":672,"height":672,"url":"https:\/\/www.ecoceutics.com\/wp-content\/uploads\/2021\/09\/672x672_Respitus-1.jpg","type":"image\/jpeg"}],"twitter_card":"summary_large_image","twitter_misc":{"Temps estimat de lectura":"2 minuts"},"schema":{"@context":"https:\/\/schema.org","@graph":[{"@type":"WebPage","@id":"https:\/\/www.ecoceutics.com\/ca\/respitus\/","url":"https:\/\/www.ecoceutics.com\/ca\/respitus\/","name":"Compleat Respitus Xarop natural per alleujar la tos | Ecoceutics","isPartOf":{"@id":"https:\/\/www.ecoceutics.com\/ca\/#website"},"primaryImageOfPage":{"@id":"https:\/\/www.ecoceutics.com\/ca\/respitus\/#primaryimage"},"image":{"@id":"https:\/\/www.ecoceutics.com\/ca\/respitus\/#primaryimage"},"thumbnailUrl":"https:\/\/www.ecoceutics.com\/wp-content\/uploads\/2021\/09\/672x672_Respitus-1.jpg","datePublished":"2021-09-13T14:32:32+00:00","dateModified":"2024-05-09T08:25:31+00:00","description":"Compleat Respitus cont\u00e9 propietats expectorants que actuen contra la tos. Aquest xarop per la tos cont\u00e9 eucaliptus, pi i roman\u00ed.","breadcrumb":{"@id":"https:\/\/www.ecoceutics.com\/ca\/respitus\/#breadcrumb"},"inLanguage":"ca","potentialAction":[{"@type":"ReadAction","target":["https:\/\/www.ecoceutics.com\/ca\/respitus\/"]}]},{"@type":"ImageObject","inLanguage":"ca","@id":"https:\/\/www.ecoceutics.com\/ca\/respitus\/#primaryimage","url":"https:\/\/www.ecoceutics.com\/wp-content\/uploads\/2021\/09\/672x672_Respitus-1.jpg","contentUrl":"https:\/\/www.ecoceutics.com\/wp-content\/uploads\/2021\/09\/672x672_Respitus-1.jpg","width":672,"height":672},{"@type":"BreadcrumbList","@id":"https:\/\/www.ecoceutics.com\/ca\/respitus\/#breadcrumb","itemListElement":[{"@type":"ListItem","position":1,"name":"Portada","item":"https:\/\/www.ecoceutics.com\/ca\/"},{"@type":"ListItem","position":2,"name":"Compleat Respitus: xarop per a la tos"}]},{"@type":"WebSite","@id":"https:\/\/www.ecoceutics.com\/ca\/#website","url":"https:\/\/www.ecoceutics.com\/ca\/","name":"ecoceutics","description":"Primera red de farmacias independientes bajo una marca","publisher":{"@id":"https:\/\/www.ecoceutics.com\/ca\/#organization"},"potentialAction":[{"@type":"SearchAction","target":{"@type":"EntryPoint","urlTemplate":"https:\/\/www.ecoceutics.com\/ca\/?s={search_term_string}"},"query-input":{"@type":"PropertyValueSpecification","valueRequired":true,"valueName":"search_term_string"}}],"inLanguage":"ca"},{"@type":"Organization","@id":"https:\/\/www.ecoceutics.com\/ca\/#organization","name":"Ecoceutics","url":"https:\/\/www.ecoceutics.com\/ca\/","logo":{"@type":"ImageObject","inLanguage":"ca","@id":"https:\/\/www.ecoceutics.com\/ca\/#\/schema\/logo\/image\/","url":"https:\/\/www.ecoceutics.com\/wp-content\/uploads\/2022\/02\/Logo-Ecoceutics-SVG-01-1.svg","contentUrl":"https:\/\/www.ecoceutics.com\/wp-content\/uploads\/2022\/02\/Logo-Ecoceutics-SVG-01-1.svg","width":232,"height":68,"caption":"Ecoceutics"},"image":{"@id":"https:\/\/www.ecoceutics.com\/ca\/#\/schema\/logo\/image\/"}}]}},"_links":{"self":[{"href":"https:\/\/www.ecoceutics.com\/ca\/wp-json\/wp\/v2\/product\/18763","targetHints":{"allow":["GET"]}}],"collection":[{"href":"https:\/\/www.ecoceutics.com\/ca\/wp-json\/wp\/v2\/product"}],"about":[{"href":"https:\/\/www.ecoceutics.com\/ca\/wp-json\/wp\/v2\/types\/product"}],"wp:featuredmedia":[{"embeddable":true,"href":"https:\/\/www.ecoceutics.com\/ca\/wp-json\/wp\/v2\/media\/18366"}],"wp:attachment":[{"href":"https:\/\/www.ecoceutics.com\/ca\/wp-json\/wp\/v2\/media?parent=18763"}],"wp:term":[{"taxonomy":"product_brand","embeddable":true,"href":"https:\/\/www.ecoceutics.com\/ca\/wp-json\/wp\/v2\/product_brand?post=18763"},{"taxonomy":"product_cat","embeddable":true,"href":"https:\/\/www.ecoceutics.com\/ca\/wp-json\/wp\/v2\/product_cat?post=18763"},{"taxonomy":"product_tag","embeddable":true,"href":"https:\/\/www.ecoceutics.com\/ca\/wp-json\/wp\/v2\/product_tag?post=18763"},{"taxonomy":"beneficio","embeddable":true,"href":"https:\/\/www.ecoceutics.com\/ca\/wp-json\/wp\/v2\/beneficio?post=18763"}],"curies":[{"name":"wp","href":"https:\/\/api.w.org\/{rel}","templated":true}]}}