{"id":18764,"date":"2021-09-13T16:36:43","date_gmt":"2021-09-13T14:36:43","guid":{"rendered":"https:\/\/www.ecoceutics.com\/producto\/sistema-digestiu\/"},"modified":"2024-05-09T10:20:25","modified_gmt":"2024-05-09T08:20:25","slug":"probiotics-naturals","status":"publish","type":"product","link":"https:\/\/www.ecoceutics.com\/ca\/probiotics-naturals\/","title":{"rendered":"Compleat Sistema digestiu"},"content":{"rendered":"<p>Aquests comprimits ajuden a la salut intestinal gr\u00e0cies als seus components:\u00a0Lactobacillus\u00a0gasseri, un probi\u00f2tic que produeix efectes positius\u00a0a nivell digestiu\u00a0i sist\u00e8mic;\u00a0Bifidobacterium\u00a0bifidum, un dels agents probi\u00f2tics m\u00e9s comuns dins del cos mam\u00edfer que ajuda a disminuir c\u00f2lics i diarrees;\u00a0Bifidobacterium\u00a0longum, probi\u00f2tic que contribueix a la prevenci\u00f3 de la diarrea amb persones que es tracten amb antibi\u00f2tics.<\/p>\n<p>&nbsp;<\/p>\n<h3><a name=\"_Toc68711685\"><\/a><strong>Formulaci\u00f3 i propietats<\/strong><\/h3>\n<p>Ajuda a la salut intestinal<\/p>\n<p>Ecovital compleat sistema digestiu cont\u00e9 probi\u00f2tics naturals per a un correcte funcionament del sistema digestiu.<\/p>\n<p><strong>Amb lactobacillus gasseri<\/strong><\/p>\n<p>\u00c9s un probi\u00f2tic, aix\u00f2 significa que \u00e9s un microorganisme viu que consumit de forma correcte, produeix efectes positius a nivell digestiu i sist\u00e8mic.<\/p>\n<p>En concret aquest probi\u00f2tic s\u00f3n soques que es troben de forma natural a la llet materna humana i que per tant forma part dels microorganismes indispensables per un equilibri al cos.<\/p>\n<p><strong>Amb bifidobacterium bifidum<\/strong><\/p>\n<p>\u00c9s un probi\u00f2tic.<\/p>\n<p>\u00c9s un dels agents probi\u00f2tics m\u00e9s comuns dintre del cos mam\u00edfer i es troba dintre dels intestins, \u00e0rea vaginal femenina, llet materna i la boca.<\/p>\n<p>Pertany a una de les esp\u00e8cies amb m\u00e9s potencial per ajudar a disminuir c\u00f2lics i diarrees.<\/p>\n<p><strong>Amb bi\u00adfidobacterium longum<\/strong><\/p>\n<p>\u00c9s un altre probi\u00f2tic.<\/p>\n<p>Contribueix a la prevenci\u00f3 de la diarrea amb persones que es tracten amb antibi\u00f2tics, ajuda a reduir el colesterol i alleuja els s\u00edmptomes de la intoler\u00e0ncia la lactosa.<\/p>\n<p>&nbsp;<\/p>\n<h3><a name=\"_Toc68711687\"><\/a><strong>Pensat per:<\/strong><\/h3>\n<ul>\n<li>Diarrea.<\/li>\n<li>Desig d\u2019equilibrar la flora.<\/li>\n<li>Restrenyiment.<\/li>\n<li>Infecci\u00f3 d\u2019orina.<\/li>\n<li>Desig d\u2019evitar problemes intestinals.<\/li>\n<\/ul>\n<p><strong>\u00a0<\/strong><\/p>\n<h3><a name=\"_Toc68711688\"><\/a><strong>Apte per:<\/strong><\/h3>\n<ul>\n<li>Apte per cel\u00edacs, intolerants a la lactosa, embarassades i nens\/es &gt; 12 anys.<\/li>\n<\/ul>\n<p><strong>\u00a0<\/strong><\/p>\n<h3><a name=\"_Toc68711689\"><\/a><strong>Mode d\u2019\u00fas<\/strong><\/h3>\n<ul>\n<li>Prendre un comprimit al dia 1 comp.\/dia abans dels \u00e0pats separat 2 hores de la presa d\u2019antibi\u00f2tic.<\/li>\n<\/ul>\n<p>&nbsp;<\/p>\n<h3><a name=\"_Toc68711690\"><\/a><strong>Ingredients<\/strong><\/h3>\n<p>Agent de c\u00e0rrega (mid\u00f3 de patata), c\u00e0psula (gelatina),\u00a0Lactobacillus\u00a0gasseri\u00a0KS-13,\u00a0Bifidobacterium\u00a0bifidum\u00a0G9-1,\u00a0Bifidobacterium\u00a0longum\u00a0MM-2,\u00a0antiaglomerant\u00a0(di\u00f2xid de silici).<\/p>\n","protected":false},"excerpt":{"rendered":"<p>Probi\u00f2tics per a la salut intestinal<\/p>\n","protected":false},"featured_media":18362,"template":"","meta":{"_acf_changed":false,"inline_featured_image":false,"_mbp_gutenberg_autopost":false},"product_brand":[],"product_cat":[159],"product_tag":[141,168],"beneficio":[434,205,195,197],"class_list":{"0":"post-18764","1":"product","2":"type-product","3":"status-publish","4":"has-post-thumbnail","6":"product_cat-complements-alimentosos","7":"product_tag-prevencio","8":"product_tag-tractament","9":"beneficio-complementos-alimenticios-ca","10":"beneficio-complements-alimentosos","11":"beneficio-prevencio","12":"beneficio-tractament","14":"first","15":"instock","16":"shipping-taxable","17":"product-type-simple"},"acf":[],"yoast_head":"<!-- This site is optimized with the Yoast SEO plugin v27.5 - https:\/\/yoast.com\/product\/yoast-seo-wordpress\/ -->\n<title>Probi\u00f2tics naturals per a la salut digestiva | Farm\u00e0cies Ecoceutics<\/title>\n<meta name=\"description\" content=\"Ajuda a la teva salut intestinal amb els probi\u00f2tics naturals. Ajuda a reduir els problemes digestius associats a la presa d&#039;antibi\u00f2tics.\" \/>\n<meta name=\"robots\" content=\"index, follow, max-snippet:-1, max-image-preview:large, max-video-preview:-1\" \/>\n<link rel=\"canonical\" href=\"https:\/\/www.ecoceutics.com\/ca\/probiotics-naturals\/\" \/>\n<meta property=\"og:locale\" content=\"ca_ES\" \/>\n<meta property=\"og:type\" content=\"article\" \/>\n<meta property=\"og:title\" content=\"Probi\u00f2tics naturals per a la salut digestiva | Farm\u00e0cies Ecoceutics\" \/>\n<meta property=\"og:description\" content=\"Ajuda a la teva salut intestinal amb els probi\u00f2tics naturals. Ajuda a reduir els problemes digestius associats a la presa d&#039;antibi\u00f2tics.\" \/>\n<meta property=\"og:url\" content=\"https:\/\/www.ecoceutics.com\/ca\/probiotics-naturals\/\" \/>\n<meta property=\"og:site_name\" content=\"ecoceutics\" \/>\n<meta property=\"article:modified_time\" content=\"2024-05-09T08:20:25+00:00\" \/>\n<meta property=\"og:image\" content=\"https:\/\/www.ecoceutics.com\/wp-content\/uploads\/2021\/09\/672x672_Sistema-digestiu-adult-1.jpg\" \/>\n\t<meta property=\"og:image:width\" content=\"672\" \/>\n\t<meta property=\"og:image:height\" content=\"672\" \/>\n\t<meta property=\"og:image:type\" content=\"image\/jpeg\" \/>\n<meta name=\"twitter:card\" content=\"summary_large_image\" \/>\n<meta name=\"twitter:label1\" content=\"Temps estimat de lectura\" \/>\n\t<meta name=\"twitter:data1\" content=\"2 minuts\" \/>\n<script type=\"application\/ld+json\" class=\"yoast-schema-graph\">{\"@context\":\"https:\\\/\\\/schema.org\",\"@graph\":[{\"@type\":\"WebPage\",\"@id\":\"https:\\\/\\\/www.ecoceutics.com\\\/ca\\\/probiotics-naturals\\\/\",\"url\":\"https:\\\/\\\/www.ecoceutics.com\\\/ca\\\/probiotics-naturals\\\/\",\"name\":\"Probi\u00f2tics naturals per a la salut digestiva | Farm\u00e0cies Ecoceutics\",\"isPartOf\":{\"@id\":\"https:\\\/\\\/www.ecoceutics.com\\\/ca\\\/#website\"},\"primaryImageOfPage\":{\"@id\":\"https:\\\/\\\/www.ecoceutics.com\\\/ca\\\/probiotics-naturals\\\/#primaryimage\"},\"image\":{\"@id\":\"https:\\\/\\\/www.ecoceutics.com\\\/ca\\\/probiotics-naturals\\\/#primaryimage\"},\"thumbnailUrl\":\"https:\\\/\\\/www.ecoceutics.com\\\/wp-content\\\/uploads\\\/2021\\\/09\\\/672x672_Sistema-digestiu-adult-1.jpg\",\"datePublished\":\"2021-09-13T14:36:43+00:00\",\"dateModified\":\"2024-05-09T08:20:25+00:00\",\"description\":\"Ajuda a la teva salut intestinal amb els probi\u00f2tics naturals. Ajuda a reduir els problemes digestius associats a la presa d'antibi\u00f2tics.\",\"breadcrumb\":{\"@id\":\"https:\\\/\\\/www.ecoceutics.com\\\/ca\\\/probiotics-naturals\\\/#breadcrumb\"},\"inLanguage\":\"ca\",\"potentialAction\":[{\"@type\":\"ReadAction\",\"target\":[\"https:\\\/\\\/www.ecoceutics.com\\\/ca\\\/probiotics-naturals\\\/\"]}]},{\"@type\":\"ImageObject\",\"inLanguage\":\"ca\",\"@id\":\"https:\\\/\\\/www.ecoceutics.com\\\/ca\\\/probiotics-naturals\\\/#primaryimage\",\"url\":\"https:\\\/\\\/www.ecoceutics.com\\\/wp-content\\\/uploads\\\/2021\\\/09\\\/672x672_Sistema-digestiu-adult-1.jpg\",\"contentUrl\":\"https:\\\/\\\/www.ecoceutics.com\\\/wp-content\\\/uploads\\\/2021\\\/09\\\/672x672_Sistema-digestiu-adult-1.jpg\",\"width\":672,\"height\":672},{\"@type\":\"BreadcrumbList\",\"@id\":\"https:\\\/\\\/www.ecoceutics.com\\\/ca\\\/probiotics-naturals\\\/#breadcrumb\",\"itemListElement\":[{\"@type\":\"ListItem\",\"position\":1,\"name\":\"Portada\",\"item\":\"https:\\\/\\\/www.ecoceutics.com\\\/ca\\\/\"},{\"@type\":\"ListItem\",\"position\":2,\"name\":\"Compleat Sistema digestiu\"}]},{\"@type\":\"WebSite\",\"@id\":\"https:\\\/\\\/www.ecoceutics.com\\\/ca\\\/#website\",\"url\":\"https:\\\/\\\/www.ecoceutics.com\\\/ca\\\/\",\"name\":\"ecoceutics\",\"description\":\"Primera red de farmacias independientes bajo una marca\",\"publisher\":{\"@id\":\"https:\\\/\\\/www.ecoceutics.com\\\/ca\\\/#organization\"},\"potentialAction\":[{\"@type\":\"SearchAction\",\"target\":{\"@type\":\"EntryPoint\",\"urlTemplate\":\"https:\\\/\\\/www.ecoceutics.com\\\/ca\\\/?s={search_term_string}\"},\"query-input\":{\"@type\":\"PropertyValueSpecification\",\"valueRequired\":true,\"valueName\":\"search_term_string\"}}],\"inLanguage\":\"ca\"},{\"@type\":\"Organization\",\"@id\":\"https:\\\/\\\/www.ecoceutics.com\\\/ca\\\/#organization\",\"name\":\"Ecoceutics\",\"url\":\"https:\\\/\\\/www.ecoceutics.com\\\/ca\\\/\",\"logo\":{\"@type\":\"ImageObject\",\"inLanguage\":\"ca\",\"@id\":\"https:\\\/\\\/www.ecoceutics.com\\\/ca\\\/#\\\/schema\\\/logo\\\/image\\\/\",\"url\":\"https:\\\/\\\/www.ecoceutics.com\\\/wp-content\\\/uploads\\\/2022\\\/02\\\/Logo-Ecoceutics-SVG-01-1.svg\",\"contentUrl\":\"https:\\\/\\\/www.ecoceutics.com\\\/wp-content\\\/uploads\\\/2022\\\/02\\\/Logo-Ecoceutics-SVG-01-1.svg\",\"width\":232,\"height\":68,\"caption\":\"Ecoceutics\"},\"image\":{\"@id\":\"https:\\\/\\\/www.ecoceutics.com\\\/ca\\\/#\\\/schema\\\/logo\\\/image\\\/\"}}]}<\/script>\n<!-- \/ Yoast SEO plugin. -->","yoast_head_json":{"title":"Probi\u00f2tics naturals per a la salut digestiva | Farm\u00e0cies Ecoceutics","description":"Ajuda a la teva salut intestinal amb els probi\u00f2tics naturals. Ajuda a reduir els problemes digestius associats a la presa d'antibi\u00f2tics.","robots":{"index":"index","follow":"follow","max-snippet":"max-snippet:-1","max-image-preview":"max-image-preview:large","max-video-preview":"max-video-preview:-1"},"canonical":"https:\/\/www.ecoceutics.com\/ca\/probiotics-naturals\/","og_locale":"ca_ES","og_type":"article","og_title":"Probi\u00f2tics naturals per a la salut digestiva | Farm\u00e0cies Ecoceutics","og_description":"Ajuda a la teva salut intestinal amb els probi\u00f2tics naturals. Ajuda a reduir els problemes digestius associats a la presa d'antibi\u00f2tics.","og_url":"https:\/\/www.ecoceutics.com\/ca\/probiotics-naturals\/","og_site_name":"ecoceutics","article_modified_time":"2024-05-09T08:20:25+00:00","og_image":[{"width":672,"height":672,"url":"https:\/\/www.ecoceutics.com\/wp-content\/uploads\/2021\/09\/672x672_Sistema-digestiu-adult-1.jpg","type":"image\/jpeg"}],"twitter_card":"summary_large_image","twitter_misc":{"Temps estimat de lectura":"2 minuts"},"schema":{"@context":"https:\/\/schema.org","@graph":[{"@type":"WebPage","@id":"https:\/\/www.ecoceutics.com\/ca\/probiotics-naturals\/","url":"https:\/\/www.ecoceutics.com\/ca\/probiotics-naturals\/","name":"Probi\u00f2tics naturals per a la salut digestiva | Farm\u00e0cies Ecoceutics","isPartOf":{"@id":"https:\/\/www.ecoceutics.com\/ca\/#website"},"primaryImageOfPage":{"@id":"https:\/\/www.ecoceutics.com\/ca\/probiotics-naturals\/#primaryimage"},"image":{"@id":"https:\/\/www.ecoceutics.com\/ca\/probiotics-naturals\/#primaryimage"},"thumbnailUrl":"https:\/\/www.ecoceutics.com\/wp-content\/uploads\/2021\/09\/672x672_Sistema-digestiu-adult-1.jpg","datePublished":"2021-09-13T14:36:43+00:00","dateModified":"2024-05-09T08:20:25+00:00","description":"Ajuda a la teva salut intestinal amb els probi\u00f2tics naturals. Ajuda a reduir els problemes digestius associats a la presa d'antibi\u00f2tics.","breadcrumb":{"@id":"https:\/\/www.ecoceutics.com\/ca\/probiotics-naturals\/#breadcrumb"},"inLanguage":"ca","potentialAction":[{"@type":"ReadAction","target":["https:\/\/www.ecoceutics.com\/ca\/probiotics-naturals\/"]}]},{"@type":"ImageObject","inLanguage":"ca","@id":"https:\/\/www.ecoceutics.com\/ca\/probiotics-naturals\/#primaryimage","url":"https:\/\/www.ecoceutics.com\/wp-content\/uploads\/2021\/09\/672x672_Sistema-digestiu-adult-1.jpg","contentUrl":"https:\/\/www.ecoceutics.com\/wp-content\/uploads\/2021\/09\/672x672_Sistema-digestiu-adult-1.jpg","width":672,"height":672},{"@type":"BreadcrumbList","@id":"https:\/\/www.ecoceutics.com\/ca\/probiotics-naturals\/#breadcrumb","itemListElement":[{"@type":"ListItem","position":1,"name":"Portada","item":"https:\/\/www.ecoceutics.com\/ca\/"},{"@type":"ListItem","position":2,"name":"Compleat Sistema digestiu"}]},{"@type":"WebSite","@id":"https:\/\/www.ecoceutics.com\/ca\/#website","url":"https:\/\/www.ecoceutics.com\/ca\/","name":"ecoceutics","description":"Primera red de farmacias independientes bajo una marca","publisher":{"@id":"https:\/\/www.ecoceutics.com\/ca\/#organization"},"potentialAction":[{"@type":"SearchAction","target":{"@type":"EntryPoint","urlTemplate":"https:\/\/www.ecoceutics.com\/ca\/?s={search_term_string}"},"query-input":{"@type":"PropertyValueSpecification","valueRequired":true,"valueName":"search_term_string"}}],"inLanguage":"ca"},{"@type":"Organization","@id":"https:\/\/www.ecoceutics.com\/ca\/#organization","name":"Ecoceutics","url":"https:\/\/www.ecoceutics.com\/ca\/","logo":{"@type":"ImageObject","inLanguage":"ca","@id":"https:\/\/www.ecoceutics.com\/ca\/#\/schema\/logo\/image\/","url":"https:\/\/www.ecoceutics.com\/wp-content\/uploads\/2022\/02\/Logo-Ecoceutics-SVG-01-1.svg","contentUrl":"https:\/\/www.ecoceutics.com\/wp-content\/uploads\/2022\/02\/Logo-Ecoceutics-SVG-01-1.svg","width":232,"height":68,"caption":"Ecoceutics"},"image":{"@id":"https:\/\/www.ecoceutics.com\/ca\/#\/schema\/logo\/image\/"}}]}},"_links":{"self":[{"href":"https:\/\/www.ecoceutics.com\/ca\/wp-json\/wp\/v2\/product\/18764","targetHints":{"allow":["GET"]}}],"collection":[{"href":"https:\/\/www.ecoceutics.com\/ca\/wp-json\/wp\/v2\/product"}],"about":[{"href":"https:\/\/www.ecoceutics.com\/ca\/wp-json\/wp\/v2\/types\/product"}],"wp:featuredmedia":[{"embeddable":true,"href":"https:\/\/www.ecoceutics.com\/ca\/wp-json\/wp\/v2\/media\/18362"}],"wp:attachment":[{"href":"https:\/\/www.ecoceutics.com\/ca\/wp-json\/wp\/v2\/media?parent=18764"}],"wp:term":[{"taxonomy":"product_brand","embeddable":true,"href":"https:\/\/www.ecoceutics.com\/ca\/wp-json\/wp\/v2\/product_brand?post=18764"},{"taxonomy":"product_cat","embeddable":true,"href":"https:\/\/www.ecoceutics.com\/ca\/wp-json\/wp\/v2\/product_cat?post=18764"},{"taxonomy":"product_tag","embeddable":true,"href":"https:\/\/www.ecoceutics.com\/ca\/wp-json\/wp\/v2\/product_tag?post=18764"},{"taxonomy":"beneficio","embeddable":true,"href":"https:\/\/www.ecoceutics.com\/ca\/wp-json\/wp\/v2\/beneficio?post=18764"}],"curies":[{"name":"wp","href":"https:\/\/api.w.org\/{rel}","templated":true}]}}