{"id":18765,"date":"2021-09-13T16:40:38","date_gmt":"2021-09-13T14:40:38","guid":{"rendered":"https:\/\/www.ecoceutics.com\/producto\/sistema-digestiu-infantil\/"},"modified":"2024-05-09T10:14:01","modified_gmt":"2024-05-09T08:14:01","slug":"probiotics-nens","status":"publish","type":"product","link":"https:\/\/www.ecoceutics.com\/ca\/probiotics-nens\/","title":{"rendered":"Compleat Sistema digestiu infantil"},"content":{"rendered":"<p>Aquests comprimits compten amb els mateixos components que el Sistema digestiu adult. Est\u00e0 pensat per a nens des de\u00a00\u00a0anys i cont\u00e9 aroma de vainilla, que aconsegueix fer m\u00e9s agradable mastegar el comprimit.<\/p>\n<p>&nbsp;<\/p>\n<h3><a name=\"_Toc68711685\"><\/a><strong>Formulaci\u00f3 i propietats<\/strong><\/h3>\n<p>Ajuda a la salut intenstinal<\/p>\n<p><strong>Amb lactobacillus gasseri<\/strong><\/p>\n<p>\u00c9s un probi\u00f2tic, aix\u00f2 significa que \u00e9s un microorganisme viu que consumit de forma correcte, produeix efectes positius a nivell digestiu i sist\u00e8mic.<\/p>\n<p>En concret aquest probi\u00f2tic s\u00f3n cepes que es troben de forma natural a la llet materna humana i que per tant forma part dels microorganismes indispensables per un equilibri al cos.<\/p>\n<p><strong>Amb\u00a0bifidobacterium bifidum<\/strong><\/p>\n<p>\u00c9s un probi\u00f2tic.<\/p>\n<p>Es tracta d\u2019un dels agents probi\u00f2tics m\u00e9s comuns dintre del cos mam\u00edfer i es troba dintre dels intestins, \u00e0rea vaginal femenina, llet materna i la boca.<\/p>\n<p>\u00c9s una de les esp\u00e8cies amb m\u00e9s potencial per ajudar a disminuir e. C\u00f2lics i diarrees.<\/p>\n<p><strong>Amb bi\u00adfidobacterium longum<\/strong><\/p>\n<p>\u00c9s un altre probi\u00f2tic.<\/p>\n<p>Contribueix a la prevenci\u00f3 de la diarrea amb persones que es tracten amb antibi\u00f2tics, ajuda a reduir el colesterol i alleuja els s\u00edmptomes de la intoler\u00e0ncia la lactosa.<\/p>\n<p><strong>Aroma de vainilla<\/strong><\/p>\n<p>Gr\u00e0cies a l\u2019aroma de vainilla far\u00e0 agradable mastegar el comprimit.<\/p>\n<p>&nbsp;<\/p>\n<h3><a name=\"_Toc68711687\"><\/a><strong>Pensat per:<\/strong><\/h3>\n<ul>\n<li>Diarrea.<\/li>\n<li>Desig d\u2019equilibrar la flora.<\/li>\n<li>Restrenyiment.<\/li>\n<li>Infecci\u00f3 d\u2019orina.<\/li>\n<li>Desig d\u2019evitar problemes intestinals.<\/li>\n<li>Indicat a partir dels 0 mesos (desfent el comprimit al biber\u00f3).<\/li>\n<\/ul>\n<p><strong>\u00a0<\/strong><\/p>\n<h3><a name=\"_Toc68711688\"><\/a><strong>Apte per:<\/strong><\/h3>\n<ul>\n<li>Apte per cel\u00edacs, intolerants a la lactosa i nadons a partir 0 mesos.<\/li>\n<li>Contraindicat en nens\/es amb intoler\u00e0ncia a la fructosa.<\/li>\n<\/ul>\n<p><strong>\u00a0<\/strong><\/p>\n<h3><a name=\"_Toc68711689\"><\/a><strong>Mode d\u2019\u00fas<\/strong><\/h3>\n<ul>\n<li>Prendre un comprimit al dia abans dels \u00e0pats separat 2 hores de la presa d\u2019antibi\u00f2tic.<\/li>\n<li>De 0 mesos a 4 anys, un comprimit al dia abans dels \u00e0pats.<\/li>\n<li>De 4 a 12 anys, un comprimit al dia (separat 2 hores de la presa d\u2019antibi\u00f2tic).<\/li>\n<li>(desfer en l\u00edquid amb temperatura temprada per conservar l\u2019efecte probi\u00f2tic).<\/li>\n<\/ul>\n<p>&nbsp;<\/p>\n<h3><a name=\"_Toc68711690\"><\/a><strong>Ingredients<\/strong><\/h3>\n<p>Edulcorant (fructosa), dextrina, mid\u00f3 de blat de moro,\u00a0estabilitzant\u00a0(carbonat c\u00e0lcic),\u00a0Lactobacillus\u00a0gasseri\u00a0KS-13,\u00a0Bifidobacterium\u00a0bifidum\u00a0G9-1,\u00a0Bifidobacterium\u00a0longum\u00a0MM-2,\u00a0antiaglomerant\u00a0(estearat\u00a0de magnesi), aroma (vainilla).<\/p>\n","protected":false},"excerpt":{"rendered":"<p>Probi\u00f2tics per a nens<\/p>\n","protected":false},"featured_media":18360,"template":"","meta":{"_acf_changed":false,"inline_featured_image":false,"_mbp_gutenberg_autopost":false},"product_brand":[],"product_cat":[159],"product_tag":[141,168],"beneficio":[434,205,195,197],"class_list":{"0":"post-18765","1":"product","2":"type-product","3":"status-publish","4":"has-post-thumbnail","6":"product_cat-complements-alimentosos","7":"product_tag-prevencio","8":"product_tag-tractament","9":"beneficio-complementos-alimenticios-ca","10":"beneficio-complements-alimentosos","11":"beneficio-prevencio","12":"beneficio-tractament","14":"first","15":"instock","16":"shipping-taxable","17":"product-type-simple"},"acf":[],"yoast_head":"<!-- This site is optimized with the Yoast SEO plugin v27.5 - https:\/\/yoast.com\/product\/yoast-seo-wordpress\/ -->\n<title>Probi\u00f2tics per a nens a partir de 0 anys | Farm\u00e0cies Ecoceutics<\/title>\n<meta name=\"description\" content=\"Ajuda a la salut intestinal amb els probi\u00f2tics naturals per a nens de la nostra marca exclusiva Compleat Sistema Digestiu Infantil.\" \/>\n<meta name=\"robots\" content=\"index, follow, max-snippet:-1, max-image-preview:large, max-video-preview:-1\" \/>\n<link rel=\"canonical\" href=\"https:\/\/www.ecoceutics.com\/ca\/probiotics-nens\/\" \/>\n<meta property=\"og:locale\" content=\"ca_ES\" \/>\n<meta property=\"og:type\" content=\"article\" \/>\n<meta property=\"og:title\" content=\"Probi\u00f2tics per a nens a partir de 0 anys | Farm\u00e0cies Ecoceutics\" \/>\n<meta property=\"og:description\" content=\"Ajuda a la salut intestinal amb els probi\u00f2tics naturals per a nens de la nostra marca exclusiva Compleat Sistema Digestiu Infantil.\" \/>\n<meta property=\"og:url\" content=\"https:\/\/www.ecoceutics.com\/ca\/probiotics-nens\/\" \/>\n<meta property=\"og:site_name\" content=\"ecoceutics\" \/>\n<meta property=\"article:modified_time\" content=\"2024-05-09T08:14:01+00:00\" \/>\n<meta property=\"og:image\" content=\"https:\/\/www.ecoceutics.com\/wp-content\/uploads\/2021\/09\/672x672_Sistema-digestiu-adult-infantil-1.jpg\" \/>\n\t<meta property=\"og:image:width\" content=\"672\" \/>\n\t<meta property=\"og:image:height\" content=\"672\" \/>\n\t<meta property=\"og:image:type\" content=\"image\/jpeg\" \/>\n<meta name=\"twitter:card\" content=\"summary_large_image\" \/>\n<meta name=\"twitter:label1\" content=\"Temps estimat de lectura\" \/>\n\t<meta name=\"twitter:data1\" content=\"2 minuts\" \/>\n<script type=\"application\/ld+json\" class=\"yoast-schema-graph\">{\"@context\":\"https:\\\/\\\/schema.org\",\"@graph\":[{\"@type\":\"WebPage\",\"@id\":\"https:\\\/\\\/www.ecoceutics.com\\\/ca\\\/probiotics-nens\\\/\",\"url\":\"https:\\\/\\\/www.ecoceutics.com\\\/ca\\\/probiotics-nens\\\/\",\"name\":\"Probi\u00f2tics per a nens a partir de 0 anys | Farm\u00e0cies Ecoceutics\",\"isPartOf\":{\"@id\":\"https:\\\/\\\/www.ecoceutics.com\\\/ca\\\/#website\"},\"primaryImageOfPage\":{\"@id\":\"https:\\\/\\\/www.ecoceutics.com\\\/ca\\\/probiotics-nens\\\/#primaryimage\"},\"image\":{\"@id\":\"https:\\\/\\\/www.ecoceutics.com\\\/ca\\\/probiotics-nens\\\/#primaryimage\"},\"thumbnailUrl\":\"https:\\\/\\\/www.ecoceutics.com\\\/wp-content\\\/uploads\\\/2021\\\/09\\\/672x672_Sistema-digestiu-adult-infantil-1.jpg\",\"datePublished\":\"2021-09-13T14:40:38+00:00\",\"dateModified\":\"2024-05-09T08:14:01+00:00\",\"description\":\"Ajuda a la salut intestinal amb els probi\u00f2tics naturals per a nens de la nostra marca exclusiva Compleat Sistema Digestiu Infantil.\",\"breadcrumb\":{\"@id\":\"https:\\\/\\\/www.ecoceutics.com\\\/ca\\\/probiotics-nens\\\/#breadcrumb\"},\"inLanguage\":\"ca\",\"potentialAction\":[{\"@type\":\"ReadAction\",\"target\":[\"https:\\\/\\\/www.ecoceutics.com\\\/ca\\\/probiotics-nens\\\/\"]}]},{\"@type\":\"ImageObject\",\"inLanguage\":\"ca\",\"@id\":\"https:\\\/\\\/www.ecoceutics.com\\\/ca\\\/probiotics-nens\\\/#primaryimage\",\"url\":\"https:\\\/\\\/www.ecoceutics.com\\\/wp-content\\\/uploads\\\/2021\\\/09\\\/672x672_Sistema-digestiu-adult-infantil-1.jpg\",\"contentUrl\":\"https:\\\/\\\/www.ecoceutics.com\\\/wp-content\\\/uploads\\\/2021\\\/09\\\/672x672_Sistema-digestiu-adult-infantil-1.jpg\",\"width\":672,\"height\":672},{\"@type\":\"BreadcrumbList\",\"@id\":\"https:\\\/\\\/www.ecoceutics.com\\\/ca\\\/probiotics-nens\\\/#breadcrumb\",\"itemListElement\":[{\"@type\":\"ListItem\",\"position\":1,\"name\":\"Portada\",\"item\":\"https:\\\/\\\/www.ecoceutics.com\\\/ca\\\/\"},{\"@type\":\"ListItem\",\"position\":2,\"name\":\"Compleat Sistema digestiu infantil\"}]},{\"@type\":\"WebSite\",\"@id\":\"https:\\\/\\\/www.ecoceutics.com\\\/ca\\\/#website\",\"url\":\"https:\\\/\\\/www.ecoceutics.com\\\/ca\\\/\",\"name\":\"ecoceutics\",\"description\":\"Primera red de farmacias independientes bajo una marca\",\"publisher\":{\"@id\":\"https:\\\/\\\/www.ecoceutics.com\\\/ca\\\/#organization\"},\"potentialAction\":[{\"@type\":\"SearchAction\",\"target\":{\"@type\":\"EntryPoint\",\"urlTemplate\":\"https:\\\/\\\/www.ecoceutics.com\\\/ca\\\/?s={search_term_string}\"},\"query-input\":{\"@type\":\"PropertyValueSpecification\",\"valueRequired\":true,\"valueName\":\"search_term_string\"}}],\"inLanguage\":\"ca\"},{\"@type\":\"Organization\",\"@id\":\"https:\\\/\\\/www.ecoceutics.com\\\/ca\\\/#organization\",\"name\":\"Ecoceutics\",\"url\":\"https:\\\/\\\/www.ecoceutics.com\\\/ca\\\/\",\"logo\":{\"@type\":\"ImageObject\",\"inLanguage\":\"ca\",\"@id\":\"https:\\\/\\\/www.ecoceutics.com\\\/ca\\\/#\\\/schema\\\/logo\\\/image\\\/\",\"url\":\"https:\\\/\\\/www.ecoceutics.com\\\/wp-content\\\/uploads\\\/2022\\\/02\\\/Logo-Ecoceutics-SVG-01-1.svg\",\"contentUrl\":\"https:\\\/\\\/www.ecoceutics.com\\\/wp-content\\\/uploads\\\/2022\\\/02\\\/Logo-Ecoceutics-SVG-01-1.svg\",\"width\":232,\"height\":68,\"caption\":\"Ecoceutics\"},\"image\":{\"@id\":\"https:\\\/\\\/www.ecoceutics.com\\\/ca\\\/#\\\/schema\\\/logo\\\/image\\\/\"}}]}<\/script>\n<!-- \/ Yoast SEO plugin. -->","yoast_head_json":{"title":"Probi\u00f2tics per a nens a partir de 0 anys | Farm\u00e0cies Ecoceutics","description":"Ajuda a la salut intestinal amb els probi\u00f2tics naturals per a nens de la nostra marca exclusiva Compleat Sistema Digestiu Infantil.","robots":{"index":"index","follow":"follow","max-snippet":"max-snippet:-1","max-image-preview":"max-image-preview:large","max-video-preview":"max-video-preview:-1"},"canonical":"https:\/\/www.ecoceutics.com\/ca\/probiotics-nens\/","og_locale":"ca_ES","og_type":"article","og_title":"Probi\u00f2tics per a nens a partir de 0 anys | Farm\u00e0cies Ecoceutics","og_description":"Ajuda a la salut intestinal amb els probi\u00f2tics naturals per a nens de la nostra marca exclusiva Compleat Sistema Digestiu Infantil.","og_url":"https:\/\/www.ecoceutics.com\/ca\/probiotics-nens\/","og_site_name":"ecoceutics","article_modified_time":"2024-05-09T08:14:01+00:00","og_image":[{"width":672,"height":672,"url":"https:\/\/www.ecoceutics.com\/wp-content\/uploads\/2021\/09\/672x672_Sistema-digestiu-adult-infantil-1.jpg","type":"image\/jpeg"}],"twitter_card":"summary_large_image","twitter_misc":{"Temps estimat de lectura":"2 minuts"},"schema":{"@context":"https:\/\/schema.org","@graph":[{"@type":"WebPage","@id":"https:\/\/www.ecoceutics.com\/ca\/probiotics-nens\/","url":"https:\/\/www.ecoceutics.com\/ca\/probiotics-nens\/","name":"Probi\u00f2tics per a nens a partir de 0 anys | Farm\u00e0cies Ecoceutics","isPartOf":{"@id":"https:\/\/www.ecoceutics.com\/ca\/#website"},"primaryImageOfPage":{"@id":"https:\/\/www.ecoceutics.com\/ca\/probiotics-nens\/#primaryimage"},"image":{"@id":"https:\/\/www.ecoceutics.com\/ca\/probiotics-nens\/#primaryimage"},"thumbnailUrl":"https:\/\/www.ecoceutics.com\/wp-content\/uploads\/2021\/09\/672x672_Sistema-digestiu-adult-infantil-1.jpg","datePublished":"2021-09-13T14:40:38+00:00","dateModified":"2024-05-09T08:14:01+00:00","description":"Ajuda a la salut intestinal amb els probi\u00f2tics naturals per a nens de la nostra marca exclusiva Compleat Sistema Digestiu Infantil.","breadcrumb":{"@id":"https:\/\/www.ecoceutics.com\/ca\/probiotics-nens\/#breadcrumb"},"inLanguage":"ca","potentialAction":[{"@type":"ReadAction","target":["https:\/\/www.ecoceutics.com\/ca\/probiotics-nens\/"]}]},{"@type":"ImageObject","inLanguage":"ca","@id":"https:\/\/www.ecoceutics.com\/ca\/probiotics-nens\/#primaryimage","url":"https:\/\/www.ecoceutics.com\/wp-content\/uploads\/2021\/09\/672x672_Sistema-digestiu-adult-infantil-1.jpg","contentUrl":"https:\/\/www.ecoceutics.com\/wp-content\/uploads\/2021\/09\/672x672_Sistema-digestiu-adult-infantil-1.jpg","width":672,"height":672},{"@type":"BreadcrumbList","@id":"https:\/\/www.ecoceutics.com\/ca\/probiotics-nens\/#breadcrumb","itemListElement":[{"@type":"ListItem","position":1,"name":"Portada","item":"https:\/\/www.ecoceutics.com\/ca\/"},{"@type":"ListItem","position":2,"name":"Compleat Sistema digestiu infantil"}]},{"@type":"WebSite","@id":"https:\/\/www.ecoceutics.com\/ca\/#website","url":"https:\/\/www.ecoceutics.com\/ca\/","name":"ecoceutics","description":"Primera red de farmacias independientes bajo una marca","publisher":{"@id":"https:\/\/www.ecoceutics.com\/ca\/#organization"},"potentialAction":[{"@type":"SearchAction","target":{"@type":"EntryPoint","urlTemplate":"https:\/\/www.ecoceutics.com\/ca\/?s={search_term_string}"},"query-input":{"@type":"PropertyValueSpecification","valueRequired":true,"valueName":"search_term_string"}}],"inLanguage":"ca"},{"@type":"Organization","@id":"https:\/\/www.ecoceutics.com\/ca\/#organization","name":"Ecoceutics","url":"https:\/\/www.ecoceutics.com\/ca\/","logo":{"@type":"ImageObject","inLanguage":"ca","@id":"https:\/\/www.ecoceutics.com\/ca\/#\/schema\/logo\/image\/","url":"https:\/\/www.ecoceutics.com\/wp-content\/uploads\/2022\/02\/Logo-Ecoceutics-SVG-01-1.svg","contentUrl":"https:\/\/www.ecoceutics.com\/wp-content\/uploads\/2022\/02\/Logo-Ecoceutics-SVG-01-1.svg","width":232,"height":68,"caption":"Ecoceutics"},"image":{"@id":"https:\/\/www.ecoceutics.com\/ca\/#\/schema\/logo\/image\/"}}]}},"_links":{"self":[{"href":"https:\/\/www.ecoceutics.com\/ca\/wp-json\/wp\/v2\/product\/18765","targetHints":{"allow":["GET"]}}],"collection":[{"href":"https:\/\/www.ecoceutics.com\/ca\/wp-json\/wp\/v2\/product"}],"about":[{"href":"https:\/\/www.ecoceutics.com\/ca\/wp-json\/wp\/v2\/types\/product"}],"wp:featuredmedia":[{"embeddable":true,"href":"https:\/\/www.ecoceutics.com\/ca\/wp-json\/wp\/v2\/media\/18360"}],"wp:attachment":[{"href":"https:\/\/www.ecoceutics.com\/ca\/wp-json\/wp\/v2\/media?parent=18765"}],"wp:term":[{"taxonomy":"product_brand","embeddable":true,"href":"https:\/\/www.ecoceutics.com\/ca\/wp-json\/wp\/v2\/product_brand?post=18765"},{"taxonomy":"product_cat","embeddable":true,"href":"https:\/\/www.ecoceutics.com\/ca\/wp-json\/wp\/v2\/product_cat?post=18765"},{"taxonomy":"product_tag","embeddable":true,"href":"https:\/\/www.ecoceutics.com\/ca\/wp-json\/wp\/v2\/product_tag?post=18765"},{"taxonomy":"beneficio","embeddable":true,"href":"https:\/\/www.ecoceutics.com\/ca\/wp-json\/wp\/v2\/beneficio?post=18765"}],"curies":[{"name":"wp","href":"https:\/\/api.w.org\/{rel}","templated":true}]}}