{"id":18769,"date":"2021-09-14T10:26:11","date_gmt":"2021-09-14T08:26:11","guid":{"rendered":"https:\/\/www.ecoceutics.com\/producto\/rooibos\/"},"modified":"2024-05-09T09:22:58","modified_gmt":"2024-05-09T07:22:58","slug":"rooibos","status":"publish","type":"product","link":"https:\/\/www.ecoceutics.com\/ca\/rooibos\/","title":{"rendered":"Herbetes Rooibos Canyella Menta"},"content":{"rendered":"<p>A base de\u00a0<strong>Roibos<\/strong>, amb notes de canyella i menta. T\u00e9 propietats\u00a0remineralitzants\u00a0gr\u00e0cies al seu alt contingut en ferro, calci, potassi, coure, mangan\u00e8s, zinc i magnesi.<\/p>\n<p>&nbsp;<\/p>\n<h3><a name=\"_Toc68795593\"><\/a><strong>Formulaci\u00f3 i propietats<\/strong><\/h3>\n<p>Font de minerals que ajuda a revitalitzar l&#8217;organisme<\/p>\n<p>\u00c9s una infusi\u00f3 ecol\u00f2gica feta a base de\u00a0rooibos, amb notes de canyella i menta.<br \/>\nRooibos\u00a0\u00e9s una planta d\u2019origen sud-afric\u00e0 coneguda popularment per la infusi\u00f3 \u201cte vermell sud-afric\u00e0\u201d.<\/p>\n<p><strong>Format pir\u00e0mide<br \/>\nvegana<br \/>\nbiodegradable<br \/>\necol\u00f2gica<\/strong><\/p>\n<p><strong>Amb 85% de\u00a0rooibos<\/strong><\/p>\n<p>T\u00e9 propietats remineralitzant pel seu alt contingut<br \/>\nen minerals com ferro, calci, potassi, coure, mangan\u00e8s, zinc i magnesi.<\/p>\n<p><strong>Canyella<\/strong><\/p>\n<p>A m\u00e9s d\u2019endolcir la infusi\u00f3 la canyella cont\u00e9 propietats antioxidants que poden contribuir a la prevenci\u00f3 de l\u2019envelliment aix\u00ed com la protecci\u00f3 de la nostra pell davant la contaminaci\u00f3.<\/p>\n<p><strong>Menta<\/strong><\/p>\n<p>Gr\u00e0cies a la menta combinada amb la canyella i el\u00a0rooibos,\u00a0es pot aconseguir un efecte estimulant, no excitant, per combatre una possible fatiga mental o\u00a0f\u00edsica.<\/p>\n<p>&nbsp;<\/p>\n<h3><a name=\"_Toc68795596\"><\/a><strong>Apte per:<\/strong><\/h3>\n<ul>\n<li>Cel\u00edacs, intolerants a la lactosa, diab\u00e8tics, vegans i majors de 12 anys.<\/li>\n<li>Contraindicat prendre m\u00e9s de 6 setmanes sense control m\u00e8dic. Consultar\u00a0al\u00a0metge en cas d\u2019embar\u00e0s, lact\u00e0ncia o presa simult\u00e0nia amb medicament.<\/li>\n<\/ul>\n<p><strong>\u00a0<\/strong><\/p>\n<h3><a name=\"_Toc68795597\"><\/a><strong>Mode d\u2019\u00fas<\/strong><\/h3>\n<ul>\n<li>Introdueix una bosseta en una tassa amb aigua\u00a0bullent.<\/li>\n<li>A continuaci\u00f3, deixa que infusioni durant 4-5 minuts.<\/li>\n<li>I \u2026\u00a0si\u00a0vols endolcir la teva infusi\u00f3, a part del ja conegut sucre, et recomanem utilitzar endolcidors naturals com la mel,\u00a0est\u00e8via\u00a0o xarop d\u2019atzavara.<\/li>\n<li>Gaudeix de la teva infusi\u00f3\u00a0<strong>eco<\/strong>vital\u00a0herbetes!<\/li>\n<\/ul>\n<p>&nbsp;<\/p>\n<h3><a name=\"_Toc68795598\"><\/a><strong>Ingredients<\/strong><\/h3>\n<p>Roibos*\u00a0Aspalathus\u00a0linearis\u00a0L. (85%), menta*\u00a0Mentha\u00a0piperita L. (10%), canyella*\u00a0Laurus\u00a0cinnamomum\u00a0L. (5%) i aroma natural de canyella.<\/p>\n","protected":false},"excerpt":{"rendered":"<p>Font de minerals que ajuda a revitalitzar l&#8217;organisme<\/p>\n","protected":false},"featured_media":18562,"template":"","meta":{"_acf_changed":false,"inline_featured_image":false,"_mbp_gutenberg_autopost":false},"product_brand":[],"product_cat":[160],"product_tag":[141],"beneficio":[195],"class_list":{"0":"post-18769","1":"product","2":"type-product","3":"status-publish","4":"has-post-thumbnail","6":"product_cat-infusions-terapeutiques","7":"product_tag-prevencio","8":"beneficio-prevencio","10":"first","11":"instock","12":"shipping-taxable","13":"product-type-simple"},"acf":[],"yoast_head":"<!-- This site is optimized with the Yoast SEO plugin v27.5 - https:\/\/yoast.com\/product\/yoast-seo-wordpress\/ -->\n<title>Herbetes Rooibos Canyella Menta | Farm\u00e0cies Ecoceutics<\/title>\n<meta name=\"description\" content=\"Herbetes rooibos \u00e9s una infusi\u00f3 ideal per prendre a qualsevol hora del dia. A m\u00e9s, t\u00e9 un gust molt agradable gr\u00e0cies a la canyella i la menta.\" \/>\n<meta name=\"robots\" content=\"index, follow, max-snippet:-1, max-image-preview:large, max-video-preview:-1\" \/>\n<link rel=\"canonical\" href=\"https:\/\/www.ecoceutics.com\/ca\/rooibos\/\" \/>\n<meta property=\"og:locale\" content=\"ca_ES\" \/>\n<meta property=\"og:type\" content=\"article\" \/>\n<meta property=\"og:title\" content=\"Herbetes Rooibos Canyella Menta | Farm\u00e0cies Ecoceutics\" \/>\n<meta property=\"og:description\" content=\"Herbetes rooibos \u00e9s una infusi\u00f3 ideal per prendre a qualsevol hora del dia. A m\u00e9s, t\u00e9 un gust molt agradable gr\u00e0cies a la canyella i la menta.\" \/>\n<meta property=\"og:url\" content=\"https:\/\/www.ecoceutics.com\/ca\/rooibos\/\" \/>\n<meta property=\"og:site_name\" content=\"ecoceutics\" \/>\n<meta property=\"article:modified_time\" content=\"2024-05-09T07:22:58+00:00\" \/>\n<meta property=\"og:image\" content=\"https:\/\/www.ecoceutics.com\/wp-content\/uploads\/2021\/09\/672x672_rooibos-canyella-menta.jpg\" \/>\n\t<meta property=\"og:image:width\" content=\"672\" \/>\n\t<meta property=\"og:image:height\" content=\"672\" \/>\n\t<meta property=\"og:image:type\" content=\"image\/jpeg\" \/>\n<meta name=\"twitter:card\" content=\"summary_large_image\" \/>\n<meta name=\"twitter:label1\" content=\"Temps estimat de lectura\" \/>\n\t<meta name=\"twitter:data1\" content=\"2 minuts\" \/>\n<script type=\"application\/ld+json\" class=\"yoast-schema-graph\">{\"@context\":\"https:\\\/\\\/schema.org\",\"@graph\":[{\"@type\":\"WebPage\",\"@id\":\"https:\\\/\\\/www.ecoceutics.com\\\/ca\\\/rooibos\\\/\",\"url\":\"https:\\\/\\\/www.ecoceutics.com\\\/ca\\\/rooibos\\\/\",\"name\":\"Herbetes Rooibos Canyella Menta | Farm\u00e0cies Ecoceutics\",\"isPartOf\":{\"@id\":\"https:\\\/\\\/www.ecoceutics.com\\\/ca\\\/#website\"},\"primaryImageOfPage\":{\"@id\":\"https:\\\/\\\/www.ecoceutics.com\\\/ca\\\/rooibos\\\/#primaryimage\"},\"image\":{\"@id\":\"https:\\\/\\\/www.ecoceutics.com\\\/ca\\\/rooibos\\\/#primaryimage\"},\"thumbnailUrl\":\"https:\\\/\\\/www.ecoceutics.com\\\/wp-content\\\/uploads\\\/2021\\\/09\\\/672x672_rooibos-canyella-menta.jpg\",\"datePublished\":\"2021-09-14T08:26:11+00:00\",\"dateModified\":\"2024-05-09T07:22:58+00:00\",\"description\":\"Herbetes rooibos \u00e9s una infusi\u00f3 ideal per prendre a qualsevol hora del dia. A m\u00e9s, t\u00e9 un gust molt agradable gr\u00e0cies a la canyella i la menta.\",\"breadcrumb\":{\"@id\":\"https:\\\/\\\/www.ecoceutics.com\\\/ca\\\/rooibos\\\/#breadcrumb\"},\"inLanguage\":\"ca\",\"potentialAction\":[{\"@type\":\"ReadAction\",\"target\":[\"https:\\\/\\\/www.ecoceutics.com\\\/ca\\\/rooibos\\\/\"]}]},{\"@type\":\"ImageObject\",\"inLanguage\":\"ca\",\"@id\":\"https:\\\/\\\/www.ecoceutics.com\\\/ca\\\/rooibos\\\/#primaryimage\",\"url\":\"https:\\\/\\\/www.ecoceutics.com\\\/wp-content\\\/uploads\\\/2021\\\/09\\\/672x672_rooibos-canyella-menta.jpg\",\"contentUrl\":\"https:\\\/\\\/www.ecoceutics.com\\\/wp-content\\\/uploads\\\/2021\\\/09\\\/672x672_rooibos-canyella-menta.jpg\",\"width\":672,\"height\":672},{\"@type\":\"BreadcrumbList\",\"@id\":\"https:\\\/\\\/www.ecoceutics.com\\\/ca\\\/rooibos\\\/#breadcrumb\",\"itemListElement\":[{\"@type\":\"ListItem\",\"position\":1,\"name\":\"Portada\",\"item\":\"https:\\\/\\\/www.ecoceutics.com\\\/ca\\\/\"},{\"@type\":\"ListItem\",\"position\":2,\"name\":\"Herbetes Rooibos Canyella Menta\"}]},{\"@type\":\"WebSite\",\"@id\":\"https:\\\/\\\/www.ecoceutics.com\\\/ca\\\/#website\",\"url\":\"https:\\\/\\\/www.ecoceutics.com\\\/ca\\\/\",\"name\":\"ecoceutics\",\"description\":\"Primera red de farmacias independientes bajo una marca\",\"publisher\":{\"@id\":\"https:\\\/\\\/www.ecoceutics.com\\\/ca\\\/#organization\"},\"potentialAction\":[{\"@type\":\"SearchAction\",\"target\":{\"@type\":\"EntryPoint\",\"urlTemplate\":\"https:\\\/\\\/www.ecoceutics.com\\\/ca\\\/?s={search_term_string}\"},\"query-input\":{\"@type\":\"PropertyValueSpecification\",\"valueRequired\":true,\"valueName\":\"search_term_string\"}}],\"inLanguage\":\"ca\"},{\"@type\":\"Organization\",\"@id\":\"https:\\\/\\\/www.ecoceutics.com\\\/ca\\\/#organization\",\"name\":\"Ecoceutics\",\"url\":\"https:\\\/\\\/www.ecoceutics.com\\\/ca\\\/\",\"logo\":{\"@type\":\"ImageObject\",\"inLanguage\":\"ca\",\"@id\":\"https:\\\/\\\/www.ecoceutics.com\\\/ca\\\/#\\\/schema\\\/logo\\\/image\\\/\",\"url\":\"https:\\\/\\\/www.ecoceutics.com\\\/wp-content\\\/uploads\\\/2022\\\/02\\\/Logo-Ecoceutics-SVG-01-1.svg\",\"contentUrl\":\"https:\\\/\\\/www.ecoceutics.com\\\/wp-content\\\/uploads\\\/2022\\\/02\\\/Logo-Ecoceutics-SVG-01-1.svg\",\"width\":232,\"height\":68,\"caption\":\"Ecoceutics\"},\"image\":{\"@id\":\"https:\\\/\\\/www.ecoceutics.com\\\/ca\\\/#\\\/schema\\\/logo\\\/image\\\/\"}}]}<\/script>\n<!-- \/ Yoast SEO plugin. -->","yoast_head_json":{"title":"Herbetes Rooibos Canyella Menta | Farm\u00e0cies Ecoceutics","description":"Herbetes rooibos \u00e9s una infusi\u00f3 ideal per prendre a qualsevol hora del dia. A m\u00e9s, t\u00e9 un gust molt agradable gr\u00e0cies a la canyella i la menta.","robots":{"index":"index","follow":"follow","max-snippet":"max-snippet:-1","max-image-preview":"max-image-preview:large","max-video-preview":"max-video-preview:-1"},"canonical":"https:\/\/www.ecoceutics.com\/ca\/rooibos\/","og_locale":"ca_ES","og_type":"article","og_title":"Herbetes Rooibos Canyella Menta | Farm\u00e0cies Ecoceutics","og_description":"Herbetes rooibos \u00e9s una infusi\u00f3 ideal per prendre a qualsevol hora del dia. A m\u00e9s, t\u00e9 un gust molt agradable gr\u00e0cies a la canyella i la menta.","og_url":"https:\/\/www.ecoceutics.com\/ca\/rooibos\/","og_site_name":"ecoceutics","article_modified_time":"2024-05-09T07:22:58+00:00","og_image":[{"width":672,"height":672,"url":"https:\/\/www.ecoceutics.com\/wp-content\/uploads\/2021\/09\/672x672_rooibos-canyella-menta.jpg","type":"image\/jpeg"}],"twitter_card":"summary_large_image","twitter_misc":{"Temps estimat de lectura":"2 minuts"},"schema":{"@context":"https:\/\/schema.org","@graph":[{"@type":"WebPage","@id":"https:\/\/www.ecoceutics.com\/ca\/rooibos\/","url":"https:\/\/www.ecoceutics.com\/ca\/rooibos\/","name":"Herbetes Rooibos Canyella Menta | Farm\u00e0cies Ecoceutics","isPartOf":{"@id":"https:\/\/www.ecoceutics.com\/ca\/#website"},"primaryImageOfPage":{"@id":"https:\/\/www.ecoceutics.com\/ca\/rooibos\/#primaryimage"},"image":{"@id":"https:\/\/www.ecoceutics.com\/ca\/rooibos\/#primaryimage"},"thumbnailUrl":"https:\/\/www.ecoceutics.com\/wp-content\/uploads\/2021\/09\/672x672_rooibos-canyella-menta.jpg","datePublished":"2021-09-14T08:26:11+00:00","dateModified":"2024-05-09T07:22:58+00:00","description":"Herbetes rooibos \u00e9s una infusi\u00f3 ideal per prendre a qualsevol hora del dia. A m\u00e9s, t\u00e9 un gust molt agradable gr\u00e0cies a la canyella i la menta.","breadcrumb":{"@id":"https:\/\/www.ecoceutics.com\/ca\/rooibos\/#breadcrumb"},"inLanguage":"ca","potentialAction":[{"@type":"ReadAction","target":["https:\/\/www.ecoceutics.com\/ca\/rooibos\/"]}]},{"@type":"ImageObject","inLanguage":"ca","@id":"https:\/\/www.ecoceutics.com\/ca\/rooibos\/#primaryimage","url":"https:\/\/www.ecoceutics.com\/wp-content\/uploads\/2021\/09\/672x672_rooibos-canyella-menta.jpg","contentUrl":"https:\/\/www.ecoceutics.com\/wp-content\/uploads\/2021\/09\/672x672_rooibos-canyella-menta.jpg","width":672,"height":672},{"@type":"BreadcrumbList","@id":"https:\/\/www.ecoceutics.com\/ca\/rooibos\/#breadcrumb","itemListElement":[{"@type":"ListItem","position":1,"name":"Portada","item":"https:\/\/www.ecoceutics.com\/ca\/"},{"@type":"ListItem","position":2,"name":"Herbetes Rooibos Canyella Menta"}]},{"@type":"WebSite","@id":"https:\/\/www.ecoceutics.com\/ca\/#website","url":"https:\/\/www.ecoceutics.com\/ca\/","name":"ecoceutics","description":"Primera red de farmacias independientes bajo una marca","publisher":{"@id":"https:\/\/www.ecoceutics.com\/ca\/#organization"},"potentialAction":[{"@type":"SearchAction","target":{"@type":"EntryPoint","urlTemplate":"https:\/\/www.ecoceutics.com\/ca\/?s={search_term_string}"},"query-input":{"@type":"PropertyValueSpecification","valueRequired":true,"valueName":"search_term_string"}}],"inLanguage":"ca"},{"@type":"Organization","@id":"https:\/\/www.ecoceutics.com\/ca\/#organization","name":"Ecoceutics","url":"https:\/\/www.ecoceutics.com\/ca\/","logo":{"@type":"ImageObject","inLanguage":"ca","@id":"https:\/\/www.ecoceutics.com\/ca\/#\/schema\/logo\/image\/","url":"https:\/\/www.ecoceutics.com\/wp-content\/uploads\/2022\/02\/Logo-Ecoceutics-SVG-01-1.svg","contentUrl":"https:\/\/www.ecoceutics.com\/wp-content\/uploads\/2022\/02\/Logo-Ecoceutics-SVG-01-1.svg","width":232,"height":68,"caption":"Ecoceutics"},"image":{"@id":"https:\/\/www.ecoceutics.com\/ca\/#\/schema\/logo\/image\/"}}]}},"_links":{"self":[{"href":"https:\/\/www.ecoceutics.com\/ca\/wp-json\/wp\/v2\/product\/18769","targetHints":{"allow":["GET"]}}],"collection":[{"href":"https:\/\/www.ecoceutics.com\/ca\/wp-json\/wp\/v2\/product"}],"about":[{"href":"https:\/\/www.ecoceutics.com\/ca\/wp-json\/wp\/v2\/types\/product"}],"wp:featuredmedia":[{"embeddable":true,"href":"https:\/\/www.ecoceutics.com\/ca\/wp-json\/wp\/v2\/media\/18562"}],"wp:attachment":[{"href":"https:\/\/www.ecoceutics.com\/ca\/wp-json\/wp\/v2\/media?parent=18769"}],"wp:term":[{"taxonomy":"product_brand","embeddable":true,"href":"https:\/\/www.ecoceutics.com\/ca\/wp-json\/wp\/v2\/product_brand?post=18769"},{"taxonomy":"product_cat","embeddable":true,"href":"https:\/\/www.ecoceutics.com\/ca\/wp-json\/wp\/v2\/product_cat?post=18769"},{"taxonomy":"product_tag","embeddable":true,"href":"https:\/\/www.ecoceutics.com\/ca\/wp-json\/wp\/v2\/product_tag?post=18769"},{"taxonomy":"beneficio","embeddable":true,"href":"https:\/\/www.ecoceutics.com\/ca\/wp-json\/wp\/v2\/beneficio?post=18769"}],"curies":[{"name":"wp","href":"https:\/\/api.w.org\/{rel}","templated":true}]}}