{"id":35343,"date":"2025-06-17T19:28:41","date_gmt":"2025-06-17T17:28:41","guid":{"rendered":"https:\/\/www.ecoceutics.com\/minolvie-nauseas\/"},"modified":"2025-06-17T19:37:43","modified_gmt":"2025-06-17T17:37:43","slug":"minolvie-nauseas","status":"publish","type":"product","link":"https:\/\/www.ecoceutics.com\/ca\/producto\/minolvie-nauseas\/","title":{"rendered":"Minolvie N\u00e1useas"},"content":{"rendered":"","protected":false},"excerpt":{"rendered":"","protected":false},"featured_media":35342,"template":"","meta":{"_acf_changed":false,"inline_featured_image":false,"_mbp_gutenberg_autopost":false},"product_brand":[],"product_cat":[159,439],"product_tag":[],"beneficio":[434,205],"class_list":{"0":"post-35343","1":"product","2":"type-product","3":"status-publish","4":"has-post-thumbnail","6":"product_cat-complements-alimentosos","7":"product_cat-micronutrients-i-probiotics-microencapsulats","8":"beneficio-complementos-alimenticios-ca","9":"beneficio-complements-alimentosos","11":"first","12":"instock","13":"shipping-taxable","14":"product-type-simple"},"acf":[],"yoast_head":"<!-- This site is optimized with the Yoast SEO plugin v27.4 - https:\/\/yoast.com\/product\/yoast-seo-wordpress\/ -->\n<title>Minolvie N\u00e1useas | Farmacias Ecoceutics<\/title>\n<meta name=\"description\" content=\"Minolvie N\u00e1useas es una soluci\u00f3 per al mareig per mobilitat \/ transport. N\u00e0usees embar\u00e0s o digestions dif\u00edcils.\" \/>\n<meta name=\"robots\" content=\"index, follow, max-snippet:-1, max-image-preview:large, max-video-preview:-1\" \/>\n<link rel=\"canonical\" href=\"https:\/\/www.ecoceutics.com\/ca\/producto\/minolvie-nauseas\/\" \/>\n<meta property=\"og:locale\" content=\"ca_ES\" \/>\n<meta property=\"og:type\" content=\"article\" \/>\n<meta property=\"og:title\" content=\"Minolvie N\u00e1useas | Farmacias Ecoceutics\" \/>\n<meta property=\"og:description\" content=\"Minolvie N\u00e1useas es una soluci\u00f3 per al mareig per mobilitat \/ transport. N\u00e0usees embar\u00e0s o digestions dif\u00edcils.\" \/>\n<meta property=\"og:url\" content=\"https:\/\/www.ecoceutics.com\/ca\/producto\/minolvie-nauseas\/\" \/>\n<meta property=\"og:site_name\" content=\"ecoceutics\" \/>\n<meta property=\"article:modified_time\" content=\"2025-06-17T17:37:43+00:00\" \/>\n<meta property=\"og:image\" content=\"https:\/\/www.ecoceutics.com\/wp-content\/uploads\/2025\/06\/minolvie-nauseas.jpg\" \/>\n\t<meta property=\"og:image:width\" content=\"372\" \/>\n\t<meta property=\"og:image:height\" content=\"328\" \/>\n\t<meta property=\"og:image:type\" content=\"image\/jpeg\" \/>\n<meta name=\"twitter:card\" content=\"summary_large_image\" \/>\n<script type=\"application\/ld+json\" class=\"yoast-schema-graph\">{\"@context\":\"https:\\\/\\\/schema.org\",\"@graph\":[{\"@type\":\"WebPage\",\"@id\":\"https:\\\/\\\/www.ecoceutics.com\\\/ca\\\/producto\\\/minolvie-nauseas\\\/\",\"url\":\"https:\\\/\\\/www.ecoceutics.com\\\/ca\\\/producto\\\/minolvie-nauseas\\\/\",\"name\":\"Minolvie N\u00e1useas | Farmacias Ecoceutics\",\"isPartOf\":{\"@id\":\"https:\\\/\\\/www.ecoceutics.com\\\/ca\\\/#website\"},\"primaryImageOfPage\":{\"@id\":\"https:\\\/\\\/www.ecoceutics.com\\\/ca\\\/producto\\\/minolvie-nauseas\\\/#primaryimage\"},\"image\":{\"@id\":\"https:\\\/\\\/www.ecoceutics.com\\\/ca\\\/producto\\\/minolvie-nauseas\\\/#primaryimage\"},\"thumbnailUrl\":\"https:\\\/\\\/www.ecoceutics.com\\\/wp-content\\\/uploads\\\/2025\\\/06\\\/minolvie-nauseas.jpg\",\"datePublished\":\"2025-06-17T17:28:41+00:00\",\"dateModified\":\"2025-06-17T17:37:43+00:00\",\"description\":\"Minolvie N\u00e1useas es una soluci\u00f3 per al mareig per mobilitat \\\/ transport. N\u00e0usees embar\u00e0s o digestions dif\u00edcils.\",\"breadcrumb\":{\"@id\":\"https:\\\/\\\/www.ecoceutics.com\\\/ca\\\/producto\\\/minolvie-nauseas\\\/#breadcrumb\"},\"inLanguage\":\"ca\",\"potentialAction\":[{\"@type\":\"ReadAction\",\"target\":[\"https:\\\/\\\/www.ecoceutics.com\\\/ca\\\/producto\\\/minolvie-nauseas\\\/\"]}]},{\"@type\":\"ImageObject\",\"inLanguage\":\"ca\",\"@id\":\"https:\\\/\\\/www.ecoceutics.com\\\/ca\\\/producto\\\/minolvie-nauseas\\\/#primaryimage\",\"url\":\"https:\\\/\\\/www.ecoceutics.com\\\/wp-content\\\/uploads\\\/2025\\\/06\\\/minolvie-nauseas.jpg\",\"contentUrl\":\"https:\\\/\\\/www.ecoceutics.com\\\/wp-content\\\/uploads\\\/2025\\\/06\\\/minolvie-nauseas.jpg\",\"width\":372,\"height\":328},{\"@type\":\"BreadcrumbList\",\"@id\":\"https:\\\/\\\/www.ecoceutics.com\\\/ca\\\/producto\\\/minolvie-nauseas\\\/#breadcrumb\",\"itemListElement\":[{\"@type\":\"ListItem\",\"position\":1,\"name\":\"Portada\",\"item\":\"https:\\\/\\\/www.ecoceutics.com\\\/ca\\\/\"},{\"@type\":\"ListItem\",\"position\":2,\"name\":\"Minolvie N\u00e1useas\"}]},{\"@type\":\"WebSite\",\"@id\":\"https:\\\/\\\/www.ecoceutics.com\\\/ca\\\/#website\",\"url\":\"https:\\\/\\\/www.ecoceutics.com\\\/ca\\\/\",\"name\":\"ecoceutics\",\"description\":\"Primera red de farmacias independientes bajo una marca\",\"publisher\":{\"@id\":\"https:\\\/\\\/www.ecoceutics.com\\\/ca\\\/#organization\"},\"potentialAction\":[{\"@type\":\"SearchAction\",\"target\":{\"@type\":\"EntryPoint\",\"urlTemplate\":\"https:\\\/\\\/www.ecoceutics.com\\\/ca\\\/?s={search_term_string}\"},\"query-input\":{\"@type\":\"PropertyValueSpecification\",\"valueRequired\":true,\"valueName\":\"search_term_string\"}}],\"inLanguage\":\"ca\"},{\"@type\":\"Organization\",\"@id\":\"https:\\\/\\\/www.ecoceutics.com\\\/ca\\\/#organization\",\"name\":\"Ecoceutics\",\"url\":\"https:\\\/\\\/www.ecoceutics.com\\\/ca\\\/\",\"logo\":{\"@type\":\"ImageObject\",\"inLanguage\":\"ca\",\"@id\":\"https:\\\/\\\/www.ecoceutics.com\\\/ca\\\/#\\\/schema\\\/logo\\\/image\\\/\",\"url\":\"https:\\\/\\\/www.ecoceutics.com\\\/wp-content\\\/uploads\\\/2022\\\/02\\\/Logo-Ecoceutics-SVG-01-1.svg\",\"contentUrl\":\"https:\\\/\\\/www.ecoceutics.com\\\/wp-content\\\/uploads\\\/2022\\\/02\\\/Logo-Ecoceutics-SVG-01-1.svg\",\"width\":232,\"height\":68,\"caption\":\"Ecoceutics\"},\"image\":{\"@id\":\"https:\\\/\\\/www.ecoceutics.com\\\/ca\\\/#\\\/schema\\\/logo\\\/image\\\/\"}}]}<\/script>\n<!-- \/ Yoast SEO plugin. -->","yoast_head_json":{"title":"Minolvie N\u00e1useas | Farmacias Ecoceutics","description":"Minolvie N\u00e1useas es una soluci\u00f3 per al mareig per mobilitat \/ transport. N\u00e0usees embar\u00e0s o digestions dif\u00edcils.","robots":{"index":"index","follow":"follow","max-snippet":"max-snippet:-1","max-image-preview":"max-image-preview:large","max-video-preview":"max-video-preview:-1"},"canonical":"https:\/\/www.ecoceutics.com\/ca\/producto\/minolvie-nauseas\/","og_locale":"ca_ES","og_type":"article","og_title":"Minolvie N\u00e1useas | Farmacias Ecoceutics","og_description":"Minolvie N\u00e1useas es una soluci\u00f3 per al mareig per mobilitat \/ transport. N\u00e0usees embar\u00e0s o digestions dif\u00edcils.","og_url":"https:\/\/www.ecoceutics.com\/ca\/producto\/minolvie-nauseas\/","og_site_name":"ecoceutics","article_modified_time":"2025-06-17T17:37:43+00:00","og_image":[{"width":372,"height":328,"url":"https:\/\/www.ecoceutics.com\/wp-content\/uploads\/2025\/06\/minolvie-nauseas.jpg","type":"image\/jpeg"}],"twitter_card":"summary_large_image","schema":{"@context":"https:\/\/schema.org","@graph":[{"@type":"WebPage","@id":"https:\/\/www.ecoceutics.com\/ca\/producto\/minolvie-nauseas\/","url":"https:\/\/www.ecoceutics.com\/ca\/producto\/minolvie-nauseas\/","name":"Minolvie N\u00e1useas | Farmacias Ecoceutics","isPartOf":{"@id":"https:\/\/www.ecoceutics.com\/ca\/#website"},"primaryImageOfPage":{"@id":"https:\/\/www.ecoceutics.com\/ca\/producto\/minolvie-nauseas\/#primaryimage"},"image":{"@id":"https:\/\/www.ecoceutics.com\/ca\/producto\/minolvie-nauseas\/#primaryimage"},"thumbnailUrl":"https:\/\/www.ecoceutics.com\/wp-content\/uploads\/2025\/06\/minolvie-nauseas.jpg","datePublished":"2025-06-17T17:28:41+00:00","dateModified":"2025-06-17T17:37:43+00:00","description":"Minolvie N\u00e1useas es una soluci\u00f3 per al mareig per mobilitat \/ transport. N\u00e0usees embar\u00e0s o digestions dif\u00edcils.","breadcrumb":{"@id":"https:\/\/www.ecoceutics.com\/ca\/producto\/minolvie-nauseas\/#breadcrumb"},"inLanguage":"ca","potentialAction":[{"@type":"ReadAction","target":["https:\/\/www.ecoceutics.com\/ca\/producto\/minolvie-nauseas\/"]}]},{"@type":"ImageObject","inLanguage":"ca","@id":"https:\/\/www.ecoceutics.com\/ca\/producto\/minolvie-nauseas\/#primaryimage","url":"https:\/\/www.ecoceutics.com\/wp-content\/uploads\/2025\/06\/minolvie-nauseas.jpg","contentUrl":"https:\/\/www.ecoceutics.com\/wp-content\/uploads\/2025\/06\/minolvie-nauseas.jpg","width":372,"height":328},{"@type":"BreadcrumbList","@id":"https:\/\/www.ecoceutics.com\/ca\/producto\/minolvie-nauseas\/#breadcrumb","itemListElement":[{"@type":"ListItem","position":1,"name":"Portada","item":"https:\/\/www.ecoceutics.com\/ca\/"},{"@type":"ListItem","position":2,"name":"Minolvie N\u00e1useas"}]},{"@type":"WebSite","@id":"https:\/\/www.ecoceutics.com\/ca\/#website","url":"https:\/\/www.ecoceutics.com\/ca\/","name":"ecoceutics","description":"Primera red de farmacias independientes bajo una marca","publisher":{"@id":"https:\/\/www.ecoceutics.com\/ca\/#organization"},"potentialAction":[{"@type":"SearchAction","target":{"@type":"EntryPoint","urlTemplate":"https:\/\/www.ecoceutics.com\/ca\/?s={search_term_string}"},"query-input":{"@type":"PropertyValueSpecification","valueRequired":true,"valueName":"search_term_string"}}],"inLanguage":"ca"},{"@type":"Organization","@id":"https:\/\/www.ecoceutics.com\/ca\/#organization","name":"Ecoceutics","url":"https:\/\/www.ecoceutics.com\/ca\/","logo":{"@type":"ImageObject","inLanguage":"ca","@id":"https:\/\/www.ecoceutics.com\/ca\/#\/schema\/logo\/image\/","url":"https:\/\/www.ecoceutics.com\/wp-content\/uploads\/2022\/02\/Logo-Ecoceutics-SVG-01-1.svg","contentUrl":"https:\/\/www.ecoceutics.com\/wp-content\/uploads\/2022\/02\/Logo-Ecoceutics-SVG-01-1.svg","width":232,"height":68,"caption":"Ecoceutics"},"image":{"@id":"https:\/\/www.ecoceutics.com\/ca\/#\/schema\/logo\/image\/"}}]}},"_links":{"self":[{"href":"https:\/\/www.ecoceutics.com\/ca\/wp-json\/wp\/v2\/product\/35343","targetHints":{"allow":["GET"]}}],"collection":[{"href":"https:\/\/www.ecoceutics.com\/ca\/wp-json\/wp\/v2\/product"}],"about":[{"href":"https:\/\/www.ecoceutics.com\/ca\/wp-json\/wp\/v2\/types\/product"}],"wp:featuredmedia":[{"embeddable":true,"href":"https:\/\/www.ecoceutics.com\/ca\/wp-json\/wp\/v2\/media\/35342"}],"wp:attachment":[{"href":"https:\/\/www.ecoceutics.com\/ca\/wp-json\/wp\/v2\/media?parent=35343"}],"wp:term":[{"taxonomy":"product_brand","embeddable":true,"href":"https:\/\/www.ecoceutics.com\/ca\/wp-json\/wp\/v2\/product_brand?post=35343"},{"taxonomy":"product_cat","embeddable":true,"href":"https:\/\/www.ecoceutics.com\/ca\/wp-json\/wp\/v2\/product_cat?post=35343"},{"taxonomy":"product_tag","embeddable":true,"href":"https:\/\/www.ecoceutics.com\/ca\/wp-json\/wp\/v2\/product_tag?post=35343"},{"taxonomy":"beneficio","embeddable":true,"href":"https:\/\/www.ecoceutics.com\/ca\/wp-json\/wp\/v2\/beneficio?post=35343"}],"curies":[{"name":"wp","href":"https:\/\/api.w.org\/{rel}","templated":true}]}}